{"id":8545,"date":"2023-06-08T18:43:17","date_gmt":"2023-06-09T00:43:17","guid":{"rendered":"https:\/\/co4kids.org\/biblioteca-de-recursos\/"},"modified":"2024-12-09T12:12:25","modified_gmt":"2024-12-09T19:12:25","slug":"biblioteca-de-recursos","status":"publish","type":"page","link":"https:\/\/co4kids.org\/es\/biblioteca-de-recursos\/","title":{"rendered":"Biblioteca de Recursos"},"content":{"rendered":"\n<div class=\"has-arrow-mask-down ani-bottom has-arrow-mask-pad has-arrow-mask wp-block-group has-wider-padding has-sticky-radius has-0-9-background-color has-background has-arrow-mask has-arrow-mask-down ani-bottom has-arrow-mask-pad has-global-padding is-layout-constrained wp-block-group-is-layout-constrained\" style=\"border-top-left-radius:15px;border-top-right-radius:15px;margin-bottom:var(--wp--preset--spacing--20)\">\n<header class=\"wp-block-group has-global-padding is-layout-constrained wp-container-core-group-is-layout-7db9d80f wp-block-group-is-layout-constrained\" style=\"padding-right:0;padding-left:0\">\n<div class=\" wp-block-columns has-0-9-background-color has-background is-layout-flex wp-container-core-columns-is-layout-0af18515 wp-block-columns-is-layout-flex\" style=\"margin-bottom:var(--wp--preset--spacing--20)\">\n<div class=\"wp-block-column is-vertically-aligned-center is-layout-flow wp-block-column-is-layout-flow\" style=\"padding-top:var(--wp--preset--spacing--20)\"><h1 style=\"margin-bottom:var(--wp--preset--spacing--20);\" class=\"wp-block-post-title has-h-2-font-size\">Biblioteca de Recursos<\/h1>\n\n\n<p class=\" \">Aqu\u00ed encontrar\u00e1s todas las herramientas, informaci\u00f3n, v\u00eddeos y capacitaci\u00f3n que necesitas.<\/p>\n<\/div>\n\n\n\n<div class=\"wp-block-column is-vertically-aligned-top is-first-md is-layout-flow wp-block-column-is-layout-flow\"><figure class=\"ani-bottom has-arrow-mask-down has-arrow-mask wp-block-post-featured-image\"><img loading=\"lazy\" decoding=\"async\" width=\"1920\" height=\"1281\" src=\"https:\/\/co4kids.org\/wp-content\/uploads\/2024\/12\/ruler-home-spanish.jpeg\" class=\"attachment-post-thumbnail size-post-thumbnail wp-post-image\" alt=\"Dos manos sostienen reglas conectadas que forman el contorno de una casa.\" style=\"object-fit:cover;\" srcset=\"https:\/\/co4kids.org\/wp-content\/uploads\/2024\/12\/ruler-home-spanish.jpeg 1920w, https:\/\/co4kids.org\/wp-content\/uploads\/2024\/12\/ruler-home-spanish-450x300.jpeg 450w, https:\/\/co4kids.org\/wp-content\/uploads\/2024\/12\/ruler-home-spanish-1024x683.jpeg 1024w, https:\/\/co4kids.org\/wp-content\/uploads\/2024\/12\/ruler-home-spanish-768x512.jpeg 768w, https:\/\/co4kids.org\/wp-content\/uploads\/2024\/12\/ruler-home-spanish-1536x1025.jpeg 1536w\" sizes=\"auto, (max-width: 1920px) 100vw, 1920px\" \/><\/figure><\/div>\n<\/div>\n<\/header>\n\n\n\n<p class=\"\"><\/p>\n<\/div>\n\n\n\n<div class=\"wp-block-group has-global-padding is-layout-constrained wp-block-group-is-layout-constrained\" style=\"padding-top:var(--wp--preset--spacing--50);padding-bottom:var(--wp--preset--spacing--50)\">\n<h2 class=\"wp-block-heading has-5-5-color has-text-color\">Herramientas <\/h2>\n\n\n\n<p class=\"has-0-9-color has-text-color\">Es importante capacitarnos para ayudar a los dem\u00e1s. La Divisi\u00f3n de Bienestar Infantil colabora con los departamentos de servicios humanos de los condados y otras organizaciones para proporcionar formaci\u00f3n y educaci\u00f3n con el fin de ayudar a proteger a los ni\u00f1os de Colorado y mejorar el bienestar de las familias de Colorado. <\/p>\n\n\n\n<div class=\"wp-block-buttons is-layout-flex wp-block-buttons-is-layout-flex\" style=\"margin-top:var(--wp--preset--spacing--20)\">\n<div class=\"wp-block-button has-2-5-term-color is-style-filled\"><a class=\"wp-block-button__link wp-element-button\" href=\"https:\/\/co4kids.org\/toolkit\/child-abuse-prevention-toolkit\/\">Materiales Prevenci\u00f3n del Abuso Infantil<\/a><\/div>\n\n\n\n<div class=\"wp-block-button has-4-5-term-color is-style-filled\"><a class=\"wp-block-button__link wp-element-button\" href=\"https:\/\/co4kids.org\/toolkit\/foster-care-toolkit\/\">Materiales de Cuidado de Acogida<\/a><\/div>\n<\/div>\n<\/div>\n\n\n\n<div class=\"wp-block-group has-global-padding is-layout-constrained wp-block-group-is-layout-constrained\" style=\"margin-bottom:0\">\n<h2 class=\"wp-block-heading has-5-5-color has-text-color\">Blog CO4Kids <\/h2>\n\n\n\n<p class=\"has-0-9-color has-text-color\">Mant\u00e9nte al d\u00eda sobre temas referentes a la maternidad, paternidad, bienestar infantil y comunidad.<\/p>\n\n\n<div class=\"post-feed post-feed--col-3 wp-block-aquamin-post-feed\">\n\t\t\t\t<div class=\"post-feed__list\">\n\t\t\t\t\t\t\t<article class=\"post-feed__item has-pseudo-background-1 post-feed__item--type-post has-3-5-term-color post-2273 post type-post status-publish format-standard has-post-thumbnail hentry category-community-blog faux-post-tag-child-abuse-prevention\">\n\t<div class=\"post-feed__header\">\n\t\t\t\t\t<a href=\"https:\/\/co4kids.org\/es\/category\/community-blog\/\" class=\"post-feed__term\">\n\t\t\t\tCommunity Blog\t\t\t<\/a>\n\t\t\t<\/div>\n\t<div class=\"post-feed__torso\">\n\t\t<h3 class=\"post-feed__title\">\n\t\t\t<a href=\"https:\/\/co4kids.org\/es\/community-blog\/capm_proclamation_2026\/\">\n\t\t\t\tApril is Child Abuse Prevention Month\t\t\t<\/a>\n\t\t<\/h3>\n\t<\/div>\n\t<div class=\"post-feed__media has-arrow-mask has-arrow-mask-left ani-bottom\">\n\t\t<img loading=\"lazy\" decoding=\"async\" width=\"760\" height=\"435\" src=\"https:\/\/co4kids.org\/wp-content\/uploads\/2023\/06\/CAPM-Proclamation.jpg\" class=\"attachment-large size-large wp-post-image\" alt=\"A State of Colorado Proclamation\" srcset=\"https:\/\/co4kids.org\/wp-content\/uploads\/2023\/06\/CAPM-Proclamation.jpg 760w, https:\/\/co4kids.org\/wp-content\/uploads\/2023\/06\/CAPM-Proclamation-450x258.jpg 450w\" sizes=\"auto, (max-width: 760px) 100vw, 760px\" \/>\t<\/div>\n\t<div class=\"post-feed__footer\">\n\t\t<a href=\"https:\/\/co4kids.org\/es\/community-blog\/capm_proclamation_2026\/\" class=\"post-feed__more button--arrowed\">\n\t\t\tLeer el Art\u00edculo\t\t<\/a>\n\t<\/div>\n<\/article>\t\t\t\t\t\t\t<article class=\"post-feed__item has-pseudo-background-1 post-feed__item--type-post  post-414055 post type-post status-publish format-standard has-post-thumbnail hentry category-noticias-y-prensa faux-post-tag-child-abuse faux-post-tag-colorado-child-abuse-and-neglect-hotline faux-post-tag-concrete-support-in-time-of-need\">\n\t<div class=\"post-feed__header\">\n\t\t\t\t\t<a href=\"https:\/\/co4kids.org\/es\/category\/noticias-y-prensa\/\" class=\"post-feed__term\">\n\t\t\t\tNoticias y Prensa\t\t\t<\/a>\n\t\t\t<\/div>\n\t<div class=\"post-feed__torso\">\n\t\t<h3 class=\"post-feed__title\">\n\t\t\t<a href=\"https:\/\/co4kids.org\/es\/noticias-y-prensa\/casi-6000-ninos-de-colorado-sufrieron-abuso-o-negligencia-en-2025\/\">\n\t\t\t\tCasi 6000 ni\u00f1os de Colorado sufrieron abuso o negligencia en 2025\t\t\t<\/a>\n\t\t<\/h3>\n\t<\/div>\n\t<div class=\"post-feed__media has-arrow-mask has-arrow-mask-left ani-bottom\">\n\t\t<img loading=\"lazy\" decoding=\"async\" width=\"1024\" height=\"576\" src=\"https:\/\/co4kids.org\/wp-content\/uploads\/2026\/03\/Website-banner-Supporting-Families-Early-and-Often-1024x576.jpg\" class=\"attachment-large size-large wp-post-image\" alt=\"\" srcset=\"https:\/\/co4kids.org\/wp-content\/uploads\/2026\/03\/Website-banner-Supporting-Families-Early-and-Often-1024x576.jpg 1024w, https:\/\/co4kids.org\/wp-content\/uploads\/2026\/03\/Website-banner-Supporting-Families-Early-and-Often-450x253.jpg 450w, https:\/\/co4kids.org\/wp-content\/uploads\/2026\/03\/Website-banner-Supporting-Families-Early-and-Often-768x432.jpg 768w, https:\/\/co4kids.org\/wp-content\/uploads\/2026\/03\/Website-banner-Supporting-Families-Early-and-Often-1536x864.jpg 1536w, https:\/\/co4kids.org\/wp-content\/uploads\/2026\/03\/Website-banner-Supporting-Families-Early-and-Often.jpg 1920w\" sizes=\"auto, (max-width: 1024px) 100vw, 1024px\" \/>\t<\/div>\n\t<div class=\"post-feed__footer\">\n\t\t<a href=\"https:\/\/co4kids.org\/es\/noticias-y-prensa\/casi-6000-ninos-de-colorado-sufrieron-abuso-o-negligencia-en-2025\/\" class=\"post-feed__more button--arrowed\">\n\t\t\tLeer el Art\u00edculo\t\t<\/a>\n\t<\/div>\n<\/article>\t\t\t\t\t\t\t<article class=\"post-feed__item has-pseudo-background-1 post-feed__item--type-post has-3-5-term-color post-418515 post type-post status-publish format-standard has-post-thumbnail hentry category-blog-de-la-comunidad faux-post-tag-domestic-violence faux-post-tag-emotional-abuse faux-post-tag-resources faux-post-tag-sexual-abuse faux-post-tag-sexual-violence\">\n\t<div class=\"post-feed__header\">\n\t\t\t\t\t<a href=\"https:\/\/co4kids.org\/es\/category\/blog-de-la-comunidad\/\" class=\"post-feed__term\">\n\t\t\t\tBlog de la Comunidad\t\t\t<\/a>\n\t\t\t<\/div>\n\t<div class=\"post-feed__torso\">\n\t\t<h3 class=\"post-feed__title\">\n\t\t\t<a href=\"https:\/\/co4kids.org\/es\/blog-de-la-comunidad\/que-es-la-violencia-sexual-en-colorado\/\">\n\t\t\t\t\u00bfQu\u00e9 es la violencia sexual en Colorado?\t\t\t<\/a>\n\t\t<\/h3>\n\t<\/div>\n\t<div class=\"post-feed__media has-arrow-mask has-arrow-mask-left ani-bottom\">\n\t\t<img loading=\"lazy\" decoding=\"async\" width=\"1024\" height=\"576\" src=\"https:\/\/co4kids.org\/wp-content\/uploads\/2026\/03\/Blog-banners-5-1024x576.jpg\" class=\"attachment-large size-large wp-post-image\" alt=\"\" srcset=\"https:\/\/co4kids.org\/wp-content\/uploads\/2026\/03\/Blog-banners-5-1024x576.jpg 1024w, https:\/\/co4kids.org\/wp-content\/uploads\/2026\/03\/Blog-banners-5-450x253.jpg 450w, https:\/\/co4kids.org\/wp-content\/uploads\/2026\/03\/Blog-banners-5-768x432.jpg 768w, https:\/\/co4kids.org\/wp-content\/uploads\/2026\/03\/Blog-banners-5-1536x864.jpg 1536w, https:\/\/co4kids.org\/wp-content\/uploads\/2026\/03\/Blog-banners-5.jpg 1920w\" sizes=\"auto, (max-width: 1024px) 100vw, 1024px\" \/>\t<\/div>\n\t<div class=\"post-feed__footer\">\n\t\t<a href=\"https:\/\/co4kids.org\/es\/blog-de-la-comunidad\/que-es-la-violencia-sexual-en-colorado\/\" class=\"post-feed__more button--arrowed\">\n\t\t\tLeer el Art\u00edculo\t\t<\/a>\n\t<\/div>\n<\/article>\t\t\t\t\t<\/div>\n\t<\/div><\/div>\n\n\n\n<div class=\"wp-block-group has-global-padding is-layout-constrained wp-block-group-is-layout-constrained\" style=\"padding-top:var(--wp--preset--spacing--50)\">\n<h2 class=\"wp-block-heading has-5-5-color has-text-color\">Videoteca<\/h2>\n\n\n\n<p class=\"has-0-9-color has-text-color\">Mant\u00e9nte al d\u00eda sobre temas referentes a la maternidad, paternidad, bienestar infantil y comunidad.<\/p>\n\n\n<div class=\"post-feed post-feed--col-3 wp-block-aquamin-post-feed\">\n\t\t\t\t<div class=\"post-feed__list\">\n\t\t\t\t\t\t\t<article class=\"post-feed__item has-pseudo-background-1 post-feed__item--type-video has-4-5-term-color post-42361 video type-video status-publish has-post-thumbnail hentry video-filters-foster-care\">\n\t<div class=\"post-feed__header\">\n\t\t\t\t\t\t\t<a href=\"https:\/\/co4kids.org\/es\/video-category\/foster-care\/\" class=\"post-feed__term\">\n\t\t\t\tFoster Care\t\t\t<\/a>\n\t\t\t<\/div>\n\t<div class=\"post-feed__torso\">\n\t\t<h3 class=\"post-feed__title\">\n\t\t\t<a href=\"https:\/\/co4kids.org\/es\/videos\/meet-braggston\/\">\n\t\t\t\tMeet Braggston\t\t\t<\/a>\n\t\t<\/h3>\n\t\t<a href=\"https:\/\/co4kids.org\/es\/videos\/meet-braggston\/\" class=\"post-feed__more button button--play\">\n\t\t\tWatch the Video\t\t<\/a>\n\t<\/div>\n\t<div class=\"post-feed__media post-feed__media--16-9 has-arrow-mask has-arrow-mask-left ani-bottom\">\n\t\t<div class=\"vid\"><button class=\"vid-play button--basic\" role=\"button\" aria-label=\"Play Video\"><img loading=\"lazy\" decoding=\"async\" width=\"760\" height=\"435\" src=\"https:\/\/co4kids.org\/wp-content\/uploads\/2025\/05\/Morris-1-3.jpg\" class=\"attachment-large size-large wp-post-image\" alt=\"Father with his two sons ages 9 and 4 and their dog.\" srcset=\"https:\/\/co4kids.org\/wp-content\/uploads\/2025\/05\/Morris-1-3.jpg 760w, https:\/\/co4kids.org\/wp-content\/uploads\/2025\/05\/Morris-1-3-450x258.jpg 450w\" sizes=\"auto, (max-width: 760px) 100vw, 760px\" \/><\/button><iframe loading=\"lazy\" src=\"https:\/\/player.vimeo.com\/video\/547509751?dnt=1&amp;app_id=122963\" width=\"500\" height=\"281\" frameborder=\"0\" allow=\"autoplay; fullscreen; picture-in-picture; clipboard-write; encrypted-media; web-share\" referrerpolicy=\"strict-origin-when-cross-origin\"><\/iframe><\/div>\t<\/div>\n\t<div class=\"post-feed__footer\">\n\t\t<a href=\"https:\/\/co4kids.org\/es\/videos\/meet-braggston\/\" class=\"post-feed__more button--arrowed button--play\">\n\t\t\tWatch the Video\t\t<\/a>\n\t<\/div>\n<\/article>\t\t\t\t\t\t\t<article class=\"post-feed__item has-pseudo-background-1 post-feed__item--type-video has-4-5-term-color post-42359 video type-video status-publish has-post-thumbnail hentry video-filters-foster-care\">\n\t<div class=\"post-feed__header\">\n\t\t\t\t\t\t\t<a href=\"https:\/\/co4kids.org\/es\/video-category\/foster-care\/\" class=\"post-feed__term\">\n\t\t\t\tFoster Care\t\t\t<\/a>\n\t\t\t<\/div>\n\t<div class=\"post-feed__torso\">\n\t\t<h3 class=\"post-feed__title\">\n\t\t\t<a href=\"https:\/\/co4kids.org\/es\/videos\/meet-luis-and-kristen\/\">\n\t\t\t\tMeet Luis and Kristen\t\t\t<\/a>\n\t\t<\/h3>\n\t\t<a href=\"https:\/\/co4kids.org\/es\/videos\/meet-luis-and-kristen\/\" class=\"post-feed__more button button--play\">\n\t\t\tWatch the Video\t\t<\/a>\n\t<\/div>\n\t<div class=\"post-feed__media post-feed__media--16-9 has-arrow-mask has-arrow-mask-left ani-bottom\">\n\t\t<div class=\"vid\"><button class=\"vid-play button--basic\" role=\"button\" aria-label=\"Play Video\"><img loading=\"lazy\" decoding=\"async\" width=\"1024\" height=\"683\" src=\"https:\/\/co4kids.org\/wp-content\/uploads\/2025\/05\/Perales-2-1-1024x683.jpg\" class=\"attachment-large size-large wp-post-image\" alt=\"A foster family of five smile together outside of their home in Colorado.\" srcset=\"https:\/\/co4kids.org\/wp-content\/uploads\/2025\/05\/Perales-2-1-1024x683.jpg 1024w, https:\/\/co4kids.org\/wp-content\/uploads\/2025\/05\/Perales-2-1-450x300.jpg 450w, https:\/\/co4kids.org\/wp-content\/uploads\/2025\/05\/Perales-2-1-768x512.jpg 768w, https:\/\/co4kids.org\/wp-content\/uploads\/2025\/05\/Perales-2-1-1536x1024.jpg 1536w, https:\/\/co4kids.org\/wp-content\/uploads\/2025\/05\/Perales-2-1.jpg 1920w\" sizes=\"auto, (max-width: 1024px) 100vw, 1024px\" \/><\/button><iframe loading=\"lazy\" src=\"https:\/\/player.vimeo.com\/video\/547509751?dnt=1&amp;app_id=122963\" width=\"500\" height=\"281\" frameborder=\"0\" allow=\"autoplay; fullscreen; picture-in-picture; clipboard-write; encrypted-media; web-share\" referrerpolicy=\"strict-origin-when-cross-origin\"><\/iframe><\/div>\t<\/div>\n\t<div class=\"post-feed__footer\">\n\t\t<a href=\"https:\/\/co4kids.org\/es\/videos\/meet-luis-and-kristen\/\" class=\"post-feed__more button--arrowed button--play\">\n\t\t\tWatch the Video\t\t<\/a>\n\t<\/div>\n<\/article>\t\t\t\t\t\t\t<article class=\"post-feed__item has-pseudo-background-1 post-feed__item--type-video has-4-5-term-color post-42357 video type-video status-publish has-post-thumbnail hentry video-filters-foster-care\">\n\t<div class=\"post-feed__header\">\n\t\t\t\t\t\t\t<a href=\"https:\/\/co4kids.org\/es\/video-category\/foster-care\/\" class=\"post-feed__term\">\n\t\t\t\tFoster Care\t\t\t<\/a>\n\t\t\t<\/div>\n\t<div class=\"post-feed__torso\">\n\t\t<h3 class=\"post-feed__title\">\n\t\t\t<a href=\"https:\/\/co4kids.org\/es\/videos\/meet-dee-and-rick\/\">\n\t\t\t\tMeet Dee and Rick\t\t\t<\/a>\n\t\t<\/h3>\n\t\t<a href=\"https:\/\/co4kids.org\/es\/videos\/meet-dee-and-rick\/\" class=\"post-feed__more button button--play\">\n\t\t\tWatch the Video\t\t<\/a>\n\t<\/div>\n\t<div class=\"post-feed__media post-feed__media--16-9 has-arrow-mask has-arrow-mask-left ani-bottom\">\n\t\t<div class=\"vid\"><button class=\"vid-play button--basic\" role=\"button\" aria-label=\"Play Video\"><img loading=\"lazy\" decoding=\"async\" width=\"1024\" height=\"683\" src=\"https:\/\/co4kids.org\/wp-content\/uploads\/2025\/05\/Lockhart-1024x683.jpg\" class=\"attachment-large size-large wp-post-image\" alt=\"Family with mom and dad four older girls, two older boys and one young boy on the dad&#039;s lap.\" srcset=\"https:\/\/co4kids.org\/wp-content\/uploads\/2025\/05\/Lockhart-1024x683.jpg 1024w, https:\/\/co4kids.org\/wp-content\/uploads\/2025\/05\/Lockhart-450x300.jpg 450w, https:\/\/co4kids.org\/wp-content\/uploads\/2025\/05\/Lockhart-768x512.jpg 768w, https:\/\/co4kids.org\/wp-content\/uploads\/2025\/05\/Lockhart-1536x1025.jpg 1536w, https:\/\/co4kids.org\/wp-content\/uploads\/2025\/05\/Lockhart.jpg 1920w\" sizes=\"auto, (max-width: 1024px) 100vw, 1024px\" \/><\/button><iframe loading=\"lazy\" src=\"https:\/\/player.vimeo.com\/video\/547509751?dnt=1&amp;app_id=122963\" width=\"500\" height=\"281\" frameborder=\"0\" allow=\"autoplay; fullscreen; picture-in-picture; clipboard-write; encrypted-media; web-share\" referrerpolicy=\"strict-origin-when-cross-origin\"><\/iframe><\/div>\t<\/div>\n\t<div class=\"post-feed__footer\">\n\t\t<a href=\"https:\/\/co4kids.org\/es\/videos\/meet-dee-and-rick\/\" class=\"post-feed__more button--arrowed button--play\">\n\t\t\tWatch the Video\t\t<\/a>\n\t<\/div>\n<\/article>\t\t\t\t\t<\/div>\n\t<\/div><\/div>\n\n\n\n<p class=\"\"><\/p>\n","protected":false},"excerpt":{"rendered":"<p>Aqu\u00ed encontrar\u00e1s todas las herramientas, informaci\u00f3n, v\u00eddeos y capacitaci\u00f3n que necesitas. Herramientas Es importante capacitarnos para ayudar a los dem\u00e1s. La Divisi\u00f3n de Bienestar Infantil colabora con los departamentos de&#8230;<\/p>\n","protected":false},"author":11,"featured_media":30080,"parent":0,"menu_order":0,"comment_status":"closed","ping_status":"closed","template":"","meta":{"_aquamin_featured_video":"","_aquamin_featured_post":false,"_price":"","_stock":"","_tribe_ticket_header":"","_tribe_default_ticket_provider":"","_tribe_ticket_capacity":"0","_ticket_start_date":"","_ticket_end_date":"","_tribe_ticket_show_description":"","_tribe_ticket_show_not_going":false,"_tribe_ticket_use_global_stock":"","_tribe_ticket_global_stock_level":"","_global_stock_mode":"","_global_stock_cap":"","_tribe_rsvp_for_event":"","_tribe_ticket_going_count":"","_tribe_ticket_not_going_count":"","_tribe_tickets_list":"[]","_tribe_ticket_has_attendee_info_fields":false,"footnotes":"","_tec_slr_enabled":"","_tec_slr_layout":""},"class_list":["post-8545","page","type-page","status-publish","has-post-thumbnail","hentry"],"yoast_head":"<!-- This site is optimized with the Yoast SEO Premium plugin v27.3 (Yoast SEO v27.4) - https:\/\/yoast.com\/product\/yoast-seo-premium-wordpress\/ -->\n<title>Biblioteca de Recursos - CO4Kids<\/title>\n<meta name=\"robots\" content=\"index, follow, max-snippet:-1, max-image-preview:large, max-video-preview:-1\" \/>\n<link rel=\"canonical\" href=\"https:\/\/co4kids.org\/es\/biblioteca-de-recursos\/\" \/>\n<meta property=\"og:locale\" content=\"es_ES\" \/>\n<meta property=\"og:type\" content=\"article\" \/>\n<meta property=\"og:title\" content=\"Biblioteca de Recursos\" \/>\n<meta property=\"og:description\" content=\"Aqu\u00ed encontrar\u00e1s todas las herramientas, informaci\u00f3n, v\u00eddeos y capacitaci\u00f3n que necesitas. Herramientas Es importante capacitarnos para ayudar a los dem\u00e1s. La Divisi\u00f3n de Bienestar Infantil colabora con los departamentos de...\" \/>\n<meta property=\"og:url\" content=\"https:\/\/co4kids.org\/es\/biblioteca-de-recursos\/\" \/>\n<meta property=\"og:site_name\" content=\"CO4Kids\" \/>\n<meta property=\"article:modified_time\" content=\"2024-12-09T19:12:25+00:00\" \/>\n<meta property=\"og:image\" content=\"https:\/\/co4kids.org\/wp-content\/uploads\/2024\/12\/ruler-home-spanish.jpeg\" \/>\n\t<meta property=\"og:image:width\" content=\"1920\" \/>\n\t<meta property=\"og:image:height\" content=\"1281\" \/>\n\t<meta property=\"og:image:type\" content=\"image\/jpeg\" \/>\n<meta name=\"twitter:card\" content=\"summary_large_image\" \/>\n<meta name=\"twitter:label1\" content=\"Tiempo de lectura\" \/>\n\t<meta name=\"twitter:data1\" content=\"1 minuto\" \/>\n<script type=\"application\/ld+json\" class=\"yoast-schema-graph\">{\"@context\":\"https:\\\/\\\/schema.org\",\"@graph\":[{\"@type\":\"WebPage\",\"@id\":\"https:\\\/\\\/co4kids.org\\\/es\\\/biblioteca-de-recursos\\\/\",\"url\":\"https:\\\/\\\/co4kids.org\\\/es\\\/biblioteca-de-recursos\\\/\",\"name\":\"Biblioteca de Recursos - CO4Kids\",\"isPartOf\":{\"@id\":\"https:\\\/\\\/co4kids.org\\\/es\\\/#website\"},\"primaryImageOfPage\":{\"@id\":\"https:\\\/\\\/co4kids.org\\\/es\\\/biblioteca-de-recursos\\\/#primaryimage\"},\"image\":{\"@id\":\"https:\\\/\\\/co4kids.org\\\/es\\\/biblioteca-de-recursos\\\/#primaryimage\"},\"thumbnailUrl\":\"https:\\\/\\\/co4kids.org\\\/wp-content\\\/uploads\\\/2024\\\/12\\\/ruler-home-spanish.jpeg\",\"datePublished\":\"2023-06-09T00:43:17+00:00\",\"dateModified\":\"2024-12-09T19:12:25+00:00\",\"breadcrumb\":{\"@id\":\"https:\\\/\\\/co4kids.org\\\/es\\\/biblioteca-de-recursos\\\/#breadcrumb\"},\"inLanguage\":\"es\",\"potentialAction\":[{\"@type\":\"ReadAction\",\"target\":[\"https:\\\/\\\/co4kids.org\\\/es\\\/biblioteca-de-recursos\\\/\"]}]},{\"@type\":\"ImageObject\",\"inLanguage\":\"es\",\"@id\":\"https:\\\/\\\/co4kids.org\\\/es\\\/biblioteca-de-recursos\\\/#primaryimage\",\"url\":\"https:\\\/\\\/co4kids.org\\\/wp-content\\\/uploads\\\/2024\\\/12\\\/ruler-home-spanish.jpeg\",\"contentUrl\":\"https:\\\/\\\/co4kids.org\\\/wp-content\\\/uploads\\\/2024\\\/12\\\/ruler-home-spanish.jpeg\",\"width\":1920,\"height\":1281,\"caption\":\"Dos manos sostienen reglas conectadas que forman el contorno de una casa.\"},{\"@type\":\"BreadcrumbList\",\"@id\":\"https:\\\/\\\/co4kids.org\\\/es\\\/biblioteca-de-recursos\\\/#breadcrumb\",\"itemListElement\":[{\"@type\":\"ListItem\",\"position\":1,\"name\":\"Home\",\"item\":\"https:\\\/\\\/co4kids.org\\\/es\\\/\"},{\"@type\":\"ListItem\",\"position\":2,\"name\":\"Biblioteca de Recursos\"}]},{\"@type\":\"WebSite\",\"@id\":\"https:\\\/\\\/co4kids.org\\\/es\\\/#website\",\"url\":\"https:\\\/\\\/co4kids.org\\\/es\\\/\",\"name\":\"CO4Kids\",\"description\":\"If not you, then who?\",\"potentialAction\":[{\"@type\":\"SearchAction\",\"target\":{\"@type\":\"EntryPoint\",\"urlTemplate\":\"https:\\\/\\\/co4kids.org\\\/es\\\/?s={search_term_string}\"},\"query-input\":{\"@type\":\"PropertyValueSpecification\",\"valueRequired\":true,\"valueName\":\"search_term_string\"}}],\"inLanguage\":\"es\"}]}<\/script>\n<!-- \/ Yoast SEO Premium plugin. -->","yoast_head_json":{"title":"Biblioteca de Recursos - CO4Kids","robots":{"index":"index","follow":"follow","max-snippet":"max-snippet:-1","max-image-preview":"max-image-preview:large","max-video-preview":"max-video-preview:-1"},"canonical":"https:\/\/co4kids.org\/es\/biblioteca-de-recursos\/","og_locale":"es_ES","og_type":"article","og_title":"Biblioteca de Recursos","og_description":"Aqu\u00ed encontrar\u00e1s todas las herramientas, informaci\u00f3n, v\u00eddeos y capacitaci\u00f3n que necesitas. Herramientas Es importante capacitarnos para ayudar a los dem\u00e1s. La Divisi\u00f3n de Bienestar Infantil colabora con los departamentos de...","og_url":"https:\/\/co4kids.org\/es\/biblioteca-de-recursos\/","og_site_name":"CO4Kids","article_modified_time":"2024-12-09T19:12:25+00:00","og_image":[{"width":1920,"height":1281,"url":"https:\/\/co4kids.org\/wp-content\/uploads\/2024\/12\/ruler-home-spanish.jpeg","type":"image\/jpeg"}],"twitter_card":"summary_large_image","twitter_misc":{"Tiempo de lectura":"1 minuto"},"schema":{"@context":"https:\/\/schema.org","@graph":[{"@type":"WebPage","@id":"https:\/\/co4kids.org\/es\/biblioteca-de-recursos\/","url":"https:\/\/co4kids.org\/es\/biblioteca-de-recursos\/","name":"Biblioteca de Recursos - CO4Kids","isPartOf":{"@id":"https:\/\/co4kids.org\/es\/#website"},"primaryImageOfPage":{"@id":"https:\/\/co4kids.org\/es\/biblioteca-de-recursos\/#primaryimage"},"image":{"@id":"https:\/\/co4kids.org\/es\/biblioteca-de-recursos\/#primaryimage"},"thumbnailUrl":"https:\/\/co4kids.org\/wp-content\/uploads\/2024\/12\/ruler-home-spanish.jpeg","datePublished":"2023-06-09T00:43:17+00:00","dateModified":"2024-12-09T19:12:25+00:00","breadcrumb":{"@id":"https:\/\/co4kids.org\/es\/biblioteca-de-recursos\/#breadcrumb"},"inLanguage":"es","potentialAction":[{"@type":"ReadAction","target":["https:\/\/co4kids.org\/es\/biblioteca-de-recursos\/"]}]},{"@type":"ImageObject","inLanguage":"es","@id":"https:\/\/co4kids.org\/es\/biblioteca-de-recursos\/#primaryimage","url":"https:\/\/co4kids.org\/wp-content\/uploads\/2024\/12\/ruler-home-spanish.jpeg","contentUrl":"https:\/\/co4kids.org\/wp-content\/uploads\/2024\/12\/ruler-home-spanish.jpeg","width":1920,"height":1281,"caption":"Dos manos sostienen reglas conectadas que forman el contorno de una casa."},{"@type":"BreadcrumbList","@id":"https:\/\/co4kids.org\/es\/biblioteca-de-recursos\/#breadcrumb","itemListElement":[{"@type":"ListItem","position":1,"name":"Home","item":"https:\/\/co4kids.org\/es\/"},{"@type":"ListItem","position":2,"name":"Biblioteca de Recursos"}]},{"@type":"WebSite","@id":"https:\/\/co4kids.org\/es\/#website","url":"https:\/\/co4kids.org\/es\/","name":"CO4Kids","description":"If not you, then who?","potentialAction":[{"@type":"SearchAction","target":{"@type":"EntryPoint","urlTemplate":"https:\/\/co4kids.org\/es\/?s={search_term_string}"},"query-input":{"@type":"PropertyValueSpecification","valueRequired":true,"valueName":"search_term_string"}}],"inLanguage":"es"}]}},"publishpress_future_workflow_manual_trigger":{"enabledWorkflows":[]},"ticketed":false,"_links":{"self":[{"href":"https:\/\/co4kids.org\/es\/wp-json\/wp\/v2\/pages\/8545","targetHints":{"allow":["GET"]}}],"collection":[{"href":"https:\/\/co4kids.org\/es\/wp-json\/wp\/v2\/pages"}],"about":[{"href":"https:\/\/co4kids.org\/es\/wp-json\/wp\/v2\/types\/page"}],"author":[{"embeddable":true,"href":"https:\/\/co4kids.org\/es\/wp-json\/wp\/v2\/users\/11"}],"replies":[{"embeddable":true,"href":"https:\/\/co4kids.org\/es\/wp-json\/wp\/v2\/comments?post=8545"}],"version-history":[{"count":0,"href":"https:\/\/co4kids.org\/es\/wp-json\/wp\/v2\/pages\/8545\/revisions"}],"wp:featuredmedia":[{"embeddable":true,"href":"https:\/\/co4kids.org\/es\/wp-json\/wp\/v2\/media\/30080"}],"wp:attachment":[{"href":"https:\/\/co4kids.org\/es\/wp-json\/wp\/v2\/media?parent=8545"}],"curies":[{"name":"wp","href":"https:\/\/api.w.org\/{rel}","templated":true}]}}