{"id":8522,"date":"2023-06-20T22:27:48","date_gmt":"2023-06-21T04:27:48","guid":{"rendered":"https:\/\/co4kids.org\/preguntas-y-respuestas-frecuentes-sobre-adopcion\/"},"modified":"2024-12-09T12:23:27","modified_gmt":"2024-12-09T19:23:27","slug":"preguntas-y-respuestas-frecuentes-sobre-adopcion","status":"publish","type":"page","link":"https:\/\/co4kids.org\/es\/preguntas-y-respuestas-frecuentes-sobre-adopcion\/","title":{"rendered":"Preguntas y Respuestas Frecuentes sobre Adopci\u00f3n"},"content":{"rendered":"\n<div class=\"has-arrow-mask-down ani-bottom has-arrow-mask-pad has-arrow-mask wp-block-group has-wider-padding has-sticky-radius has-0-9-background-color has-background has-arrow-mask has-arrow-mask-down ani-bottom has-arrow-mask-pad has-global-padding is-layout-constrained wp-block-group-is-layout-constrained\" style=\"border-top-left-radius:15px;border-top-right-radius:15px;margin-bottom:var(--wp--preset--spacing--20)\">\n<header class=\"wp-block-group has-global-padding is-layout-constrained wp-container-core-group-is-layout-7db9d80f wp-block-group-is-layout-constrained\" style=\"padding-right:0;padding-left:0\">\n<div class=\" wp-block-columns has-0-9-background-color has-background is-layout-flex wp-container-core-columns-is-layout-0af18515 wp-block-columns-is-layout-flex\" style=\"margin-bottom:var(--wp--preset--spacing--20)\">\n<div class=\"wp-block-column is-vertically-aligned-center is-layout-flow wp-block-column-is-layout-flow\" style=\"padding-top:var(--wp--preset--spacing--20)\"><h1 style=\"margin-bottom:var(--wp--preset--spacing--20);\" class=\"wp-block-post-title has-h-2-font-size\">Preguntas y Respuestas Frecuentes sobre Adopci\u00f3n<\/h1>\n\n\n<p class=\"\">La adopci\u00f3n es un proceso emotivo y largo para las familias, y probablemente tengas muchas preguntas sobre la adopci\u00f3n a partir de un hogar de acogida. <\/p>\n<\/div>\n\n\n\n<div class=\"wp-block-column is-vertically-aligned-top is-first-md is-layout-flow wp-block-column-is-layout-flow\"><figure class=\"ani-bottom has-arrow-mask-down has-arrow-mask wp-block-post-featured-image\"><img loading=\"lazy\" decoding=\"async\" width=\"1280\" height=\"800\" src=\"https:\/\/co4kids.org\/wp-content\/uploads\/2024\/12\/Humenasky-Hero-spanish.jpg\" class=\"attachment-post-thumbnail size-post-thumbnail wp-post-image\" alt=\"Una familia adoptiva de diez personas se sientados en su patio trasero con sus dos perros.\" style=\"object-fit:cover;\" srcset=\"https:\/\/co4kids.org\/wp-content\/uploads\/2024\/12\/Humenasky-Hero-spanish.jpg 1280w, https:\/\/co4kids.org\/wp-content\/uploads\/2024\/12\/Humenasky-Hero-spanish-450x281.jpg 450w, https:\/\/co4kids.org\/wp-content\/uploads\/2024\/12\/Humenasky-Hero-spanish-1024x640.jpg 1024w, https:\/\/co4kids.org\/wp-content\/uploads\/2024\/12\/Humenasky-Hero-spanish-768x480.jpg 768w\" sizes=\"auto, (max-width: 1280px) 100vw, 1280px\" \/><\/figure><\/div>\n<\/div>\n\n\n\n<p class=\"\"><\/p>\n<\/header>\n<\/div>\n\n\n\n<div class=\"ani-bottom has-arrow-mask-down has-arrow-mask wp-block-group has-arrow-mask ani-bottom has-arrow-mask-down has-global-padding is-layout-constrained wp-container-core-group-is-layout-19e250f3 wp-block-group-is-layout-constrained\" style=\"border-style:none;border-width:0px;border-radius:0px\">\n<div class=\"ani-bottom has-arrow-mask-down has-arrow-mask wp-block-group has-arrow-mask ani-bottom has-arrow-mask-down has-global-padding is-layout-constrained wp-container-core-group-is-layout-19e250f3 wp-block-group-is-layout-constrained\" style=\"border-style:none;border-width:0px;border-radius:0px\">\n<h2 class=\"wp-block-heading\" style=\"padding-top:var(--wp--preset--spacing--50);padding-bottom:var(--wp--preset--spacing--20)\"><mark style=\"background-color:rgba(0, 0, 0, 0)\" class=\"has-inline-color has-2-5-color\">Las Respuestas a Tus Preguntas<\/mark><\/h2>\n\n\n\n<div class=\"has-arrow-mask-down ani-bottom has-arrow-mask-pad has-arrow-mask wp-block-group has-wider-padding has-sticky-radius has-0-9-color has-1-5-background-color has-text-color has-background has-arrow-mask has-arrow-mask-down ani-bottom has-arrow-mask-pad has-global-padding is-layout-constrained wp-block-group-is-layout-constrained\" style=\"border-top-left-radius:15px;border-top-right-radius:15px;margin-bottom:var(--wp--preset--spacing--20)\">\n<div class=\"wp-block-group has-global-padding is-layout-constrained wp-block-group-is-layout-constrained\" style=\"margin-top:0;padding-top:var(--wp--preset--spacing--20)\">\n<div class=\"wp-block-aquamin-accordion accordion is-style-lines\" data-accordion-one-always-open=\"false\" data-tab-pre-expand=\"false\">\n<h3 class=\"accordion__label h4\"><button class=\"accordion__button button--basic\" type=\"button\">\u00bfCu\u00e1les son los tipos de adopci\u00f3n?<\/button><\/h3><div class=\"accordion__content\"><div class=\"accordion__inside\">\n<p class=\"\">Existen tres tipos de adopci\u00f3n. Todos ellos implican un an\u00e1lisis del hogar, comprobaciones de antecedentes penales, papeleo y largas esperas. No hay garant\u00eda de que te asignen un ni\u00f1o. <\/p>\n\n\n\n<ol class=\"wp-block-list\">\n<li>Adopci\u00f3n a partir del sistema de acogida<\/li>\n\n\n\n<li>Adopci\u00f3n internacional<\/li>\n\n\n\n<li>Adopci\u00f3n privada<\/li>\n<\/ol>\n<\/div><\/div>\n\n\n\n<h3 class=\"accordion__label h4\"><button class=\"accordion__button button--basic\" type=\"button\">\u00bfQui\u00e9n puede adoptar un ni\u00f1o o joven en Colorado?<\/button><\/h3><div class=\"accordion__content\"><div class=\"accordion__inside\">\n<p class=\"\">El estado de Colorado tiene un compromiso con la inclusi\u00f3n. No hay restricciones de raza, etnia, religi\u00f3n, orientaci\u00f3n sexual, identidad o expresi\u00f3n de g\u00e9nero o estado civil. Para adoptar a un ni\u00f1o o joven en acogida, primero debe convertirte en padre o madre de acogida. <\/p>\n\n\n\n<ul class=\"wp-block-list\">\n<li>Puedes ser soltero, casado o tener pareja de hecho.<\/li>\n\n\n\n<li>Puedes poseer o alquilar una casa, un piso o un apartamento de cualquier tama\u00f1o, pero debes tener espacio para un ni\u00f1o.<\/li>\n\n\n\n<li>Puedes trabajar dentro o fuera de casa. Las parejas que trabajan fuera de casa tambi\u00e9n pueden ser padres de acogida.<\/li>\n\n\n\n<li>Debes tener al menos 21 a\u00f1os.<\/li>\n\n\n\n<li>Debes tener ingresos suficientes para mantener a tu propia familia.<\/li>\n\n\n\n<li>Debes ser capaz de cuidar f\u00edsicamente de un ni\u00f1o o un joven.<\/li>\n\n\n\n<li>Debes pasar revisiones de antecedentes penales y de abuso infantil exigidas por las leyes estatales y federales.<\/li>\n\n\n\n<li>Debes ser capaz de trabajar con un equipo de tratamiento y estar dispuesto a recibir formaci\u00f3n continua.<\/li>\n\n\n\n<li>Debes ser ciudadano estadounidense o residente legal con un n\u00famero de identificaci\u00f3n individual del contribuyente (ITIN).<\/li>\n<\/ul>\n<\/div><\/div>\n\n\n\n<h3 class=\"accordion__label h4\"><button class=\"accordion__button button--basic\" type=\"button\">\u00bfHay ni\u00f1os en Colorado esperando ser adoptados?<\/button><\/h3><div class=\"accordion__content\"><div class=\"accordion__inside\">\n<p class=\"\">S\u00ed. Aunque las cifras cambian constantemente, en Colorado hay unos 400 ni\u00f1os que esperan una familia adoptiva. Visita <a href=\"https:\/\/www.coheartgallery.org\/\" target=\"_blank\" rel=\"noreferrer noopener\">Colorado Heart Gallery<\/a> para conocer a muchos de estos ni\u00f1os.<\/p>\n<\/div><\/div>\n\n\n\n<h3 class=\"accordion__label h4\"><button class=\"accordion__button button--basic\" type=\"button\">\u00bfNecesitan los j\u00f3venes de 17 a\u00f1os una familia?<\/button><\/h3><div class=\"accordion__content\"><div class=\"accordion__inside\">\n<p class=\"\">Nunca tienes demasiada edad para necesitar una familia. Incluso los ni\u00f1os mayores anhelan una familia adoptiva.<\/p>\n<\/div><\/div>\n\n\n\n<h3 class=\"accordion__label h4\"><button class=\"accordion__button button--basic\" type=\"button\">\u00bfEs costoso adoptar?<\/button><\/h3><div class=\"accordion__content\"><div class=\"accordion__inside\">\n<p class=\"\">La adopci\u00f3n a partir de una familia de acogida tiene un coste m\u00ednimo o nulo. <\/p>\n<\/div><\/div>\n\n\n\n<h3 class=\"accordion__label h4\"><button class=\"accordion__button button--basic\" type=\"button\">\u00bfPuede la familia biol\u00f3gica quitarme al ni\u00f1o o joven despu\u00e9s de la adopci\u00f3n?<strong><strong><br><\/strong><\/strong><\/button><\/h3><div class=\"accordion__content\"><div class=\"accordion__inside\">\n<p class=\"\">Las adopciones de ni\u00f1os y j\u00f3venes procedentes de centros de acogida estadounidenses son acuerdos legalmente vinculantes que no se producen hasta que los derechos de todos los progenitores han sido legalmente extinguidos por un tribunal de justicia. Es muy raro que un familiar biol\u00f3gico de un ni\u00f1o o joven impugne una adopci\u00f3n ante un tribunal. M\u00e1s del 98% de las adopciones legalmente completadas permanecen intactas.<\/p>\n<\/div><\/div>\n\n\n\n<h3 class=\"accordion__label h4\"><button class=\"accordion__button button--basic\" type=\"button\"><br>\u00bfTienes que vivir en Colorado para adoptar a un ni\u00f1o o ni\u00f1a de Colorado?<strong><strong><br><\/strong><\/strong><\/button><\/h3><div class=\"accordion__content\"><div class=\"accordion__inside\">\n<p class=\"\"><strong>NO<\/strong> tienes que vivir en Colorado para adoptar a un ni\u00f1o o joven que viva en Colorado. <\/p>\n\n\n\n<ul class=\"wp-block-list\">\n<li>Debes estar aprobado para adoptar por una agencia de adopci\u00f3n autorizada de tu estado. Las leyes de Colorado exigen que usted trabaje con una agencia (no con un individuo o un abogado) en su estado para ser un padre adoptivo. <\/li>\n\n\n\n<li>Debes haber pasado una verificaci\u00f3n de antecedentes penales basada en huellas dactilares (nacional y local), as\u00ed como los registros estatales de abuso infantil de tu estado y de cualquier estado en el que hayas residido durante los \u00faltimos cinco a\u00f1os. <\/li>\n\n\n\n<li>Si tu familia es elegida para adoptar a un ni\u00f1o o joven de Colorado, entrar\u00e1 en vigor el <a href=\"https:\/\/cdhs.colorado.gov\/interstate-compact-on-the-placement-of-children\" target=\"_blank\" rel=\"noreferrer noopener\">Pacto Interestatal sobre la Colocaci\u00f3n de Ni\u00f1os <\/a>. <\/li>\n\n\n\n<li>Un trabajador social debe revisar tu an\u00e1lisis del hogar y decidir si tu familia es el mejor hogar adoptivo para el ni\u00f1o o joven. Hay muchos factores que intervienen en la toma de esta decisi\u00f3n, que son espec\u00edficos del ni\u00f1o y de tu familia. <\/li>\n\n\n\n<li>El trabajador social del joven se comunicar\u00e1 contigo una vez tomada la decisi\u00f3n (ya sea positiva o negativa). Si no tiene noticias del trabajador social en un plazo razonable, cont\u00e1ctate con esta persona<\/li>\n<\/ul>\n<\/div><\/div>\n\n\n\n<h3 class=\"accordion__label h4\"><button class=\"accordion__button button--basic\" type=\"button\">\u00bfPuedo adoptar a un familiar?<strong><strong><br><\/strong><\/strong><\/button><\/h3><div class=\"accordion__content\"><div class=\"accordion__inside\">\n<p class=\"\">Por ley, tanto los familiares maternos como los paternos de los j\u00f3venes en el sistema de acogida son preferidos para ni\u00f1os y j\u00f3venes, siempre que puedan demostrar que pueden velar adecuadamente por la seguridad y el bienestar del menor. Consulte <a href=\"https:\/\/cdhs.colorado.gov\/our-services\/child-and-family-services\/kinship\" target=\"_blank\" rel=\"noreferrer noopener\">Colorado Kinship Connection<\/a> para obtener m\u00e1s detalles e informaci\u00f3n. <\/p>\n<\/div><\/div>\n\n\n\n<h3 class=\"accordion__label h4\"><button class=\"accordion__button button--basic\" type=\"button\"><br>Mi familia est\u00e1 en el ej\u00e9rcito, \u00bfa\u00fan podemos adoptar?<strong><strong><br><\/strong><\/strong><\/button><\/h3><div class=\"accordion__content\"><div class=\"accordion__inside\">\n<p class=\"\">Las familias de militares destinados en el extranjero y en Estados Unidos pueden adoptar ni\u00f1os del sistema de acogida estadounidense. <a href=\"https:\/\/www.childwelfare.gov\/\" target=\"_blank\" rel=\"noreferrer noopener\">Child Welfare Information Gateway<\/a> tiene recursos disponibles especialmente para las familias de militares. <\/p>\n<\/div><\/div>\n\n\n\n<h3 class=\"accordion__label h4\"><button class=\"accordion__button button--basic\" type=\"button\">\u00bfHay asistencia financiera disponible despu\u00e9s de la adopci\u00f3n?<strong><strong><br><\/strong><\/strong><\/button><\/h3><div class=\"accordion__content\"><div class=\"accordion__inside\">\n<p class=\"\">La ayuda a la adopci\u00f3n es un programa que proporciona asistencia a los padres adoptivos en formas definidas y limitadas para cubrir las necesidades de un ni\u00f1o o joven adoptado que cumpla los requisitos. La ayuda a la adopci\u00f3n tiene por objeto ayudar o eliminar los obst\u00e1culos financieros o de otro tipo a la adopci\u00f3n de ni\u00f1os y j\u00f3venes de Colorado con necesidades especiales, proporcionando apoyo a los padres en el cuidado y la crianza del ni\u00f1o o joven. Puede <a href=\"https:\/\/cdhs.colorado.gov\/adoption\" target=\"_blank\" rel=\"noreferrer noopener\">obtener m\u00e1s informaci\u00f3n sobre la ayuda a la adopci\u00f3n aqu\u00ed<\/a>.<\/p>\n<\/div><\/div>\n\n\n\n<h3 class=\"accordion__label h4\"><button class=\"accordion__button button--basic\" type=\"button\">\u00bfPuedo utilizar un facilitador o un tercero para adoptar en Colorado?<strong><strong><br><\/strong><\/strong><\/button><\/h3><div class=\"accordion__content\"><div class=\"accordion__inside\">\n<p class=\"\">No. Seg\u00fan 19-5-2-6, (1), C.R.S.(2013), \u00fanicamente el departamento de servicios humanos\/sociales del condado o una agencia de colocaci\u00f3n de menores autorizada pueden facilitar una adopci\u00f3n. Es necesario que haya una agencia de colocaci\u00f3n de menores implicada en todas las adopciones (excepto las adopciones por padrastro o madrastra) dentro del Estado de Colorado. Un abogado especializado en adopciones puede ayudar a un cliente con la comunicaci\u00f3n entre organismos.<\/p>\n<\/div><\/div>\n\n\n\n<h3 class=\"accordion__label h4\"><button class=\"accordion__button button--basic\" type=\"button\">\u00bfC\u00f3mo inicio el proceso de adopci\u00f3n?<strong><strong><br><\/strong><\/strong><\/button><\/h3><div class=\"accordion__content\"><div class=\"accordion__inside\">\n<p class=\"\">Aprende m\u00e1s sobre c\u00f3mo <a href=\"https:\/\/co4kids.org\/es\/comienza-el-proceso-de-adopcion\/\">iniciar el proceso<\/a> de adopci\u00f3n siendo un padre o madre de acogida.<\/p>\n<\/div><\/div>\n<\/div>\n<\/div>\n<\/div>\n<\/div>\n<\/div>\n\n\n\n<p class=\"\"><\/p>\n\n\n\n<h2 class=\"wp-block-heading has-text-align-center has-3-5-color has-text-color\">\u00bfNo has encontrado respuesta a tu<mark style=\"background-color:rgba(0, 0, 0, 0)\" class=\"has-inline-color has-4-5-color\"> pregunta<\/mark>? <\/h2>\n\n\n\n<p class=\"has-text-align-center has-0-9-color has-text-color\" style=\"padding-right:var(--wp--preset--spacing--20);padding-left:var(--wp--preset--spacing--20)\">El Departamento de Servicios Humanos de Colorado contrata a <a href=\"https:\/\/www.raisethefuture.org\/\" target=\"_blank\" rel=\"noreferrer noopener\">Raise the Future<\/a> para responder a todas las preguntas y ayudar a los habitantes de Colorado a empezar a acoger a ni\u00f1o o a adoptar en Colorado. Si no est\u00e1s seguro de c\u00f3mo empezar o simplemente quieres hacer m\u00e1s preguntas, no dudes en ponerte en contacto con nosotros.<\/p>\n","protected":false},"excerpt":{"rendered":"<p>La adopci\u00f3n es un proceso emotivo y largo para las familias, y probablemente tengas muchas preguntas sobre la adopci\u00f3n a partir de un hogar de acogida. Las Respuestas a Tus&#8230;<\/p>\n","protected":false},"author":11,"featured_media":30093,"parent":0,"menu_order":0,"comment_status":"closed","ping_status":"closed","template":"","meta":{"_aquamin_featured_video":"","_aquamin_featured_post":false,"_price":"","_stock":"","_tribe_ticket_header":"","_tribe_default_ticket_provider":"","_tribe_ticket_capacity":"0","_ticket_start_date":"","_ticket_end_date":"","_tribe_ticket_show_description":"","_tribe_ticket_show_not_going":false,"_tribe_ticket_use_global_stock":"","_tribe_ticket_global_stock_level":"","_global_stock_mode":"","_global_stock_cap":"","_tribe_rsvp_for_event":"","_tribe_ticket_going_count":"","_tribe_ticket_not_going_count":"","_tribe_tickets_list":"[]","_tribe_ticket_has_attendee_info_fields":false,"footnotes":"","_tec_slr_enabled":"","_tec_slr_layout":""},"class_list":["post-8522","page","type-page","status-publish","has-post-thumbnail","hentry"],"yoast_head":"<!-- This site is optimized with the Yoast SEO Premium plugin v27.4 (Yoast SEO v27.4) - https:\/\/yoast.com\/product\/yoast-seo-premium-wordpress\/ -->\n<title>Preguntas y Respuestas Frecuentes sobre Adopci\u00f3n - CO4Kids<\/title>\n<meta name=\"robots\" content=\"index, follow, max-snippet:-1, max-image-preview:large, max-video-preview:-1\" \/>\n<link rel=\"canonical\" href=\"https:\/\/co4kids.org\/es\/preguntas-y-respuestas-frecuentes-sobre-adopcion\/\" \/>\n<meta property=\"og:locale\" content=\"es_ES\" \/>\n<meta property=\"og:type\" content=\"article\" \/>\n<meta property=\"og:title\" content=\"Preguntas y Respuestas Frecuentes sobre Adopci\u00f3n\" \/>\n<meta property=\"og:description\" content=\"La adopci\u00f3n es un proceso emotivo y largo para las familias, y probablemente tengas muchas preguntas sobre la adopci\u00f3n a partir de un hogar de acogida. Las Respuestas a Tus...\" \/>\n<meta property=\"og:url\" content=\"https:\/\/co4kids.org\/es\/preguntas-y-respuestas-frecuentes-sobre-adopcion\/\" \/>\n<meta property=\"og:site_name\" content=\"CO4Kids\" \/>\n<meta property=\"article:modified_time\" content=\"2024-12-09T19:23:27+00:00\" \/>\n<meta property=\"og:image\" content=\"https:\/\/co4kids.org\/wp-content\/uploads\/2024\/12\/Humenasky-Hero-spanish.jpg\" \/>\n\t<meta property=\"og:image:width\" content=\"1280\" \/>\n\t<meta property=\"og:image:height\" content=\"800\" \/>\n\t<meta property=\"og:image:type\" content=\"image\/jpeg\" \/>\n<meta name=\"twitter:card\" content=\"summary_large_image\" \/>\n<meta name=\"twitter:label1\" content=\"Tiempo de lectura\" \/>\n\t<meta name=\"twitter:data1\" content=\"2 minutos\" \/>\n<script type=\"application\/ld+json\" class=\"yoast-schema-graph\">{\"@context\":\"https:\\\/\\\/schema.org\",\"@graph\":[{\"@type\":\"WebPage\",\"@id\":\"https:\\\/\\\/co4kids.org\\\/es\\\/preguntas-y-respuestas-frecuentes-sobre-adopcion\\\/\",\"url\":\"https:\\\/\\\/co4kids.org\\\/es\\\/preguntas-y-respuestas-frecuentes-sobre-adopcion\\\/\",\"name\":\"Preguntas y Respuestas Frecuentes sobre Adopci\u00f3n - CO4Kids\",\"isPartOf\":{\"@id\":\"https:\\\/\\\/co4kids.org\\\/es\\\/#website\"},\"primaryImageOfPage\":{\"@id\":\"https:\\\/\\\/co4kids.org\\\/es\\\/preguntas-y-respuestas-frecuentes-sobre-adopcion\\\/#primaryimage\"},\"image\":{\"@id\":\"https:\\\/\\\/co4kids.org\\\/es\\\/preguntas-y-respuestas-frecuentes-sobre-adopcion\\\/#primaryimage\"},\"thumbnailUrl\":\"https:\\\/\\\/co4kids.org\\\/wp-content\\\/uploads\\\/2024\\\/12\\\/Humenasky-Hero-spanish.jpg\",\"datePublished\":\"2023-06-21T04:27:48+00:00\",\"dateModified\":\"2024-12-09T19:23:27+00:00\",\"breadcrumb\":{\"@id\":\"https:\\\/\\\/co4kids.org\\\/es\\\/preguntas-y-respuestas-frecuentes-sobre-adopcion\\\/#breadcrumb\"},\"inLanguage\":\"es\",\"potentialAction\":[{\"@type\":\"ReadAction\",\"target\":[\"https:\\\/\\\/co4kids.org\\\/es\\\/preguntas-y-respuestas-frecuentes-sobre-adopcion\\\/\"]}]},{\"@type\":\"ImageObject\",\"inLanguage\":\"es\",\"@id\":\"https:\\\/\\\/co4kids.org\\\/es\\\/preguntas-y-respuestas-frecuentes-sobre-adopcion\\\/#primaryimage\",\"url\":\"https:\\\/\\\/co4kids.org\\\/wp-content\\\/uploads\\\/2024\\\/12\\\/Humenasky-Hero-spanish.jpg\",\"contentUrl\":\"https:\\\/\\\/co4kids.org\\\/wp-content\\\/uploads\\\/2024\\\/12\\\/Humenasky-Hero-spanish.jpg\",\"width\":1280,\"height\":800,\"caption\":\"Una familia adoptiva de diez personas se sientados en su patio trasero con sus dos perros.\"},{\"@type\":\"BreadcrumbList\",\"@id\":\"https:\\\/\\\/co4kids.org\\\/es\\\/preguntas-y-respuestas-frecuentes-sobre-adopcion\\\/#breadcrumb\",\"itemListElement\":[{\"@type\":\"ListItem\",\"position\":1,\"name\":\"Home\",\"item\":\"https:\\\/\\\/co4kids.org\\\/es\\\/\"},{\"@type\":\"ListItem\",\"position\":2,\"name\":\"Preguntas y Respuestas Frecuentes sobre Adopci\u00f3n\"}]},{\"@type\":\"WebSite\",\"@id\":\"https:\\\/\\\/co4kids.org\\\/es\\\/#website\",\"url\":\"https:\\\/\\\/co4kids.org\\\/es\\\/\",\"name\":\"CO4Kids\",\"description\":\"If not you, then who?\",\"potentialAction\":[{\"@type\":\"SearchAction\",\"target\":{\"@type\":\"EntryPoint\",\"urlTemplate\":\"https:\\\/\\\/co4kids.org\\\/es\\\/?s={search_term_string}\"},\"query-input\":{\"@type\":\"PropertyValueSpecification\",\"valueRequired\":true,\"valueName\":\"search_term_string\"}}],\"inLanguage\":\"es\"}]}<\/script>\n<!-- \/ Yoast SEO Premium plugin. -->","yoast_head_json":{"title":"Preguntas y Respuestas Frecuentes sobre Adopci\u00f3n - CO4Kids","robots":{"index":"index","follow":"follow","max-snippet":"max-snippet:-1","max-image-preview":"max-image-preview:large","max-video-preview":"max-video-preview:-1"},"canonical":"https:\/\/co4kids.org\/es\/preguntas-y-respuestas-frecuentes-sobre-adopcion\/","og_locale":"es_ES","og_type":"article","og_title":"Preguntas y Respuestas Frecuentes sobre Adopci\u00f3n","og_description":"La adopci\u00f3n es un proceso emotivo y largo para las familias, y probablemente tengas muchas preguntas sobre la adopci\u00f3n a partir de un hogar de acogida. Las Respuestas a Tus...","og_url":"https:\/\/co4kids.org\/es\/preguntas-y-respuestas-frecuentes-sobre-adopcion\/","og_site_name":"CO4Kids","article_modified_time":"2024-12-09T19:23:27+00:00","og_image":[{"width":1280,"height":800,"url":"https:\/\/co4kids.org\/wp-content\/uploads\/2024\/12\/Humenasky-Hero-spanish.jpg","type":"image\/jpeg"}],"twitter_card":"summary_large_image","twitter_misc":{"Tiempo de lectura":"2 minutos"},"schema":{"@context":"https:\/\/schema.org","@graph":[{"@type":"WebPage","@id":"https:\/\/co4kids.org\/es\/preguntas-y-respuestas-frecuentes-sobre-adopcion\/","url":"https:\/\/co4kids.org\/es\/preguntas-y-respuestas-frecuentes-sobre-adopcion\/","name":"Preguntas y Respuestas Frecuentes sobre Adopci\u00f3n - CO4Kids","isPartOf":{"@id":"https:\/\/co4kids.org\/es\/#website"},"primaryImageOfPage":{"@id":"https:\/\/co4kids.org\/es\/preguntas-y-respuestas-frecuentes-sobre-adopcion\/#primaryimage"},"image":{"@id":"https:\/\/co4kids.org\/es\/preguntas-y-respuestas-frecuentes-sobre-adopcion\/#primaryimage"},"thumbnailUrl":"https:\/\/co4kids.org\/wp-content\/uploads\/2024\/12\/Humenasky-Hero-spanish.jpg","datePublished":"2023-06-21T04:27:48+00:00","dateModified":"2024-12-09T19:23:27+00:00","breadcrumb":{"@id":"https:\/\/co4kids.org\/es\/preguntas-y-respuestas-frecuentes-sobre-adopcion\/#breadcrumb"},"inLanguage":"es","potentialAction":[{"@type":"ReadAction","target":["https:\/\/co4kids.org\/es\/preguntas-y-respuestas-frecuentes-sobre-adopcion\/"]}]},{"@type":"ImageObject","inLanguage":"es","@id":"https:\/\/co4kids.org\/es\/preguntas-y-respuestas-frecuentes-sobre-adopcion\/#primaryimage","url":"https:\/\/co4kids.org\/wp-content\/uploads\/2024\/12\/Humenasky-Hero-spanish.jpg","contentUrl":"https:\/\/co4kids.org\/wp-content\/uploads\/2024\/12\/Humenasky-Hero-spanish.jpg","width":1280,"height":800,"caption":"Una familia adoptiva de diez personas se sientados en su patio trasero con sus dos perros."},{"@type":"BreadcrumbList","@id":"https:\/\/co4kids.org\/es\/preguntas-y-respuestas-frecuentes-sobre-adopcion\/#breadcrumb","itemListElement":[{"@type":"ListItem","position":1,"name":"Home","item":"https:\/\/co4kids.org\/es\/"},{"@type":"ListItem","position":2,"name":"Preguntas y Respuestas Frecuentes sobre Adopci\u00f3n"}]},{"@type":"WebSite","@id":"https:\/\/co4kids.org\/es\/#website","url":"https:\/\/co4kids.org\/es\/","name":"CO4Kids","description":"If not you, then who?","potentialAction":[{"@type":"SearchAction","target":{"@type":"EntryPoint","urlTemplate":"https:\/\/co4kids.org\/es\/?s={search_term_string}"},"query-input":{"@type":"PropertyValueSpecification","valueRequired":true,"valueName":"search_term_string"}}],"inLanguage":"es"}]}},"publishpress_future_workflow_manual_trigger":{"enabledWorkflows":[]},"ticketed":false,"_links":{"self":[{"href":"https:\/\/co4kids.org\/es\/wp-json\/wp\/v2\/pages\/8522","targetHints":{"allow":["GET"]}}],"collection":[{"href":"https:\/\/co4kids.org\/es\/wp-json\/wp\/v2\/pages"}],"about":[{"href":"https:\/\/co4kids.org\/es\/wp-json\/wp\/v2\/types\/page"}],"author":[{"embeddable":true,"href":"https:\/\/co4kids.org\/es\/wp-json\/wp\/v2\/users\/11"}],"replies":[{"embeddable":true,"href":"https:\/\/co4kids.org\/es\/wp-json\/wp\/v2\/comments?post=8522"}],"version-history":[{"count":0,"href":"https:\/\/co4kids.org\/es\/wp-json\/wp\/v2\/pages\/8522\/revisions"}],"wp:featuredmedia":[{"embeddable":true,"href":"https:\/\/co4kids.org\/es\/wp-json\/wp\/v2\/media\/30093"}],"wp:attachment":[{"href":"https:\/\/co4kids.org\/es\/wp-json\/wp\/v2\/media?parent=8522"}],"curies":[{"name":"wp","href":"https:\/\/api.w.org\/{rel}","templated":true}]}}