{"id":8069,"date":"2023-06-20T20:29:56","date_gmt":"2023-06-21T02:29:56","guid":{"rendered":"https:\/\/co4kids.org\/cuidado-de-acogida-terapeutica-y-de-tratamiento\/"},"modified":"2024-12-09T12:15:19","modified_gmt":"2024-12-09T19:15:19","slug":"cuidado-de-acogida-terapeutica-y-de-tratamiento","status":"publish","type":"page","link":"https:\/\/co4kids.org\/es\/cuidado-de-acogida-terapeutica-y-de-tratamiento\/","title":{"rendered":"Cuidado de Acogida Terap\u00e9utica y de Tratamiento"},"content":{"rendered":"\n<div class=\"has-arrow-mask-down ani-bottom has-arrow-mask-pad has-arrow-mask wp-block-group has-wider-padding has-sticky-radius has-0-9-background-color has-background has-arrow-mask has-arrow-mask-down ani-bottom has-arrow-mask-pad has-global-padding is-layout-constrained wp-block-group-is-layout-constrained\" style=\"border-top-left-radius:15px;border-top-right-radius:15px;margin-bottom:var(--wp--preset--spacing--20)\">\n<header class=\"wp-block-group has-global-padding is-layout-constrained wp-container-core-group-is-layout-7db9d80f wp-block-group-is-layout-constrained\" style=\"padding-right:0;padding-left:0\">\n<div class=\" wp-block-columns has-0-9-background-color has-background is-layout-flex wp-container-core-columns-is-layout-0af18515 wp-block-columns-is-layout-flex\" style=\"margin-bottom:var(--wp--preset--spacing--20)\">\n<div class=\"wp-block-column is-vertically-aligned-center is-layout-flow wp-block-column-is-layout-flow\" style=\"padding-top:var(--wp--preset--spacing--20)\"><h1 style=\"margin-bottom:var(--wp--preset--spacing--20);\" class=\"wp-block-post-title has-h-2-font-size\">Cuidado de Acogida Terap\u00e9utica y de Tratamiento<\/h1>\n\n\n<p class=\" \">Family First Prevention Services Act es una ley federal que anima a los organismos locales de bienestar infantil a utilizar fondos federales para prestar servicios que mantengan a los ni\u00f1os seguros y creciendo en sus propias familias. Sin embargo, si un ni\u00f1o o joven no puede vivir de forma segura con sus padres o cuidadores, las agencias de bienestar infantil se comprometen a ayudarles a crecer en familias en las que tengan acceso a un cuidado informado sobre el trauma, ya que las investigaciones sugieren firmemente que crecer en una familia es esencial para todos los ni\u00f1os, especialmente para aquellos que han sufrido abuso o descuido.<\/p>\n<\/div>\n\n\n\n<div class=\"wp-block-column is-vertically-aligned-top is-first-md is-layout-flow wp-block-column-is-layout-flow\"><figure class=\"ani-bottom has-arrow-mask-down has-arrow-mask wp-block-post-featured-image\"><img loading=\"lazy\" decoding=\"async\" width=\"1440\" height=\"1920\" src=\"https:\/\/co4kids.org\/wp-content\/uploads\/2024\/12\/DSC09857-1-spanish.jpg\" class=\"attachment-post-thumbnail size-post-thumbnail wp-post-image\" alt=\"Una familia de crianza afroamericana de cinco personas juega en el parque infantil comunitario.\" style=\"object-fit:cover;\" srcset=\"https:\/\/co4kids.org\/wp-content\/uploads\/2024\/12\/DSC09857-1-spanish.jpg 1440w, https:\/\/co4kids.org\/wp-content\/uploads\/2024\/12\/DSC09857-1-spanish-338x450.jpg 338w, https:\/\/co4kids.org\/wp-content\/uploads\/2024\/12\/DSC09857-1-spanish-768x1024.jpg 768w, https:\/\/co4kids.org\/wp-content\/uploads\/2024\/12\/DSC09857-1-spanish-1152x1536.jpg 1152w\" sizes=\"auto, (max-width: 1440px) 100vw, 1440px\" \/><\/figure><\/div>\n<\/div>\n<\/header>\n\n\n\n<p class=\"\"><\/p>\n<\/div>\n\n<p class=\"\"><\/p>\n\n<div class=\"wp-block-group has-global-padding is-layout-constrained wp-container-core-group-is-layout-11c1ca01 wp-block-group-is-layout-constrained\" style=\"padding-right:var(--wp--preset--spacing--50);padding-left:var(--wp--preset--spacing--50)\">\n<h2 class=\"wp-block-heading has-3-5-color has-text-color\">Ayudar a los ni\u00f1os que han experimentado trauma <\/h2>\n\n\n\n<p class=\"\"><\/p>\n\n\n\n<p class=\"has-0-9-color has-text-color\">En la actualidad, hay aproximadamente 400 ni\u00f1os y j\u00f3venes que reciben atenci\u00f3n en un entorno de atenci\u00f3n colectiva, como un centro residencial de tratamiento o una casa hogar. Las familias de acogida terap\u00e9uticas y de tratamiento pueden proporcionar niveles similares de tratamiento pero en un entorno familiar. Un reto importante en Colorado es encontrar m\u00e1s padres de acogida terap\u00e9uticas y de tratamiento calificados para satisfacer las necesidades de estos ni\u00f1os y j\u00f3venes.<\/p>\n\n\n\n<div class=\"wp-block-aquamin-accordion accordion has-0-9-color has-text-color has-0-9-color has-text-color\" data-accordion-one-always-open=\"false\" data-tab-pre-expand=\"false\">\n<h3 class=\"accordion__label h4\"><button class=\"accordion__button button--basic\" type=\"button\"><strong>Who Can Become a Therapeutic or Treatment Foster Parent?<\/strong><br><\/button><\/h3><div class=\"accordion__content\"><div class=\"accordion__inside\">\n<p class=\"\">The easy answer is anyone who can become a foster parent can become a therapeutic or treatment foster parent. Typically, experienced foster parents who are committed to working with children and youth with complex needs are individuals who have worked in education, mental health, law enforcement, residential treatment or medical fields.  While experience in these fields can prove invaluable to individuals who want to become treatment foster care parents, committed adults aren\u2019t required to have a specific background to provide therapeutic and treatment level foster care.<\/p>\n<\/div><\/div>\n\n\n\n<h3 class=\"accordion__label h4\"><button class=\"accordion__button button--basic\" type=\"button\"><strong>What is the Difference Between Treatment and Therapeutic Foster Care?<\/strong><br><\/button><\/h3><div class=\"accordion__content\"><div class=\"accordion__inside\">\n<p class=\"\">El acogimiento familiar de tratamiento es un tipo de cuidado temporal en el que los ni\u00f1os y j\u00f3venes que tienen un alto nivel de necesidades emocionales, conductuales o de salud mental reciben tratamiento de un padre o madre de acogida altamente capacitado. El acogimiento terap\u00e9utico es un nuevo tipo de cuidado temporal que tambi\u00e9n atiende a ni\u00f1os y j\u00f3venes con mayores necesidades.<\/p>\n\n\n\n<p class=\"\">Tanto los padres de acogida terap\u00e9utica como los de acogida de tratamiento est\u00e1n altamente capacitados para proporcionar cuidados intensivos y apoyar el tratamiento que se est\u00e1 llevando a cabo por expertos.<\/p>\n\n\n\n<p class=\"\">Los cuidadores de acogida de tratamiento suelen ocuparse de un ni\u00f1o o joven a la vez, pero pueden tener hasta dos j\u00f3venes acogidos en su hogar. Y los cuidadores de acogedida terap\u00e9utica pueden cuidar de hasta seis ni\u00f1os y j\u00f3venes a la vez en su casa.<\/p>\n<\/div><\/div>\n\n\n\n<h3 class=\"accordion__label h4\"><button class=\"accordion__button button--basic\" type=\"button\">Training &amp; Support<\/button><\/h3><div class=\"accordion__content\"><div class=\"accordion__inside\">\n<p class=\"\">Los cuidadores de acogida de tratamiento reciben 32 horas adicionales de formaci\u00f3n y visitas semanales de trabajadores de apoyo, mientras que los cuidadores de acogida terap\u00e9uticos reciben 12 horas adicionales de formaci\u00f3n especializada y visitas quincenales de su equipo de apoyo. <\/p>\n<\/div><\/div>\n\n\n\n<h3 class=\"accordion__label h4\"><button class=\"accordion__button button--basic\" type=\"button\">\u00bfC\u00f3mo puedo saber m\u00e1s? <\/button><\/h3><div class=\"accordion__content\"><div class=\"accordion__inside\">\n<p class=\"\">Las siguientes organizaciones capacitan y certifican a los padres de acogida de tratamiento y\/o de acogida terap\u00e9utica. Para aprender m\u00e1s, visita:<\/p>\n\n\n\n<ul class=\"is-style-4-5-bullet wp-block-list\">\n<li><a href=\"https:\/\/www.denvergov.org\/content\/denvergov\/en\/denver-human-services\/be-involved\/foster\/therapeutic-foster-care.html\" target=\"_blank\" rel=\"noreferrer noopener\">Denver County Human Services<\/a><\/li>\n\n\n\n<li><a href=\"https:\/\/hopeandhome.org\/\" target=\"_blank\" rel=\"noreferrer noopener\">Hope &amp; Home<\/a><\/li>\n\n\n\n<li><a href=\"https:\/\/kidscrossing.com\/\" target=\"_blank\" rel=\"noreferrer noopener\">Kids Crossing<\/a><\/li>\n\n\n\n<li><a href=\"https:\/\/www.co.laplata.co.us\/\" target=\"_blank\" rel=\"noreferrer noopener\">La Plata County Human Services<\/a><\/li>\n\n\n\n<li><a href=\"https:\/\/www.safy.org\/\" target=\"_blank\" rel=\"noreferrer noopener\">SAFY Specialized Alternatives for Children and Youth<\/a><\/li>\n\n\n\n<li><a href=\"https:\/\/www.saviohouse.org\/\" target=\"_blank\" rel=\"noreferrer noopener\">Savio House<\/a><\/li>\n\n\n\n<li><a href=\"https:\/\/www.smithagencyinc.org\/\" target=\"_blank\" rel=\"noreferrer noopener\">Smith Agency<\/a><\/li>\n\n\n\n<li><a href=\"https:\/\/sksfcolorado.org\/\" target=\"_blank\" rel=\"noreferrer noopener\">Special Kids Special Families<\/a><\/li>\n\n\n\n<li><a href=\"https:\/\/www.weld.gov\/Home\" target=\"_blank\" rel=\"noreferrer noopener\">Weld County Human Services<\/a><\/li>\n<\/ul>\n<\/div><\/div>\n<\/div>\n<\/div>\n","protected":false},"excerpt":{"rendered":"<p>Family First Prevention Services Act es una ley federal que anima a los organismos locales de bienestar infantil a utilizar fondos federales para prestar servicios que mantengan a los ni\u00f1os&#8230;<\/p>\n","protected":false},"author":11,"featured_media":30084,"parent":0,"menu_order":0,"comment_status":"closed","ping_status":"closed","template":"","meta":{"_aquamin_featured_video":"","_aquamin_featured_post":false,"_price":"","_stock":"","_tribe_ticket_header":"","_tribe_default_ticket_provider":"","_tribe_ticket_capacity":"0","_ticket_start_date":"","_ticket_end_date":"","_tribe_ticket_show_description":"","_tribe_ticket_show_not_going":false,"_tribe_ticket_use_global_stock":"","_tribe_ticket_global_stock_level":"","_global_stock_mode":"","_global_stock_cap":"","_tribe_rsvp_for_event":"","_tribe_ticket_going_count":"","_tribe_ticket_not_going_count":"","_tribe_tickets_list":"[]","_tribe_ticket_has_attendee_info_fields":false,"footnotes":"","_tec_slr_enabled":"","_tec_slr_layout":""},"class_list":["post-8069","page","type-page","status-publish","has-post-thumbnail","hentry"],"yoast_head":"<!-- This site is optimized with the Yoast SEO Premium plugin v27.4 (Yoast SEO v27.4) - https:\/\/yoast.com\/product\/yoast-seo-premium-wordpress\/ -->\n<title>Cuidado de Acogida Terap\u00e9utica y de Tratamiento - CO4Kids<\/title>\n<meta name=\"robots\" content=\"index, follow, max-snippet:-1, max-image-preview:large, max-video-preview:-1\" \/>\n<link rel=\"canonical\" href=\"https:\/\/co4kids.org\/es\/cuidado-de-acogida-terapeutica-y-de-tratamiento\/\" \/>\n<meta property=\"og:locale\" content=\"es_ES\" \/>\n<meta property=\"og:type\" content=\"article\" \/>\n<meta property=\"og:title\" content=\"Cuidado de Acogida Terap\u00e9utica y de Tratamiento\" \/>\n<meta property=\"og:description\" content=\"Family First Prevention Services Act es una ley federal que anima a los organismos locales de bienestar infantil a utilizar fondos federales para prestar servicios que mantengan a los ni\u00f1os...\" \/>\n<meta property=\"og:url\" content=\"https:\/\/co4kids.org\/es\/cuidado-de-acogida-terapeutica-y-de-tratamiento\/\" \/>\n<meta property=\"og:site_name\" content=\"CO4Kids\" \/>\n<meta property=\"article:modified_time\" content=\"2024-12-09T19:15:19+00:00\" \/>\n<meta property=\"og:image\" content=\"https:\/\/co4kids.org\/wp-content\/uploads\/2024\/12\/DSC09857-1-spanish.jpg\" \/>\n\t<meta property=\"og:image:width\" content=\"1440\" \/>\n\t<meta property=\"og:image:height\" content=\"1920\" \/>\n\t<meta property=\"og:image:type\" content=\"image\/jpeg\" \/>\n<meta name=\"twitter:card\" content=\"summary_large_image\" \/>\n<meta name=\"twitter:label1\" content=\"Tiempo de lectura\" \/>\n\t<meta name=\"twitter:data1\" content=\"3 minutos\" \/>\n<script type=\"application\/ld+json\" class=\"yoast-schema-graph\">{\"@context\":\"https:\\\/\\\/schema.org\",\"@graph\":[{\"@type\":\"WebPage\",\"@id\":\"https:\\\/\\\/co4kids.org\\\/es\\\/cuidado-de-acogida-terapeutica-y-de-tratamiento\\\/\",\"url\":\"https:\\\/\\\/co4kids.org\\\/es\\\/cuidado-de-acogida-terapeutica-y-de-tratamiento\\\/\",\"name\":\"Cuidado de Acogida Terap\u00e9utica y de Tratamiento - CO4Kids\",\"isPartOf\":{\"@id\":\"https:\\\/\\\/co4kids.org\\\/es\\\/#website\"},\"primaryImageOfPage\":{\"@id\":\"https:\\\/\\\/co4kids.org\\\/es\\\/cuidado-de-acogida-terapeutica-y-de-tratamiento\\\/#primaryimage\"},\"image\":{\"@id\":\"https:\\\/\\\/co4kids.org\\\/es\\\/cuidado-de-acogida-terapeutica-y-de-tratamiento\\\/#primaryimage\"},\"thumbnailUrl\":\"https:\\\/\\\/co4kids.org\\\/wp-content\\\/uploads\\\/2024\\\/12\\\/DSC09857-1-spanish.jpg\",\"datePublished\":\"2023-06-21T02:29:56+00:00\",\"dateModified\":\"2024-12-09T19:15:19+00:00\",\"breadcrumb\":{\"@id\":\"https:\\\/\\\/co4kids.org\\\/es\\\/cuidado-de-acogida-terapeutica-y-de-tratamiento\\\/#breadcrumb\"},\"inLanguage\":\"es\",\"potentialAction\":[{\"@type\":\"ReadAction\",\"target\":[\"https:\\\/\\\/co4kids.org\\\/es\\\/cuidado-de-acogida-terapeutica-y-de-tratamiento\\\/\"]}]},{\"@type\":\"ImageObject\",\"inLanguage\":\"es\",\"@id\":\"https:\\\/\\\/co4kids.org\\\/es\\\/cuidado-de-acogida-terapeutica-y-de-tratamiento\\\/#primaryimage\",\"url\":\"https:\\\/\\\/co4kids.org\\\/wp-content\\\/uploads\\\/2024\\\/12\\\/DSC09857-1-spanish.jpg\",\"contentUrl\":\"https:\\\/\\\/co4kids.org\\\/wp-content\\\/uploads\\\/2024\\\/12\\\/DSC09857-1-spanish.jpg\",\"width\":1440,\"height\":1920,\"caption\":\"Una familia de crianza afroamericana de cinco personas juega en el parque infantil comunitario.\"},{\"@type\":\"BreadcrumbList\",\"@id\":\"https:\\\/\\\/co4kids.org\\\/es\\\/cuidado-de-acogida-terapeutica-y-de-tratamiento\\\/#breadcrumb\",\"itemListElement\":[{\"@type\":\"ListItem\",\"position\":1,\"name\":\"Home\",\"item\":\"https:\\\/\\\/co4kids.org\\\/es\\\/\"},{\"@type\":\"ListItem\",\"position\":2,\"name\":\"Cuidado de Acogida Terap\u00e9utica y de Tratamiento\"}]},{\"@type\":\"WebSite\",\"@id\":\"https:\\\/\\\/co4kids.org\\\/es\\\/#website\",\"url\":\"https:\\\/\\\/co4kids.org\\\/es\\\/\",\"name\":\"CO4Kids\",\"description\":\"If not you, then who?\",\"potentialAction\":[{\"@type\":\"SearchAction\",\"target\":{\"@type\":\"EntryPoint\",\"urlTemplate\":\"https:\\\/\\\/co4kids.org\\\/es\\\/?s={search_term_string}\"},\"query-input\":{\"@type\":\"PropertyValueSpecification\",\"valueRequired\":true,\"valueName\":\"search_term_string\"}}],\"inLanguage\":\"es\"}]}<\/script>\n<!-- \/ Yoast SEO Premium plugin. -->","yoast_head_json":{"title":"Cuidado de Acogida Terap\u00e9utica y de Tratamiento - CO4Kids","robots":{"index":"index","follow":"follow","max-snippet":"max-snippet:-1","max-image-preview":"max-image-preview:large","max-video-preview":"max-video-preview:-1"},"canonical":"https:\/\/co4kids.org\/es\/cuidado-de-acogida-terapeutica-y-de-tratamiento\/","og_locale":"es_ES","og_type":"article","og_title":"Cuidado de Acogida Terap\u00e9utica y de Tratamiento","og_description":"Family First Prevention Services Act es una ley federal que anima a los organismos locales de bienestar infantil a utilizar fondos federales para prestar servicios que mantengan a los ni\u00f1os...","og_url":"https:\/\/co4kids.org\/es\/cuidado-de-acogida-terapeutica-y-de-tratamiento\/","og_site_name":"CO4Kids","article_modified_time":"2024-12-09T19:15:19+00:00","og_image":[{"width":1440,"height":1920,"url":"https:\/\/co4kids.org\/wp-content\/uploads\/2024\/12\/DSC09857-1-spanish.jpg","type":"image\/jpeg"}],"twitter_card":"summary_large_image","twitter_misc":{"Tiempo de lectura":"3 minutos"},"schema":{"@context":"https:\/\/schema.org","@graph":[{"@type":"WebPage","@id":"https:\/\/co4kids.org\/es\/cuidado-de-acogida-terapeutica-y-de-tratamiento\/","url":"https:\/\/co4kids.org\/es\/cuidado-de-acogida-terapeutica-y-de-tratamiento\/","name":"Cuidado de Acogida Terap\u00e9utica y de Tratamiento - CO4Kids","isPartOf":{"@id":"https:\/\/co4kids.org\/es\/#website"},"primaryImageOfPage":{"@id":"https:\/\/co4kids.org\/es\/cuidado-de-acogida-terapeutica-y-de-tratamiento\/#primaryimage"},"image":{"@id":"https:\/\/co4kids.org\/es\/cuidado-de-acogida-terapeutica-y-de-tratamiento\/#primaryimage"},"thumbnailUrl":"https:\/\/co4kids.org\/wp-content\/uploads\/2024\/12\/DSC09857-1-spanish.jpg","datePublished":"2023-06-21T02:29:56+00:00","dateModified":"2024-12-09T19:15:19+00:00","breadcrumb":{"@id":"https:\/\/co4kids.org\/es\/cuidado-de-acogida-terapeutica-y-de-tratamiento\/#breadcrumb"},"inLanguage":"es","potentialAction":[{"@type":"ReadAction","target":["https:\/\/co4kids.org\/es\/cuidado-de-acogida-terapeutica-y-de-tratamiento\/"]}]},{"@type":"ImageObject","inLanguage":"es","@id":"https:\/\/co4kids.org\/es\/cuidado-de-acogida-terapeutica-y-de-tratamiento\/#primaryimage","url":"https:\/\/co4kids.org\/wp-content\/uploads\/2024\/12\/DSC09857-1-spanish.jpg","contentUrl":"https:\/\/co4kids.org\/wp-content\/uploads\/2024\/12\/DSC09857-1-spanish.jpg","width":1440,"height":1920,"caption":"Una familia de crianza afroamericana de cinco personas juega en el parque infantil comunitario."},{"@type":"BreadcrumbList","@id":"https:\/\/co4kids.org\/es\/cuidado-de-acogida-terapeutica-y-de-tratamiento\/#breadcrumb","itemListElement":[{"@type":"ListItem","position":1,"name":"Home","item":"https:\/\/co4kids.org\/es\/"},{"@type":"ListItem","position":2,"name":"Cuidado de Acogida Terap\u00e9utica y de Tratamiento"}]},{"@type":"WebSite","@id":"https:\/\/co4kids.org\/es\/#website","url":"https:\/\/co4kids.org\/es\/","name":"CO4Kids","description":"If not you, then who?","potentialAction":[{"@type":"SearchAction","target":{"@type":"EntryPoint","urlTemplate":"https:\/\/co4kids.org\/es\/?s={search_term_string}"},"query-input":{"@type":"PropertyValueSpecification","valueRequired":true,"valueName":"search_term_string"}}],"inLanguage":"es"}]}},"publishpress_future_workflow_manual_trigger":{"enabledWorkflows":[]},"ticketed":false,"_links":{"self":[{"href":"https:\/\/co4kids.org\/es\/wp-json\/wp\/v2\/pages\/8069","targetHints":{"allow":["GET"]}}],"collection":[{"href":"https:\/\/co4kids.org\/es\/wp-json\/wp\/v2\/pages"}],"about":[{"href":"https:\/\/co4kids.org\/es\/wp-json\/wp\/v2\/types\/page"}],"author":[{"embeddable":true,"href":"https:\/\/co4kids.org\/es\/wp-json\/wp\/v2\/users\/11"}],"replies":[{"embeddable":true,"href":"https:\/\/co4kids.org\/es\/wp-json\/wp\/v2\/comments?post=8069"}],"version-history":[{"count":0,"href":"https:\/\/co4kids.org\/es\/wp-json\/wp\/v2\/pages\/8069\/revisions"}],"wp:featuredmedia":[{"embeddable":true,"href":"https:\/\/co4kids.org\/es\/wp-json\/wp\/v2\/media\/30084"}],"wp:attachment":[{"href":"https:\/\/co4kids.org\/es\/wp-json\/wp\/v2\/media?parent=8069"}],"curies":[{"name":"wp","href":"https:\/\/api.w.org\/{rel}","templated":true}]}}