{"id":8066,"date":"2023-06-20T21:44:32","date_gmt":"2023-06-21T03:44:32","guid":{"rendered":"https:\/\/co4kids.org\/apoyo-y-capacitacion-para-cuidado-de-acogida\/"},"modified":"2024-12-09T12:09:25","modified_gmt":"2024-12-09T19:09:25","slug":"apoyo-y-capacitacion-para-cuidado-de-acogida","status":"publish","type":"page","link":"https:\/\/co4kids.org\/es\/apoyo-y-capacitacion-para-cuidado-de-acogida\/","title":{"rendered":"Apoyo y Capacitaci\u00f3n para Cuidado de Acogida"},"content":{"rendered":"\n<div class=\"has-arrow-mask-down ani-bottom has-arrow-mask-pad has-arrow-mask wp-block-group has-wider-padding has-sticky-radius has-0-9-background-color has-background has-arrow-mask has-arrow-mask-down ani-bottom has-arrow-mask-pad has-global-padding is-layout-constrained wp-block-group-is-layout-constrained\" style=\"border-top-left-radius:15px;border-top-right-radius:15px;margin-bottom:var(--wp--preset--spacing--20)\">\n<header class=\"wp-block-group has-global-padding is-layout-constrained wp-container-core-group-is-layout-7db9d80f wp-block-group-is-layout-constrained\" style=\"padding-right:0;padding-left:0\">\n<div class=\"wp-block-columns has-0-9-background-color has-background is-layout-flex wp-container-core-columns-is-layout-0af18515 wp-block-columns-is-layout-flex\" style=\"margin-bottom:var(--wp--preset--spacing--20)\">\n<div class=\"wp-block-column is-vertically-aligned-center is-layout-flow wp-block-column-is-layout-flow\" style=\"padding-top:var(--wp--preset--spacing--20)\"><h1 style=\"margin-bottom:var(--wp--preset--spacing--20);\" class=\"wp-block-post-title has-h-2-font-size\">Apoyo y Capacitaci\u00f3n para Cuidado de Acogida<\/h1>\n\n\n<p class=\"\">Todos los padres necesitan una red de apoyo, y la crianza de ni\u00f1os y adolescentes que han sufrido abuso y descuido requiere capacitaci\u00f3n. Encuentra recursos, entrenamientos y aprenda de otros que han pasado por lo mismo. <\/p>\n<\/div>\n\n\n\n<div class=\"wp-block-column is-vertically-aligned-top is-first-md is-layout-flow wp-block-column-is-layout-flow\"><figure class=\"ani-bottom has-arrow-mask-down has-arrow-mask wp-block-post-featured-image\"><img loading=\"lazy\" decoding=\"async\" width=\"1280\" height=\"736\" src=\"https:\/\/co4kids.org\/wp-content\/uploads\/2024\/12\/Keyonia-Hero-spanish.jpg\" class=\"attachment-post-thumbnail size-post-thumbnail wp-post-image\" alt=\"Una madre adoptiva soltera con sus tres hijas sonriendo en los escalones de la entrada de su casa.\" style=\"object-fit:cover;\" srcset=\"https:\/\/co4kids.org\/wp-content\/uploads\/2024\/12\/Keyonia-Hero-spanish.jpg 1280w, https:\/\/co4kids.org\/wp-content\/uploads\/2024\/12\/Keyonia-Hero-spanish-450x259.jpg 450w, https:\/\/co4kids.org\/wp-content\/uploads\/2024\/12\/Keyonia-Hero-spanish-1024x589.jpg 1024w, https:\/\/co4kids.org\/wp-content\/uploads\/2024\/12\/Keyonia-Hero-spanish-768x442.jpg 768w\" sizes=\"auto, (max-width: 1280px) 100vw, 1280px\" \/><\/figure><\/div>\n<\/div>\n<\/header>\n\n\n\n<p class=\"\"><\/p>\n<\/div>\n\n\n\n<div class=\"ani-bottom has-arrow-mask-down has-arrow-mask-pad has-arrow-mask wp-block-group has-wider-padding has-sticky-radius has-0-9-background-color has-background has-arrow-mask ani-bottom has-arrow-mask-down has-arrow-mask-pad has-global-padding is-layout-constrained wp-block-group-is-layout-constrained\" style=\"border-top-left-radius:15px;border-top-right-radius:15px;padding-top:var(--wp--preset--spacing--10)\">\n<h2 class=\"wp-block-heading has-text-align-left has-h-3-font-size\" style=\"margin-top:var(--wp--preset--spacing--10);margin-bottom:var(--wp--preset--spacing--20)\">Sistema de Capacitaci\u00f3n de Bienestar Infantil <\/h2>\n\n\n\n<p class=\"\">El <a href=\"https:\/\/coloradocwts.com\/\">Sistema de Capacitaci\u00f3n de Bienestar Infantil (CWTS<\/a> ) proporciona a los padres de acogida, familiares y padres adoptivos la formaci\u00f3n b\u00e1sica requerida en un curso gratuito de d\u00eda y medio, as\u00ed como oportunidades de aprendizaje continuo en todo Colorado y en l\u00ednea. El personal del sistema de capacitaci\u00f3n cree en quienes est\u00e1n llamados al bienestar infantil. Ellos creen que las relaciones importan, y se dedican a explorar, comprender, apreciar y atenderle sobre ti y tus necesidades.<\/p>\n\n\n\n<p class=\"\">CWTS tambi\u00e9n ofrece un grupo de apoyo semanal llamado<a href=\"https:\/\/learning.coloradocwts.com\/totara\/reportbuilder\/report.php?id=103&amp;sid=193\" target=\"_blank\" rel=\"noreferrer noopener\"> Foster Parent Learning Exchange<\/a> para padres de acogida, familiares, padres adoptivos y familias de origen. Por cada sesi\u00f3n de 90 minutos, los padres reciben 1,5 horas de cr\u00e9dito para su capacitaci\u00f3n continua y certificaci\u00f3n<\/p>\n\n\n\n<div class=\"wp-block-buttons is-layout-flex wp-block-buttons-is-layout-flex\">\n<div class=\"wp-block-button is-style-arrowed\"><a class=\"wp-block-button__link wp-element-button\" href=\"https:\/\/coloradocwts.com\/foster-parents\/\" target=\"_blank\" rel=\"noreferrer noopener\">Recursos para Familias de Acogida, Familiares y Familias Adoptivas<\/a><\/div>\n<\/div>\n<\/div>\n\n\n\n<div class=\"wp-block-group has-global-padding is-layout-constrained wp-block-group-is-layout-constrained\">\n<div class=\"wp-block-columns is-layout-flex wp-container-core-columns-is-layout-1ddc3525 wp-block-columns-is-layout-flex\" style=\"margin-top:var(--wp--preset--spacing--80);margin-bottom:var(--wp--preset--spacing--80);padding-top:0;padding-right:0;padding-bottom:0;padding-left:0\">\n<div class=\"wp-block-column is-vertically-aligned-center is-layout-flow wp-block-column-is-layout-flow\">\n<h2 class=\"wp-block-heading has-0-9-color has-text-color has-h-3-font-size\"><strong><strong><strong><strong>Blog de Padres Asociados<\/strong><\/strong><\/strong><\/strong><\/h2>\n\n\n\n<p class=\"has-0-9-color has-text-color\">El blog de Parent Partner en CO4Kid est\u00e1 dedicado a las numerosas familias que colaboran con el sistema de protecci\u00f3n de menores de Colorado para cuidar de ni\u00f1os y j\u00f3venes. Esta fuente de noticias amplifica las voces y necesidades de padres adoptivos, padres de acogida, cuidadores familiares y redes familiares dentro del sistema de bienestar infantil. El blog presenta historias y experiencias de familias de Colorado, oportunidades de aprendizaje, recursos y consejos para padres.<\/p>\n\n\n\n<div class=\"wp-block-buttons is-layout-flex wp-container-core-buttons-is-layout-85abaacc wp-block-buttons-is-layout-flex\" style=\"margin-top:var(--wp--preset--spacing--20);margin-bottom:var(--wp--preset--spacing--20)\">\n<div class=\"wp-block-button is-style-arrowed\"><a class=\"wp-block-button__link has-5-5-color has-text-color wp-element-button\" href=\"https:\/\/co4kids.org\/es\/category\/blog-de-socios-para-padres\/\">Visita el Blog<\/a><\/div>\n<\/div>\n<\/div>\n\n\n\n<div class=\"wp-block-column is-vertically-aligned-center is-layout-flow wp-block-column-is-layout-flow\">\n<figure class=\"ani-bottom has-arrow-mask-left has-arrow-mask wp-block-image size-large has-custom-border has-arrow-mask ani-bottom has-arrow-mask-left\"><img loading=\"lazy\" decoding=\"async\" width=\"1024\" height=\"683\" src=\"https:\/\/co4kids.org\/wp-content\/uploads\/2023\/11\/6N0A0009-1024x683.jpg\" alt=\"Un padre posando para una foto con su hijo adoptivo en Colorado.\" class=\"wp-image-7624\" style=\"border-radius:15px\" srcset=\"https:\/\/co4kids.org\/wp-content\/uploads\/2023\/11\/6N0A0009-1024x683.jpg 1024w, https:\/\/co4kids.org\/wp-content\/uploads\/2023\/11\/6N0A0009-450x300.jpg 450w, https:\/\/co4kids.org\/wp-content\/uploads\/2023\/11\/6N0A0009-768x512.jpg 768w, https:\/\/co4kids.org\/wp-content\/uploads\/2023\/11\/6N0A0009-1536x1024.jpg 1536w, https:\/\/co4kids.org\/wp-content\/uploads\/2023\/11\/6N0A0009.jpg 1920w\" sizes=\"auto, (max-width: 1024px) 100vw, 1024px\" \/><\/figure>\n<\/div>\n<\/div>\n\n\n\n<div class=\"wp-block-columns is-layout-flex wp-container-core-columns-is-layout-1ddc3525 wp-block-columns-is-layout-flex\" style=\"margin-top:var(--wp--preset--spacing--80);margin-bottom:var(--wp--preset--spacing--80);padding-top:0;padding-right:0;padding-bottom:0;padding-left:0\">\n<div class=\"wp-block-column is-vertically-aligned-center is-layout-flow wp-block-column-is-layout-flow\">\n<figure class=\"has-arrow-mask-right ani-bottom has-arrow-mask wp-block-image alignfull size-full has-arrow-mask has-arrow-mask-right ani-bottom\"><img loading=\"lazy\" decoding=\"async\" width=\"760\" height=\"435\" src=\"https:\/\/co4kids.org\/wp-content\/uploads\/2023\/07\/Support.jpg\" alt=\"Coraz\u00f3n de apoyo.\" class=\"wp-image-4384\" srcset=\"https:\/\/co4kids.org\/wp-content\/uploads\/2023\/07\/Support.jpg 760w, https:\/\/co4kids.org\/wp-content\/uploads\/2023\/07\/Support-450x258.jpg 450w\" sizes=\"auto, (max-width: 760px) 100vw, 760px\" \/><\/figure>\n<\/div>\n\n\n\n<div class=\"wp-block-column is-vertically-aligned-center is-layout-flow wp-block-column-is-layout-flow\">\n<h2 class=\"wp-block-heading has-0-9-color has-text-color has-h-3-font-size\"><strong><strong><strong><strong>Busca Apoyo<\/strong><\/strong><\/strong><\/strong><\/h2>\n\n\n\n<p class=\"has-0-9-color has-text-color\">Ser padre o madre de acogida puede ser el trabajo m\u00e1s gratificante y desafiante que uno puede hacer. Busca el apoyo de personas durante los buenos momentos para que puedas disponer de una red de ayuda en los malos momentos. Busca un grupo de apoyo a trav\u00e9s del condado o de la agencia de colocaci\u00f3n de menores que te haya certificado. Tambi\u00e9n puede encontrar grupos de apoyo y otros recursos a trav\u00e9s de <a href=\"https:\/\/www.raisethefuture.org\/colorado-resources\" target=\"_blank\" rel=\"noreferrer noopener\">Raise the Future<\/a><strong>, <\/strong> <a href=\"https:\/\/csfpa.net\/\" target=\"_blank\" rel=\"noreferrer noopener\">Colorado State Foster Parent Association<\/a><a href=\"https:\/\/csfpa.wildapricot.org\/\">,<\/a> <a href=\"https:\/\/fostersource.org\/\" target=\"_blank\" rel=\"noreferrer noopener\">Foster Source<\/a><strong>,<\/strong> <a href=\"https:\/\/americaskidsbelong.org\/states\/CO\/\">Colorado&#8217;s Kids Belong<\/a>, <a href=\"https:\/\/www.project127.org\/resources.html\">Project 1.27<\/a>, <a href=\"https:\/\/fgi4kids.org\/\" target=\"_blank\" rel=\"noreferrer noopener\">Fostering Great Ideas<\/a><strong>,<\/strong> <a href=\"https:\/\/www.justasspecial.com\/resources\" target=\"_blank\" rel=\"noreferrer noopener\">Just as <\/a>Special y <a href=\"https:\/\/www.tennysoncenter.org\/familiestogether\/\" target=\"_blank\" rel=\"noreferrer noopener\">Families Together<\/a><strong>. <\/strong> <\/p>\n<\/div>\n<\/div>\n<\/div>\n\n\n\n<p class=\"\"><\/p>\n","protected":false},"excerpt":{"rendered":"<p>Todos los padres necesitan una red de apoyo, y la crianza de ni\u00f1os y adolescentes que han sufrido abuso y descuido requiere capacitaci\u00f3n. Encuentra recursos, entrenamientos y aprenda de otros&#8230;<\/p>\n","protected":false},"author":11,"featured_media":30074,"parent":0,"menu_order":0,"comment_status":"closed","ping_status":"closed","template":"","meta":{"_aquamin_featured_video":"","_aquamin_featured_post":false,"_price":"","_stock":"","_tribe_ticket_header":"","_tribe_default_ticket_provider":"","_tribe_ticket_capacity":"0","_ticket_start_date":"","_ticket_end_date":"","_tribe_ticket_show_description":"","_tribe_ticket_show_not_going":false,"_tribe_ticket_use_global_stock":"","_tribe_ticket_global_stock_level":"","_global_stock_mode":"","_global_stock_cap":"","_tribe_rsvp_for_event":"","_tribe_ticket_going_count":"","_tribe_ticket_not_going_count":"","_tribe_tickets_list":"[]","_tribe_ticket_has_attendee_info_fields":false,"footnotes":"","_tec_slr_enabled":"","_tec_slr_layout":""},"class_list":["post-8066","page","type-page","status-publish","has-post-thumbnail","hentry"],"yoast_head":"<!-- This site is optimized with the Yoast SEO Premium plugin v27.4 (Yoast SEO v27.4) - https:\/\/yoast.com\/product\/yoast-seo-premium-wordpress\/ -->\n<title>Apoyo y Capacitaci\u00f3n para Cuidado de Acogida - CO4Kids<\/title>\n<meta name=\"robots\" content=\"index, follow, max-snippet:-1, max-image-preview:large, max-video-preview:-1\" \/>\n<link rel=\"canonical\" href=\"https:\/\/co4kids.org\/es\/apoyo-y-capacitacion-para-cuidado-de-acogida\/\" \/>\n<meta property=\"og:locale\" content=\"es_ES\" \/>\n<meta property=\"og:type\" content=\"article\" \/>\n<meta property=\"og:title\" content=\"Apoyo y Capacitaci\u00f3n para Cuidado de Acogida\" \/>\n<meta property=\"og:description\" content=\"Todos los padres necesitan una red de apoyo, y la crianza de ni\u00f1os y adolescentes que han sufrido abuso y descuido requiere capacitaci\u00f3n. Encuentra recursos, entrenamientos y aprenda de otros...\" \/>\n<meta property=\"og:url\" content=\"https:\/\/co4kids.org\/es\/apoyo-y-capacitacion-para-cuidado-de-acogida\/\" \/>\n<meta property=\"og:site_name\" content=\"CO4Kids\" \/>\n<meta property=\"article:modified_time\" content=\"2024-12-09T19:09:25+00:00\" \/>\n<meta property=\"og:image\" content=\"https:\/\/co4kids.org\/wp-content\/uploads\/2024\/12\/Keyonia-Hero-spanish.jpg\" \/>\n\t<meta property=\"og:image:width\" content=\"1280\" \/>\n\t<meta property=\"og:image:height\" content=\"736\" \/>\n\t<meta property=\"og:image:type\" content=\"image\/jpeg\" \/>\n<meta name=\"twitter:card\" content=\"summary_large_image\" \/>\n<meta name=\"twitter:label1\" content=\"Tiempo de lectura\" \/>\n\t<meta name=\"twitter:data1\" content=\"3 minutos\" \/>\n<script type=\"application\/ld+json\" class=\"yoast-schema-graph\">{\"@context\":\"https:\\\/\\\/schema.org\",\"@graph\":[{\"@type\":\"WebPage\",\"@id\":\"https:\\\/\\\/co4kids.org\\\/es\\\/apoyo-y-capacitacion-para-cuidado-de-acogida\\\/\",\"url\":\"https:\\\/\\\/co4kids.org\\\/es\\\/apoyo-y-capacitacion-para-cuidado-de-acogida\\\/\",\"name\":\"Apoyo y Capacitaci\u00f3n para Cuidado de Acogida - CO4Kids\",\"isPartOf\":{\"@id\":\"https:\\\/\\\/co4kids.org\\\/es\\\/#website\"},\"primaryImageOfPage\":{\"@id\":\"https:\\\/\\\/co4kids.org\\\/es\\\/apoyo-y-capacitacion-para-cuidado-de-acogida\\\/#primaryimage\"},\"image\":{\"@id\":\"https:\\\/\\\/co4kids.org\\\/es\\\/apoyo-y-capacitacion-para-cuidado-de-acogida\\\/#primaryimage\"},\"thumbnailUrl\":\"https:\\\/\\\/co4kids.org\\\/wp-content\\\/uploads\\\/2024\\\/12\\\/Keyonia-Hero-spanish.jpg\",\"datePublished\":\"2023-06-21T03:44:32+00:00\",\"dateModified\":\"2024-12-09T19:09:25+00:00\",\"breadcrumb\":{\"@id\":\"https:\\\/\\\/co4kids.org\\\/es\\\/apoyo-y-capacitacion-para-cuidado-de-acogida\\\/#breadcrumb\"},\"inLanguage\":\"es\",\"potentialAction\":[{\"@type\":\"ReadAction\",\"target\":[\"https:\\\/\\\/co4kids.org\\\/es\\\/apoyo-y-capacitacion-para-cuidado-de-acogida\\\/\"]}]},{\"@type\":\"ImageObject\",\"inLanguage\":\"es\",\"@id\":\"https:\\\/\\\/co4kids.org\\\/es\\\/apoyo-y-capacitacion-para-cuidado-de-acogida\\\/#primaryimage\",\"url\":\"https:\\\/\\\/co4kids.org\\\/wp-content\\\/uploads\\\/2024\\\/12\\\/Keyonia-Hero-spanish.jpg\",\"contentUrl\":\"https:\\\/\\\/co4kids.org\\\/wp-content\\\/uploads\\\/2024\\\/12\\\/Keyonia-Hero-spanish.jpg\",\"width\":1280,\"height\":736,\"caption\":\"Una madre adoptiva soltera con sus tres hijas sonriendo en los escalones de la entrada de su casa.\"},{\"@type\":\"BreadcrumbList\",\"@id\":\"https:\\\/\\\/co4kids.org\\\/es\\\/apoyo-y-capacitacion-para-cuidado-de-acogida\\\/#breadcrumb\",\"itemListElement\":[{\"@type\":\"ListItem\",\"position\":1,\"name\":\"Home\",\"item\":\"https:\\\/\\\/co4kids.org\\\/es\\\/\"},{\"@type\":\"ListItem\",\"position\":2,\"name\":\"Apoyo y Capacitaci\u00f3n para Cuidado de Acogida\"}]},{\"@type\":\"WebSite\",\"@id\":\"https:\\\/\\\/co4kids.org\\\/es\\\/#website\",\"url\":\"https:\\\/\\\/co4kids.org\\\/es\\\/\",\"name\":\"CO4Kids\",\"description\":\"If not you, then who?\",\"potentialAction\":[{\"@type\":\"SearchAction\",\"target\":{\"@type\":\"EntryPoint\",\"urlTemplate\":\"https:\\\/\\\/co4kids.org\\\/es\\\/?s={search_term_string}\"},\"query-input\":{\"@type\":\"PropertyValueSpecification\",\"valueRequired\":true,\"valueName\":\"search_term_string\"}}],\"inLanguage\":\"es\"}]}<\/script>\n<!-- \/ Yoast SEO Premium plugin. -->","yoast_head_json":{"title":"Apoyo y Capacitaci\u00f3n para Cuidado de Acogida - CO4Kids","robots":{"index":"index","follow":"follow","max-snippet":"max-snippet:-1","max-image-preview":"max-image-preview:large","max-video-preview":"max-video-preview:-1"},"canonical":"https:\/\/co4kids.org\/es\/apoyo-y-capacitacion-para-cuidado-de-acogida\/","og_locale":"es_ES","og_type":"article","og_title":"Apoyo y Capacitaci\u00f3n para Cuidado de Acogida","og_description":"Todos los padres necesitan una red de apoyo, y la crianza de ni\u00f1os y adolescentes que han sufrido abuso y descuido requiere capacitaci\u00f3n. Encuentra recursos, entrenamientos y aprenda de otros...","og_url":"https:\/\/co4kids.org\/es\/apoyo-y-capacitacion-para-cuidado-de-acogida\/","og_site_name":"CO4Kids","article_modified_time":"2024-12-09T19:09:25+00:00","og_image":[{"width":1280,"height":736,"url":"https:\/\/co4kids.org\/wp-content\/uploads\/2024\/12\/Keyonia-Hero-spanish.jpg","type":"image\/jpeg"}],"twitter_card":"summary_large_image","twitter_misc":{"Tiempo de lectura":"3 minutos"},"schema":{"@context":"https:\/\/schema.org","@graph":[{"@type":"WebPage","@id":"https:\/\/co4kids.org\/es\/apoyo-y-capacitacion-para-cuidado-de-acogida\/","url":"https:\/\/co4kids.org\/es\/apoyo-y-capacitacion-para-cuidado-de-acogida\/","name":"Apoyo y Capacitaci\u00f3n para Cuidado de Acogida - CO4Kids","isPartOf":{"@id":"https:\/\/co4kids.org\/es\/#website"},"primaryImageOfPage":{"@id":"https:\/\/co4kids.org\/es\/apoyo-y-capacitacion-para-cuidado-de-acogida\/#primaryimage"},"image":{"@id":"https:\/\/co4kids.org\/es\/apoyo-y-capacitacion-para-cuidado-de-acogida\/#primaryimage"},"thumbnailUrl":"https:\/\/co4kids.org\/wp-content\/uploads\/2024\/12\/Keyonia-Hero-spanish.jpg","datePublished":"2023-06-21T03:44:32+00:00","dateModified":"2024-12-09T19:09:25+00:00","breadcrumb":{"@id":"https:\/\/co4kids.org\/es\/apoyo-y-capacitacion-para-cuidado-de-acogida\/#breadcrumb"},"inLanguage":"es","potentialAction":[{"@type":"ReadAction","target":["https:\/\/co4kids.org\/es\/apoyo-y-capacitacion-para-cuidado-de-acogida\/"]}]},{"@type":"ImageObject","inLanguage":"es","@id":"https:\/\/co4kids.org\/es\/apoyo-y-capacitacion-para-cuidado-de-acogida\/#primaryimage","url":"https:\/\/co4kids.org\/wp-content\/uploads\/2024\/12\/Keyonia-Hero-spanish.jpg","contentUrl":"https:\/\/co4kids.org\/wp-content\/uploads\/2024\/12\/Keyonia-Hero-spanish.jpg","width":1280,"height":736,"caption":"Una madre adoptiva soltera con sus tres hijas sonriendo en los escalones de la entrada de su casa."},{"@type":"BreadcrumbList","@id":"https:\/\/co4kids.org\/es\/apoyo-y-capacitacion-para-cuidado-de-acogida\/#breadcrumb","itemListElement":[{"@type":"ListItem","position":1,"name":"Home","item":"https:\/\/co4kids.org\/es\/"},{"@type":"ListItem","position":2,"name":"Apoyo y Capacitaci\u00f3n para Cuidado de Acogida"}]},{"@type":"WebSite","@id":"https:\/\/co4kids.org\/es\/#website","url":"https:\/\/co4kids.org\/es\/","name":"CO4Kids","description":"If not you, then who?","potentialAction":[{"@type":"SearchAction","target":{"@type":"EntryPoint","urlTemplate":"https:\/\/co4kids.org\/es\/?s={search_term_string}"},"query-input":{"@type":"PropertyValueSpecification","valueRequired":true,"valueName":"search_term_string"}}],"inLanguage":"es"}]}},"publishpress_future_workflow_manual_trigger":{"enabledWorkflows":[]},"ticketed":false,"_links":{"self":[{"href":"https:\/\/co4kids.org\/es\/wp-json\/wp\/v2\/pages\/8066","targetHints":{"allow":["GET"]}}],"collection":[{"href":"https:\/\/co4kids.org\/es\/wp-json\/wp\/v2\/pages"}],"about":[{"href":"https:\/\/co4kids.org\/es\/wp-json\/wp\/v2\/types\/page"}],"author":[{"embeddable":true,"href":"https:\/\/co4kids.org\/es\/wp-json\/wp\/v2\/users\/11"}],"replies":[{"embeddable":true,"href":"https:\/\/co4kids.org\/es\/wp-json\/wp\/v2\/comments?post=8066"}],"version-history":[{"count":0,"href":"https:\/\/co4kids.org\/es\/wp-json\/wp\/v2\/pages\/8066\/revisions"}],"wp:featuredmedia":[{"embeddable":true,"href":"https:\/\/co4kids.org\/es\/wp-json\/wp\/v2\/media\/30074"}],"wp:attachment":[{"href":"https:\/\/co4kids.org\/es\/wp-json\/wp\/v2\/media?parent=8066"}],"curies":[{"name":"wp","href":"https:\/\/api.w.org\/{rel}","templated":true}]}}