{"id":8061,"date":"2023-06-20T22:35:59","date_gmt":"2023-06-21T04:35:59","guid":{"rendered":"https:\/\/co4kids.org\/comienza-el-proceso-de-adopcion\/"},"modified":"2024-12-09T12:11:14","modified_gmt":"2024-12-09T19:11:14","slug":"comienza-el-proceso-de-adopcion","status":"publish","type":"page","link":"https:\/\/co4kids.org\/es\/comienza-el-proceso-de-adopcion\/","title":{"rendered":"Comienza el Proceso de Adopci\u00f3n"},"content":{"rendered":"\n<div class=\"has-arrow-mask-down ani-bottom has-arrow-mask-pad has-arrow-mask wp-block-group has-wider-padding has-sticky-radius has-0-9-background-color has-background has-arrow-mask has-arrow-mask-down ani-bottom has-arrow-mask-pad has-global-padding is-layout-constrained wp-block-group-is-layout-constrained\" style=\"border-top-left-radius:15px;border-top-right-radius:15px;margin-bottom:var(--wp--preset--spacing--20)\">\n<header class=\"wp-block-group has-global-padding is-layout-constrained wp-container-core-group-is-layout-7db9d80f wp-block-group-is-layout-constrained\" style=\"padding-right:0;padding-left:0\">\n<div class=\"wp-block-columns has-0-9-background-color has-background is-layout-flex wp-container-core-columns-is-layout-0af18515 wp-block-columns-is-layout-flex\" style=\"margin-bottom:var(--wp--preset--spacing--20)\">\n<div class=\"wp-block-column is-vertically-aligned-center is-layout-flow wp-block-column-is-layout-flow\" style=\"padding-top:var(--wp--preset--spacing--20)\"><h1 style=\"margin-bottom:var(--wp--preset--spacing--20);\" class=\"wp-block-post-title has-h-2-font-size\">Comienza el Proceso de Adopci\u00f3n<\/h1>\n\n\n<p class=\"\">La adopci\u00f3n es un viaje que dura toda la vida, as\u00ed que inf\u00f3rmate todo lo posible antes de empezar. Si est\u00e1s interesado en adoptar a trav\u00e9s del sistema de acogida, primero debes obtener la certificaci\u00f3n de padre o madre de acogida.<\/p>\n<\/div>\n\n\n\n<div class=\"wp-block-column is-vertically-aligned-top is-first-md is-layout-flow wp-block-column-is-layout-flow\"><figure class=\"ani-bottom has-arrow-mask-down has-arrow-mask wp-block-post-featured-image\"><img loading=\"lazy\" decoding=\"async\" width=\"1280\" height=\"800\" src=\"https:\/\/co4kids.org\/wp-content\/uploads\/2024\/12\/Miller-Hero-spanish.jpg\" class=\"attachment-post-thumbnail size-post-thumbnail wp-post-image\" alt=\"Una pareja se mira rom\u00e1nticamente a los ojos mientras camina por una plataforma de observaci\u00f3n en un punto esc\u00e9nico de Colorado.\" style=\"object-fit:cover;\" srcset=\"https:\/\/co4kids.org\/wp-content\/uploads\/2024\/12\/Miller-Hero-spanish.jpg 1280w, https:\/\/co4kids.org\/wp-content\/uploads\/2024\/12\/Miller-Hero-spanish-450x281.jpg 450w, https:\/\/co4kids.org\/wp-content\/uploads\/2024\/12\/Miller-Hero-spanish-1024x640.jpg 1024w, https:\/\/co4kids.org\/wp-content\/uploads\/2024\/12\/Miller-Hero-spanish-768x480.jpg 768w\" sizes=\"auto, (max-width: 1280px) 100vw, 1280px\" \/><\/figure><\/div>\n<\/div>\n<\/header>\n\n\n\n<p class=\"\"><\/p>\n<\/div>\n\n\n\n<div class=\"wp-block-group has-global-padding is-layout-constrained wp-block-group-is-layout-constrained\">\n<div class=\"wp-block-columns is-layout-flex wp-container-core-columns-is-layout-1ddc3525 wp-block-columns-is-layout-flex\" style=\"margin-top:var(--wp--preset--spacing--80);margin-bottom:var(--wp--preset--spacing--80);padding-top:0;padding-right:0;padding-bottom:0;padding-left:0\">\n<div class=\"wp-block-column is-vertically-aligned-center is-layout-flow wp-block-column-is-layout-flow\">\n<figure class=\"ani-bottom has-arrow-mask-right has-arrow-mask wp-block-image alignfull size-full has-custom-border has-arrow-mask ani-bottom has-arrow-mask-right\"><img loading=\"lazy\" decoding=\"async\" width=\"750\" height=\"750\" src=\"https:\/\/co4kids.org\/wp-content\/uploads\/2023\/08\/pens.jpg\" alt=\"Una pila de blocs de notas adhesivas junto a un mont\u00f3n de bol\u00edgrafos.\" class=\"wp-image-4563\" style=\"border-radius:15px\" srcset=\"https:\/\/co4kids.org\/wp-content\/uploads\/2023\/08\/pens.jpg 750w, https:\/\/co4kids.org\/wp-content\/uploads\/2023\/08\/pens-450x450.jpg 450w, https:\/\/co4kids.org\/wp-content\/uploads\/2023\/08\/pens-150x150.jpg 150w\" sizes=\"auto, (max-width: 750px) 100vw, 750px\" \/><\/figure>\n<\/div>\n\n\n\n<div class=\"wp-block-column is-vertically-aligned-center is-layout-flow wp-block-column-is-layout-flow\">\n<h2 class=\"wp-block-heading has-5-5-color has-text-color has-h-3-font-size\">Capacitaci\u00f3n y An\u00e1lisis del Hogar<\/h2>\n\n\n\n<p class=\"has-0-9-color has-text-color\">Una vez que hayas decidido que la adopci\u00f3n a trav\u00e9s del sistema de acogida es adecuado para ti, el primer paso es ponerse en contacto con el departamento de servicios humanos de tu condado o con una agencia de colocaci\u00f3n de menores para asistir a una reuni\u00f3n informativa. Encontrar\u00e1s las fechas, horas y lugar de las reuniones informativas en el sitio web de cada organizaci\u00f3n y en nuestra p\u00e1gina de reuniones informativas. <\/p>\n\n\n\n<p class=\"has-0-9-color has-text-color\">Debes ser mayor de 21 a\u00f1os, pasar una verificaci\u00f3n de antecedentes, completar la capacitaci\u00f3n y recibir un an\u00e1lisis de hogar. Todos los padres sustitutos deben completar la capacitaci\u00f3n b\u00e1sica y otro tipos de entrenamiento, como resucitaci\u00f3n cardiopulmonar y primeros auxilios. El condado o la agencia de colocaci\u00f3n de menores con la que trabajes tambi\u00e9n puede exigir otras formaciones.<\/p>\n\n\n\n<div class=\"wp-block-buttons is-layout-flex wp-block-buttons-is-layout-flex\">\n<div class=\"wp-block-button is-style-arrowed\"><a class=\"wp-block-button__link has-5-5-color has-text-color wp-element-button\" href=\"https:\/\/co4kids.org\/info-sessions\/\">Sesiones de Informaci\u00f3n<\/a><\/div>\n<\/div>\n<\/div>\n<\/div>\n\n\n\n<div class=\"wp-block-columns is-layout-flex wp-container-core-columns-is-layout-2b1df2b9 wp-block-columns-is-layout-flex\" style=\"margin-top:var(--wp--preset--spacing--80);margin-bottom:var(--wp--preset--spacing--20);padding-top:0;padding-right:0;padding-bottom:0;padding-left:0\">\n<div class=\"wp-block-column is-vertically-aligned-center has-0-9-color has-text-color is-layout-flow wp-block-column-is-layout-flow\">\n<h2 class=\"wp-block-heading has-5-5-color has-text-color has-h-3-font-size\"><strong><strong>Proceso<\/strong><\/strong><\/h2>\n\n\n\n<p class=\"\">Una vez que te hayas convertido en padre o madre de acogida, podr\u00e1s cuidar de un joven que esta en el sistema de acogida. La mayor\u00eda de los ni\u00f1os en acogida se reufican con sus familias. Si esto no es posible, la adopci\u00f3n puede ser una opci\u00f3n. La mayor\u00eda de los ni\u00f1os en acogida son adoptados por sus padres sustitutos.<\/p>\n\n\n\n<p class=\"\">La adopci\u00f3n se centra en el ni\u00f1o. El objetivo del trabajador social es encontrar la familia adecuada para un ni\u00f1o, en lugar de encontrar un ni\u00f1o para una familia. Puedes consultar sobre los ni\u00f1os que est\u00e1n esperando ser adoptados. Conoce a muchos de los ni\u00f1os y adolescentes de Colorado que est\u00e1n a la espera de ser adoptados en <a href=\"https:\/\/www.coheartgallery.org\/\">Colorado Heart Gallery.<\/a><\/p>\n\n\n\n<p class=\"\"><br>Colorado tambi\u00e9n colabora con <a href=\"https:\/\/www.raisethefuture.org\/\" target=\"_blank\" rel=\"noreferrer noopener\">Raise the<\/a> Future y <a href=\"https:\/\/www.adoptuskids.org\/\" target=\"_blank\" rel=\"noreferrer noopener\">Adopt US Kids<\/a>, dos organizaciones cuyos sitios web permiten a los usuarios hacer consultas sobre ni\u00f1os espec\u00edficos. <\/p>\n<\/div>\n\n\n\n<div class=\"wp-block-column is-vertically-aligned-center is-layout-flow wp-block-column-is-layout-flow\">\n<figure class=\"ani-bottom has-arrow-mask-left has-arrow-mask wp-block-image alignfull size-full has-custom-border has-arrow-mask ani-bottom has-arrow-mask-left\"><img loading=\"lazy\" decoding=\"async\" width=\"500\" height=\"500\" src=\"https:\/\/co4kids.org\/wp-content\/uploads\/2023\/08\/Rita-and-Sharita-SQ-TB_0.jpg\" alt=\"Dos madres de crianza sonri\u00e9ndo en el frente de su hogar.\" class=\"wp-image-4566\" style=\"border-radius:15px\" srcset=\"https:\/\/co4kids.org\/wp-content\/uploads\/2023\/08\/Rita-and-Sharita-SQ-TB_0.jpg 500w, https:\/\/co4kids.org\/wp-content\/uploads\/2023\/08\/Rita-and-Sharita-SQ-TB_0-450x450.jpg 450w, https:\/\/co4kids.org\/wp-content\/uploads\/2023\/08\/Rita-and-Sharita-SQ-TB_0-150x150.jpg 150w\" sizes=\"auto, (max-width: 500px) 100vw, 500px\" \/><\/figure>\n<\/div>\n<\/div>\n\n\n\n<div class=\"wp-block-columns is-layout-flex wp-container-core-columns-is-layout-1ddc3525 wp-block-columns-is-layout-flex\" style=\"margin-top:var(--wp--preset--spacing--80);margin-bottom:var(--wp--preset--spacing--80);padding-top:0;padding-right:0;padding-bottom:0;padding-left:0\">\n<div class=\"wp-block-column is-vertically-aligned-center is-layout-flow wp-block-column-is-layout-flow\">\n<figure class=\"ani-bottom has-arrow-mask-right has-arrow-mask wp-block-image alignfull size-full has-custom-border has-arrow-mask ani-bottom has-arrow-mask-right\"><img loading=\"lazy\" decoding=\"async\" width=\"750\" height=\"750\" src=\"https:\/\/co4kids.org\/wp-content\/uploads\/2023\/08\/while-you-wait.jpg\" alt=\"Dos mujeres adultas preocupadas est\u00e1n sentadas en un sof\u00e1 y se toman de las manos con la cabeza inclinada; una de ellas tiene la cabeza apoyada en su mano.\" class=\"wp-image-4568\" style=\"border-radius:15px\" srcset=\"https:\/\/co4kids.org\/wp-content\/uploads\/2023\/08\/while-you-wait.jpg 750w, https:\/\/co4kids.org\/wp-content\/uploads\/2023\/08\/while-you-wait-450x450.jpg 450w, https:\/\/co4kids.org\/wp-content\/uploads\/2023\/08\/while-you-wait-150x150.jpg 150w\" sizes=\"auto, (max-width: 750px) 100vw, 750px\" \/><\/figure>\n<\/div>\n\n\n\n<div class=\"wp-block-column is-vertically-aligned-center is-layout-flow wp-block-column-is-layout-flow\">\n<h2 class=\"wp-block-heading has-5-5-color has-text-color has-h-3-font-size\"><strong><strong>Busca Apoyo<\/strong><\/strong><\/h2>\n\n\n\n<p class=\"has-0-9-color has-text-color\">La adopci\u00f3n de un ni\u00f1o o joven puede llevar varios a\u00f1os. Si tienes o no hijos de acogida viviendo contigo, es importante buscar el apoyo de otras personas que est\u00e9n pasando por el mismo proceso. Busca un grupo de apoyo a trav\u00e9s del condado o de la agencia de colocaci\u00f3n de menores que te haya certificado.<a href=\"https:\/\/www.raisethefuture.org\/colorado-resources\" target=\"_blank\" rel=\"noreferrer noopener\"> Tambi\u00e9n puedes encontrar grupos de apoyo en Internet.<\/a><\/p>\n<\/div>\n<\/div>\n\n\n\n<div class=\"wp-block-columns is-layout-flex wp-container-core-columns-is-layout-1ddc3525 wp-block-columns-is-layout-flex\" style=\"margin-top:var(--wp--preset--spacing--80);margin-bottom:var(--wp--preset--spacing--80);padding-top:0;padding-right:0;padding-bottom:0;padding-left:0\">\n<div class=\"wp-block-column is-vertically-aligned-center is-layout-flow wp-block-column-is-layout-flow\">\n<h2 class=\"wp-block-heading has-5-5-color has-text-color has-h-3-font-size\"><strong><strong>Haz Preguntas<\/strong><\/strong><\/h2>\n\n\n\n<p class=\"has-0-9-color has-text-color\">El Departamento de Servicios Humanos de Colorado contrata a <a href=\"https:\/\/www.raisethefuture.org\/\" target=\"_blank\" rel=\"noreferrer noopener\">Raise the Future <\/a>para responder preguntas y ayudar a los habitantes de Colorado a empezar a acoger o adoptar en Colorado. Si no est\u00e1s seguro de c\u00f3mo empezar o simplemente quieres hacer m\u00e1s preguntas, cont\u00e1ctanos <\/p>\n<\/div>\n\n\n\n<div class=\"wp-block-column is-vertically-aligned-center is-layout-flow wp-block-column-is-layout-flow\">\n<figure class=\"ani-bottom has-arrow-mask-left has-arrow-mask wp-block-image alignfull size-full has-custom-border has-arrow-mask ani-bottom has-arrow-mask-left\"><img loading=\"lazy\" decoding=\"async\" width=\"400\" height=\"166\" src=\"https:\/\/co4kids.org\/wp-content\/uploads\/2023\/08\/Raise_Logo_Horizontal_RGB.png\" alt=\"El logo de Raise the Future\" class=\"wp-image-4570\" style=\"border-radius:15px\"\/><\/figure>\n<\/div>\n<\/div>\n<\/div>\n\n\n\n<div class=\"has-arrow-mask-down ani-bottom has-arrow-mask-pad has-arrow-mask wp-block-group has-wider-padding has-sticky-radius has-0-9-background-color has-background has-arrow-mask has-arrow-mask-down ani-bottom has-arrow-mask-pad has-global-padding is-layout-constrained wp-container-core-group-is-layout-104d71cb wp-block-group-is-layout-constrained\" style=\"border-top-left-radius:15px;border-top-right-radius:15px;margin-bottom:var(--wp--preset--spacing--20)\">\n<figure class=\"ani-bottom has-arrow-mask-down has-arrow-mask-sharp has-arrow-mask wp-block-image alignfull size-full has-arrow-mask ani-bottom has-arrow-mask-down has-arrow-mask-sharp\"><img loading=\"lazy\" decoding=\"async\" width=\"1920\" height=\"610\" src=\"https:\/\/co4kids.org\/wp-content\/uploads\/2023\/04\/Photo.jpg\" alt=\"Varios ni\u00f1os bailan y juegan juntos en un sal\u00f3n de clases.\" class=\"wp-image-1592\" srcset=\"https:\/\/co4kids.org\/wp-content\/uploads\/2023\/04\/Photo.jpg 1920w, https:\/\/co4kids.org\/wp-content\/uploads\/2023\/04\/Photo-450x143.jpg 450w, https:\/\/co4kids.org\/wp-content\/uploads\/2023\/04\/Photo-1024x325.jpg 1024w, https:\/\/co4kids.org\/wp-content\/uploads\/2023\/04\/Photo-768x244.jpg 768w, https:\/\/co4kids.org\/wp-content\/uploads\/2023\/04\/Photo-1536x488.jpg 1536w\" sizes=\"auto, (max-width: 1920px) 100vw, 1920px\" \/><\/figure>\n\n\n\n<div class=\"wp-block-columns button-title-pair has-0-9-background-color has-background is-layout-flex wp-container-core-columns-is-layout-20ee8052 wp-block-columns-is-layout-flex\" style=\"margin-top:var(--wp--preset--spacing--50);margin-bottom:var(--wp--preset--spacing--20)\">\n<div class=\"wp-block-column is-layout-flow wp-block-column-is-layout-flow\">\n<h2 class=\"wp-block-heading has-h-3-font-size\">Mantente Informado<\/h2>\n<\/div>\n\n\n\n<div class=\"wp-block-column is-vertically-aligned-bottom is-layout-flow wp-block-column-is-layout-flow\">\n<div class=\"wp-block-buttons is-content-justification-left is-layout-flex wp-container-core-buttons-is-layout-58520459 wp-block-buttons-is-layout-flex\" style=\"margin-bottom:var(--wp--preset--spacing--10)\">\n<div class=\"wp-block-button is-style-arrowed\"><a class=\"wp-block-button__link wp-element-button\" href=\"https:\/\/co4kids.org\/es\/blog\/\">Visita el Blog<\/a><\/div>\n<\/div>\n<\/div>\n<\/div>\n\n\n<div style=\"margin-bottom:var(--wp--preset--spacing--50);\" class=\"post-feed post-feed--col-2 wp-block-aquamin-post-feed\">\n\t\t\t\t<div class=\"post-feed__list\">\n\t\t\t\t\t\t\t<article class=\"post-feed__item has-pseudo-background-1 post-feed__item--type-post has-3-5-term-color post-2273 post type-post status-publish format-standard has-post-thumbnail hentry category-community-blog faux-post-tag-child-abuse-prevention\">\n\t<div class=\"post-feed__header\">\n\t\t\t\t\t<a href=\"https:\/\/co4kids.org\/es\/category\/community-blog\/\" class=\"post-feed__term\">\n\t\t\t\tCommunity Blog\t\t\t<\/a>\n\t\t\t<\/div>\n\t<div class=\"post-feed__torso\">\n\t\t<h3 class=\"post-feed__title\">\n\t\t\t<a href=\"https:\/\/co4kids.org\/es\/community-blog\/capm_proclamation_2026\/\">\n\t\t\t\tApril is Child Abuse Prevention Month\t\t\t<\/a>\n\t\t<\/h3>\n\t<\/div>\n\t<div class=\"post-feed__media has-arrow-mask has-arrow-mask-left ani-bottom\">\n\t\t<img loading=\"lazy\" decoding=\"async\" width=\"760\" height=\"435\" src=\"https:\/\/co4kids.org\/wp-content\/uploads\/2023\/06\/CAPM-Proclamation.jpg\" class=\"attachment-large size-large wp-post-image\" alt=\"A State of Colorado Proclamation\" srcset=\"https:\/\/co4kids.org\/wp-content\/uploads\/2023\/06\/CAPM-Proclamation.jpg 760w, https:\/\/co4kids.org\/wp-content\/uploads\/2023\/06\/CAPM-Proclamation-450x258.jpg 450w\" sizes=\"auto, (max-width: 760px) 100vw, 760px\" \/>\t<\/div>\n\t<div class=\"post-feed__footer\">\n\t\t<a href=\"https:\/\/co4kids.org\/es\/community-blog\/capm_proclamation_2026\/\" class=\"post-feed__more button--arrowed\">\n\t\t\tLeer el Art\u00edculo\t\t<\/a>\n\t<\/div>\n<\/article>\t\t\t\t\t\t\t<article class=\"post-feed__item has-pseudo-background-1 post-feed__item--type-post  post-414055 post type-post status-publish format-standard has-post-thumbnail hentry category-noticias-y-prensa faux-post-tag-child-abuse faux-post-tag-colorado-child-abuse-and-neglect-hotline faux-post-tag-concrete-support-in-time-of-need\">\n\t<div class=\"post-feed__header\">\n\t\t\t\t\t<a href=\"https:\/\/co4kids.org\/es\/category\/noticias-y-prensa\/\" class=\"post-feed__term\">\n\t\t\t\tNoticias y Prensa\t\t\t<\/a>\n\t\t\t<\/div>\n\t<div class=\"post-feed__torso\">\n\t\t<h3 class=\"post-feed__title\">\n\t\t\t<a href=\"https:\/\/co4kids.org\/es\/noticias-y-prensa\/casi-6000-ninos-de-colorado-sufrieron-abuso-o-negligencia-en-2025\/\">\n\t\t\t\tCasi 6000 ni\u00f1os de Colorado sufrieron abuso o negligencia en 2025\t\t\t<\/a>\n\t\t<\/h3>\n\t<\/div>\n\t<div class=\"post-feed__media has-arrow-mask has-arrow-mask-left ani-bottom\">\n\t\t<img loading=\"lazy\" decoding=\"async\" width=\"1024\" height=\"576\" src=\"https:\/\/co4kids.org\/wp-content\/uploads\/2026\/03\/Website-banner-Supporting-Families-Early-and-Often-1024x576.jpg\" class=\"attachment-large size-large wp-post-image\" alt=\"\" srcset=\"https:\/\/co4kids.org\/wp-content\/uploads\/2026\/03\/Website-banner-Supporting-Families-Early-and-Often-1024x576.jpg 1024w, https:\/\/co4kids.org\/wp-content\/uploads\/2026\/03\/Website-banner-Supporting-Families-Early-and-Often-450x253.jpg 450w, https:\/\/co4kids.org\/wp-content\/uploads\/2026\/03\/Website-banner-Supporting-Families-Early-and-Often-768x432.jpg 768w, https:\/\/co4kids.org\/wp-content\/uploads\/2026\/03\/Website-banner-Supporting-Families-Early-and-Often-1536x864.jpg 1536w, https:\/\/co4kids.org\/wp-content\/uploads\/2026\/03\/Website-banner-Supporting-Families-Early-and-Often.jpg 1920w\" sizes=\"auto, (max-width: 1024px) 100vw, 1024px\" \/>\t<\/div>\n\t<div class=\"post-feed__footer\">\n\t\t<a href=\"https:\/\/co4kids.org\/es\/noticias-y-prensa\/casi-6000-ninos-de-colorado-sufrieron-abuso-o-negligencia-en-2025\/\" class=\"post-feed__more button--arrowed\">\n\t\t\tLeer el Art\u00edculo\t\t<\/a>\n\t<\/div>\n<\/article>\t\t\t\t\t<\/div>\n\t<\/div><\/div>\n","protected":false},"excerpt":{"rendered":"<p>La adopci\u00f3n es un viaje que dura toda la vida, as\u00ed que inf\u00f3rmate todo lo posible antes de empezar. Si est\u00e1s interesado en adoptar a trav\u00e9s del sistema de acogida,&#8230;<\/p>\n","protected":false},"author":11,"featured_media":30078,"parent":0,"menu_order":0,"comment_status":"closed","ping_status":"closed","template":"","meta":{"_aquamin_featured_video":"","_aquamin_featured_post":false,"_price":"","_stock":"","_tribe_ticket_header":"","_tribe_default_ticket_provider":"","_tribe_ticket_capacity":"0","_ticket_start_date":"","_ticket_end_date":"","_tribe_ticket_show_description":"","_tribe_ticket_show_not_going":false,"_tribe_ticket_use_global_stock":"","_tribe_ticket_global_stock_level":"","_global_stock_mode":"","_global_stock_cap":"","_tribe_rsvp_for_event":"","_tribe_ticket_going_count":"","_tribe_ticket_not_going_count":"","_tribe_tickets_list":"[]","_tribe_ticket_has_attendee_info_fields":false,"footnotes":"","_tec_slr_enabled":"","_tec_slr_layout":""},"class_list":["post-8061","page","type-page","status-publish","has-post-thumbnail","hentry"],"yoast_head":"<!-- This site is optimized with the Yoast SEO Premium plugin v27.4 (Yoast SEO v27.4) - https:\/\/yoast.com\/product\/yoast-seo-premium-wordpress\/ -->\n<title>Comienza el Proceso de Adopci\u00f3n - CO4Kids<\/title>\n<meta name=\"robots\" content=\"index, follow, max-snippet:-1, max-image-preview:large, max-video-preview:-1\" \/>\n<link rel=\"canonical\" href=\"https:\/\/co4kids.org\/es\/comienza-el-proceso-de-adopcion\/\" \/>\n<meta property=\"og:locale\" content=\"es_ES\" \/>\n<meta property=\"og:type\" content=\"article\" \/>\n<meta property=\"og:title\" content=\"Comienza el Proceso de Adopci\u00f3n\" \/>\n<meta property=\"og:description\" content=\"La adopci\u00f3n es un viaje que dura toda la vida, as\u00ed que inf\u00f3rmate todo lo posible antes de empezar. Si est\u00e1s interesado en adoptar a trav\u00e9s del sistema de acogida,...\" \/>\n<meta property=\"og:url\" content=\"https:\/\/co4kids.org\/es\/comienza-el-proceso-de-adopcion\/\" \/>\n<meta property=\"og:site_name\" content=\"CO4Kids\" \/>\n<meta property=\"article:modified_time\" content=\"2024-12-09T19:11:14+00:00\" \/>\n<meta property=\"og:image\" content=\"https:\/\/co4kids.org\/wp-content\/uploads\/2024\/12\/Miller-Hero-spanish.jpg\" \/>\n\t<meta property=\"og:image:width\" content=\"1280\" \/>\n\t<meta property=\"og:image:height\" content=\"800\" \/>\n\t<meta property=\"og:image:type\" content=\"image\/jpeg\" \/>\n<meta name=\"twitter:card\" content=\"summary_large_image\" \/>\n<meta name=\"twitter:label1\" content=\"Tiempo de lectura\" \/>\n\t<meta name=\"twitter:data1\" content=\"4 minutos\" \/>\n<script type=\"application\/ld+json\" class=\"yoast-schema-graph\">{\"@context\":\"https:\\\/\\\/schema.org\",\"@graph\":[{\"@type\":\"WebPage\",\"@id\":\"https:\\\/\\\/co4kids.org\\\/es\\\/comienza-el-proceso-de-adopcion\\\/\",\"url\":\"https:\\\/\\\/co4kids.org\\\/es\\\/comienza-el-proceso-de-adopcion\\\/\",\"name\":\"Comienza el Proceso de Adopci\u00f3n - CO4Kids\",\"isPartOf\":{\"@id\":\"https:\\\/\\\/co4kids.org\\\/es\\\/#website\"},\"primaryImageOfPage\":{\"@id\":\"https:\\\/\\\/co4kids.org\\\/es\\\/comienza-el-proceso-de-adopcion\\\/#primaryimage\"},\"image\":{\"@id\":\"https:\\\/\\\/co4kids.org\\\/es\\\/comienza-el-proceso-de-adopcion\\\/#primaryimage\"},\"thumbnailUrl\":\"https:\\\/\\\/co4kids.org\\\/wp-content\\\/uploads\\\/2024\\\/12\\\/Miller-Hero-spanish.jpg\",\"datePublished\":\"2023-06-21T04:35:59+00:00\",\"dateModified\":\"2024-12-09T19:11:14+00:00\",\"breadcrumb\":{\"@id\":\"https:\\\/\\\/co4kids.org\\\/es\\\/comienza-el-proceso-de-adopcion\\\/#breadcrumb\"},\"inLanguage\":\"es\",\"potentialAction\":[{\"@type\":\"ReadAction\",\"target\":[\"https:\\\/\\\/co4kids.org\\\/es\\\/comienza-el-proceso-de-adopcion\\\/\"]}]},{\"@type\":\"ImageObject\",\"inLanguage\":\"es\",\"@id\":\"https:\\\/\\\/co4kids.org\\\/es\\\/comienza-el-proceso-de-adopcion\\\/#primaryimage\",\"url\":\"https:\\\/\\\/co4kids.org\\\/wp-content\\\/uploads\\\/2024\\\/12\\\/Miller-Hero-spanish.jpg\",\"contentUrl\":\"https:\\\/\\\/co4kids.org\\\/wp-content\\\/uploads\\\/2024\\\/12\\\/Miller-Hero-spanish.jpg\",\"width\":1280,\"height\":800,\"caption\":\"Una pareja se mira rom\u00e1nticamente a los ojos mientras camina por una plataforma de observaci\u00f3n en un punto esc\u00e9nico de Colorado.\"},{\"@type\":\"BreadcrumbList\",\"@id\":\"https:\\\/\\\/co4kids.org\\\/es\\\/comienza-el-proceso-de-adopcion\\\/#breadcrumb\",\"itemListElement\":[{\"@type\":\"ListItem\",\"position\":1,\"name\":\"Home\",\"item\":\"https:\\\/\\\/co4kids.org\\\/es\\\/\"},{\"@type\":\"ListItem\",\"position\":2,\"name\":\"Comienza el Proceso de Adopci\u00f3n\"}]},{\"@type\":\"WebSite\",\"@id\":\"https:\\\/\\\/co4kids.org\\\/es\\\/#website\",\"url\":\"https:\\\/\\\/co4kids.org\\\/es\\\/\",\"name\":\"CO4Kids\",\"description\":\"If not you, then who?\",\"potentialAction\":[{\"@type\":\"SearchAction\",\"target\":{\"@type\":\"EntryPoint\",\"urlTemplate\":\"https:\\\/\\\/co4kids.org\\\/es\\\/?s={search_term_string}\"},\"query-input\":{\"@type\":\"PropertyValueSpecification\",\"valueRequired\":true,\"valueName\":\"search_term_string\"}}],\"inLanguage\":\"es\"}]}<\/script>\n<!-- \/ Yoast SEO Premium plugin. -->","yoast_head_json":{"title":"Comienza el Proceso de Adopci\u00f3n - CO4Kids","robots":{"index":"index","follow":"follow","max-snippet":"max-snippet:-1","max-image-preview":"max-image-preview:large","max-video-preview":"max-video-preview:-1"},"canonical":"https:\/\/co4kids.org\/es\/comienza-el-proceso-de-adopcion\/","og_locale":"es_ES","og_type":"article","og_title":"Comienza el Proceso de Adopci\u00f3n","og_description":"La adopci\u00f3n es un viaje que dura toda la vida, as\u00ed que inf\u00f3rmate todo lo posible antes de empezar. Si est\u00e1s interesado en adoptar a trav\u00e9s del sistema de acogida,...","og_url":"https:\/\/co4kids.org\/es\/comienza-el-proceso-de-adopcion\/","og_site_name":"CO4Kids","article_modified_time":"2024-12-09T19:11:14+00:00","og_image":[{"width":1280,"height":800,"url":"https:\/\/co4kids.org\/wp-content\/uploads\/2024\/12\/Miller-Hero-spanish.jpg","type":"image\/jpeg"}],"twitter_card":"summary_large_image","twitter_misc":{"Tiempo de lectura":"4 minutos"},"schema":{"@context":"https:\/\/schema.org","@graph":[{"@type":"WebPage","@id":"https:\/\/co4kids.org\/es\/comienza-el-proceso-de-adopcion\/","url":"https:\/\/co4kids.org\/es\/comienza-el-proceso-de-adopcion\/","name":"Comienza el Proceso de Adopci\u00f3n - CO4Kids","isPartOf":{"@id":"https:\/\/co4kids.org\/es\/#website"},"primaryImageOfPage":{"@id":"https:\/\/co4kids.org\/es\/comienza-el-proceso-de-adopcion\/#primaryimage"},"image":{"@id":"https:\/\/co4kids.org\/es\/comienza-el-proceso-de-adopcion\/#primaryimage"},"thumbnailUrl":"https:\/\/co4kids.org\/wp-content\/uploads\/2024\/12\/Miller-Hero-spanish.jpg","datePublished":"2023-06-21T04:35:59+00:00","dateModified":"2024-12-09T19:11:14+00:00","breadcrumb":{"@id":"https:\/\/co4kids.org\/es\/comienza-el-proceso-de-adopcion\/#breadcrumb"},"inLanguage":"es","potentialAction":[{"@type":"ReadAction","target":["https:\/\/co4kids.org\/es\/comienza-el-proceso-de-adopcion\/"]}]},{"@type":"ImageObject","inLanguage":"es","@id":"https:\/\/co4kids.org\/es\/comienza-el-proceso-de-adopcion\/#primaryimage","url":"https:\/\/co4kids.org\/wp-content\/uploads\/2024\/12\/Miller-Hero-spanish.jpg","contentUrl":"https:\/\/co4kids.org\/wp-content\/uploads\/2024\/12\/Miller-Hero-spanish.jpg","width":1280,"height":800,"caption":"Una pareja se mira rom\u00e1nticamente a los ojos mientras camina por una plataforma de observaci\u00f3n en un punto esc\u00e9nico de Colorado."},{"@type":"BreadcrumbList","@id":"https:\/\/co4kids.org\/es\/comienza-el-proceso-de-adopcion\/#breadcrumb","itemListElement":[{"@type":"ListItem","position":1,"name":"Home","item":"https:\/\/co4kids.org\/es\/"},{"@type":"ListItem","position":2,"name":"Comienza el Proceso de Adopci\u00f3n"}]},{"@type":"WebSite","@id":"https:\/\/co4kids.org\/es\/#website","url":"https:\/\/co4kids.org\/es\/","name":"CO4Kids","description":"If not you, then who?","potentialAction":[{"@type":"SearchAction","target":{"@type":"EntryPoint","urlTemplate":"https:\/\/co4kids.org\/es\/?s={search_term_string}"},"query-input":{"@type":"PropertyValueSpecification","valueRequired":true,"valueName":"search_term_string"}}],"inLanguage":"es"}]}},"publishpress_future_workflow_manual_trigger":{"enabledWorkflows":[]},"ticketed":false,"_links":{"self":[{"href":"https:\/\/co4kids.org\/es\/wp-json\/wp\/v2\/pages\/8061","targetHints":{"allow":["GET"]}}],"collection":[{"href":"https:\/\/co4kids.org\/es\/wp-json\/wp\/v2\/pages"}],"about":[{"href":"https:\/\/co4kids.org\/es\/wp-json\/wp\/v2\/types\/page"}],"author":[{"embeddable":true,"href":"https:\/\/co4kids.org\/es\/wp-json\/wp\/v2\/users\/11"}],"replies":[{"embeddable":true,"href":"https:\/\/co4kids.org\/es\/wp-json\/wp\/v2\/comments?post=8061"}],"version-history":[{"count":0,"href":"https:\/\/co4kids.org\/es\/wp-json\/wp\/v2\/pages\/8061\/revisions"}],"wp:featuredmedia":[{"embeddable":true,"href":"https:\/\/co4kids.org\/es\/wp-json\/wp\/v2\/media\/30078"}],"wp:attachment":[{"href":"https:\/\/co4kids.org\/es\/wp-json\/wp\/v2\/media?parent=8061"}],"curies":[{"name":"wp","href":"https:\/\/api.w.org\/{rel}","templated":true}]}}