{"id":8022,"date":"2023-06-21T15:02:29","date_gmt":"2023-06-21T21:02:29","guid":{"rendered":"https:\/\/co4kids.org\/recursos-para-profesores-sobre-denuncias-de-abuso-infantil\/"},"modified":"2024-12-09T12:26:29","modified_gmt":"2024-12-09T19:26:29","slug":"recursos-para-profesores-sobre-denuncias-de-abuso-infantil","status":"publish","type":"page","link":"https:\/\/co4kids.org\/es\/recursos-para-profesores-sobre-denuncias-de-abuso-infantil\/","title":{"rendered":"Recursos para Profesores Sobre Denuncias de Abuso Infantil"},"content":{"rendered":"\n<div class=\"has-arrow-mask-down ani-bottom has-arrow-mask-pad has-arrow-mask wp-block-group has-wider-padding has-sticky-radius has-0-9-background-color has-background has-arrow-mask has-arrow-mask-down ani-bottom has-arrow-mask-pad has-global-padding is-layout-constrained wp-block-group-is-layout-constrained\" style=\"border-top-left-radius:15px;border-top-right-radius:15px;margin-bottom:var(--wp--preset--spacing--20)\">\n<header class=\"wp-block-group has-global-padding is-layout-constrained wp-container-core-group-is-layout-7db9d80f wp-block-group-is-layout-constrained\" style=\"padding-right:0;padding-left:0\">\n<div class=\"wp-block-columns has-0-9-background-color has-background is-layout-flex wp-container-core-columns-is-layout-0af18515 wp-block-columns-is-layout-flex\" style=\"margin-bottom:var(--wp--preset--spacing--20)\">\n<div class=\"wp-block-column is-vertically-aligned-center is-layout-flow wp-block-column-is-layout-flow\" style=\"padding-top:var(--wp--preset--spacing--20)\"><h1 style=\"margin-bottom:var(--wp--preset--spacing--20);\" class=\"wp-block-post-title has-h-2-font-size\">Recursos para Profesores Sobre Denuncias de Abuso Infantil<\/h1>\n\n\n<p class=\"\">Como profesor, est\u00e1s acostumbrado a ver alumnos en la escuela. Tu instinto te dice cu\u00e1ndo algo va mal: un alumno no est\u00e1 seguro en casa o un padre tiene problemas. Entre los factores de riesgo de maltrato y abandono infantil figuran el aislamiento social, el estr\u00e9s familiar, el estr\u00e9s de los padres y la incertidumbre e inseguridad econ\u00f3micas.<\/p>\n<\/div>\n\n\n\n<div class=\"wp-block-column is-vertically-aligned-top is-first-md is-layout-flow wp-block-column-is-layout-flow\"><figure class=\"ani-bottom has-arrow-mask-down has-arrow-mask wp-block-post-featured-image\"><img loading=\"lazy\" decoding=\"async\" width=\"1200\" height=\"800\" src=\"https:\/\/co4kids.org\/wp-content\/uploads\/2024\/12\/co4kids-online-training-teachers-spanish.jpg\" class=\"attachment-post-thumbnail size-post-thumbnail wp-post-image\" alt=\"Mujer con gafas tomando notas frente a una computadora port\u00e1til en una cocina\" style=\"object-fit:cover;\" srcset=\"https:\/\/co4kids.org\/wp-content\/uploads\/2024\/12\/co4kids-online-training-teachers-spanish.jpg 1200w, https:\/\/co4kids.org\/wp-content\/uploads\/2024\/12\/co4kids-online-training-teachers-spanish-450x300.jpg 450w, https:\/\/co4kids.org\/wp-content\/uploads\/2024\/12\/co4kids-online-training-teachers-spanish-1024x683.jpg 1024w, https:\/\/co4kids.org\/wp-content\/uploads\/2024\/12\/co4kids-online-training-teachers-spanish-768x512.jpg 768w\" sizes=\"auto, (max-width: 1200px) 100vw, 1200px\" \/><\/figure><\/div>\n<\/div>\n<\/header>\n\n\n\n<p class=\"\"><\/p>\n<\/div>\n\n\n\n<div class=\"wp-block-group has-global-padding is-layout-constrained wp-block-group-is-layout-constrained\" style=\"margin-top:0\">\n<div class=\"wp-block-group has-global-padding is-layout-constrained wp-container-core-group-is-layout-b8818328 wp-block-group-is-layout-constrained\" style=\"padding-top:var(--wp--preset--spacing--50);padding-bottom:var(--wp--preset--spacing--50)\">\n<p class=\"has-text-align-center has-5-5-color has-text-color\"><strong>Si te preocupa un posible caso de abuso o descuido<\/strong> infantil&#8230;<\/p>\n\n\n\n<h2 class=\"wp-block-heading has-text-align-center has-3-5-color has-text-color\"><strong><mark style=\"background-color:rgba(0, 0, 0, 0)\" class=\"has-inline-color has-2-5-color\"> Conf\u00eda en tu instinto y llama al 844-CO-4-Kids. <\/mark><\/strong><br><strong><mark style=\"background-color:rgba(0, 0, 0, 0)\" class=\"has-inline-color has-2-5-color\">Marcar el 9-1-1 si existe una amenaza inmediata. <\/mark><\/strong><\/h2>\n<\/div>\n\n\n\n<div class=\"wp-block-columns is-layout-flex wp-container-core-columns-is-layout-f5e48a6d wp-block-columns-is-layout-flex\" style=\"margin-top:var(--wp--preset--spacing--20);margin-bottom:0;padding-top:var(--wp--preset--spacing--50);padding-bottom:0\">\n<div class=\"wp-block-column is-vertically-aligned-center is-layout-flow wp-block-column-is-layout-flow\">\n<h4 class=\"wp-block-heading has-5-5-color has-text-color\">Como informadores obligatorios de casos de abuso y descuido infantil, los profesores y el personal escolar est\u00e1n obligados por ley a comunicar sus preocupaciones.<\/h4>\n\n\n\n<p class=\"has-0-9-color has-text-color\">En el 97% de las evaluaciones de abuso y descuido realizadas por el sistema de bienestar infantil, los ni\u00f1os y j\u00f3venes permanecen en casa de sus padres. Escucha a los profesores hablar de su experiencia a la hora de denunciar sospechas de abuso y descuido.<\/p>\n<\/div>\n\n\n\n<div class=\"wp-block-column is-layout-flow wp-block-column-is-layout-flow\"><div class=\"has-arrow-mask-left has-arrow-mask featured-video wp-block-aquamin-featured-video\">\n\t\t\t<div class=\"vid\"><button class=\"vid-play button--basic\" role=\"button\" aria-label=\"Play Video\"><img loading=\"lazy\" decoding=\"async\" width=\"893\" height=\"468\" src=\"https:\/\/co4kids.org\/wp-content\/uploads\/2023\/06\/Screenshot-2023-06-28-at-8.37.22-AM.png\" class=\"attachment-large size-large\" alt=\"A screenshot from a webinar, showing 4 education professionals discussing child abuse reporting.\" srcset=\"https:\/\/co4kids.org\/wp-content\/uploads\/2023\/06\/Screenshot-2023-06-28-at-8.37.22-AM.png 893w, https:\/\/co4kids.org\/wp-content\/uploads\/2023\/06\/Screenshot-2023-06-28-at-8.37.22-AM-450x236.png 450w, https:\/\/co4kids.org\/wp-content\/uploads\/2023\/06\/Screenshot-2023-06-28-at-8.37.22-AM-768x402.png 768w\" sizes=\"auto, (max-width: 893px) 100vw, 893px\" \/><\/button><iframe src=\"https:\/\/www.facebook.com\/plugins\/video.php?href=https%3A%2F%2Ffb.watch%2Flr-GfH-c56%2F&#038;width=1440\"  width=\"100%\" scrolling=\"no\" allowfullscreen=\"true\" allow=\"autoplay; clipboard-write; encrypted-media; picture-in-picture; web-share\" allowFullScreen=\"true\"><\/iframe><\/div>\t<\/div>\n<\/div>\n<\/div>\n\n\n\n<div class=\"wp-block-group has-global-padding is-layout-constrained wp-block-group-is-layout-constrained\">\n<div class=\"wp-block-columns is-layout-flex wp-container-core-columns-is-layout-1ddc3525 wp-block-columns-is-layout-flex\" style=\"margin-top:var(--wp--preset--spacing--80);margin-bottom:var(--wp--preset--spacing--80);padding-top:0;padding-right:0;padding-bottom:0;padding-left:0\">\n<div class=\"wp-block-column is-vertically-aligned-center is-layout-flow wp-block-column-is-layout-flow\">\n<figure class=\"ani-bottom has-arrow-mask-right has-arrow-mask wp-block-image size-large has-custom-border has-arrow-mask ani-bottom has-arrow-mask-right\"><img loading=\"lazy\" decoding=\"async\" width=\"1024\" height=\"997\" src=\"https:\/\/co4kids.org\/wp-content\/uploads\/2023\/06\/online-learning-1-1024x997.png\" alt=\"Profesora trabajando en el computador\" class=\"wp-image-3866\" style=\"border-radius:15px\" srcset=\"https:\/\/co4kids.org\/wp-content\/uploads\/2023\/06\/online-learning-1-1024x997.png 1024w, https:\/\/co4kids.org\/wp-content\/uploads\/2023\/06\/online-learning-1-450x438.png 450w, https:\/\/co4kids.org\/wp-content\/uploads\/2023\/06\/online-learning-1-768x748.png 768w, https:\/\/co4kids.org\/wp-content\/uploads\/2023\/06\/online-learning-1-1536x1496.png 1536w, https:\/\/co4kids.org\/wp-content\/uploads\/2023\/06\/online-learning-1.png 1920w\" sizes=\"auto, (max-width: 1024px) 100vw, 1024px\" \/><\/figure>\n<\/div>\n\n\n\n<div class=\"wp-block-column is-vertically-aligned-center is-layout-flow wp-block-column-is-layout-flow\">\n<h2 class=\"wp-block-heading has-5-5-color has-text-color has-h-3-font-size\"><strong><strong>Formaci\u00f3n en L\u00ednea<\/strong><\/strong><\/h2>\n\n\n\n<p class=\"has-0-9-color has-text-color\">Realiza la capacitaci\u00f3n gratuita en l\u00ednea de denunciantes obligatorios para aprender m\u00e1s sobre el abuso y el descuido infantil.<\/p>\n\n\n\n<div class=\"wp-block-buttons is-layout-flex wp-block-buttons-is-layout-flex\">\n<div class=\"wp-block-button is-style-arrowed\"><a class=\"wp-block-button__link has-5-5-color has-text-color wp-element-button\" href=\"https:\/\/coloradocwts.com\/mandated-reporter-training\/\" target=\"_blank\" rel=\"noreferrer noopener\">Aprende M\u00e1s<\/a><\/div>\n<\/div>\n<\/div>\n<\/div>\n\n\n\n<div class=\"wp-block-columns is-layout-flex wp-container-core-columns-is-layout-2b1df2b9 wp-block-columns-is-layout-flex\" style=\"margin-top:var(--wp--preset--spacing--80);margin-bottom:var(--wp--preset--spacing--20);padding-top:0;padding-right:0;padding-bottom:0;padding-left:0\">\n<div class=\"wp-block-column is-vertically-aligned-center is-layout-flow wp-block-column-is-layout-flow\">\n<h2 class=\"wp-block-heading has-5-5-color has-text-color has-h-3-font-size\"><strong><strong>Herramientas para el Profesor<\/strong><\/strong><\/h2>\n\n\n\n<p class=\"has-0-9-color has-text-color\">Profesores, defensores de la educaci\u00f3n, el Departamento de Educaci\u00f3n de Colorado y el Departamento de Servicios Humanos de Colorado han desarrollado un conjunto de herramientas para ayudar a los profesores a tener una mejor idea de la seguridad emocional y f\u00edsica de sus alumnos. <\/p>\n\n\n\n<div class=\"wp-block-buttons is-layout-flex wp-block-buttons-is-layout-flex\">\n<div class=\"wp-block-button is-style-arrowed\"><a class=\"wp-block-button__link has-5-5-color has-text-color wp-element-button\" href=\"https:\/\/co4kids.org\/wp-content\/uploads\/2023\/06\/Signs-of-child-abuse-and-neglect_1.pdf\" target=\"_blank\" rel=\"noreferrer noopener\">Descargar Paquete<\/a><\/div>\n<\/div>\n<\/div>\n\n\n\n<div class=\"wp-block-column is-vertically-aligned-center is-layout-flow wp-block-column-is-layout-flow\">\n<figure class=\"ani-bottom has-arrow-mask-left has-arrow-mask wp-block-image size-full has-custom-border has-arrow-mask ani-bottom has-arrow-mask-left\"><img loading=\"lazy\" decoding=\"async\" width=\"760\" height=\"435\" src=\"https:\/\/co4kids.org\/wp-content\/uploads\/2023\/06\/Pre-Adolescent-Task-Group-1.jpg\" alt=\"Grupo de preadolescentes\" class=\"wp-image-2534\" style=\"border-radius:15px\" srcset=\"https:\/\/co4kids.org\/wp-content\/uploads\/2023\/06\/Pre-Adolescent-Task-Group-1.jpg 760w, https:\/\/co4kids.org\/wp-content\/uploads\/2023\/06\/Pre-Adolescent-Task-Group-1-450x258.jpg 450w\" sizes=\"auto, (max-width: 760px) 100vw, 760px\" \/><\/figure>\n<\/div>\n<\/div>\n<\/div>\n<\/div>\n","protected":false},"excerpt":{"rendered":"<p>Como profesor, est\u00e1s acostumbrado a ver alumnos en la escuela. Tu instinto te dice cu\u00e1ndo algo va mal: un alumno no est\u00e1 seguro en casa o un padre tiene problemas&#8230;.<\/p>\n","protected":false},"author":15,"featured_media":30105,"parent":0,"menu_order":0,"comment_status":"closed","ping_status":"closed","template":"","meta":{"_aquamin_featured_video":"","_aquamin_featured_post":false,"_price":"","_stock":"","_tribe_ticket_header":"","_tribe_default_ticket_provider":"","_tribe_ticket_capacity":"0","_ticket_start_date":"","_ticket_end_date":"","_tribe_ticket_show_description":"","_tribe_ticket_show_not_going":false,"_tribe_ticket_use_global_stock":"","_tribe_ticket_global_stock_level":"","_global_stock_mode":"","_global_stock_cap":"","_tribe_rsvp_for_event":"","_tribe_ticket_going_count":"","_tribe_ticket_not_going_count":"","_tribe_tickets_list":"[]","_tribe_ticket_has_attendee_info_fields":false,"footnotes":"","_tec_slr_enabled":"","_tec_slr_layout":""},"class_list":["post-8022","page","type-page","status-publish","has-post-thumbnail","hentry"],"yoast_head":"<!-- This site is optimized with the Yoast SEO Premium plugin v27.4 (Yoast SEO v27.4) - https:\/\/yoast.com\/product\/yoast-seo-premium-wordpress\/ -->\n<title>Recursos para Profesores Sobre Denuncias de Abuso Infantil - CO4Kids<\/title>\n<meta name=\"robots\" content=\"index, follow, max-snippet:-1, max-image-preview:large, max-video-preview:-1\" \/>\n<link rel=\"canonical\" href=\"https:\/\/co4kids.org\/es\/recursos-para-profesores-sobre-denuncias-de-abuso-infantil\/\" \/>\n<meta property=\"og:locale\" content=\"es_ES\" \/>\n<meta property=\"og:type\" content=\"article\" \/>\n<meta property=\"og:title\" content=\"Recursos para Profesores Sobre Denuncias de Abuso Infantil\" \/>\n<meta property=\"og:description\" content=\"Como profesor, est\u00e1s acostumbrado a ver alumnos en la escuela. Tu instinto te dice cu\u00e1ndo algo va mal: un alumno no est\u00e1 seguro en casa o un padre tiene problemas....\" \/>\n<meta property=\"og:url\" content=\"https:\/\/co4kids.org\/es\/recursos-para-profesores-sobre-denuncias-de-abuso-infantil\/\" \/>\n<meta property=\"og:site_name\" content=\"CO4Kids\" \/>\n<meta property=\"article:modified_time\" content=\"2024-12-09T19:26:29+00:00\" \/>\n<meta property=\"og:image\" content=\"https:\/\/co4kids.org\/wp-content\/uploads\/2024\/12\/co4kids-online-training-teachers-spanish.jpg\" \/>\n\t<meta property=\"og:image:width\" content=\"1200\" \/>\n\t<meta property=\"og:image:height\" content=\"800\" \/>\n\t<meta property=\"og:image:type\" content=\"image\/jpeg\" \/>\n<meta name=\"twitter:card\" content=\"summary_large_image\" \/>\n<meta name=\"twitter:label1\" content=\"Tiempo de lectura\" \/>\n\t<meta name=\"twitter:data1\" content=\"2 minutos\" \/>\n<script type=\"application\/ld+json\" class=\"yoast-schema-graph\">{\"@context\":\"https:\\\/\\\/schema.org\",\"@graph\":[{\"@type\":\"WebPage\",\"@id\":\"https:\\\/\\\/co4kids.org\\\/es\\\/recursos-para-profesores-sobre-denuncias-de-abuso-infantil\\\/\",\"url\":\"https:\\\/\\\/co4kids.org\\\/es\\\/recursos-para-profesores-sobre-denuncias-de-abuso-infantil\\\/\",\"name\":\"Recursos para Profesores Sobre Denuncias de Abuso Infantil - CO4Kids\",\"isPartOf\":{\"@id\":\"https:\\\/\\\/co4kids.org\\\/es\\\/#website\"},\"primaryImageOfPage\":{\"@id\":\"https:\\\/\\\/co4kids.org\\\/es\\\/recursos-para-profesores-sobre-denuncias-de-abuso-infantil\\\/#primaryimage\"},\"image\":{\"@id\":\"https:\\\/\\\/co4kids.org\\\/es\\\/recursos-para-profesores-sobre-denuncias-de-abuso-infantil\\\/#primaryimage\"},\"thumbnailUrl\":\"https:\\\/\\\/co4kids.org\\\/wp-content\\\/uploads\\\/2024\\\/12\\\/co4kids-online-training-teachers-spanish.jpg\",\"datePublished\":\"2023-06-21T21:02:29+00:00\",\"dateModified\":\"2024-12-09T19:26:29+00:00\",\"breadcrumb\":{\"@id\":\"https:\\\/\\\/co4kids.org\\\/es\\\/recursos-para-profesores-sobre-denuncias-de-abuso-infantil\\\/#breadcrumb\"},\"inLanguage\":\"es\",\"potentialAction\":[{\"@type\":\"ReadAction\",\"target\":[\"https:\\\/\\\/co4kids.org\\\/es\\\/recursos-para-profesores-sobre-denuncias-de-abuso-infantil\\\/\"]}]},{\"@type\":\"ImageObject\",\"inLanguage\":\"es\",\"@id\":\"https:\\\/\\\/co4kids.org\\\/es\\\/recursos-para-profesores-sobre-denuncias-de-abuso-infantil\\\/#primaryimage\",\"url\":\"https:\\\/\\\/co4kids.org\\\/wp-content\\\/uploads\\\/2024\\\/12\\\/co4kids-online-training-teachers-spanish.jpg\",\"contentUrl\":\"https:\\\/\\\/co4kids.org\\\/wp-content\\\/uploads\\\/2024\\\/12\\\/co4kids-online-training-teachers-spanish.jpg\",\"width\":1200,\"height\":800,\"caption\":\"Mujer con gafas tomando notas frente a una computadora port\u00e1til en una cocina\"},{\"@type\":\"BreadcrumbList\",\"@id\":\"https:\\\/\\\/co4kids.org\\\/es\\\/recursos-para-profesores-sobre-denuncias-de-abuso-infantil\\\/#breadcrumb\",\"itemListElement\":[{\"@type\":\"ListItem\",\"position\":1,\"name\":\"Home\",\"item\":\"https:\\\/\\\/co4kids.org\\\/es\\\/\"},{\"@type\":\"ListItem\",\"position\":2,\"name\":\"Recursos para Profesores Sobre Denuncias de Abuso Infantil\"}]},{\"@type\":\"WebSite\",\"@id\":\"https:\\\/\\\/co4kids.org\\\/es\\\/#website\",\"url\":\"https:\\\/\\\/co4kids.org\\\/es\\\/\",\"name\":\"CO4Kids\",\"description\":\"If not you, then who?\",\"potentialAction\":[{\"@type\":\"SearchAction\",\"target\":{\"@type\":\"EntryPoint\",\"urlTemplate\":\"https:\\\/\\\/co4kids.org\\\/es\\\/?s={search_term_string}\"},\"query-input\":{\"@type\":\"PropertyValueSpecification\",\"valueRequired\":true,\"valueName\":\"search_term_string\"}}],\"inLanguage\":\"es\"}]}<\/script>\n<!-- \/ Yoast SEO Premium plugin. -->","yoast_head_json":{"title":"Recursos para Profesores Sobre Denuncias de Abuso Infantil - CO4Kids","robots":{"index":"index","follow":"follow","max-snippet":"max-snippet:-1","max-image-preview":"max-image-preview:large","max-video-preview":"max-video-preview:-1"},"canonical":"https:\/\/co4kids.org\/es\/recursos-para-profesores-sobre-denuncias-de-abuso-infantil\/","og_locale":"es_ES","og_type":"article","og_title":"Recursos para Profesores Sobre Denuncias de Abuso Infantil","og_description":"Como profesor, est\u00e1s acostumbrado a ver alumnos en la escuela. Tu instinto te dice cu\u00e1ndo algo va mal: un alumno no est\u00e1 seguro en casa o un padre tiene problemas....","og_url":"https:\/\/co4kids.org\/es\/recursos-para-profesores-sobre-denuncias-de-abuso-infantil\/","og_site_name":"CO4Kids","article_modified_time":"2024-12-09T19:26:29+00:00","og_image":[{"width":1200,"height":800,"url":"https:\/\/co4kids.org\/wp-content\/uploads\/2024\/12\/co4kids-online-training-teachers-spanish.jpg","type":"image\/jpeg"}],"twitter_card":"summary_large_image","twitter_misc":{"Tiempo de lectura":"2 minutos"},"schema":{"@context":"https:\/\/schema.org","@graph":[{"@type":"WebPage","@id":"https:\/\/co4kids.org\/es\/recursos-para-profesores-sobre-denuncias-de-abuso-infantil\/","url":"https:\/\/co4kids.org\/es\/recursos-para-profesores-sobre-denuncias-de-abuso-infantil\/","name":"Recursos para Profesores Sobre Denuncias de Abuso Infantil - CO4Kids","isPartOf":{"@id":"https:\/\/co4kids.org\/es\/#website"},"primaryImageOfPage":{"@id":"https:\/\/co4kids.org\/es\/recursos-para-profesores-sobre-denuncias-de-abuso-infantil\/#primaryimage"},"image":{"@id":"https:\/\/co4kids.org\/es\/recursos-para-profesores-sobre-denuncias-de-abuso-infantil\/#primaryimage"},"thumbnailUrl":"https:\/\/co4kids.org\/wp-content\/uploads\/2024\/12\/co4kids-online-training-teachers-spanish.jpg","datePublished":"2023-06-21T21:02:29+00:00","dateModified":"2024-12-09T19:26:29+00:00","breadcrumb":{"@id":"https:\/\/co4kids.org\/es\/recursos-para-profesores-sobre-denuncias-de-abuso-infantil\/#breadcrumb"},"inLanguage":"es","potentialAction":[{"@type":"ReadAction","target":["https:\/\/co4kids.org\/es\/recursos-para-profesores-sobre-denuncias-de-abuso-infantil\/"]}]},{"@type":"ImageObject","inLanguage":"es","@id":"https:\/\/co4kids.org\/es\/recursos-para-profesores-sobre-denuncias-de-abuso-infantil\/#primaryimage","url":"https:\/\/co4kids.org\/wp-content\/uploads\/2024\/12\/co4kids-online-training-teachers-spanish.jpg","contentUrl":"https:\/\/co4kids.org\/wp-content\/uploads\/2024\/12\/co4kids-online-training-teachers-spanish.jpg","width":1200,"height":800,"caption":"Mujer con gafas tomando notas frente a una computadora port\u00e1til en una cocina"},{"@type":"BreadcrumbList","@id":"https:\/\/co4kids.org\/es\/recursos-para-profesores-sobre-denuncias-de-abuso-infantil\/#breadcrumb","itemListElement":[{"@type":"ListItem","position":1,"name":"Home","item":"https:\/\/co4kids.org\/es\/"},{"@type":"ListItem","position":2,"name":"Recursos para Profesores Sobre Denuncias de Abuso Infantil"}]},{"@type":"WebSite","@id":"https:\/\/co4kids.org\/es\/#website","url":"https:\/\/co4kids.org\/es\/","name":"CO4Kids","description":"If not you, then who?","potentialAction":[{"@type":"SearchAction","target":{"@type":"EntryPoint","urlTemplate":"https:\/\/co4kids.org\/es\/?s={search_term_string}"},"query-input":{"@type":"PropertyValueSpecification","valueRequired":true,"valueName":"search_term_string"}}],"inLanguage":"es"}]}},"publishpress_future_workflow_manual_trigger":{"enabledWorkflows":[]},"ticketed":false,"_links":{"self":[{"href":"https:\/\/co4kids.org\/es\/wp-json\/wp\/v2\/pages\/8022","targetHints":{"allow":["GET"]}}],"collection":[{"href":"https:\/\/co4kids.org\/es\/wp-json\/wp\/v2\/pages"}],"about":[{"href":"https:\/\/co4kids.org\/es\/wp-json\/wp\/v2\/types\/page"}],"author":[{"embeddable":true,"href":"https:\/\/co4kids.org\/es\/wp-json\/wp\/v2\/users\/15"}],"replies":[{"embeddable":true,"href":"https:\/\/co4kids.org\/es\/wp-json\/wp\/v2\/comments?post=8022"}],"version-history":[{"count":0,"href":"https:\/\/co4kids.org\/es\/wp-json\/wp\/v2\/pages\/8022\/revisions"}],"wp:featuredmedia":[{"embeddable":true,"href":"https:\/\/co4kids.org\/es\/wp-json\/wp\/v2\/media\/30105"}],"wp:attachment":[{"href":"https:\/\/co4kids.org\/es\/wp-json\/wp\/v2\/media?parent=8022"}],"curies":[{"name":"wp","href":"https:\/\/api.w.org\/{rel}","templated":true}]}}