{"id":7277,"date":"2023-06-08T17:20:10","date_gmt":"2023-06-08T23:20:10","guid":{"rendered":"https:\/\/co4kids.org\/preguntas-frecuentes-sobre-el-cuidado-temporal-y-la-adopcion\/"},"modified":"2024-12-09T12:22:25","modified_gmt":"2024-12-09T19:22:25","slug":"preguntas-frecuentes-sobre-el-cuidado-temporal-y-la-adopcion","status":"publish","type":"page","link":"https:\/\/co4kids.org\/es\/preguntas-frecuentes-sobre-el-cuidado-temporal-y-la-adopcion\/","title":{"rendered":"Preguntas Frecuentes sobre Cuidado de Acogida"},"content":{"rendered":"\n<div class=\"has-arrow-mask-down ani-bottom has-arrow-mask-pad has-arrow-mask wp-block-group has-wider-padding has-sticky-radius has-0-9-background-color has-background has-arrow-mask has-arrow-mask-down ani-bottom has-arrow-mask-pad has-global-padding is-layout-constrained wp-block-group-is-layout-constrained\" style=\"border-top-left-radius:15px;border-top-right-radius:15px;margin-bottom:var(--wp--preset--spacing--20)\">\n<header class=\"wp-block-group has-global-padding is-layout-constrained wp-container-core-group-is-layout-7db9d80f wp-block-group-is-layout-constrained\" style=\"padding-right:0;padding-left:0\">\n<div class=\" wp-block-columns has-0-9-background-color has-background is-layout-flex wp-container-core-columns-is-layout-0af18515 wp-block-columns-is-layout-flex\" style=\"margin-bottom:var(--wp--preset--spacing--20)\">\n<div class=\"wp-block-column is-vertically-aligned-center is-layout-flow wp-block-column-is-layout-flow\" style=\"padding-top:var(--wp--preset--spacing--20)\"><h1 style=\"margin-bottom:var(--wp--preset--spacing--20);\" class=\"wp-block-post-title has-h-2-font-size\">Preguntas Frecuentes sobre Cuidado de Acogida<\/h1>\n\n\n<p class=\" \">El cuidado de acogida puede ser el trabajo m\u00e1s gratificante y desafiante que jam\u00e1s haya hecho. Sabemos que existen muchas preguntas sobre el sistema de cuidado de acogida, el proceso para convertirse en padre o madre de acogida y qu\u00e9 esperar una vez que se haya convertido en padre o madre de acogida. Estas preguntas y respuestas frecuentes son un buen punto de partida.<\/p>\n<\/div>\n\n\n\n<div class=\"wp-block-column is-vertically-aligned-top is-first-md is-layout-flow wp-block-column-is-layout-flow\"><figure style=\"height:700px;\" class=\"ani-bottom has-arrow-mask-down has-arrow-mask wp-block-post-featured-image\"><img loading=\"lazy\" decoding=\"async\" width=\"1282\" height=\"1920\" src=\"https:\/\/co4kids.org\/wp-content\/uploads\/2024\/12\/Berellez-Family-spanish.jpg\" class=\"attachment-post-thumbnail size-post-thumbnail wp-post-image\" alt=\"La familia adoptiva Berellez, de cinco miembros, posa en su casa en Colorado.\" style=\"height:700px;object-fit:cover;\" srcset=\"https:\/\/co4kids.org\/wp-content\/uploads\/2024\/12\/Berellez-Family-spanish.jpg 1282w, https:\/\/co4kids.org\/wp-content\/uploads\/2024\/12\/Berellez-Family-spanish-300x450.jpg 300w, https:\/\/co4kids.org\/wp-content\/uploads\/2024\/12\/Berellez-Family-spanish-684x1024.jpg 684w, https:\/\/co4kids.org\/wp-content\/uploads\/2024\/12\/Berellez-Family-spanish-768x1150.jpg 768w, https:\/\/co4kids.org\/wp-content\/uploads\/2024\/12\/Berellez-Family-spanish-1026x1536.jpg 1026w\" sizes=\"auto, (max-width: 1282px) 100vw, 1282px\" \/><\/figure><\/div>\n<\/div>\n<\/header>\n<\/div>\n\n\n\n<div class=\"ani-bottom has-arrow-mask-down has-arrow-mask wp-block-group has-arrow-mask ani-bottom has-arrow-mask-down has-global-padding is-layout-constrained wp-container-core-group-is-layout-19e250f3 wp-block-group-is-layout-constrained\" style=\"border-style:none;border-width:0px;border-radius:0px\">\n<h2 class=\"wp-block-heading has-4-5-color has-text-color\" style=\"padding-top:var(--wp--preset--spacing--50);padding-bottom:var(--wp--preset--spacing--20)\">Preguntas Frecuentes sobre el Cuidado de Acogida <\/h2>\n\n\n\n<div class=\"has-arrow-mask-down ani-bottom has-arrow-mask-pad has-arrow-mask wp-block-group has-wider-padding has-sticky-radius has-0-9-color has-1-5-background-color has-text-color has-background has-arrow-mask has-arrow-mask-down ani-bottom has-arrow-mask-pad has-global-padding is-layout-constrained wp-block-group-is-layout-constrained\" style=\"border-top-left-radius:15px;border-top-right-radius:15px;margin-bottom:var(--wp--preset--spacing--20)\">\n<div class=\"wp-block-aquamin-accordion accordion is-style-lines\" data-accordion-one-always-open=\"false\" data-tab-pre-expand=\"false\">\n<h3 class=\"accordion__label h4\"><button class=\"accordion__button button--basic\" type=\"button\">\u00bfQu\u00e9 es el cuidado de crianza?<\/button><\/h3><div class=\"accordion__content\"><div class=\"accordion__inside\">\n<p class=\"\">El cuidado de acogida es la colocaci\u00f3n temporal de ni\u00f1os y j\u00f3venes fuera de su propio hogar. Ocurre debido a abuso, descuido y otros problemas familiares. El cuidado de acogida da a los padres tiempo para aprender nuevas habilidades y convertirse en los padres que sus hijos necesitan que sean.<\/p>\n<\/div><\/div>\n\n\n\n<h3 class=\"accordion__label h4\"><button class=\"accordion__button button--basic\" type=\"button\">\u00bfEst\u00e1n los ni\u00f1os en hogares de acogida porque hicieron algo mal?<strong><strong><br><\/strong><\/strong><\/button><\/h3><div class=\"accordion__content\"><div class=\"accordion__inside\">\n<p class=\"\">No. Los ni\u00f1os en cuidado de acogida son ni\u00f1os normales que, por causas ajenas a su voluntad, necesitan vivir temporalmente fuera de sus hogares mientras sus padres aprenden nuevas habilidades y resuelven problemas de seguridad. <\/p>\n<\/div><\/div>\n\n\n\n<h3 class=\"accordion__label h4\"><button class=\"accordion__button button--basic\" type=\"button\">\u00bfQui\u00e9n puede ser un padre o madre adoptivo?<\/button><\/h3><div class=\"accordion__content\"><div class=\"accordion__inside\">\n<p class=\"\">El estado de Colorado tiene un compromiso con la inclusi\u00f3n. No hay restricciones de raza, etnia, religi\u00f3n, orientaci\u00f3n sexual, identidad o expresi\u00f3n de g\u00e9nero o estado civil. Los adultos que est\u00e1n interesados en adoptar a trav\u00e9s del sistema de cuidado temporal, primero deben convertirse en padres de acogida certificados. Debe ser mayor de 21 a\u00f1os, aprobar una verificaci\u00f3n de antecedentes, completar la capacitaci\u00f3n y recibir un estudio en el hogar. Los padres de acogida deben ser capaces de usar un buen criterio como un padre o una madre prudente y demostrar un estilo de vida responsable, estable y emocionalmente maduro.<\/p>\n\n\n\n<ul class=\"wp-block-list\">\n<li>Puedes ser soltero, casado o tener pareja de hecho.<\/li>\n\n\n\n<li>Puedes poseer o alquilar una casa, un piso o un apartamento de cualquier tama\u00f1o, pero debes tener espacio para un ni\u00f1o.<\/li>\n\n\n\n<li>Puedes trabajar dentro o fuera de casa. Las parejas que trabajan fuera de casa tambi\u00e9n pueden ser padres de acogida.<\/li>\n\n\n\n<li>Debes tener al menos 21 a\u00f1os.<\/li>\n\n\n\n<li>Debes tener ingresos suficientes para mantener a tu propia familia.<\/li>\n\n\n\n<li>Debes ser capaz de cuidar f\u00edsicamente de un ni\u00f1o o un joven.<\/li>\n\n\n\n<li>Debes pasar revisiones de antecedentes penales y de abuso infantil exigidas por las leyes estatales y federales.<\/li>\n\n\n\n<li>Debes ser capaz de trabajar con un equipo de tratamiento y estar dispuesto a recibir formaci\u00f3n continua.<\/li>\n<\/ul>\n<\/div><\/div>\n\n\n\n<h3 class=\"accordion__label h4\"><button class=\"accordion__button button--basic\" type=\"button\">\u00bfCu\u00e1l es el papel de un padre o madre de acogida?<\/button><\/h3><div class=\"accordion__content\"><div class=\"accordion__inside\">\n<p class=\"\">Los padres de acogida proporcionan un hogar temporal seguro y estable a ni\u00f1os que han sufrido abuso y descuido y cuyos padres necesitan tiempo para aprender nuevas habilidades que les permitan convertirse en los padres que sus hijos necesitan que sean. Los padres de acogida cuidan y satisfacen las necesidades f\u00edsicas, emocionales y sociales de los ni\u00f1os acogidos. <\/p>\n\n\n\n<p class=\"\">El objetivo es reunir a los ni\u00f1os con sus familias en condiciones de seguridad. Se espera que los padres de acogida colaboren estrechamente con los padres biol\u00f3gicos, cuando sea posible, el departamento de servicios humanos\/sociales del condado con la custodia legal, el tutor legal y los proveedores de servicios.<\/p>\n<\/div><\/div>\n\n\n\n<h3 class=\"accordion__label h4\"><button class=\"accordion__button button--basic\" type=\"button\">\u00bfQui\u00e9nes son los ni\u00f1os y j\u00f3venes en cuidado de acogida?<\/button><\/h3><div class=\"accordion__content\"><div class=\"accordion__inside\">\n<p class=\"\">La mayor\u00eda de los ni\u00f1os ingresan en centros de acogida por abuso o descuido y otros problemas familiares. Los ni\u00f1os y j\u00f3venes en acogida proceden de poblaciones \u00e9tnicas y culturales diversas y suelen tener entre 0 y 18 a\u00f1os (a veces los adolescentes permanecen en acogida despu\u00e9s de cumplir los 18). Pueden tener necesidades m\u00e9dicas, f\u00edsicas, de desarrollo, psicol\u00f3gicas y emocionales especiales, baja autoestima, falta de higiene o bajo rendimiento acad\u00e9mico. El ni\u00f1o o joven puede pertenecer a un grupo de hermanos o ser hijo \u00fanico. <\/p>\n<\/div><\/div>\n\n\n\n<h3 class=\"accordion__label h4\"><button class=\"accordion__button button--basic\" type=\"button\">\u00bfSe les paga a los padres de acogida por cuidar a los ni\u00f1os y j\u00f3venes colocados en sus hogares?<\/button><\/h3><div class=\"accordion__content\"><div class=\"accordion__inside\">\n<p class=\"\">Los padres de acogida reciben un reembolso mensual para compensar los costes de alimentaci\u00f3n, alojamiento, ropa y otros gastos relacionados al ni\u00f1o o j\u00f3ven. La tarifa var\u00eda y puede depender de la edad del ni\u00f1o y del nivel de cuidados que necesite. No se espera que el padre de acogida pague la atenci\u00f3n m\u00e9dica o dental. Estos gastos suelen estar cubiertos por Medicaid.<\/p>\n<\/div><\/div>\n\n\n\n<h3 class=\"accordion__label h4\"><button class=\"accordion__button button--basic\" type=\"button\">\u00bfExiste un l\u00edmite en cuanto a la cantidad de ni\u00f1os o j\u00f3venes que puedo acoger?<\/button><\/h3><div class=\"accordion__content\"><div class=\"accordion__inside\">\n<p class=\"\">Las normas de Colorado permiten que hasta cuatro ni\u00f1os o j\u00f3venes en acogida vivan al mismo tiempo en un hogar de acogida. No puede haber m\u00e1s de ocho ni\u00f1os, incluidos los hijos biol\u00f3gicos de los padres de acogida, viviendo en el hogar. Los requisitos de espacio, las preferencias de la familia de acogida y el estudio del hogar se tienen en cuenta a la hora de determinar cu\u00e1ntos ni\u00f1os pueden vivir en el hogar.<\/p>\n<\/div><\/div>\n\n\n\n<h3 class=\"accordion__label h4\"><button class=\"accordion__button button--basic\" type=\"button\">\u00bfCu\u00e1nto tiempo permanecen los ni\u00f1os y j\u00f3venes en cuidado de acogida?<\/button><\/h3><div class=\"accordion__content\"><div class=\"accordion__inside\">\n<p class=\"\">Un ni\u00f1o o joven puede estar en acogida una noche, varios meses o, en algunos casos, varios a\u00f1os. Se hace todo lo posible por reunir a los ni\u00f1os con sus padres. El tiempo que pasen en acogida depende de la situaci\u00f3n de cada progenitor y de su capacidad de participar en los servicios para mantener a salvo a los ni\u00f1os o j\u00f3venes y poder reunirse con ellos.<\/p>\n\n\n\n<p class=\"\">Los ni\u00f1os pueden dejar la acogida para vivir con un familiar u otro adulto con el que tengan una relaci\u00f3n significativa. Es lo que se denomina acogimiento por familiares.<\/p>\n<\/div><\/div>\n\n\n\n<h3 class=\"accordion__label h4\"><button class=\"accordion__button button--basic\" type=\"button\">\u00bfC\u00f3mo se determina d\u00f3nde vive un ni\u00f1o o una ni\u00f1a?<\/button><\/h3><div class=\"accordion__content\"><div class=\"accordion__inside\">\n<p class=\"\">Lo ideal es que las familias de acogida sean compatibles con las necesidades del ni\u00f1o y las capacidades, recursos y ubicaci\u00f3n de los padres de acogida. Las agencias de servicios humanos se esfuerzan por encontrar un hogar de acogida cerca de la casa de los padres del ni\u00f1o para fomentar las visitas frecuentes y la participaci\u00f3n. Las agencias de servicios humanos tambi\u00e9n buscan una familia de acogida que viva cerca del colegio del ni\u00f1o o en el mismo distrito escolar. <\/p>\n<\/div><\/div>\n\n\n\n<h3 class=\"accordion__label h4\"><button class=\"accordion__button button--basic\" type=\"button\">\u00bfQu\u00e9 pasa con el contacto con las familias biol\u00f3gicas?<\/button><\/h3><div class=\"accordion__content\"><div class=\"accordion__inside\">\n<p class=\"\">Fomentamos el contacto entre los padres de acogida y los padres biol\u00f3gicos seg\u00fan la recomendaci\u00f3n del equipo de tratamiento. A veces se programan \u00abreuniones para romper el hielo\u00bb al principio del acogimiento para que los padres de acogida y los padres biol\u00f3gicos se conozcan y se centren en las necesidades del ni\u00f1o. Los temas pueden incluir alimentos que les gustan o no, intereses, rutinas y otra informaci\u00f3n importante que reducir\u00e1 el trauma y ayudar\u00e1 con la transici\u00f3n al hogar de acogida.<br><br>El contacto con la familia biol\u00f3gica puede reducir la ansiedad y los problemas de lealtad de los ni\u00f1os en acogida. Hay muchos niveles de contacto, que pueden incluir:<\/p>\n\n\n\n<ul class=\"wp-block-list\">\n<li>Env\u00edo de informaci\u00f3n escrita sobre el ni\u00f1o o joven.<\/li>\n\n\n\n<li>Llamadas telef\u00f3nicas.<\/li>\n\n\n\n<li>Contacto cara a cara.<\/li>\n\n\n\n<li>Invitar y transportar a los padres a las citas.<\/li>\n\n\n\n<li>Orientaci\u00f3n sobre t\u00e9cnicas de crianza que funcionen para el ni\u00f1o.<\/li>\n<\/ul>\n<\/div><\/div>\n\n\n\n<h3 class=\"accordion__label h4\"><button class=\"accordion__button button--basic\" type=\"button\">\u00bfNo encontraste las respuestas que buscabas?<strong><strong><strong><strong><strong><strong><br><\/strong><\/strong><\/strong><\/strong><\/strong><\/strong><\/button><\/h3><div class=\"accordion__content\"><div class=\"accordion__inside\">\n<p class=\"\">El Departamento de Servicios Humanos de Colorado contrata a The Adoption Exchange para responder a todas las preguntas y ayudar a los habitantes de Colorado a empezar a acoger o adoptar en Colorado. Si no est\u00e1s seguro de c\u00f3mo empezar o simplemente quieres hacer m\u00e1s preguntas, no dudes en ponerte en contacto con nosotros.<\/p>\n\n\n\n<p class=\"\"><a href=\"https:\/\/co4kids.org\/es\/contacto\/\">P\u00f3ngase en contacto con nosotros.<\/a><\/p>\n<\/div><\/div>\n<\/div>\n<\/div>\n<\/div>\n\n\n\n<div class=\"wp-block-group has-global-padding is-layout-constrained wp-container-core-group-is-layout-b8818328 wp-block-group-is-layout-constrained\" style=\"padding-top:var(--wp--preset--spacing--50);padding-bottom:var(--wp--preset--spacing--50)\">\n<h2 class=\"wp-block-heading has-text-align-center has-3-5-color has-text-color\">\u00bfA\u00fan tienes preguntas? <\/h2>\n\n\n\n<div class=\"wp-block-buttons is-content-justification-center is-layout-flex wp-container-core-buttons-is-layout-a89b3969 wp-block-buttons-is-layout-flex\">\n<div class=\"wp-block-button is-style-arrowed\"><a class=\"wp-block-button__link has-5-5-color has-text-color wp-element-button\" href=\"https:\/\/co4kids.org\/es\/contacto\/\">Env\u00edanos todas tus preguntas y nosotros te las contestamos<\/a><\/div>\n<\/div>\n<\/div>\n","protected":false},"excerpt":{"rendered":"<p>El cuidado de acogida puede ser el trabajo m\u00e1s gratificante y desafiante que jam\u00e1s haya hecho. Sabemos que existen muchas preguntas sobre el sistema de cuidado de acogida, el proceso&#8230;<\/p>\n","protected":false},"author":15,"featured_media":30091,"parent":0,"menu_order":0,"comment_status":"closed","ping_status":"closed","template":"","meta":{"_aquamin_featured_video":"","_aquamin_featured_post":false,"_price":"","_stock":"","_tribe_ticket_header":"","_tribe_default_ticket_provider":"","_tribe_ticket_capacity":"0","_ticket_start_date":"","_ticket_end_date":"","_tribe_ticket_show_description":"","_tribe_ticket_show_not_going":false,"_tribe_ticket_use_global_stock":"","_tribe_ticket_global_stock_level":"","_global_stock_mode":"","_global_stock_cap":"","_tribe_rsvp_for_event":"","_tribe_ticket_going_count":"","_tribe_ticket_not_going_count":"","_tribe_tickets_list":"[]","_tribe_ticket_has_attendee_info_fields":false,"footnotes":"","_tec_slr_enabled":"","_tec_slr_layout":""},"class_list":["post-7277","page","type-page","status-publish","has-post-thumbnail","hentry"],"yoast_head":"<!-- This site is optimized with the Yoast SEO Premium plugin v27.4 (Yoast SEO v27.4) - https:\/\/yoast.com\/product\/yoast-seo-premium-wordpress\/ -->\n<title>Preguntas Frecuentes sobre Cuidado de Acogida - CO4Kids<\/title>\n<meta name=\"robots\" content=\"index, follow, max-snippet:-1, max-image-preview:large, max-video-preview:-1\" \/>\n<link rel=\"canonical\" href=\"https:\/\/co4kids.org\/es\/preguntas-frecuentes-sobre-el-cuidado-temporal-y-la-adopcion\/\" \/>\n<meta property=\"og:locale\" content=\"es_ES\" \/>\n<meta property=\"og:type\" content=\"article\" \/>\n<meta property=\"og:title\" content=\"Preguntas Frecuentes sobre Cuidado de Acogida\" \/>\n<meta property=\"og:description\" content=\"El cuidado de acogida puede ser el trabajo m\u00e1s gratificante y desafiante que jam\u00e1s haya hecho. Sabemos que existen muchas preguntas sobre el sistema de cuidado de acogida, el proceso...\" \/>\n<meta property=\"og:url\" content=\"https:\/\/co4kids.org\/es\/preguntas-frecuentes-sobre-el-cuidado-temporal-y-la-adopcion\/\" \/>\n<meta property=\"og:site_name\" content=\"CO4Kids\" \/>\n<meta property=\"article:modified_time\" content=\"2024-12-09T19:22:25+00:00\" \/>\n<meta property=\"og:image\" content=\"https:\/\/co4kids.org\/wp-content\/uploads\/2024\/12\/Berellez-Family-spanish.jpg\" \/>\n\t<meta property=\"og:image:width\" content=\"1282\" \/>\n\t<meta property=\"og:image:height\" content=\"1920\" \/>\n\t<meta property=\"og:image:type\" content=\"image\/jpeg\" \/>\n<meta name=\"twitter:card\" content=\"summary_large_image\" \/>\n<meta name=\"twitter:label1\" content=\"Tiempo de lectura\" \/>\n\t<meta name=\"twitter:data1\" content=\"6 minutos\" \/>\n<script type=\"application\/ld+json\" class=\"yoast-schema-graph\">{\"@context\":\"https:\\\/\\\/schema.org\",\"@graph\":[{\"@type\":\"WebPage\",\"@id\":\"https:\\\/\\\/co4kids.org\\\/es\\\/preguntas-frecuentes-sobre-el-cuidado-temporal-y-la-adopcion\\\/\",\"url\":\"https:\\\/\\\/co4kids.org\\\/es\\\/preguntas-frecuentes-sobre-el-cuidado-temporal-y-la-adopcion\\\/\",\"name\":\"Preguntas Frecuentes sobre Cuidado de Acogida - CO4Kids\",\"isPartOf\":{\"@id\":\"https:\\\/\\\/co4kids.org\\\/es\\\/#website\"},\"primaryImageOfPage\":{\"@id\":\"https:\\\/\\\/co4kids.org\\\/es\\\/preguntas-frecuentes-sobre-el-cuidado-temporal-y-la-adopcion\\\/#primaryimage\"},\"image\":{\"@id\":\"https:\\\/\\\/co4kids.org\\\/es\\\/preguntas-frecuentes-sobre-el-cuidado-temporal-y-la-adopcion\\\/#primaryimage\"},\"thumbnailUrl\":\"https:\\\/\\\/co4kids.org\\\/wp-content\\\/uploads\\\/2024\\\/12\\\/Berellez-Family-spanish.jpg\",\"datePublished\":\"2023-06-08T23:20:10+00:00\",\"dateModified\":\"2024-12-09T19:22:25+00:00\",\"breadcrumb\":{\"@id\":\"https:\\\/\\\/co4kids.org\\\/es\\\/preguntas-frecuentes-sobre-el-cuidado-temporal-y-la-adopcion\\\/#breadcrumb\"},\"inLanguage\":\"es\",\"potentialAction\":[{\"@type\":\"ReadAction\",\"target\":[\"https:\\\/\\\/co4kids.org\\\/es\\\/preguntas-frecuentes-sobre-el-cuidado-temporal-y-la-adopcion\\\/\"]}]},{\"@type\":\"ImageObject\",\"inLanguage\":\"es\",\"@id\":\"https:\\\/\\\/co4kids.org\\\/es\\\/preguntas-frecuentes-sobre-el-cuidado-temporal-y-la-adopcion\\\/#primaryimage\",\"url\":\"https:\\\/\\\/co4kids.org\\\/wp-content\\\/uploads\\\/2024\\\/12\\\/Berellez-Family-spanish.jpg\",\"contentUrl\":\"https:\\\/\\\/co4kids.org\\\/wp-content\\\/uploads\\\/2024\\\/12\\\/Berellez-Family-spanish.jpg\",\"width\":1282,\"height\":1920,\"caption\":\"La familia adoptiva Berellez, de cinco miembros, posa en su casa en Colorado.\"},{\"@type\":\"BreadcrumbList\",\"@id\":\"https:\\\/\\\/co4kids.org\\\/es\\\/preguntas-frecuentes-sobre-el-cuidado-temporal-y-la-adopcion\\\/#breadcrumb\",\"itemListElement\":[{\"@type\":\"ListItem\",\"position\":1,\"name\":\"Home\",\"item\":\"https:\\\/\\\/co4kids.org\\\/es\\\/\"},{\"@type\":\"ListItem\",\"position\":2,\"name\":\"Preguntas Frecuentes sobre Cuidado de Acogida\"}]},{\"@type\":\"WebSite\",\"@id\":\"https:\\\/\\\/co4kids.org\\\/es\\\/#website\",\"url\":\"https:\\\/\\\/co4kids.org\\\/es\\\/\",\"name\":\"CO4Kids\",\"description\":\"If not you, then who?\",\"potentialAction\":[{\"@type\":\"SearchAction\",\"target\":{\"@type\":\"EntryPoint\",\"urlTemplate\":\"https:\\\/\\\/co4kids.org\\\/es\\\/?s={search_term_string}\"},\"query-input\":{\"@type\":\"PropertyValueSpecification\",\"valueRequired\":true,\"valueName\":\"search_term_string\"}}],\"inLanguage\":\"es\"}]}<\/script>\n<!-- \/ Yoast SEO Premium plugin. -->","yoast_head_json":{"title":"Preguntas Frecuentes sobre Cuidado de Acogida - CO4Kids","robots":{"index":"index","follow":"follow","max-snippet":"max-snippet:-1","max-image-preview":"max-image-preview:large","max-video-preview":"max-video-preview:-1"},"canonical":"https:\/\/co4kids.org\/es\/preguntas-frecuentes-sobre-el-cuidado-temporal-y-la-adopcion\/","og_locale":"es_ES","og_type":"article","og_title":"Preguntas Frecuentes sobre Cuidado de Acogida","og_description":"El cuidado de acogida puede ser el trabajo m\u00e1s gratificante y desafiante que jam\u00e1s haya hecho. Sabemos que existen muchas preguntas sobre el sistema de cuidado de acogida, el proceso...","og_url":"https:\/\/co4kids.org\/es\/preguntas-frecuentes-sobre-el-cuidado-temporal-y-la-adopcion\/","og_site_name":"CO4Kids","article_modified_time":"2024-12-09T19:22:25+00:00","og_image":[{"width":1282,"height":1920,"url":"https:\/\/co4kids.org\/wp-content\/uploads\/2024\/12\/Berellez-Family-spanish.jpg","type":"image\/jpeg"}],"twitter_card":"summary_large_image","twitter_misc":{"Tiempo de lectura":"6 minutos"},"schema":{"@context":"https:\/\/schema.org","@graph":[{"@type":"WebPage","@id":"https:\/\/co4kids.org\/es\/preguntas-frecuentes-sobre-el-cuidado-temporal-y-la-adopcion\/","url":"https:\/\/co4kids.org\/es\/preguntas-frecuentes-sobre-el-cuidado-temporal-y-la-adopcion\/","name":"Preguntas Frecuentes sobre Cuidado de Acogida - CO4Kids","isPartOf":{"@id":"https:\/\/co4kids.org\/es\/#website"},"primaryImageOfPage":{"@id":"https:\/\/co4kids.org\/es\/preguntas-frecuentes-sobre-el-cuidado-temporal-y-la-adopcion\/#primaryimage"},"image":{"@id":"https:\/\/co4kids.org\/es\/preguntas-frecuentes-sobre-el-cuidado-temporal-y-la-adopcion\/#primaryimage"},"thumbnailUrl":"https:\/\/co4kids.org\/wp-content\/uploads\/2024\/12\/Berellez-Family-spanish.jpg","datePublished":"2023-06-08T23:20:10+00:00","dateModified":"2024-12-09T19:22:25+00:00","breadcrumb":{"@id":"https:\/\/co4kids.org\/es\/preguntas-frecuentes-sobre-el-cuidado-temporal-y-la-adopcion\/#breadcrumb"},"inLanguage":"es","potentialAction":[{"@type":"ReadAction","target":["https:\/\/co4kids.org\/es\/preguntas-frecuentes-sobre-el-cuidado-temporal-y-la-adopcion\/"]}]},{"@type":"ImageObject","inLanguage":"es","@id":"https:\/\/co4kids.org\/es\/preguntas-frecuentes-sobre-el-cuidado-temporal-y-la-adopcion\/#primaryimage","url":"https:\/\/co4kids.org\/wp-content\/uploads\/2024\/12\/Berellez-Family-spanish.jpg","contentUrl":"https:\/\/co4kids.org\/wp-content\/uploads\/2024\/12\/Berellez-Family-spanish.jpg","width":1282,"height":1920,"caption":"La familia adoptiva Berellez, de cinco miembros, posa en su casa en Colorado."},{"@type":"BreadcrumbList","@id":"https:\/\/co4kids.org\/es\/preguntas-frecuentes-sobre-el-cuidado-temporal-y-la-adopcion\/#breadcrumb","itemListElement":[{"@type":"ListItem","position":1,"name":"Home","item":"https:\/\/co4kids.org\/es\/"},{"@type":"ListItem","position":2,"name":"Preguntas Frecuentes sobre Cuidado de Acogida"}]},{"@type":"WebSite","@id":"https:\/\/co4kids.org\/es\/#website","url":"https:\/\/co4kids.org\/es\/","name":"CO4Kids","description":"If not you, then who?","potentialAction":[{"@type":"SearchAction","target":{"@type":"EntryPoint","urlTemplate":"https:\/\/co4kids.org\/es\/?s={search_term_string}"},"query-input":{"@type":"PropertyValueSpecification","valueRequired":true,"valueName":"search_term_string"}}],"inLanguage":"es"}]}},"publishpress_future_workflow_manual_trigger":{"enabledWorkflows":[]},"ticketed":false,"_links":{"self":[{"href":"https:\/\/co4kids.org\/es\/wp-json\/wp\/v2\/pages\/7277","targetHints":{"allow":["GET"]}}],"collection":[{"href":"https:\/\/co4kids.org\/es\/wp-json\/wp\/v2\/pages"}],"about":[{"href":"https:\/\/co4kids.org\/es\/wp-json\/wp\/v2\/types\/page"}],"author":[{"embeddable":true,"href":"https:\/\/co4kids.org\/es\/wp-json\/wp\/v2\/users\/15"}],"replies":[{"embeddable":true,"href":"https:\/\/co4kids.org\/es\/wp-json\/wp\/v2\/comments?post=7277"}],"version-history":[{"count":0,"href":"https:\/\/co4kids.org\/es\/wp-json\/wp\/v2\/pages\/7277\/revisions"}],"wp:featuredmedia":[{"embeddable":true,"href":"https:\/\/co4kids.org\/es\/wp-json\/wp\/v2\/media\/30091"}],"wp:attachment":[{"href":"https:\/\/co4kids.org\/es\/wp-json\/wp\/v2\/media?parent=7277"}],"curies":[{"name":"wp","href":"https:\/\/api.w.org\/{rel}","templated":true}]}}