{"id":586,"date":"2023-03-16T20:39:08","date_gmt":"2023-03-17T02:39:08","guid":{"rendered":"https:\/\/co4kids.org\/juegos-de-herramientas\/"},"modified":"2023-12-08T15:48:33","modified_gmt":"2023-12-08T22:48:33","slug":"juegos-de-herramientas","status":"publish","type":"page","link":"https:\/\/co4kids.org\/es\/juegos-de-herramientas\/","title":{"rendered":"Herramientas"},"content":{"rendered":"\n<div class=\"has-arrow-mask-down ani-bottom has-arrow-mask-pad has-arrow-mask wp-block-group has-wider-padding has-sticky-radius has-0-9-background-color has-background has-arrow-mask has-arrow-mask-down ani-bottom has-arrow-mask-pad has-global-padding is-layout-constrained wp-block-group-is-layout-constrained\" style=\"border-top-left-radius:15px;border-top-right-radius:15px;margin-bottom:var(--wp--preset--spacing--20)\">\n<header class=\"wp-block-group has-global-padding is-layout-constrained wp-container-core-group-is-layout-7db9d80f wp-block-group-is-layout-constrained\" style=\"padding-right:0;padding-left:0\">\n<div class=\" wp-block-columns has-0-9-background-color has-background is-layout-flex wp-container-core-columns-is-layout-0af18515 wp-block-columns-is-layout-flex\" style=\"margin-bottom:var(--wp--preset--spacing--20)\">\n<div class=\"wp-block-column is-vertically-aligned-center is-layout-flow wp-block-column-is-layout-flow\" style=\"padding-top:var(--wp--preset--spacing--20)\">\n<h1 class=\"wp-block-heading has-h-3-font-size\" style=\"margin-bottom:var(--wp--preset--spacing--20)\">Herramientas de Sensibilizaci\u00f3n<\/h1>\n\n\n\n<p class=\" \">Este kit de herramientas en l\u00ednea proporciona materiales informativos sobre los signos de abuso y negligencia infantil y la l\u00ednea directa de Colorado sobre abuso y descuido infantil &#8211; 844-CO-4-KIDS. Estos materiales son herramientas importantes para difundir informaci\u00f3n al p\u00fablico sobre la denuncia de sospechas de abuso y descuido infantil en Colorado. Agradecemos enormemente la ayuda del p\u00fablico en la utilizaci\u00f3n de estos materiales para promover la nueva l\u00ednea directa y la importancia de notificar todas las inquietudes. <\/p>\n\n\n\n<div class=\"wp-block-buttons is-layout-flex wp-block-buttons-is-layout-flex\" style=\"margin-top:var(--wp--preset--spacing--20)\">\n<div class=\"wp-block-button has-2-5-term-color is-style-filled\"><a class=\"wp-block-button__link wp-element-button\" href=\"https:\/\/co4kids.org\/toolkit\/child-abuse-prevention-toolkit\/\">Materiales Prevenci\u00f3n del Abuso Infantil<\/a><\/div>\n\n\n\n<div class=\"wp-block-button has-4-5-term-color is-style-filled\"><a class=\"wp-block-button__link wp-element-button\" href=\"https:\/\/co4kids.org\/toolkit\/foster-care-toolkit\/\">Materiales de Cuidado de Acogida<\/a><\/div>\n<\/div>\n<\/div>\n\n\n\n<div class=\"wp-block-column is-vertically-aligned-top is-layout-flow wp-block-column-is-layout-flow\">\n<figure class=\"has-arrow-mask-down ani-bottom has-arrow-mask  wp-block-image size-full has-arrow-mask has-arrow-mask-down ani-bottom\"><img loading=\"lazy\" decoding=\"async\" width=\"816\" height=\"816\" src=\"https:\/\/co4kids.org\/wp-content\/uploads\/2023\/04\/Hero-Image-2.jpg\" alt=\"Dibujo infantil\" class=\"wp-image-1820\" srcset=\"https:\/\/co4kids.org\/wp-content\/uploads\/2023\/04\/Hero-Image-2.jpg 816w, https:\/\/co4kids.org\/wp-content\/uploads\/2023\/04\/Hero-Image-2-450x450.jpg 450w, https:\/\/co4kids.org\/wp-content\/uploads\/2023\/04\/Hero-Image-2-150x150.jpg 150w, https:\/\/co4kids.org\/wp-content\/uploads\/2023\/04\/Hero-Image-2-768x768.jpg 768w\" sizes=\"auto, (max-width: 816px) 100vw, 816px\" \/><\/figure>\n<\/div>\n<\/div>\n<\/header>\n\n\n\n<p class=\"\"><\/p>\n<\/div>\n","protected":false},"excerpt":{"rendered":"<p>Herramientas de Sensibilizaci\u00f3n Este kit de herramientas en l\u00ednea proporciona materiales informativos sobre los signos de abuso y negligencia infantil y la l\u00ednea directa de Colorado sobre abuso y descuido&#8230;<\/p>\n","protected":false},"author":1,"featured_media":0,"parent":0,"menu_order":7,"comment_status":"closed","ping_status":"closed","template":"","meta":{"_aquamin_featured_video":"","_aquamin_featured_post":false,"_price":"","_stock":"","_tribe_ticket_header":"","_tribe_default_ticket_provider":"","_tribe_ticket_capacity":"0","_ticket_start_date":"","_ticket_end_date":"","_tribe_ticket_show_description":"","_tribe_ticket_show_not_going":false,"_tribe_ticket_use_global_stock":"","_tribe_ticket_global_stock_level":"","_global_stock_mode":"","_global_stock_cap":"","_tribe_rsvp_for_event":"","_tribe_ticket_going_count":"","_tribe_ticket_not_going_count":"","_tribe_tickets_list":"[]","_tribe_ticket_has_attendee_info_fields":false,"footnotes":"","_tec_slr_enabled":"","_tec_slr_layout":""},"class_list":["post-586","page","type-page","status-publish","hentry"],"yoast_head":"<!-- This site is optimized with the Yoast SEO Premium plugin v27.5 (Yoast SEO v27.5) - https:\/\/yoast.com\/product\/yoast-seo-premium-wordpress\/ -->\n<title>Herramientas - CO4Kids<\/title>\n<meta name=\"robots\" content=\"index, follow, max-snippet:-1, max-image-preview:large, max-video-preview:-1\" \/>\n<link rel=\"canonical\" href=\"https:\/\/co4kids.org\/es\/juegos-de-herramientas\/\" \/>\n<meta property=\"og:locale\" content=\"es_ES\" \/>\n<meta property=\"og:type\" content=\"article\" \/>\n<meta property=\"og:title\" content=\"Herramientas\" \/>\n<meta property=\"og:description\" content=\"Herramientas de Sensibilizaci\u00f3n Este kit de herramientas en l\u00ednea proporciona materiales informativos sobre los signos de abuso y negligencia infantil y la l\u00ednea directa de Colorado sobre abuso y descuido...\" \/>\n<meta property=\"og:url\" content=\"https:\/\/co4kids.org\/es\/juegos-de-herramientas\/\" \/>\n<meta property=\"og:site_name\" content=\"CO4Kids\" \/>\n<meta property=\"article:modified_time\" content=\"2023-12-08T22:48:33+00:00\" \/>\n<meta property=\"og:image\" content=\"http:\/\/co4kids.org\/wp-content\/uploads\/2023\/04\/Hero-Image-2.jpg\" \/>\n<meta name=\"twitter:card\" content=\"summary_large_image\" \/>\n<meta name=\"twitter:label1\" content=\"Tiempo de lectura\" \/>\n\t<meta name=\"twitter:data1\" content=\"1 minuto\" \/>\n<script type=\"application\/ld+json\" class=\"yoast-schema-graph\">{\"@context\":\"https:\\\/\\\/schema.org\",\"@graph\":[{\"@type\":\"WebPage\",\"@id\":\"https:\\\/\\\/co4kids.org\\\/es\\\/juegos-de-herramientas\\\/\",\"url\":\"https:\\\/\\\/co4kids.org\\\/es\\\/juegos-de-herramientas\\\/\",\"name\":\"Herramientas - CO4Kids\",\"isPartOf\":{\"@id\":\"https:\\\/\\\/co4kids.org\\\/es\\\/#website\"},\"primaryImageOfPage\":{\"@id\":\"https:\\\/\\\/co4kids.org\\\/es\\\/juegos-de-herramientas\\\/#primaryimage\"},\"image\":{\"@id\":\"https:\\\/\\\/co4kids.org\\\/es\\\/juegos-de-herramientas\\\/#primaryimage\"},\"thumbnailUrl\":\"https:\\\/\\\/co4kids.org\\\/wp-content\\\/uploads\\\/2023\\\/04\\\/Hero-Image-2.jpg\",\"datePublished\":\"2023-03-17T02:39:08+00:00\",\"dateModified\":\"2023-12-08T22:48:33+00:00\",\"breadcrumb\":{\"@id\":\"https:\\\/\\\/co4kids.org\\\/es\\\/juegos-de-herramientas\\\/#breadcrumb\"},\"inLanguage\":\"es\",\"potentialAction\":[{\"@type\":\"ReadAction\",\"target\":[\"https:\\\/\\\/co4kids.org\\\/es\\\/juegos-de-herramientas\\\/\"]}]},{\"@type\":\"ImageObject\",\"inLanguage\":\"es\",\"@id\":\"https:\\\/\\\/co4kids.org\\\/es\\\/juegos-de-herramientas\\\/#primaryimage\",\"url\":\"https:\\\/\\\/co4kids.org\\\/wp-content\\\/uploads\\\/2023\\\/04\\\/Hero-Image-2.jpg\",\"contentUrl\":\"https:\\\/\\\/co4kids.org\\\/wp-content\\\/uploads\\\/2023\\\/04\\\/Hero-Image-2.jpg\"},{\"@type\":\"BreadcrumbList\",\"@id\":\"https:\\\/\\\/co4kids.org\\\/es\\\/juegos-de-herramientas\\\/#breadcrumb\",\"itemListElement\":[{\"@type\":\"ListItem\",\"position\":1,\"name\":\"Home\",\"item\":\"https:\\\/\\\/co4kids.org\\\/es\\\/\"},{\"@type\":\"ListItem\",\"position\":2,\"name\":\"Herramientas\"}]},{\"@type\":\"WebSite\",\"@id\":\"https:\\\/\\\/co4kids.org\\\/es\\\/#website\",\"url\":\"https:\\\/\\\/co4kids.org\\\/es\\\/\",\"name\":\"CO4Kids\",\"description\":\"If not you, then who?\",\"potentialAction\":[{\"@type\":\"SearchAction\",\"target\":{\"@type\":\"EntryPoint\",\"urlTemplate\":\"https:\\\/\\\/co4kids.org\\\/es\\\/?s={search_term_string}\"},\"query-input\":{\"@type\":\"PropertyValueSpecification\",\"valueRequired\":true,\"valueName\":\"search_term_string\"}}],\"inLanguage\":\"es\"}]}<\/script>\n<!-- \/ Yoast SEO Premium plugin. -->","yoast_head_json":{"title":"Herramientas - CO4Kids","robots":{"index":"index","follow":"follow","max-snippet":"max-snippet:-1","max-image-preview":"max-image-preview:large","max-video-preview":"max-video-preview:-1"},"canonical":"https:\/\/co4kids.org\/es\/juegos-de-herramientas\/","og_locale":"es_ES","og_type":"article","og_title":"Herramientas","og_description":"Herramientas de Sensibilizaci\u00f3n Este kit de herramientas en l\u00ednea proporciona materiales informativos sobre los signos de abuso y negligencia infantil y la l\u00ednea directa de Colorado sobre abuso y descuido...","og_url":"https:\/\/co4kids.org\/es\/juegos-de-herramientas\/","og_site_name":"CO4Kids","article_modified_time":"2023-12-08T22:48:33+00:00","og_image":[{"url":"http:\/\/co4kids.org\/wp-content\/uploads\/2023\/04\/Hero-Image-2.jpg","type":"","width":"","height":""}],"twitter_card":"summary_large_image","twitter_misc":{"Tiempo de lectura":"1 minuto"},"schema":{"@context":"https:\/\/schema.org","@graph":[{"@type":"WebPage","@id":"https:\/\/co4kids.org\/es\/juegos-de-herramientas\/","url":"https:\/\/co4kids.org\/es\/juegos-de-herramientas\/","name":"Herramientas - CO4Kids","isPartOf":{"@id":"https:\/\/co4kids.org\/es\/#website"},"primaryImageOfPage":{"@id":"https:\/\/co4kids.org\/es\/juegos-de-herramientas\/#primaryimage"},"image":{"@id":"https:\/\/co4kids.org\/es\/juegos-de-herramientas\/#primaryimage"},"thumbnailUrl":"https:\/\/co4kids.org\/wp-content\/uploads\/2023\/04\/Hero-Image-2.jpg","datePublished":"2023-03-17T02:39:08+00:00","dateModified":"2023-12-08T22:48:33+00:00","breadcrumb":{"@id":"https:\/\/co4kids.org\/es\/juegos-de-herramientas\/#breadcrumb"},"inLanguage":"es","potentialAction":[{"@type":"ReadAction","target":["https:\/\/co4kids.org\/es\/juegos-de-herramientas\/"]}]},{"@type":"ImageObject","inLanguage":"es","@id":"https:\/\/co4kids.org\/es\/juegos-de-herramientas\/#primaryimage","url":"https:\/\/co4kids.org\/wp-content\/uploads\/2023\/04\/Hero-Image-2.jpg","contentUrl":"https:\/\/co4kids.org\/wp-content\/uploads\/2023\/04\/Hero-Image-2.jpg"},{"@type":"BreadcrumbList","@id":"https:\/\/co4kids.org\/es\/juegos-de-herramientas\/#breadcrumb","itemListElement":[{"@type":"ListItem","position":1,"name":"Home","item":"https:\/\/co4kids.org\/es\/"},{"@type":"ListItem","position":2,"name":"Herramientas"}]},{"@type":"WebSite","@id":"https:\/\/co4kids.org\/es\/#website","url":"https:\/\/co4kids.org\/es\/","name":"CO4Kids","description":"If not you, then who?","potentialAction":[{"@type":"SearchAction","target":{"@type":"EntryPoint","urlTemplate":"https:\/\/co4kids.org\/es\/?s={search_term_string}"},"query-input":{"@type":"PropertyValueSpecification","valueRequired":true,"valueName":"search_term_string"}}],"inLanguage":"es"}]}},"publishpress_future_workflow_manual_trigger":{"enabledWorkflows":[]},"ticketed":false,"_links":{"self":[{"href":"https:\/\/co4kids.org\/es\/wp-json\/wp\/v2\/pages\/586","targetHints":{"allow":["GET"]}}],"collection":[{"href":"https:\/\/co4kids.org\/es\/wp-json\/wp\/v2\/pages"}],"about":[{"href":"https:\/\/co4kids.org\/es\/wp-json\/wp\/v2\/types\/page"}],"author":[{"embeddable":true,"href":"https:\/\/co4kids.org\/es\/wp-json\/wp\/v2\/users\/1"}],"replies":[{"embeddable":true,"href":"https:\/\/co4kids.org\/es\/wp-json\/wp\/v2\/comments?post=586"}],"version-history":[{"count":0,"href":"https:\/\/co4kids.org\/es\/wp-json\/wp\/v2\/pages\/586\/revisions"}],"wp:attachment":[{"href":"https:\/\/co4kids.org\/es\/wp-json\/wp\/v2\/media?parent=586"}],"curies":[{"name":"wp","href":"https:\/\/api.w.org\/{rel}","templated":true}]}}