{"id":573,"date":"2023-03-22T21:10:40","date_gmt":"2023-03-23T03:10:40","guid":{"rendered":"https:\/\/co4kids.org\/datos-de-bienestar-infantil\/"},"modified":"2024-12-09T12:16:16","modified_gmt":"2024-12-09T19:16:16","slug":"datos-de-bienestar-infantil","status":"publish","type":"page","link":"https:\/\/co4kids.org\/es\/datos-de-bienestar-infantil\/","title":{"rendered":"Datos de Bienestar Infantil"},"content":{"rendered":"\n<div class=\"has-arrow-mask-down ani-bottom has-arrow-mask-pad has-arrow-mask wp-block-group has-wider-padding has-sticky-radius has-0-9-background-color has-background has-arrow-mask has-arrow-mask-down ani-bottom has-arrow-mask-pad has-global-padding is-layout-constrained wp-block-group-is-layout-constrained\" style=\"border-top-left-radius:15px;border-top-right-radius:15px;margin-bottom:var(--wp--preset--spacing--20)\">\n<header class=\"wp-block-group has-global-padding is-layout-constrained wp-container-core-group-is-layout-7db9d80f wp-block-group-is-layout-constrained\" style=\"padding-right:0;padding-left:0\">\n<div class=\" wp-block-columns has-0-9-background-color has-background is-layout-flex wp-container-core-columns-is-layout-0af18515 wp-block-columns-is-layout-flex\" style=\"margin-bottom:var(--wp--preset--spacing--20)\">\n<div class=\"wp-block-column is-vertically-aligned-center is-layout-flow wp-block-column-is-layout-flow\" style=\"padding-top:var(--wp--preset--spacing--20)\"><h1 style=\"margin-bottom:var(--wp--preset--spacing--20);\" class=\"wp-block-post-title has-h-2-font-size\">Datos de Bienestar Infantil<\/h1>\n\n\n<p class=\" \">El personal de la Divisi\u00f3n de Bienestar Infantil del Departamento de Servicios Humanos de Colorado, en colaboraci\u00f3n con la Escuela de Trabajo Social de la Universidad de Kansas, cre\u00f3 el Centro de Datos de Rendimiento Comunitario como un sitio web educativo para compartir datos en tiempo real sobre los ni\u00f1os, j\u00f3venes y familias que participan en el sistema de bienestar infantil de Colorado. El objetivo de esta iniciativa es implicar a las comunidades en las necesidades no cubiertas de los ni\u00f1os abusados y descuidados de su comunidad y vecindario. <\/p>\n\n\n\n<div class=\"wp-block-buttons is-layout-flex wp-block-buttons-is-layout-flex\">\n<div class=\"wp-block-button is-style-arrowed\"><a class=\"wp-block-button__link wp-element-button\" href=\"https:\/\/colorado.rom.socwel.ku.edu\" target=\"_blank\" rel=\"noreferrer noopener\">Visite el sitio web del Centro de Datos sobre Rendimiento Comunitario<\/a><\/div>\n<\/div>\n<\/div>\n\n\n\n<div class=\"wp-block-column is-vertically-aligned-top is-first-md is-layout-flow wp-block-column-is-layout-flow\"><figure class=\"ani-bottom has-arrow-mask-down has-arrow-mask wp-block-post-featured-image\"><img loading=\"lazy\" decoding=\"async\" width=\"1460\" height=\"846\" src=\"https:\/\/co4kids.org\/wp-content\/uploads\/2024\/12\/children_sitting-spanish.png\" class=\"attachment-post-thumbnail size-post-thumbnail wp-post-image\" alt=\"Cuatro ni\u00f1os de primaria haciendo caras graciosas mientras est\u00e1n sentados en el piso.\" style=\"object-fit:cover;\" srcset=\"https:\/\/co4kids.org\/wp-content\/uploads\/2024\/12\/children_sitting-spanish.png 1460w, https:\/\/co4kids.org\/wp-content\/uploads\/2024\/12\/children_sitting-spanish-450x261.png 450w, https:\/\/co4kids.org\/wp-content\/uploads\/2024\/12\/children_sitting-spanish-1024x593.png 1024w, https:\/\/co4kids.org\/wp-content\/uploads\/2024\/12\/children_sitting-spanish-768x445.png 768w\" sizes=\"auto, (max-width: 1460px) 100vw, 1460px\" \/><\/figure><\/div>\n<\/div>\n<\/header>\n<\/div>\n","protected":false},"excerpt":{"rendered":"<p>El personal de la Divisi\u00f3n de Bienestar Infantil del Departamento de Servicios Humanos de Colorado, en colaboraci\u00f3n con la Escuela de Trabajo Social de la Universidad de Kansas, cre\u00f3 el&#8230;<\/p>\n","protected":false},"author":1,"featured_media":30086,"parent":0,"menu_order":0,"comment_status":"closed","ping_status":"closed","template":"","meta":{"_aquamin_featured_video":"","_aquamin_featured_post":false,"_price":"","_stock":"","_tribe_ticket_header":"","_tribe_default_ticket_provider":"","_tribe_ticket_capacity":"0","_ticket_start_date":"","_ticket_end_date":"","_tribe_ticket_show_description":"","_tribe_ticket_show_not_going":false,"_tribe_ticket_use_global_stock":"","_tribe_ticket_global_stock_level":"","_global_stock_mode":"","_global_stock_cap":"","_tribe_rsvp_for_event":"","_tribe_ticket_going_count":"","_tribe_ticket_not_going_count":"","_tribe_tickets_list":"[]","_tribe_ticket_has_attendee_info_fields":false,"footnotes":"","_tec_slr_enabled":"","_tec_slr_layout":""},"class_list":["post-573","page","type-page","status-publish","has-post-thumbnail","hentry"],"yoast_head":"<!-- This site is optimized with the Yoast SEO Premium plugin v27.4 (Yoast SEO v27.4) - https:\/\/yoast.com\/product\/yoast-seo-premium-wordpress\/ -->\n<title>Datos de Bienestar Infantil - CO4Kids<\/title>\n<meta name=\"robots\" content=\"index, follow, max-snippet:-1, max-image-preview:large, max-video-preview:-1\" \/>\n<link rel=\"canonical\" href=\"https:\/\/co4kids.org\/es\/datos-de-bienestar-infantil\/\" \/>\n<meta property=\"og:locale\" content=\"es_ES\" \/>\n<meta property=\"og:type\" content=\"article\" \/>\n<meta property=\"og:title\" content=\"Datos de Bienestar Infantil\" \/>\n<meta property=\"og:description\" content=\"El personal de la Divisi\u00f3n de Bienestar Infantil del Departamento de Servicios Humanos de Colorado, en colaboraci\u00f3n con la Escuela de Trabajo Social de la Universidad de Kansas, cre\u00f3 el...\" \/>\n<meta property=\"og:url\" content=\"https:\/\/co4kids.org\/es\/datos-de-bienestar-infantil\/\" \/>\n<meta property=\"og:site_name\" content=\"CO4Kids\" \/>\n<meta property=\"article:modified_time\" content=\"2024-12-09T19:16:16+00:00\" \/>\n<meta property=\"og:image\" content=\"https:\/\/co4kids.org\/wp-content\/uploads\/2024\/12\/children_sitting-spanish.png\" \/>\n\t<meta property=\"og:image:width\" content=\"1460\" \/>\n\t<meta property=\"og:image:height\" content=\"846\" \/>\n\t<meta property=\"og:image:type\" content=\"image\/png\" \/>\n<meta name=\"twitter:card\" content=\"summary_large_image\" \/>\n<meta name=\"twitter:label1\" content=\"Tiempo de lectura\" \/>\n\t<meta name=\"twitter:data1\" content=\"1 minuto\" \/>\n<script type=\"application\/ld+json\" class=\"yoast-schema-graph\">{\"@context\":\"https:\\\/\\\/schema.org\",\"@graph\":[{\"@type\":\"WebPage\",\"@id\":\"https:\\\/\\\/co4kids.org\\\/es\\\/datos-de-bienestar-infantil\\\/\",\"url\":\"https:\\\/\\\/co4kids.org\\\/es\\\/datos-de-bienestar-infantil\\\/\",\"name\":\"Datos de Bienestar Infantil - CO4Kids\",\"isPartOf\":{\"@id\":\"https:\\\/\\\/co4kids.org\\\/es\\\/#website\"},\"primaryImageOfPage\":{\"@id\":\"https:\\\/\\\/co4kids.org\\\/es\\\/datos-de-bienestar-infantil\\\/#primaryimage\"},\"image\":{\"@id\":\"https:\\\/\\\/co4kids.org\\\/es\\\/datos-de-bienestar-infantil\\\/#primaryimage\"},\"thumbnailUrl\":\"https:\\\/\\\/co4kids.org\\\/wp-content\\\/uploads\\\/2024\\\/12\\\/children_sitting-spanish.png\",\"datePublished\":\"2023-03-23T03:10:40+00:00\",\"dateModified\":\"2024-12-09T19:16:16+00:00\",\"breadcrumb\":{\"@id\":\"https:\\\/\\\/co4kids.org\\\/es\\\/datos-de-bienestar-infantil\\\/#breadcrumb\"},\"inLanguage\":\"es\",\"potentialAction\":[{\"@type\":\"ReadAction\",\"target\":[\"https:\\\/\\\/co4kids.org\\\/es\\\/datos-de-bienestar-infantil\\\/\"]}]},{\"@type\":\"ImageObject\",\"inLanguage\":\"es\",\"@id\":\"https:\\\/\\\/co4kids.org\\\/es\\\/datos-de-bienestar-infantil\\\/#primaryimage\",\"url\":\"https:\\\/\\\/co4kids.org\\\/wp-content\\\/uploads\\\/2024\\\/12\\\/children_sitting-spanish.png\",\"contentUrl\":\"https:\\\/\\\/co4kids.org\\\/wp-content\\\/uploads\\\/2024\\\/12\\\/children_sitting-spanish.png\",\"width\":1460,\"height\":846,\"caption\":\"Cuatro ni\u00f1os de primaria haciendo caras graciosas mientras est\u00e1n sentados en el piso.\"},{\"@type\":\"BreadcrumbList\",\"@id\":\"https:\\\/\\\/co4kids.org\\\/es\\\/datos-de-bienestar-infantil\\\/#breadcrumb\",\"itemListElement\":[{\"@type\":\"ListItem\",\"position\":1,\"name\":\"Home\",\"item\":\"https:\\\/\\\/co4kids.org\\\/es\\\/\"},{\"@type\":\"ListItem\",\"position\":2,\"name\":\"Datos de Bienestar Infantil\"}]},{\"@type\":\"WebSite\",\"@id\":\"https:\\\/\\\/co4kids.org\\\/es\\\/#website\",\"url\":\"https:\\\/\\\/co4kids.org\\\/es\\\/\",\"name\":\"CO4Kids\",\"description\":\"If not you, then who?\",\"potentialAction\":[{\"@type\":\"SearchAction\",\"target\":{\"@type\":\"EntryPoint\",\"urlTemplate\":\"https:\\\/\\\/co4kids.org\\\/es\\\/?s={search_term_string}\"},\"query-input\":{\"@type\":\"PropertyValueSpecification\",\"valueRequired\":true,\"valueName\":\"search_term_string\"}}],\"inLanguage\":\"es\"}]}<\/script>\n<!-- \/ Yoast SEO Premium plugin. -->","yoast_head_json":{"title":"Datos de Bienestar Infantil - CO4Kids","robots":{"index":"index","follow":"follow","max-snippet":"max-snippet:-1","max-image-preview":"max-image-preview:large","max-video-preview":"max-video-preview:-1"},"canonical":"https:\/\/co4kids.org\/es\/datos-de-bienestar-infantil\/","og_locale":"es_ES","og_type":"article","og_title":"Datos de Bienestar Infantil","og_description":"El personal de la Divisi\u00f3n de Bienestar Infantil del Departamento de Servicios Humanos de Colorado, en colaboraci\u00f3n con la Escuela de Trabajo Social de la Universidad de Kansas, cre\u00f3 el...","og_url":"https:\/\/co4kids.org\/es\/datos-de-bienestar-infantil\/","og_site_name":"CO4Kids","article_modified_time":"2024-12-09T19:16:16+00:00","og_image":[{"width":1460,"height":846,"url":"https:\/\/co4kids.org\/wp-content\/uploads\/2024\/12\/children_sitting-spanish.png","type":"image\/png"}],"twitter_card":"summary_large_image","twitter_misc":{"Tiempo de lectura":"1 minuto"},"schema":{"@context":"https:\/\/schema.org","@graph":[{"@type":"WebPage","@id":"https:\/\/co4kids.org\/es\/datos-de-bienestar-infantil\/","url":"https:\/\/co4kids.org\/es\/datos-de-bienestar-infantil\/","name":"Datos de Bienestar Infantil - CO4Kids","isPartOf":{"@id":"https:\/\/co4kids.org\/es\/#website"},"primaryImageOfPage":{"@id":"https:\/\/co4kids.org\/es\/datos-de-bienestar-infantil\/#primaryimage"},"image":{"@id":"https:\/\/co4kids.org\/es\/datos-de-bienestar-infantil\/#primaryimage"},"thumbnailUrl":"https:\/\/co4kids.org\/wp-content\/uploads\/2024\/12\/children_sitting-spanish.png","datePublished":"2023-03-23T03:10:40+00:00","dateModified":"2024-12-09T19:16:16+00:00","breadcrumb":{"@id":"https:\/\/co4kids.org\/es\/datos-de-bienestar-infantil\/#breadcrumb"},"inLanguage":"es","potentialAction":[{"@type":"ReadAction","target":["https:\/\/co4kids.org\/es\/datos-de-bienestar-infantil\/"]}]},{"@type":"ImageObject","inLanguage":"es","@id":"https:\/\/co4kids.org\/es\/datos-de-bienestar-infantil\/#primaryimage","url":"https:\/\/co4kids.org\/wp-content\/uploads\/2024\/12\/children_sitting-spanish.png","contentUrl":"https:\/\/co4kids.org\/wp-content\/uploads\/2024\/12\/children_sitting-spanish.png","width":1460,"height":846,"caption":"Cuatro ni\u00f1os de primaria haciendo caras graciosas mientras est\u00e1n sentados en el piso."},{"@type":"BreadcrumbList","@id":"https:\/\/co4kids.org\/es\/datos-de-bienestar-infantil\/#breadcrumb","itemListElement":[{"@type":"ListItem","position":1,"name":"Home","item":"https:\/\/co4kids.org\/es\/"},{"@type":"ListItem","position":2,"name":"Datos de Bienestar Infantil"}]},{"@type":"WebSite","@id":"https:\/\/co4kids.org\/es\/#website","url":"https:\/\/co4kids.org\/es\/","name":"CO4Kids","description":"If not you, then who?","potentialAction":[{"@type":"SearchAction","target":{"@type":"EntryPoint","urlTemplate":"https:\/\/co4kids.org\/es\/?s={search_term_string}"},"query-input":{"@type":"PropertyValueSpecification","valueRequired":true,"valueName":"search_term_string"}}],"inLanguage":"es"}]}},"publishpress_future_workflow_manual_trigger":{"enabledWorkflows":[]},"ticketed":false,"_links":{"self":[{"href":"https:\/\/co4kids.org\/es\/wp-json\/wp\/v2\/pages\/573","targetHints":{"allow":["GET"]}}],"collection":[{"href":"https:\/\/co4kids.org\/es\/wp-json\/wp\/v2\/pages"}],"about":[{"href":"https:\/\/co4kids.org\/es\/wp-json\/wp\/v2\/types\/page"}],"author":[{"embeddable":true,"href":"https:\/\/co4kids.org\/es\/wp-json\/wp\/v2\/users\/1"}],"replies":[{"embeddable":true,"href":"https:\/\/co4kids.org\/es\/wp-json\/wp\/v2\/comments?post=573"}],"version-history":[{"count":0,"href":"https:\/\/co4kids.org\/es\/wp-json\/wp\/v2\/pages\/573\/revisions"}],"wp:featuredmedia":[{"embeddable":true,"href":"https:\/\/co4kids.org\/es\/wp-json\/wp\/v2\/media\/30086"}],"wp:attachment":[{"href":"https:\/\/co4kids.org\/es\/wp-json\/wp\/v2\/media?parent=573"}],"curies":[{"name":"wp","href":"https:\/\/api.w.org\/{rel}","templated":true}]}}