{"id":571,"date":"2023-03-22T21:10:21","date_gmt":"2023-03-23T03:10:21","guid":{"rendered":"https:\/\/co4kids.org\/quejas\/"},"modified":"2026-03-04T12:14:03","modified_gmt":"2026-03-04T19:14:03","slug":"quejas","status":"publish","type":"page","link":"https:\/\/co4kids.org\/es\/quejas\/","title":{"rendered":"Quejas"},"content":{"rendered":"\n<div class=\"has-arrow-mask-down ani-bottom has-arrow-mask-pad has-arrow-mask wp-block-group has-wider-padding has-sticky-radius has-0-9-background-color has-background has-arrow-mask has-arrow-mask-down ani-bottom has-arrow-mask-pad has-global-padding is-layout-constrained wp-block-group-is-layout-constrained\" style=\"border-top-left-radius:15px;border-top-right-radius:15px;margin-bottom:var(--wp--preset--spacing--20)\">\n<header class=\"wp-block-group has-global-padding is-layout-constrained wp-container-core-group-is-layout-7db9d80f wp-block-group-is-layout-constrained\" style=\"padding-right:0;padding-left:0\">\n<div class=\"wp-block-columns has-0-9-background-color has-background is-layout-flex wp-container-core-columns-is-layout-0af18515 wp-block-columns-is-layout-flex\" style=\"margin-bottom:var(--wp--preset--spacing--20)\">\n<div class=\"wp-block-column is-vertically-aligned-center is-layout-flow wp-block-column-is-layout-flow\" style=\"padding-top:var(--wp--preset--spacing--20)\"><h1 style=\"margin-bottom:var(--wp--preset--spacing--20);\" class=\"wp-block-post-title has-h-2-font-size\">Quejas<\/h1>\n\n\n<p class=\"\">Es una prioridad del Departamento de Servicios Humanos de Colorado (CDHS por sus siglas en ingl\u00e9s) satisfacer las necesidades de aquellos a los que servicios.<\/p>\n\n\n\n<p class=\"\">En alineamiento con las directivas de la Junta de Servicios Humanos del Estado, enfatizamos que las represalias o venganzas contra cualquier individuo que presente una queja van en contra de la ley. <\/p>\n\n\n\n<p class=\"\"><strong>Todos los individuos, sin importar sus antecedentes o estatus tienen el derecho de enviar una queja sin temer por repercusiones.<\/strong> <\/p>\n\n\n\n<p class=\"\">Prestamos atenci\u00f3n particularmente a la poblaci\u00f3n vulnerable de nuestra comunidad y nos esforzamos por asegurar que ellos se sientan seguros y apoyados al acceder al sistema de bienestar infantil. <\/p>\n<\/div>\n\n\n\n<div class=\"wp-block-column is-vertically-aligned-top is-first-md is-layout-flow wp-block-column-is-layout-flow\"><figure class=\"ani-bottom has-arrow-mask-down has-arrow-mask wp-block-post-featured-image\"><img loading=\"lazy\" decoding=\"async\" width=\"1200\" height=\"800\" src=\"https:\/\/co4kids.org\/wp-content\/uploads\/2024\/12\/cdhs-co4kids-complaints-spanish.jpg\" class=\"attachment-post-thumbnail size-post-thumbnail wp-post-image\" alt=\"Tiza en la acera\" style=\"object-fit:cover;\" srcset=\"https:\/\/co4kids.org\/wp-content\/uploads\/2024\/12\/cdhs-co4kids-complaints-spanish.jpg 1200w, https:\/\/co4kids.org\/wp-content\/uploads\/2024\/12\/cdhs-co4kids-complaints-spanish-450x300.jpg 450w, https:\/\/co4kids.org\/wp-content\/uploads\/2024\/12\/cdhs-co4kids-complaints-spanish-1024x683.jpg 1024w, https:\/\/co4kids.org\/wp-content\/uploads\/2024\/12\/cdhs-co4kids-complaints-spanish-768x512.jpg 768w\" sizes=\"auto, (max-width: 1200px) 100vw, 1200px\" \/><\/figure><\/div>\n<\/div>\n\n\n\n<h3 class=\"wp-block-heading\" id=\"h-presenta-tu-queja\">Presenta tu queja<\/h3>\n\n\n\n<p class=\"\">Si tienes una preocupaci\u00f3n o queja, haremos lo que est\u00e9 a nuestro alcance para apoyarte. Tenemos la filosof\u00eda de tratar de arreglar los problemas a nivel local, por lo que te sugerimos <strong>contactar tu condado primero<\/strong>, ya que esto podr\u00eda resolver el problema de una forma m\u00e1s r\u00e1pida. Sin embargo, si necesitas asistencia adicional con tu preocupaci\u00f3n o queja, el Servicio de Atenci\u00f3n al Cliente de CDHS te podr\u00e1 ayudar.<\/p>\n\n\n\n<p class=\"\">Puedes enviar una queja a trav\u00e9s del la <a href=\"https:\/\/cdhs.colorado.gov\/contact-cdhs\">secci\u00f3n expandible del sitio web del CDHS<\/a>, por correo electr\u00f3nico a <a href=\"mailto:cdhs_clientservices@state.co.us\">cdhs_clientservices@state.co.us<\/a>, llamando al <a href=\"tel:3038663275\">303.866.3275<\/a> o completando el formulario del enlance inferior:<\/p>\n\n\n\n<div class=\"wp-block-buttons is-layout-flex wp-block-buttons-is-layout-flex\">\n<div class=\"wp-block-button is-style-filled\"><a class=\"wp-block-button__link wp-element-button\" href=\"https:\/\/docs.google.com\/forms\/d\/e\/1FAIpQLSer-Jud766GFCBhA8cpFjehsMQOA-FiTbHdpiTpSAyHe6mJNA\/viewform\">Presentar una Queja<\/a><\/div>\n<\/div>\n\n\n\n<p class=\"\"><\/p>\n<\/header>\n\n\n\n<h3 class=\"wp-block-heading\" id=\"h-solicita-informacion-sobre-la-certificacion-de-un-trabajador-o-trabajadora-de-bienestar-infantil\">Solicita informaci\u00f3n sobre la certificaci\u00f3n de un trabajador o trabajadora de bienestar infantil<\/h3>\n\n\n\n<p class=\"\">Cualquier persona, organizaci\u00f3n, condando, agencia o estado puede solicitar informaci\u00f3n sobre el estado de la <a href=\"https:\/\/co4kids.org\/es\/blog-de-bienestar-infantil\/informacion-certificaciones-trabajadores-bienestar-infantil\/\">certificaci\u00f3n de los trabajadores de bienestar infantil <\/a>enlistados en la parte inferior:<\/p>\n\n\n\n<div class=\"wp-block-group is-vertical is-layout-flex wp-container-core-group-is-layout-fe9cc265 wp-block-group-is-layout-flex\">\n<ul class=\"wp-block-list\">\n<li>Trabajador de L\u00ednea Directa de Abuso y Negligencia Infantil<\/li>\n\n\n\n<li>Supervisor de la L\u00ednea Directa de Abuso y Negligencia Infantil<\/li>\n\n\n\n<li>Trabajador social en entrenamiento<\/li>\n\n\n\n<li>Trabajador social<\/li>\n\n\n\n<li>Supervisor de trabajador social<\/li>\n<\/ul>\n\n\n\n<p class=\"\">Por favor env\u00eda un correo electr\u00f3nico a <a href=\"mailto:CDHS_CW_Decertification_Inquiries@state.co.us\" target=\"_blank\" rel=\"noreferrer noopener\">CDHS_CW_Decertification_Inquiries@state.co.us<\/a>.<\/p>\n\n\n\n<p class=\"\">El Estado de Colorado responder\u00e1 en cinco d\u00edas h\u00e1biles los requerimientos recibidos por parte de los departamentos de servicios humanos de los condados y dentro de diez d\u00edas h\u00e1biles las solicitudes recibidas por parte de agencias, organizaciones o del p\u00fablico en general. <\/p>\n<\/div>\n<\/div>\n\n\n\n<p class=\"\">&#8230;<\/p>\n","protected":false},"excerpt":{"rendered":"<p>Es una prioridad del Departamento de Servicios Humanos de Colorado (CDHS por sus siglas en ingl\u00e9s) satisfacer las necesidades de aquellos a los que servicios. En alineamiento con las directivas&#8230;<\/p>\n","protected":false},"author":1,"featured_media":30103,"parent":0,"menu_order":0,"comment_status":"closed","ping_status":"closed","template":"","meta":{"_aquamin_featured_video":"","_aquamin_featured_post":false,"_price":"","_stock":"","_tribe_ticket_header":"","_tribe_default_ticket_provider":"","_tribe_ticket_capacity":"0","_ticket_start_date":"","_ticket_end_date":"","_tribe_ticket_show_description":"","_tribe_ticket_show_not_going":false,"_tribe_ticket_use_global_stock":"","_tribe_ticket_global_stock_level":"","_global_stock_mode":"","_global_stock_cap":"","_tribe_rsvp_for_event":"","_tribe_ticket_going_count":"","_tribe_ticket_not_going_count":"","_tribe_tickets_list":"[]","_tribe_ticket_has_attendee_info_fields":false,"footnotes":"","_tec_slr_enabled":"","_tec_slr_layout":""},"class_list":["post-571","page","type-page","status-publish","has-post-thumbnail","hentry"],"yoast_head":"<!-- This site is optimized with the Yoast SEO Premium plugin v27.4 (Yoast SEO v27.4) - https:\/\/yoast.com\/product\/yoast-seo-premium-wordpress\/ -->\n<title>Quejas - CO4Kids<\/title>\n<meta name=\"description\" content=\"Tu experiencia con nuestro equipo importa. Si tienes una preocupaci\u00f3n o queja, haremos lo que est\u00e9 a nuestro alcance para apoyarte.\" \/>\n<meta name=\"robots\" content=\"index, follow, max-snippet:-1, max-image-preview:large, max-video-preview:-1\" \/>\n<link rel=\"canonical\" href=\"https:\/\/co4kids.org\/es\/quejas\/\" \/>\n<meta property=\"og:locale\" content=\"es_ES\" \/>\n<meta property=\"og:type\" content=\"article\" \/>\n<meta property=\"og:title\" content=\"Quejas\" \/>\n<meta property=\"og:description\" content=\"Tu experiencia con nuestro equipo importa. Si tienes una preocupaci\u00f3n o queja, haremos lo que est\u00e9 a nuestro alcance para apoyarte.\" \/>\n<meta property=\"og:url\" content=\"https:\/\/co4kids.org\/es\/quejas\/\" \/>\n<meta property=\"og:site_name\" content=\"CO4Kids\" \/>\n<meta property=\"article:modified_time\" content=\"2026-03-04T19:14:03+00:00\" \/>\n<meta property=\"og:image\" content=\"https:\/\/co4kids.org\/wp-content\/uploads\/2024\/12\/cdhs-co4kids-complaints-spanish.jpg\" \/>\n\t<meta property=\"og:image:width\" content=\"1200\" \/>\n\t<meta property=\"og:image:height\" content=\"800\" \/>\n\t<meta property=\"og:image:type\" content=\"image\/jpeg\" \/>\n<meta name=\"twitter:card\" content=\"summary_large_image\" \/>\n<meta name=\"twitter:label1\" content=\"Tiempo de lectura\" \/>\n\t<meta name=\"twitter:data1\" content=\"2 minutos\" \/>\n<script type=\"application\/ld+json\" class=\"yoast-schema-graph\">{\"@context\":\"https:\\\/\\\/schema.org\",\"@graph\":[{\"@type\":\"WebPage\",\"@id\":\"https:\\\/\\\/co4kids.org\\\/es\\\/quejas\\\/\",\"url\":\"https:\\\/\\\/co4kids.org\\\/es\\\/quejas\\\/\",\"name\":\"Quejas - CO4Kids\",\"isPartOf\":{\"@id\":\"https:\\\/\\\/co4kids.org\\\/es\\\/#website\"},\"primaryImageOfPage\":{\"@id\":\"https:\\\/\\\/co4kids.org\\\/es\\\/quejas\\\/#primaryimage\"},\"image\":{\"@id\":\"https:\\\/\\\/co4kids.org\\\/es\\\/quejas\\\/#primaryimage\"},\"thumbnailUrl\":\"https:\\\/\\\/co4kids.org\\\/wp-content\\\/uploads\\\/2024\\\/12\\\/cdhs-co4kids-complaints-spanish.jpg\",\"datePublished\":\"2023-03-23T03:10:21+00:00\",\"dateModified\":\"2026-03-04T19:14:03+00:00\",\"description\":\"Tu experiencia con nuestro equipo importa. Si tienes una preocupaci\u00f3n o queja, haremos lo que est\u00e9 a nuestro alcance para apoyarte.\",\"breadcrumb\":{\"@id\":\"https:\\\/\\\/co4kids.org\\\/es\\\/quejas\\\/#breadcrumb\"},\"inLanguage\":\"es\",\"potentialAction\":[{\"@type\":\"ReadAction\",\"target\":[\"https:\\\/\\\/co4kids.org\\\/es\\\/quejas\\\/\"]}]},{\"@type\":\"ImageObject\",\"inLanguage\":\"es\",\"@id\":\"https:\\\/\\\/co4kids.org\\\/es\\\/quejas\\\/#primaryimage\",\"url\":\"https:\\\/\\\/co4kids.org\\\/wp-content\\\/uploads\\\/2024\\\/12\\\/cdhs-co4kids-complaints-spanish.jpg\",\"contentUrl\":\"https:\\\/\\\/co4kids.org\\\/wp-content\\\/uploads\\\/2024\\\/12\\\/cdhs-co4kids-complaints-spanish.jpg\",\"width\":1200,\"height\":800,\"caption\":\"Tiza en la acera\"},{\"@type\":\"BreadcrumbList\",\"@id\":\"https:\\\/\\\/co4kids.org\\\/es\\\/quejas\\\/#breadcrumb\",\"itemListElement\":[{\"@type\":\"ListItem\",\"position\":1,\"name\":\"Home\",\"item\":\"https:\\\/\\\/co4kids.org\\\/es\\\/\"},{\"@type\":\"ListItem\",\"position\":2,\"name\":\"Quejas\"}]},{\"@type\":\"WebSite\",\"@id\":\"https:\\\/\\\/co4kids.org\\\/es\\\/#website\",\"url\":\"https:\\\/\\\/co4kids.org\\\/es\\\/\",\"name\":\"CO4Kids\",\"description\":\"If not you, then who?\",\"potentialAction\":[{\"@type\":\"SearchAction\",\"target\":{\"@type\":\"EntryPoint\",\"urlTemplate\":\"https:\\\/\\\/co4kids.org\\\/es\\\/?s={search_term_string}\"},\"query-input\":{\"@type\":\"PropertyValueSpecification\",\"valueRequired\":true,\"valueName\":\"search_term_string\"}}],\"inLanguage\":\"es\"}]}<\/script>\n<!-- \/ Yoast SEO Premium plugin. -->","yoast_head_json":{"title":"Quejas - CO4Kids","description":"Tu experiencia con nuestro equipo importa. Si tienes una preocupaci\u00f3n o queja, haremos lo que est\u00e9 a nuestro alcance para apoyarte.","robots":{"index":"index","follow":"follow","max-snippet":"max-snippet:-1","max-image-preview":"max-image-preview:large","max-video-preview":"max-video-preview:-1"},"canonical":"https:\/\/co4kids.org\/es\/quejas\/","og_locale":"es_ES","og_type":"article","og_title":"Quejas","og_description":"Tu experiencia con nuestro equipo importa. Si tienes una preocupaci\u00f3n o queja, haremos lo que est\u00e9 a nuestro alcance para apoyarte.","og_url":"https:\/\/co4kids.org\/es\/quejas\/","og_site_name":"CO4Kids","article_modified_time":"2026-03-04T19:14:03+00:00","og_image":[{"width":1200,"height":800,"url":"https:\/\/co4kids.org\/wp-content\/uploads\/2024\/12\/cdhs-co4kids-complaints-spanish.jpg","type":"image\/jpeg"}],"twitter_card":"summary_large_image","twitter_misc":{"Tiempo de lectura":"2 minutos"},"schema":{"@context":"https:\/\/schema.org","@graph":[{"@type":"WebPage","@id":"https:\/\/co4kids.org\/es\/quejas\/","url":"https:\/\/co4kids.org\/es\/quejas\/","name":"Quejas - CO4Kids","isPartOf":{"@id":"https:\/\/co4kids.org\/es\/#website"},"primaryImageOfPage":{"@id":"https:\/\/co4kids.org\/es\/quejas\/#primaryimage"},"image":{"@id":"https:\/\/co4kids.org\/es\/quejas\/#primaryimage"},"thumbnailUrl":"https:\/\/co4kids.org\/wp-content\/uploads\/2024\/12\/cdhs-co4kids-complaints-spanish.jpg","datePublished":"2023-03-23T03:10:21+00:00","dateModified":"2026-03-04T19:14:03+00:00","description":"Tu experiencia con nuestro equipo importa. Si tienes una preocupaci\u00f3n o queja, haremos lo que est\u00e9 a nuestro alcance para apoyarte.","breadcrumb":{"@id":"https:\/\/co4kids.org\/es\/quejas\/#breadcrumb"},"inLanguage":"es","potentialAction":[{"@type":"ReadAction","target":["https:\/\/co4kids.org\/es\/quejas\/"]}]},{"@type":"ImageObject","inLanguage":"es","@id":"https:\/\/co4kids.org\/es\/quejas\/#primaryimage","url":"https:\/\/co4kids.org\/wp-content\/uploads\/2024\/12\/cdhs-co4kids-complaints-spanish.jpg","contentUrl":"https:\/\/co4kids.org\/wp-content\/uploads\/2024\/12\/cdhs-co4kids-complaints-spanish.jpg","width":1200,"height":800,"caption":"Tiza en la acera"},{"@type":"BreadcrumbList","@id":"https:\/\/co4kids.org\/es\/quejas\/#breadcrumb","itemListElement":[{"@type":"ListItem","position":1,"name":"Home","item":"https:\/\/co4kids.org\/es\/"},{"@type":"ListItem","position":2,"name":"Quejas"}]},{"@type":"WebSite","@id":"https:\/\/co4kids.org\/es\/#website","url":"https:\/\/co4kids.org\/es\/","name":"CO4Kids","description":"If not you, then who?","potentialAction":[{"@type":"SearchAction","target":{"@type":"EntryPoint","urlTemplate":"https:\/\/co4kids.org\/es\/?s={search_term_string}"},"query-input":{"@type":"PropertyValueSpecification","valueRequired":true,"valueName":"search_term_string"}}],"inLanguage":"es"}]}},"publishpress_future_workflow_manual_trigger":{"enabledWorkflows":[]},"ticketed":false,"_links":{"self":[{"href":"https:\/\/co4kids.org\/es\/wp-json\/wp\/v2\/pages\/571","targetHints":{"allow":["GET"]}}],"collection":[{"href":"https:\/\/co4kids.org\/es\/wp-json\/wp\/v2\/pages"}],"about":[{"href":"https:\/\/co4kids.org\/es\/wp-json\/wp\/v2\/types\/page"}],"author":[{"embeddable":true,"href":"https:\/\/co4kids.org\/es\/wp-json\/wp\/v2\/users\/1"}],"replies":[{"embeddable":true,"href":"https:\/\/co4kids.org\/es\/wp-json\/wp\/v2\/comments?post=571"}],"version-history":[{"count":0,"href":"https:\/\/co4kids.org\/es\/wp-json\/wp\/v2\/pages\/571\/revisions"}],"wp:featuredmedia":[{"embeddable":true,"href":"https:\/\/co4kids.org\/es\/wp-json\/wp\/v2\/media\/30103"}],"wp:attachment":[{"href":"https:\/\/co4kids.org\/es\/wp-json\/wp\/v2\/media?parent=571"}],"curies":[{"name":"wp","href":"https:\/\/api.w.org\/{rel}","templated":true}]}}