{"id":560,"date":"2023-03-22T21:08:16","date_gmt":"2023-03-23T03:08:16","guid":{"rendered":"https:\/\/co4kids.org\/sobre-nosotros\/"},"modified":"2026-01-05T16:34:33","modified_gmt":"2026-01-05T23:34:33","slug":"sobre-nosotros","status":"publish","type":"page","link":"https:\/\/co4kids.org\/es\/sobre-nosotros\/","title":{"rendered":"Acerca de nosotros"},"content":{"rendered":"\n<div class=\"has-arrow-mask-down ani-bottom has-arrow-mask-pad has-arrow-mask wp-block-group has-wider-padding has-sticky-radius has-0-9-background-color has-background has-arrow-mask has-arrow-mask-down ani-bottom has-arrow-mask-pad has-global-padding is-layout-constrained wp-block-group-is-layout-constrained\" style=\"border-top-left-radius:15px;border-top-right-radius:15px;margin-bottom:var(--wp--preset--spacing--20)\">\n<header class=\"wp-block-group has-global-padding is-layout-constrained wp-container-core-group-is-layout-7db9d80f wp-block-group-is-layout-constrained\" style=\"padding-right:0;padding-left:0\">\n<div class=\" wp-block-columns has-0-9-background-color has-background is-layout-flex wp-container-core-columns-is-layout-0af18515 wp-block-columns-is-layout-flex\" style=\"margin-bottom:var(--wp--preset--spacing--20)\">\n<div class=\"wp-block-column is-vertically-aligned-center is-layout-flow wp-block-column-is-layout-flow\" style=\"padding-top:var(--wp--preset--spacing--20)\"><h1 style=\"margin-bottom:var(--wp--preset--spacing--20);\" class=\"wp-block-post-title has-h-2-font-size\">Acerca de nosotros<\/h1>\n\n\n<p class=\" \">CO4Kids es la campa\u00f1a de Colorado que tiene como objetivo crear conciencia sobre las formas de prevenir el abuso y el descuido de menores y la necesidad de familias sustitutas y adoptivas en todas las comunidades. La campa\u00f1a, dirigida por el Departamento de Servicios Humanos de Colorado, incluye la l\u00ednea de ayuda directa para casos de abuso y descuido de menores, 844-CO-4-Kids (844-264-5437). Esta l\u00ednea de ayuda directa disponible las 24 horas del d\u00eda, los 365 d\u00edas del a\u00f1o es un recurso para que los habitantes de Colorado conecten a las familias con el apoyo que necesitan para salir adelante. <\/p>\n\n\n\n<p class=\" \">Si conoce a una familia que podr\u00eda necesitar apoyo o si sospecha sobre un posible caso de abuso o descuido de menores, llame al 844-264-5437. En aproximadamente el 70 % de los casos de bienestar infantil, los ni\u00f1os y j\u00f3venes se quedan seguros en casa mientras su familia recibe los servicios. Si un ni\u00f1o est\u00e1 en peligro inmediato, llame al 911. Si no lo hace usted, \u00bfentonces qui\u00e9n? <\/p>\n<\/div>\n\n\n\n<div class=\"wp-block-column is-vertically-aligned-top is-first-md is-layout-flow wp-block-column-is-layout-flow\"><figure class=\"ani-bottom has-arrow-mask-down has-arrow-mask wp-block-post-featured-image\"><img loading=\"lazy\" decoding=\"async\" width=\"1280\" height=\"853\" src=\"https:\/\/co4kids.org\/wp-content\/uploads\/2024\/12\/Smiling-Kids-Outside-spanish.jpg\" class=\"attachment-post-thumbnail size-post-thumbnail wp-post-image\" alt=\"Cinco ni\u00f1os sonrientes se abrazan y viendo hacia la c\u00e1mara en un momento de alegr\u00eda.\" style=\"object-fit:cover;\" srcset=\"https:\/\/co4kids.org\/wp-content\/uploads\/2024\/12\/Smiling-Kids-Outside-spanish.jpg 1280w, https:\/\/co4kids.org\/wp-content\/uploads\/2024\/12\/Smiling-Kids-Outside-spanish-450x300.jpg 450w, https:\/\/co4kids.org\/wp-content\/uploads\/2024\/12\/Smiling-Kids-Outside-spanish-1024x682.jpg 1024w, https:\/\/co4kids.org\/wp-content\/uploads\/2024\/12\/Smiling-Kids-Outside-spanish-768x512.jpg 768w\" sizes=\"auto, (max-width: 1280px) 100vw, 1280px\" \/><\/figure><\/div>\n<\/div>\n<\/header>\n<\/div>\n\n<p class=\"\"><\/p>\n\n<div class=\"wp-block-group has-0-9-color has-text-color has-global-padding is-layout-constrained wp-block-group-is-layout-constrained\" style=\"margin-top:var(--wp--preset--spacing--20)\">\n<div class=\"wp-block-group has-global-padding is-layout-constrained wp-block-group-is-layout-constrained\">\n<h2 class=\"wp-block-heading has-text-align-center has-5-5-color has-text-color\" style=\"margin-top:0;margin-bottom:0\">Historia<\/h2>\n\n\n\n<div class=\"wp-block-columns is-layout-flex wp-container-core-columns-is-layout-bb7b664b wp-block-columns-is-layout-flex\" style=\"margin-top:var(--wp--preset--spacing--20);margin-bottom:0;padding-bottom:0\">\n<div class=\"wp-block-column is-vertically-aligned-top is-layout-flow wp-block-column-is-layout-flow\">\n<p class=\"\">En 2015, el Departamento de Servicios Humanos de Colorado, en asociaci\u00f3n con m\u00e1s de 150 socios comunitarios en todo el estado, lanz\u00f3 la campa\u00f1a de concientizaci\u00f3n p\u00fablica sobre el abuso y descuido de menores CO4Kids. El enfoque inicial de la campa\u00f1a fue promover la l\u00ednea confidencial de ayuda directa de denuncias de abuso y descuido de menores para todo el estado, 844-264-5437. <\/p>\n\n\n\n<p class=\"\">Desde entonces, la campa\u00f1a creci\u00f3 para incluir esfuerzos a fin de educar al p\u00fablico sobre las se\u00f1ales de abuso y descuido, crear conciencia sobre la necesidad de encontrar familias sustitutas y adoptivas, capacitar a los denunciantes obligatorios sobre su papel en la denuncia de sospechas de abuso o descuido, y animar a todos los residentes de Colorado a involucrarse y desempe\u00f1ar un papel en la prevenci\u00f3n del abuso y el desuido de menores.<\/p>\n<\/div>\n<\/div>\n<\/div>\n<\/div>\n","protected":false},"excerpt":{"rendered":"<p>CO4Kids es la campa\u00f1a de Colorado que tiene como objetivo crear conciencia sobre las formas de prevenir el abuso y el descuido de menores y la necesidad de familias sustitutas&#8230;<\/p>\n","protected":false},"author":1,"featured_media":30072,"parent":0,"menu_order":0,"comment_status":"closed","ping_status":"closed","template":"","meta":{"_aquamin_featured_video":"","_aquamin_featured_post":false,"_price":"","_stock":"","_tribe_ticket_header":"","_tribe_default_ticket_provider":"","_tribe_ticket_capacity":"0","_ticket_start_date":"","_ticket_end_date":"","_tribe_ticket_show_description":"","_tribe_ticket_show_not_going":false,"_tribe_ticket_use_global_stock":"","_tribe_ticket_global_stock_level":"","_global_stock_mode":"","_global_stock_cap":"","_tribe_rsvp_for_event":"","_tribe_ticket_going_count":"","_tribe_ticket_not_going_count":"","_tribe_tickets_list":"[]","_tribe_ticket_has_attendee_info_fields":false,"footnotes":"","_tec_slr_enabled":"","_tec_slr_layout":""},"class_list":["post-560","page","type-page","status-publish","has-post-thumbnail","hentry"],"yoast_head":"<!-- This site is optimized with the Yoast SEO Premium plugin v27.4 (Yoast SEO v27.4) - https:\/\/yoast.com\/product\/yoast-seo-premium-wordpress\/ -->\n<title>Acerca de nosotros - CO4Kids<\/title>\n<meta name=\"robots\" content=\"index, follow, max-snippet:-1, max-image-preview:large, max-video-preview:-1\" \/>\n<link rel=\"canonical\" href=\"https:\/\/co4kids.org\/es\/sobre-nosotros\/\" \/>\n<meta property=\"og:locale\" content=\"es_ES\" \/>\n<meta property=\"og:type\" content=\"article\" \/>\n<meta property=\"og:title\" content=\"Acerca de nosotros\" \/>\n<meta property=\"og:description\" content=\"CO4Kids es la campa\u00f1a de Colorado que tiene como objetivo crear conciencia sobre las formas de prevenir el abuso y el descuido de menores y la necesidad de familias sustitutas...\" \/>\n<meta property=\"og:url\" content=\"https:\/\/co4kids.org\/es\/sobre-nosotros\/\" \/>\n<meta property=\"og:site_name\" content=\"CO4Kids\" \/>\n<meta property=\"article:modified_time\" content=\"2026-01-05T23:34:33+00:00\" \/>\n<meta property=\"og:image\" content=\"https:\/\/co4kids.org\/wp-content\/uploads\/2024\/12\/Smiling-Kids-Outside-spanish.jpg\" \/>\n\t<meta property=\"og:image:width\" content=\"1280\" \/>\n\t<meta property=\"og:image:height\" content=\"853\" \/>\n\t<meta property=\"og:image:type\" content=\"image\/jpeg\" \/>\n<meta name=\"twitter:card\" content=\"summary_large_image\" \/>\n<meta name=\"twitter:label1\" content=\"Tiempo de lectura\" \/>\n\t<meta name=\"twitter:data1\" content=\"2 minutos\" \/>\n<script type=\"application\/ld+json\" class=\"yoast-schema-graph\">{\"@context\":\"https:\\\/\\\/schema.org\",\"@graph\":[{\"@type\":[\"WebPage\",\"AboutPage\"],\"@id\":\"https:\\\/\\\/co4kids.org\\\/es\\\/sobre-nosotros\\\/\",\"url\":\"https:\\\/\\\/co4kids.org\\\/es\\\/sobre-nosotros\\\/\",\"name\":\"Acerca de nosotros - CO4Kids\",\"isPartOf\":{\"@id\":\"https:\\\/\\\/co4kids.org\\\/es\\\/#website\"},\"primaryImageOfPage\":{\"@id\":\"https:\\\/\\\/co4kids.org\\\/es\\\/sobre-nosotros\\\/#primaryimage\"},\"image\":{\"@id\":\"https:\\\/\\\/co4kids.org\\\/es\\\/sobre-nosotros\\\/#primaryimage\"},\"thumbnailUrl\":\"https:\\\/\\\/co4kids.org\\\/wp-content\\\/uploads\\\/2024\\\/12\\\/Smiling-Kids-Outside-spanish.jpg\",\"datePublished\":\"2023-03-23T03:08:16+00:00\",\"dateModified\":\"2026-01-05T23:34:33+00:00\",\"breadcrumb\":{\"@id\":\"https:\\\/\\\/co4kids.org\\\/es\\\/sobre-nosotros\\\/#breadcrumb\"},\"inLanguage\":\"es\",\"potentialAction\":[{\"@type\":\"ReadAction\",\"target\":[\"https:\\\/\\\/co4kids.org\\\/es\\\/sobre-nosotros\\\/\"]}]},{\"@type\":\"ImageObject\",\"inLanguage\":\"es\",\"@id\":\"https:\\\/\\\/co4kids.org\\\/es\\\/sobre-nosotros\\\/#primaryimage\",\"url\":\"https:\\\/\\\/co4kids.org\\\/wp-content\\\/uploads\\\/2024\\\/12\\\/Smiling-Kids-Outside-spanish.jpg\",\"contentUrl\":\"https:\\\/\\\/co4kids.org\\\/wp-content\\\/uploads\\\/2024\\\/12\\\/Smiling-Kids-Outside-spanish.jpg\",\"width\":1280,\"height\":853,\"caption\":\"Cinco ni\u00f1os sonrientes se abrazan y viendo hacia la c\u00e1mara en un momento de alegr\u00eda.\"},{\"@type\":\"BreadcrumbList\",\"@id\":\"https:\\\/\\\/co4kids.org\\\/es\\\/sobre-nosotros\\\/#breadcrumb\",\"itemListElement\":[{\"@type\":\"ListItem\",\"position\":1,\"name\":\"Home\",\"item\":\"https:\\\/\\\/co4kids.org\\\/es\\\/\"},{\"@type\":\"ListItem\",\"position\":2,\"name\":\"Acerca de nosotros\"}]},{\"@type\":\"WebSite\",\"@id\":\"https:\\\/\\\/co4kids.org\\\/es\\\/#website\",\"url\":\"https:\\\/\\\/co4kids.org\\\/es\\\/\",\"name\":\"CO4Kids\",\"description\":\"If not you, then who?\",\"potentialAction\":[{\"@type\":\"SearchAction\",\"target\":{\"@type\":\"EntryPoint\",\"urlTemplate\":\"https:\\\/\\\/co4kids.org\\\/es\\\/?s={search_term_string}\"},\"query-input\":{\"@type\":\"PropertyValueSpecification\",\"valueRequired\":true,\"valueName\":\"search_term_string\"}}],\"inLanguage\":\"es\"}]}<\/script>\n<!-- \/ Yoast SEO Premium plugin. -->","yoast_head_json":{"title":"Acerca de nosotros - CO4Kids","robots":{"index":"index","follow":"follow","max-snippet":"max-snippet:-1","max-image-preview":"max-image-preview:large","max-video-preview":"max-video-preview:-1"},"canonical":"https:\/\/co4kids.org\/es\/sobre-nosotros\/","og_locale":"es_ES","og_type":"article","og_title":"Acerca de nosotros","og_description":"CO4Kids es la campa\u00f1a de Colorado que tiene como objetivo crear conciencia sobre las formas de prevenir el abuso y el descuido de menores y la necesidad de familias sustitutas...","og_url":"https:\/\/co4kids.org\/es\/sobre-nosotros\/","og_site_name":"CO4Kids","article_modified_time":"2026-01-05T23:34:33+00:00","og_image":[{"width":1280,"height":853,"url":"https:\/\/co4kids.org\/wp-content\/uploads\/2024\/12\/Smiling-Kids-Outside-spanish.jpg","type":"image\/jpeg"}],"twitter_card":"summary_large_image","twitter_misc":{"Tiempo de lectura":"2 minutos"},"schema":{"@context":"https:\/\/schema.org","@graph":[{"@type":["WebPage","AboutPage"],"@id":"https:\/\/co4kids.org\/es\/sobre-nosotros\/","url":"https:\/\/co4kids.org\/es\/sobre-nosotros\/","name":"Acerca de nosotros - CO4Kids","isPartOf":{"@id":"https:\/\/co4kids.org\/es\/#website"},"primaryImageOfPage":{"@id":"https:\/\/co4kids.org\/es\/sobre-nosotros\/#primaryimage"},"image":{"@id":"https:\/\/co4kids.org\/es\/sobre-nosotros\/#primaryimage"},"thumbnailUrl":"https:\/\/co4kids.org\/wp-content\/uploads\/2024\/12\/Smiling-Kids-Outside-spanish.jpg","datePublished":"2023-03-23T03:08:16+00:00","dateModified":"2026-01-05T23:34:33+00:00","breadcrumb":{"@id":"https:\/\/co4kids.org\/es\/sobre-nosotros\/#breadcrumb"},"inLanguage":"es","potentialAction":[{"@type":"ReadAction","target":["https:\/\/co4kids.org\/es\/sobre-nosotros\/"]}]},{"@type":"ImageObject","inLanguage":"es","@id":"https:\/\/co4kids.org\/es\/sobre-nosotros\/#primaryimage","url":"https:\/\/co4kids.org\/wp-content\/uploads\/2024\/12\/Smiling-Kids-Outside-spanish.jpg","contentUrl":"https:\/\/co4kids.org\/wp-content\/uploads\/2024\/12\/Smiling-Kids-Outside-spanish.jpg","width":1280,"height":853,"caption":"Cinco ni\u00f1os sonrientes se abrazan y viendo hacia la c\u00e1mara en un momento de alegr\u00eda."},{"@type":"BreadcrumbList","@id":"https:\/\/co4kids.org\/es\/sobre-nosotros\/#breadcrumb","itemListElement":[{"@type":"ListItem","position":1,"name":"Home","item":"https:\/\/co4kids.org\/es\/"},{"@type":"ListItem","position":2,"name":"Acerca de nosotros"}]},{"@type":"WebSite","@id":"https:\/\/co4kids.org\/es\/#website","url":"https:\/\/co4kids.org\/es\/","name":"CO4Kids","description":"If not you, then who?","potentialAction":[{"@type":"SearchAction","target":{"@type":"EntryPoint","urlTemplate":"https:\/\/co4kids.org\/es\/?s={search_term_string}"},"query-input":{"@type":"PropertyValueSpecification","valueRequired":true,"valueName":"search_term_string"}}],"inLanguage":"es"}]}},"publishpress_future_workflow_manual_trigger":{"enabledWorkflows":[]},"ticketed":false,"_links":{"self":[{"href":"https:\/\/co4kids.org\/es\/wp-json\/wp\/v2\/pages\/560","targetHints":{"allow":["GET"]}}],"collection":[{"href":"https:\/\/co4kids.org\/es\/wp-json\/wp\/v2\/pages"}],"about":[{"href":"https:\/\/co4kids.org\/es\/wp-json\/wp\/v2\/types\/page"}],"author":[{"embeddable":true,"href":"https:\/\/co4kids.org\/es\/wp-json\/wp\/v2\/users\/1"}],"replies":[{"embeddable":true,"href":"https:\/\/co4kids.org\/es\/wp-json\/wp\/v2\/comments?post=560"}],"version-history":[{"count":0,"href":"https:\/\/co4kids.org\/es\/wp-json\/wp\/v2\/pages\/560\/revisions"}],"wp:featuredmedia":[{"embeddable":true,"href":"https:\/\/co4kids.org\/es\/wp-json\/wp\/v2\/media\/30072"}],"wp:attachment":[{"href":"https:\/\/co4kids.org\/es\/wp-json\/wp\/v2\/media?parent=560"}],"curies":[{"name":"wp","href":"https:\/\/api.w.org\/{rel}","templated":true}]}}