{"id":529,"date":"2023-03-16T20:39:08","date_gmt":"2023-03-17T02:39:08","guid":{"rendered":"https:\/\/co4kids.org\/cuidado-de-crianza-temporal-adopcion\/voz-juvenil\/"},"modified":"2024-12-12T13:50:52","modified_gmt":"2024-12-12T20:50:52","slug":"voz-juvenil","status":"publish","type":"page","link":"https:\/\/co4kids.org\/es\/cuidado-de-crianza-temporal-adopcion\/voz-juvenil\/","title":{"rendered":"Recursos para los J\u00f3venes"},"content":{"rendered":"\n<div class=\"has-arrow-mask-down ani-bottom has-arrow-mask-pad has-arrow-mask wp-block-group has-wider-padding has-sticky-radius has-0-9-background-color has-background has-arrow-mask has-arrow-mask-down ani-bottom has-arrow-mask-pad has-global-padding is-layout-constrained wp-block-group-is-layout-constrained\" style=\"border-top-left-radius:15px;border-top-right-radius:15px;margin-bottom:var(--wp--preset--spacing--20)\">\n<header class=\"wp-block-group has-global-padding is-layout-constrained wp-container-core-group-is-layout-7db9d80f wp-block-group-is-layout-constrained\" style=\"padding-right:0;padding-left:0\">\n<div class=\" wp-block-columns has-0-9-background-color has-background is-layout-flex wp-container-core-columns-is-layout-0af18515 wp-block-columns-is-layout-flex\" style=\"margin-bottom:var(--wp--preset--spacing--20)\">\n<div class=\"wp-block-column is-vertically-aligned-center is-layout-flow wp-block-column-is-layout-flow\" style=\"padding-top:var(--wp--preset--spacing--20)\"><h1 style=\"margin-bottom:var(--wp--preset--spacing--20);\" class=\"wp-block-post-title has-h-2-font-size\">Recursos para los J\u00f3venes<\/h1>\n\n\n<p class=\" \">Estamos profundamente comprometidos a escuchar atentamente y valorar las voces y experiencias de los j\u00f3venes a los que servimos. Sus puntos de vista son esenciales para nuestra misi\u00f3n y gu\u00edan nuestras acciones. Nos esforzamos por honrar sus puntos de vista \u00fanicos y garantizar que sus contribuciones den forma a nuestras decisiones e iniciativas.<\/p>\n<\/div>\n\n\n\n<div class=\"wp-block-column is-vertically-aligned-top is-first-md is-layout-flow wp-block-column-is-layout-flow\"><figure class=\"ani-bottom has-arrow-mask-down has-arrow-mask wp-block-post-featured-image\"><img loading=\"lazy\" decoding=\"async\" width=\"1200\" height=\"675\" src=\"https:\/\/co4kids.org\/wp-content\/uploads\/2024\/12\/Youth-Voices-04-web-spanish.jpg\" class=\"attachment-post-thumbnail size-post-thumbnail wp-post-image\" alt=\"Dos adolescentes, Maddie y Elizabeth, comparten sus experiencias dentro del sistema de cuidado de crianza de Colorado.\" style=\"object-fit:cover;\" srcset=\"https:\/\/co4kids.org\/wp-content\/uploads\/2024\/12\/Youth-Voices-04-web-spanish.jpg 1200w, https:\/\/co4kids.org\/wp-content\/uploads\/2024\/12\/Youth-Voices-04-web-spanish-450x253.jpg 450w, https:\/\/co4kids.org\/wp-content\/uploads\/2024\/12\/Youth-Voices-04-web-spanish-1024x576.jpg 1024w, https:\/\/co4kids.org\/wp-content\/uploads\/2024\/12\/Youth-Voices-04-web-spanish-768x432.jpg 768w\" sizes=\"auto, (max-width: 1200px) 100vw, 1200px\" \/><\/figure><\/div>\n<\/div>\n\n\n\n<p class=\"\"><\/p>\n<\/header>\n<\/div>\n\n<div class=\"wp-block-group has-global-padding is-layout-constrained wp-block-group-is-layout-constrained\">\n<h2 class=\"wp-block-heading has-text-align-center has-5-5-color has-text-color\">Semana de Sensibilizaci\u00f3n de la Juventud<\/h2>\n\n\n\n<div class=\"wp-block-columns has-0-9-color has-text-color is-layout-flex wp-container-core-columns-is-layout-28f84493 wp-block-columns-is-layout-flex\">\n<div class=\"wp-block-column is-layout-flow wp-block-column-is-layout-flow\">\n<p class=\"\">La Red de Liderazgo Juvenil de Colorado del Departamento de Servicios Humanos de Colorado patrocina <a href=\"https:\/\/sites.google.com\/view\/youthawarenessweek\/home\">la Semana de Concienciaci\u00f3n Juvenil de Colorado (CYAW<\/a>, por sus siglas en ingl\u00e9s) para hacer hincapi\u00e9 en la voz positiva de los j\u00f3venes y celebrar la influencia que tienen en nuestro estado y en las comunidades locales, as\u00ed como para reconocer los logros positivos y las contribuciones que han realizado. La semana tambi\u00e9n reconoce a las diversas organizaciones y defensores que involucran a los j\u00f3venes de Colorado y ayudan a guiarlos hacia opciones de vida positivas y hacia la estabilidad.<\/p>\n\n\n\n<p class=\"\">La Red de Liderazgo Juvenil de Colorado del Departamento de Servicios Humanos de Colorado patrocina CYAW para hacer hincapi\u00e9 en la voz positiva de los j\u00f3venes y celebrar la influencia que tienen en nuestro estado y en las comunidades locales, as\u00ed como para reconocer los logros positivos y las contribuciones que han realizado.<\/p>\n<\/div>\n\n\n\n<div class=\"wp-block-column is-layout-flow wp-block-column-is-layout-flow\">\n<p class=\"\">La semana tambi\u00e9n reconoce a las diversas organizaciones y defensores que involucran a los j\u00f3venes de Colorado y ayudan a guiarlos hacia opciones de vida positivas y hacia la estabilidad. <\/p>\n\n\n\n<p class=\"\">Durante la Semana de Concienciaci\u00f3n sobre la Juventud de Colorado se ofrecen muchas oportunidades de <a href=\"https:\/\/drive.google.com\/file\/d\/1BZOecwy6JW5UXdS_hwxSJK3o9dcYoEFa\/view?mc_cid=f7a53dd1c4&amp;mc_eid=UNIQID\" target=\"_blank\" rel=\"noreferrer noopener\">participaci\u00f3n juvenil<\/a> y <a href=\"https:\/\/drive.google.com\/file\/d\/10ytyuozZFvkAFkgMS-say_lfvvB68TUl\/view?mc_cid=f7a53dd1c4&amp;mc_eid=UNIQID\" target=\"_blank\" rel=\"noreferrer noopener\">de desarrollo profesional y formaci\u00f3n<\/a>. Tambi\u00e9n hay actos de \u00e1mbito comunitario y actos espec\u00edficos para j\u00f3venes y adolescentes. Encontrar\u00e1 m\u00e1s informaci\u00f3n en <a href=\"https:\/\/sites.google.com\/view\/youthawarenessweek\/co-youth-awareness-days?authuser=0\" target=\"_blank\" rel=\"noreferrer noopener\">D\u00edas de Concienciaci\u00f3n Juvenil en CO<\/a>.<\/p>\n<\/div>\n<\/div>\n\n\n\n<p class=\"has-0-9-color has-text-color\"><\/p>\n<\/div>\n\n<div class=\"wp-block-group has-0-9-background-color has-background has-global-padding is-layout-constrained wp-container-core-group-is-layout-b4901b4f wp-block-group-is-layout-constrained\" style=\"border-style:none;border-width:0px;border-radius:15px;margin-top:var(--wp--preset--spacing--50);margin-bottom:0;padding-top:var(--wp--preset--spacing--10);padding-bottom:var(--wp--preset--spacing--10)\">\n<div class=\"wp-block-columns alignwide is-layout-flex wp-container-core-columns-is-layout-3fa6c800 wp-block-columns-is-layout-flex\" style=\"margin-top:var(--wp--preset--spacing--20);margin-bottom:var(--wp--preset--spacing--20);padding-bottom:var(--wp--preset--spacing--50)\">\n<div class=\"wp-block-column is-vertically-aligned-center is-layout-flow wp-block-column-is-layout-flow\"><div class=\"has-arrow-mask-right ani-bottom has-arrow-mask featured-video wp-block-aquamin-featured-video\">\n\t\t\t<div class=\"vid\"><button class=\"vid-play button--basic\" role=\"button\" aria-label=\"Play Video\"><img loading=\"lazy\" decoding=\"async\" width=\"804\" height=\"451\" src=\"https:\/\/co4kids.org\/wp-content\/uploads\/2023\/07\/Screenshot-2023-07-19-at-2.35.26-PM.png\" class=\"attachment-large size-large\" alt=\"On top of an image of two smiling teens, text reads: Youth Awareness Week Sept. 6-12, 2020.\" srcset=\"https:\/\/co4kids.org\/wp-content\/uploads\/2023\/07\/Screenshot-2023-07-19-at-2.35.26-PM.png 804w, https:\/\/co4kids.org\/wp-content\/uploads\/2023\/07\/Screenshot-2023-07-19-at-2.35.26-PM-450x252.png 450w, https:\/\/co4kids.org\/wp-content\/uploads\/2023\/07\/Screenshot-2023-07-19-at-2.35.26-PM-768x431.png 768w\" sizes=\"auto, (max-width: 804px) 100vw, 804px\" \/><\/button><iframe src=\"https:\/\/www.facebook.com\/plugins\/video.php?href=https%3A%2F%2Ffb.watch%2FlU0AsuFKkk%2F&#038;width=1440\"  width=\"100%\" scrolling=\"no\" allowfullscreen=\"true\" allow=\"autoplay; clipboard-write; encrypted-media; picture-in-picture; web-share\" allowFullScreen=\"true\"><\/iframe><\/div>\t<\/div>\n<\/div>\n\n\n\n<div class=\"wp-block-column is-vertically-aligned-center is-layout-flow wp-block-column-is-layout-flow\">\n<h3 class=\"wp-block-heading\">\u00bfPor qu\u00e9 es Importante la Voz de los J\u00f3venes?<\/h3>\n\n\n\n<p class=\"\">En el 2020, la Red de Liderazgo Juvenil de Colorado cre\u00f3 un v\u00eddeo sobre la importancia de la voz de los j\u00f3venes. Vea este v\u00eddeo en el que j\u00f3venes y profesionales explican por qu\u00e9 es importante la voz de los j\u00f3venes.<\/p>\n<\/div>\n<\/div>\n\n\n\n<div class=\"wp-block-columns has-0-9-background-color has-background is-layout-flex wp-container-core-columns-is-layout-0af18515 wp-block-columns-is-layout-flex\" style=\"margin-bottom:var(--wp--preset--spacing--20)\">\n<div class=\"wp-block-column is-vertically-aligned-center is-layout-flow wp-block-column-is-layout-flow\" style=\"flex-basis:50%\">\n<h3 class=\"wp-block-heading\">V\u00eddeo: Ayudar a un amigo en apuros<\/h3>\n\n\n\n<p class=\"\">Todos los ni\u00f1os y j\u00f3venes merecen sentirse seguros y queridos. Si usted o alguien que conoce se siente inseguro en casa, puede tomar medidas para obtener ayuda.<\/p>\n<\/div>\n\n\n\n<div class=\"wp-block-column is-vertically-aligned-center is-first-md is-layout-flow wp-block-column-is-layout-flow\" style=\"padding-top:var(--wp--preset--spacing--10);padding-bottom:var(--wp--preset--spacing--10);flex-basis:60%\"><div class=\"has-arrow-mask-left ani-bottom has-arrow-mask featured-video wp-block-aquamin-featured-video\">\n\t\t\t<div class=\"vid\"><button class=\"vid-play button--basic\" role=\"button\" aria-label=\"Play Video\"><img loading=\"lazy\" decoding=\"async\" width=\"898\" height=\"504\" src=\"https:\/\/co4kids.org\/wp-content\/uploads\/2023\/06\/Screenshot-2023-06-07-at-12.19.40-AM.png\" class=\"attachment-large size-large\" alt=\"A text message conversation that starts with, hey, you okay? and ends with not really.\" srcset=\"https:\/\/co4kids.org\/wp-content\/uploads\/2023\/06\/Screenshot-2023-06-07-at-12.19.40-AM.png 898w, https:\/\/co4kids.org\/wp-content\/uploads\/2023\/06\/Screenshot-2023-06-07-at-12.19.40-AM-450x253.png 450w, https:\/\/co4kids.org\/wp-content\/uploads\/2023\/06\/Screenshot-2023-06-07-at-12.19.40-AM-768x431.png 768w\" sizes=\"auto, (max-width: 898px) 100vw, 898px\" \/><\/button><iframe loading=\"lazy\" title=\"Help a Friend in Trouble\" width=\"500\" height=\"281\" src=\"https:\/\/www.youtube.com\/embed\/wPQPf_f7WA4?feature=oembed\" frameborder=\"0\" allow=\"accelerometer; autoplay; clipboard-write; encrypted-media; gyroscope; picture-in-picture; web-share\" referrerpolicy=\"strict-origin-when-cross-origin\" allowfullscreen><\/iframe><\/div>\t<\/div>\n<\/div>\n<\/div>\n<\/div>\n","protected":false},"excerpt":{"rendered":"<p>Estamos profundamente comprometidos a escuchar atentamente y valorar las voces y experiencias de los j\u00f3venes a los que servimos. Sus puntos de vista son esenciales para nuestra misi\u00f3n y gu\u00edan&#8230;<\/p>\n","protected":false},"author":1,"featured_media":30341,"parent":516,"menu_order":28,"comment_status":"closed","ping_status":"closed","template":"","meta":{"_aquamin_featured_video":"","_aquamin_featured_post":false,"_price":"","_stock":"","_tribe_ticket_header":"","_tribe_default_ticket_provider":"","_tribe_ticket_capacity":"0","_ticket_start_date":"","_ticket_end_date":"","_tribe_ticket_show_description":"","_tribe_ticket_show_not_going":false,"_tribe_ticket_use_global_stock":"","_tribe_ticket_global_stock_level":"","_global_stock_mode":"","_global_stock_cap":"","_tribe_rsvp_for_event":"","_tribe_ticket_going_count":"","_tribe_ticket_not_going_count":"","_tribe_tickets_list":"[]","_tribe_ticket_has_attendee_info_fields":false,"footnotes":"","_tec_slr_enabled":"","_tec_slr_layout":""},"class_list":["post-529","page","type-page","status-publish","has-post-thumbnail","hentry"],"yoast_head":"<!-- This site is optimized with the Yoast SEO Premium plugin v27.4 (Yoast SEO v27.4) - https:\/\/yoast.com\/product\/yoast-seo-premium-wordpress\/ -->\n<title>Recursos para los J\u00f3venes - CO4Kids<\/title>\n<meta name=\"robots\" content=\"index, follow, max-snippet:-1, max-image-preview:large, max-video-preview:-1\" \/>\n<link rel=\"canonical\" href=\"https:\/\/co4kids.org\/es\/cuidado-de-crianza-temporal-adopcion\/voz-juvenil\/\" \/>\n<meta property=\"og:locale\" content=\"es_ES\" \/>\n<meta property=\"og:type\" content=\"article\" \/>\n<meta property=\"og:title\" content=\"Recursos para los J\u00f3venes\" \/>\n<meta property=\"og:description\" content=\"Estamos profundamente comprometidos a escuchar atentamente y valorar las voces y experiencias de los j\u00f3venes a los que servimos. Sus puntos de vista son esenciales para nuestra misi\u00f3n y gu\u00edan...\" \/>\n<meta property=\"og:url\" content=\"https:\/\/co4kids.org\/es\/cuidado-de-crianza-temporal-adopcion\/voz-juvenil\/\" \/>\n<meta property=\"og:site_name\" content=\"CO4Kids\" \/>\n<meta property=\"article:modified_time\" content=\"2024-12-12T20:50:52+00:00\" \/>\n<meta property=\"og:image\" content=\"https:\/\/co4kids.org\/wp-content\/uploads\/2024\/12\/Youth-Voices-04-web-spanish.jpg\" \/>\n\t<meta property=\"og:image:width\" content=\"1200\" \/>\n\t<meta property=\"og:image:height\" content=\"675\" \/>\n\t<meta property=\"og:image:type\" content=\"image\/jpeg\" \/>\n<meta name=\"twitter:card\" content=\"summary_large_image\" \/>\n<meta name=\"twitter:label1\" content=\"Tiempo de lectura\" \/>\n\t<meta name=\"twitter:data1\" content=\"2 minutos\" \/>\n<script type=\"application\/ld+json\" class=\"yoast-schema-graph\">{\"@context\":\"https:\\\/\\\/schema.org\",\"@graph\":[{\"@type\":\"WebPage\",\"@id\":\"https:\\\/\\\/co4kids.org\\\/es\\\/cuidado-de-crianza-temporal-adopcion\\\/voz-juvenil\\\/\",\"url\":\"https:\\\/\\\/co4kids.org\\\/es\\\/cuidado-de-crianza-temporal-adopcion\\\/voz-juvenil\\\/\",\"name\":\"Recursos para los J\u00f3venes - CO4Kids\",\"isPartOf\":{\"@id\":\"https:\\\/\\\/co4kids.org\\\/es\\\/#website\"},\"primaryImageOfPage\":{\"@id\":\"https:\\\/\\\/co4kids.org\\\/es\\\/cuidado-de-crianza-temporal-adopcion\\\/voz-juvenil\\\/#primaryimage\"},\"image\":{\"@id\":\"https:\\\/\\\/co4kids.org\\\/es\\\/cuidado-de-crianza-temporal-adopcion\\\/voz-juvenil\\\/#primaryimage\"},\"thumbnailUrl\":\"https:\\\/\\\/co4kids.org\\\/wp-content\\\/uploads\\\/2024\\\/12\\\/Youth-Voices-04-web-spanish.jpg\",\"datePublished\":\"2023-03-17T02:39:08+00:00\",\"dateModified\":\"2024-12-12T20:50:52+00:00\",\"breadcrumb\":{\"@id\":\"https:\\\/\\\/co4kids.org\\\/es\\\/cuidado-de-crianza-temporal-adopcion\\\/voz-juvenil\\\/#breadcrumb\"},\"inLanguage\":\"es\",\"potentialAction\":[{\"@type\":\"ReadAction\",\"target\":[\"https:\\\/\\\/co4kids.org\\\/es\\\/cuidado-de-crianza-temporal-adopcion\\\/voz-juvenil\\\/\"]}]},{\"@type\":\"ImageObject\",\"inLanguage\":\"es\",\"@id\":\"https:\\\/\\\/co4kids.org\\\/es\\\/cuidado-de-crianza-temporal-adopcion\\\/voz-juvenil\\\/#primaryimage\",\"url\":\"https:\\\/\\\/co4kids.org\\\/wp-content\\\/uploads\\\/2024\\\/12\\\/Youth-Voices-04-web-spanish.jpg\",\"contentUrl\":\"https:\\\/\\\/co4kids.org\\\/wp-content\\\/uploads\\\/2024\\\/12\\\/Youth-Voices-04-web-spanish.jpg\",\"width\":1200,\"height\":675,\"caption\":\"Dos adolescentes, Maddie y Elizabeth, comparten sus experiencias dentro del sistema de cuidado de crianza de Colorado.\"},{\"@type\":\"BreadcrumbList\",\"@id\":\"https:\\\/\\\/co4kids.org\\\/es\\\/cuidado-de-crianza-temporal-adopcion\\\/voz-juvenil\\\/#breadcrumb\",\"itemListElement\":[{\"@type\":\"ListItem\",\"position\":1,\"name\":\"Home\",\"item\":\"https:\\\/\\\/co4kids.org\\\/es\\\/\"},{\"@type\":\"ListItem\",\"position\":2,\"name\":\"Cuidado de Acogida y Adopci\u00f3n\",\"item\":\"https:\\\/\\\/co4kids.org\\\/es\\\/cuidado-de-crianza-temporal-adopcion\\\/\"},{\"@type\":\"ListItem\",\"position\":3,\"name\":\"Recursos para los J\u00f3venes\"}]},{\"@type\":\"WebSite\",\"@id\":\"https:\\\/\\\/co4kids.org\\\/es\\\/#website\",\"url\":\"https:\\\/\\\/co4kids.org\\\/es\\\/\",\"name\":\"CO4Kids\",\"description\":\"If not you, then who?\",\"potentialAction\":[{\"@type\":\"SearchAction\",\"target\":{\"@type\":\"EntryPoint\",\"urlTemplate\":\"https:\\\/\\\/co4kids.org\\\/es\\\/?s={search_term_string}\"},\"query-input\":{\"@type\":\"PropertyValueSpecification\",\"valueRequired\":true,\"valueName\":\"search_term_string\"}}],\"inLanguage\":\"es\"}]}<\/script>\n<!-- \/ Yoast SEO Premium plugin. -->","yoast_head_json":{"title":"Recursos para los J\u00f3venes - CO4Kids","robots":{"index":"index","follow":"follow","max-snippet":"max-snippet:-1","max-image-preview":"max-image-preview:large","max-video-preview":"max-video-preview:-1"},"canonical":"https:\/\/co4kids.org\/es\/cuidado-de-crianza-temporal-adopcion\/voz-juvenil\/","og_locale":"es_ES","og_type":"article","og_title":"Recursos para los J\u00f3venes","og_description":"Estamos profundamente comprometidos a escuchar atentamente y valorar las voces y experiencias de los j\u00f3venes a los que servimos. Sus puntos de vista son esenciales para nuestra misi\u00f3n y gu\u00edan...","og_url":"https:\/\/co4kids.org\/es\/cuidado-de-crianza-temporal-adopcion\/voz-juvenil\/","og_site_name":"CO4Kids","article_modified_time":"2024-12-12T20:50:52+00:00","og_image":[{"width":1200,"height":675,"url":"https:\/\/co4kids.org\/wp-content\/uploads\/2024\/12\/Youth-Voices-04-web-spanish.jpg","type":"image\/jpeg"}],"twitter_card":"summary_large_image","twitter_misc":{"Tiempo de lectura":"2 minutos"},"schema":{"@context":"https:\/\/schema.org","@graph":[{"@type":"WebPage","@id":"https:\/\/co4kids.org\/es\/cuidado-de-crianza-temporal-adopcion\/voz-juvenil\/","url":"https:\/\/co4kids.org\/es\/cuidado-de-crianza-temporal-adopcion\/voz-juvenil\/","name":"Recursos para los J\u00f3venes - CO4Kids","isPartOf":{"@id":"https:\/\/co4kids.org\/es\/#website"},"primaryImageOfPage":{"@id":"https:\/\/co4kids.org\/es\/cuidado-de-crianza-temporal-adopcion\/voz-juvenil\/#primaryimage"},"image":{"@id":"https:\/\/co4kids.org\/es\/cuidado-de-crianza-temporal-adopcion\/voz-juvenil\/#primaryimage"},"thumbnailUrl":"https:\/\/co4kids.org\/wp-content\/uploads\/2024\/12\/Youth-Voices-04-web-spanish.jpg","datePublished":"2023-03-17T02:39:08+00:00","dateModified":"2024-12-12T20:50:52+00:00","breadcrumb":{"@id":"https:\/\/co4kids.org\/es\/cuidado-de-crianza-temporal-adopcion\/voz-juvenil\/#breadcrumb"},"inLanguage":"es","potentialAction":[{"@type":"ReadAction","target":["https:\/\/co4kids.org\/es\/cuidado-de-crianza-temporal-adopcion\/voz-juvenil\/"]}]},{"@type":"ImageObject","inLanguage":"es","@id":"https:\/\/co4kids.org\/es\/cuidado-de-crianza-temporal-adopcion\/voz-juvenil\/#primaryimage","url":"https:\/\/co4kids.org\/wp-content\/uploads\/2024\/12\/Youth-Voices-04-web-spanish.jpg","contentUrl":"https:\/\/co4kids.org\/wp-content\/uploads\/2024\/12\/Youth-Voices-04-web-spanish.jpg","width":1200,"height":675,"caption":"Dos adolescentes, Maddie y Elizabeth, comparten sus experiencias dentro del sistema de cuidado de crianza de Colorado."},{"@type":"BreadcrumbList","@id":"https:\/\/co4kids.org\/es\/cuidado-de-crianza-temporal-adopcion\/voz-juvenil\/#breadcrumb","itemListElement":[{"@type":"ListItem","position":1,"name":"Home","item":"https:\/\/co4kids.org\/es\/"},{"@type":"ListItem","position":2,"name":"Cuidado de Acogida y Adopci\u00f3n","item":"https:\/\/co4kids.org\/es\/cuidado-de-crianza-temporal-adopcion\/"},{"@type":"ListItem","position":3,"name":"Recursos para los J\u00f3venes"}]},{"@type":"WebSite","@id":"https:\/\/co4kids.org\/es\/#website","url":"https:\/\/co4kids.org\/es\/","name":"CO4Kids","description":"If not you, then who?","potentialAction":[{"@type":"SearchAction","target":{"@type":"EntryPoint","urlTemplate":"https:\/\/co4kids.org\/es\/?s={search_term_string}"},"query-input":{"@type":"PropertyValueSpecification","valueRequired":true,"valueName":"search_term_string"}}],"inLanguage":"es"}]}},"publishpress_future_workflow_manual_trigger":{"enabledWorkflows":[]},"ticketed":false,"_links":{"self":[{"href":"https:\/\/co4kids.org\/es\/wp-json\/wp\/v2\/pages\/529","targetHints":{"allow":["GET"]}}],"collection":[{"href":"https:\/\/co4kids.org\/es\/wp-json\/wp\/v2\/pages"}],"about":[{"href":"https:\/\/co4kids.org\/es\/wp-json\/wp\/v2\/types\/page"}],"author":[{"embeddable":true,"href":"https:\/\/co4kids.org\/es\/wp-json\/wp\/v2\/users\/1"}],"replies":[{"embeddable":true,"href":"https:\/\/co4kids.org\/es\/wp-json\/wp\/v2\/comments?post=529"}],"version-history":[{"count":0,"href":"https:\/\/co4kids.org\/es\/wp-json\/wp\/v2\/pages\/529\/revisions"}],"up":[{"embeddable":true,"href":"https:\/\/co4kids.org\/es\/wp-json\/wp\/v2\/pages\/516"}],"wp:featuredmedia":[{"embeddable":true,"href":"https:\/\/co4kids.org\/es\/wp-json\/wp\/v2\/media\/30341"}],"wp:attachment":[{"href":"https:\/\/co4kids.org\/es\/wp-json\/wp\/v2\/media?parent=529"}],"curies":[{"name":"wp","href":"https:\/\/api.w.org\/{rel}","templated":true}]}}