{"id":527,"date":"2023-03-16T20:39:08","date_gmt":"2023-03-17T02:39:08","guid":{"rendered":"https:\/\/co4kids.org\/cuidado-de-crianza-temporal-adopcion\/orgullo-adoptivo-en-colorado\/"},"modified":"2024-12-12T13:48:49","modified_gmt":"2024-12-12T20:48:49","slug":"orgullo-adoptivo-en-colorado","status":"publish","type":"page","link":"https:\/\/co4kids.org\/es\/cuidado-de-crianza-temporal-adopcion\/orgullo-adoptivo-en-colorado\/","title":{"rendered":"Acoja el Orgullo LGBTQ+"},"content":{"rendered":"\n<div class=\"has-arrow-mask-down ani-bottom has-arrow-mask-pad has-arrow-mask wp-block-group has-wider-padding has-sticky-radius has-0-9-background-color has-background has-arrow-mask has-arrow-mask-down ani-bottom has-arrow-mask-pad has-global-padding is-layout-constrained wp-block-group-is-layout-constrained\" style=\"border-top-left-radius:15px;border-top-right-radius:15px;margin-bottom:var(--wp--preset--spacing--20)\">\n<header class=\"wp-block-group has-global-padding is-layout-constrained wp-container-core-group-is-layout-7db9d80f wp-block-group-is-layout-constrained\" style=\"padding-right:0;padding-left:0\">\n<div class=\"wp-block-columns has-0-9-background-color has-background is-layout-flex wp-container-core-columns-is-layout-0af18515 wp-block-columns-is-layout-flex\" style=\"margin-bottom:var(--wp--preset--spacing--20)\">\n<div class=\"wp-block-column is-vertically-aligned-center is-layout-flow wp-block-column-is-layout-flow\" style=\"padding-top:var(--wp--preset--spacing--20)\"><h1 style=\"margin-bottom:var(--wp--preset--spacing--20);\" class=\"wp-block-post-title has-h-2-font-size\">Acoja el Orgullo LGBTQ+<\/h1>\n\n\n<p class=\"\"><strong>En un d\u00eda promedio en Colorado, 10 ni\u00f1os y j\u00f3venes ingresan a cuidado de acogidad porque sus padres necesitan tiempo para aprender nuevas habilidades de crianza y resolver problemas de seguridad correspondienes al enterno familiar.<\/strong> La investigaci\u00f3n nacional nos muestra que los j\u00f3venes que se identifican como LGBTQ+ est\u00e1n sobrerrepresentados en el sistema de cuidado de acogida. Estos ni\u00f1os y j\u00f3venes ingresan al sistema de acogida por muchas de las mismas razones que otros j\u00f3venes. Sin embargo, ellos pueden presentar traumas adicionales por haber sido rechazados o maltratados debido a su orientaci\u00f3n sexual, identidad de g\u00e9nero o expresi\u00f3n de g\u00e9nero.<\/p>\n\n\n\n<p class=\"\">Todos los ni\u00f1os y j\u00f3venes merecen una familia cari\u00f1osa y reconfortante que les brinde un lugar seguro para procesar sus sentimientos de dolor y p\u00e9rdida. Adem\u00e1s los ni\u00f1os y j\u00f3venes mereen un ambiente seguro en el que ellos tengan la libertad de expresar qui\u00e9nes son y en el que encuentren el apoyo que necesitan para convertirse en adultos responsables, felices y saludables. <\/p>\n<\/div>\n\n\n\n<div class=\"wp-block-column is-vertically-aligned-top is-first-md is-layout-flow wp-block-column-is-layout-flow\">\n<figure class=\"has-arrow-mask-down has-arrow-mask wp-block-image size-large has-custom-border has-arrow-mask has-arrow-mask-down\"><img loading=\"lazy\" decoding=\"async\" width=\"1024\" height=\"683\" src=\"https:\/\/co4kids.org\/wp-content\/uploads\/2023\/11\/DSC_7127-copy-2-1024x683.jpg\" alt=\"Dos padres en Colorado posando para una foto en el parque con su hijo adoptivo adolescente.\" class=\"wp-image-7635\" style=\"border-style:none;border-width:0px\" srcset=\"https:\/\/co4kids.org\/wp-content\/uploads\/2023\/11\/DSC_7127-copy-2-1024x683.jpg 1024w, https:\/\/co4kids.org\/wp-content\/uploads\/2023\/11\/DSC_7127-copy-2-450x300.jpg 450w, https:\/\/co4kids.org\/wp-content\/uploads\/2023\/11\/DSC_7127-copy-2-768x512.jpg 768w, https:\/\/co4kids.org\/wp-content\/uploads\/2023\/11\/DSC_7127-copy-2-1536x1024.jpg 1536w, https:\/\/co4kids.org\/wp-content\/uploads\/2023\/11\/DSC_7127-copy-2.jpg 1920w\" sizes=\"auto, (max-width: 1024px) 100vw, 1024px\" \/><\/figure>\n<\/div>\n<\/div>\n\n\n\n<p class=\"\"><\/p>\n<\/header>\n<\/div>\n\n\n\n<p class=\"\">&#8230;<\/p>\n\n\n\n<div class=\"ani-bottom has-arrow-mask-pad has-arrow-mask-down has-arrow-mask wp-block-group has-wider-padding has-sticky-radius has-0-9-background-color has-background has-arrow-mask ani-bottom has-arrow-mask-pad has-arrow-mask-down has-global-padding is-layout-constrained wp-block-group-is-layout-constrained\" style=\"border-bottom-left-radius:15px;border-bottom-right-radius:15px\">\n<div class=\"wp-block-columns is-layout-flex wp-container-core-columns-is-layout-714d7063 wp-block-columns-is-layout-flex\" style=\"padding-top:var(--wp--preset--spacing--20);padding-bottom:var(--wp--preset--spacing--20)\">\n<div class=\"wp-block-column is-layout-flow wp-container-core-column-is-layout-8a368f38 wp-block-column-is-layout-flow\">\n<h2 class=\"wp-block-heading has-h-3-font-size\">Primeros Pasos<\/h2>\n\n\n\n<p style=\"padding-top:var(--wp--preset--spacing--10);padding-bottom:var(--wp--preset--spacing--20)\" class=\"\">El Departamento de Servicios Humanos de Colorado participa con puestos en los festivales del Orgullo LGBTQ+ para crear conciencia sobre la necesidad de familias adoptivas y de cuidado de acogida. Nos asociamos con los departamentos de servicios humanos de los condados y <a href=\"https:\/\/co4kids.org\/es\/cuidado-de-crianza-temporal-adopcion\/cuidado-de-crianza-en-colorado\/\">las agencias de colocaci\u00f3n de ni\u00f1os<\/a> para compartir a los interesados en cuidado de acogida recursos, as\u00ed como tambi\u00e9n responder preguntas.<\/p>\n\n\n\n<figure class=\"ani-bottom has-arrow-mask-right has-arrow-mask wp-block-image size-large has-arrow-mask ani-bottom has-arrow-mask-right\"><img loading=\"lazy\" decoding=\"async\" width=\"1024\" height=\"683\" src=\"https:\/\/co4kids.org\/wp-content\/uploads\/2023\/08\/co4kids-foster-pride-resources-1024x683.jpg\" alt=\"2 padres adoptivos con un ni\u00f1o sonriente en la puerta.\" class=\"wp-image-4890\" srcset=\"https:\/\/co4kids.org\/wp-content\/uploads\/2023\/08\/co4kids-foster-pride-resources-1024x683.jpg 1024w, https:\/\/co4kids.org\/wp-content\/uploads\/2023\/08\/co4kids-foster-pride-resources-450x300.jpg 450w, https:\/\/co4kids.org\/wp-content\/uploads\/2023\/08\/co4kids-foster-pride-resources-768x512.jpg 768w, https:\/\/co4kids.org\/wp-content\/uploads\/2023\/08\/co4kids-foster-pride-resources.jpg 1200w\" sizes=\"auto, (max-width: 1024px) 100vw, 1024px\" \/><\/figure>\n<\/div>\n\n\n\n<div class=\"wp-block-column is-vertically-aligned-center is-layout-flow wp-block-column-is-layout-flow\">\n<p class=\"\"><\/p>\n\n\n\n<p class=\"\"><\/p>\n\n\n\n<p class=\"\"><\/p>\n\n\n\n<p class=\"\"><\/p>\n\n\n\n<p class=\"\"><\/p>\n\n\n\n<h4 class=\"wp-block-heading\">Recursos para Padres y Profesionales<\/h4>\n\n\n\n<p class=\"\">Padres y profesionales de bienestar infantil, en el siguiente enlace pueden encontrar hallazgos a investigaciones, recursos locales, organizaciones y m\u00e1s recursos para que puedan ayudar y apoyar a los j\u00f3venes que se identifican como LGBTQ+. Adicionalmente, encontrar\u00e1n recursos para apoyar a los padres que son LGBTQ+. <\/p>\n\n\n\n<div class=\"wp-block-buttons is-layout-flex wp-block-buttons-is-layout-flex\">\n<div class=\"wp-block-button is-style-arrowed\"><a class=\"wp-block-button__link wp-element-button\" href=\"https:\/\/co4kids.org\/lgbtq-resources-for-parents-and-professionals\/\"><strong>Encuentre Recursos<\/strong><\/a><\/div>\n<\/div>\n<\/div>\n<\/div>\n<\/div>\n\n\n\n<div class=\"wp-block-group has-global-padding is-layout-constrained wp-container-core-group-is-layout-2e55abde wp-block-group-is-layout-constrained\" style=\"padding-top:var(--wp--preset--spacing--80);padding-bottom:var(--wp--preset--spacing--80)\">\n<h2 class=\"wp-block-heading has-text-align-center has-5-5-color has-text-color\">\u00bfA\u00fan tiene preguntas? <\/h2>\n\n\n\n<div class=\"wp-block-buttons is-content-justification-center is-layout-flex wp-container-core-buttons-is-layout-a89b3969 wp-block-buttons-is-layout-flex\">\n<div class=\"wp-block-button is-style-arrowed\"><a class=\"wp-block-button__link has-5-5-color has-text-color wp-element-button\" href=\"https:\/\/co4kids.org\/lgtbq-faqs\/\">Preguntas y respuestas frecuentes sobre LGBTQ+<\/a><\/div>\n<\/div>\n<\/div>\n","protected":false},"excerpt":{"rendered":"<p>En un d\u00eda promedio en Colorado, 10 ni\u00f1os y j\u00f3venes ingresan a cuidado de acogidad porque sus padres necesitan tiempo para aprender nuevas habilidades de crianza y resolver problemas de&#8230;<\/p>\n","protected":false},"author":1,"featured_media":2060,"parent":516,"menu_order":27,"comment_status":"closed","ping_status":"closed","template":"","meta":{"_aquamin_featured_video":"","_aquamin_featured_post":false,"_price":"","_stock":"","_tribe_ticket_header":"","_tribe_default_ticket_provider":"","_tribe_ticket_capacity":"0","_ticket_start_date":"","_ticket_end_date":"","_tribe_ticket_show_description":"","_tribe_ticket_show_not_going":false,"_tribe_ticket_use_global_stock":"","_tribe_ticket_global_stock_level":"","_global_stock_mode":"","_global_stock_cap":"","_tribe_rsvp_for_event":"","_tribe_ticket_going_count":"","_tribe_ticket_not_going_count":"","_tribe_tickets_list":"[]","_tribe_ticket_has_attendee_info_fields":false,"footnotes":"","_tec_slr_enabled":"","_tec_slr_layout":""},"class_list":["post-527","page","type-page","status-publish","has-post-thumbnail","hentry"],"yoast_head":"<!-- This site is optimized with the Yoast SEO Premium plugin v27.3 (Yoast SEO v27.4) - https:\/\/yoast.com\/product\/yoast-seo-premium-wordpress\/ -->\n<title>Acoja el Orgullo LGBTQ+ - CO4Kids<\/title>\n<meta name=\"robots\" content=\"index, follow, max-snippet:-1, max-image-preview:large, max-video-preview:-1\" \/>\n<link rel=\"canonical\" href=\"https:\/\/co4kids.org\/es\/cuidado-de-crianza-temporal-adopcion\/orgullo-adoptivo-en-colorado\/\" \/>\n<meta property=\"og:locale\" content=\"es_ES\" \/>\n<meta property=\"og:type\" content=\"article\" \/>\n<meta property=\"og:title\" content=\"Acoja el Orgullo LGBTQ+\" \/>\n<meta property=\"og:description\" content=\"En un d\u00eda promedio en Colorado, 10 ni\u00f1os y j\u00f3venes ingresan a cuidado de acogidad porque sus padres necesitan tiempo para aprender nuevas habilidades de crianza y resolver problemas de...\" \/>\n<meta property=\"og:url\" content=\"https:\/\/co4kids.org\/es\/cuidado-de-crianza-temporal-adopcion\/orgullo-adoptivo-en-colorado\/\" \/>\n<meta property=\"og:site_name\" content=\"CO4Kids\" \/>\n<meta property=\"article:modified_time\" content=\"2024-12-12T20:48:49+00:00\" \/>\n<meta property=\"og:image\" content=\"https:\/\/co4kids.org\/wp-content\/uploads\/2023\/05\/DSC06585-1.jpg\" \/>\n\t<meta property=\"og:image:width\" content=\"1282\" \/>\n\t<meta property=\"og:image:height\" content=\"1920\" \/>\n\t<meta property=\"og:image:type\" content=\"image\/jpeg\" \/>\n<meta name=\"twitter:card\" content=\"summary_large_image\" \/>\n<meta name=\"twitter:label1\" content=\"Tiempo de lectura\" \/>\n\t<meta name=\"twitter:data1\" content=\"2 minutos\" \/>\n<script type=\"application\/ld+json\" class=\"yoast-schema-graph\">{\"@context\":\"https:\\\/\\\/schema.org\",\"@graph\":[{\"@type\":\"WebPage\",\"@id\":\"https:\\\/\\\/co4kids.org\\\/es\\\/cuidado-de-crianza-temporal-adopcion\\\/orgullo-adoptivo-en-colorado\\\/\",\"url\":\"https:\\\/\\\/co4kids.org\\\/es\\\/cuidado-de-crianza-temporal-adopcion\\\/orgullo-adoptivo-en-colorado\\\/\",\"name\":\"Acoja el Orgullo LGBTQ+ - CO4Kids\",\"isPartOf\":{\"@id\":\"https:\\\/\\\/co4kids.org\\\/es\\\/#website\"},\"primaryImageOfPage\":{\"@id\":\"https:\\\/\\\/co4kids.org\\\/es\\\/cuidado-de-crianza-temporal-adopcion\\\/orgullo-adoptivo-en-colorado\\\/#primaryimage\"},\"image\":{\"@id\":\"https:\\\/\\\/co4kids.org\\\/es\\\/cuidado-de-crianza-temporal-adopcion\\\/orgullo-adoptivo-en-colorado\\\/#primaryimage\"},\"thumbnailUrl\":\"https:\\\/\\\/co4kids.org\\\/wp-content\\\/uploads\\\/2023\\\/05\\\/DSC06585-1.jpg\",\"datePublished\":\"2023-03-17T02:39:08+00:00\",\"dateModified\":\"2024-12-12T20:48:49+00:00\",\"breadcrumb\":{\"@id\":\"https:\\\/\\\/co4kids.org\\\/es\\\/cuidado-de-crianza-temporal-adopcion\\\/orgullo-adoptivo-en-colorado\\\/#breadcrumb\"},\"inLanguage\":\"es\",\"potentialAction\":[{\"@type\":\"ReadAction\",\"target\":[\"https:\\\/\\\/co4kids.org\\\/es\\\/cuidado-de-crianza-temporal-adopcion\\\/orgullo-adoptivo-en-colorado\\\/\"]}]},{\"@type\":\"ImageObject\",\"inLanguage\":\"es\",\"@id\":\"https:\\\/\\\/co4kids.org\\\/es\\\/cuidado-de-crianza-temporal-adopcion\\\/orgullo-adoptivo-en-colorado\\\/#primaryimage\",\"url\":\"https:\\\/\\\/co4kids.org\\\/wp-content\\\/uploads\\\/2023\\\/05\\\/DSC06585-1.jpg\",\"contentUrl\":\"https:\\\/\\\/co4kids.org\\\/wp-content\\\/uploads\\\/2023\\\/05\\\/DSC06585-1.jpg\",\"width\":1282,\"height\":1920,\"caption\":\"Couple in front of house with foster parents\"},{\"@type\":\"BreadcrumbList\",\"@id\":\"https:\\\/\\\/co4kids.org\\\/es\\\/cuidado-de-crianza-temporal-adopcion\\\/orgullo-adoptivo-en-colorado\\\/#breadcrumb\",\"itemListElement\":[{\"@type\":\"ListItem\",\"position\":1,\"name\":\"Home\",\"item\":\"https:\\\/\\\/co4kids.org\\\/es\\\/\"},{\"@type\":\"ListItem\",\"position\":2,\"name\":\"Cuidado de Acogida y Adopci\u00f3n\",\"item\":\"https:\\\/\\\/co4kids.org\\\/es\\\/cuidado-de-crianza-temporal-adopcion\\\/\"},{\"@type\":\"ListItem\",\"position\":3,\"name\":\"Acoja el Orgullo LGBTQ+\"}]},{\"@type\":\"WebSite\",\"@id\":\"https:\\\/\\\/co4kids.org\\\/es\\\/#website\",\"url\":\"https:\\\/\\\/co4kids.org\\\/es\\\/\",\"name\":\"CO4Kids\",\"description\":\"If not you, then who?\",\"potentialAction\":[{\"@type\":\"SearchAction\",\"target\":{\"@type\":\"EntryPoint\",\"urlTemplate\":\"https:\\\/\\\/co4kids.org\\\/es\\\/?s={search_term_string}\"},\"query-input\":{\"@type\":\"PropertyValueSpecification\",\"valueRequired\":true,\"valueName\":\"search_term_string\"}}],\"inLanguage\":\"es\"}]}<\/script>\n<!-- \/ Yoast SEO Premium plugin. -->","yoast_head_json":{"title":"Acoja el Orgullo LGBTQ+ - CO4Kids","robots":{"index":"index","follow":"follow","max-snippet":"max-snippet:-1","max-image-preview":"max-image-preview:large","max-video-preview":"max-video-preview:-1"},"canonical":"https:\/\/co4kids.org\/es\/cuidado-de-crianza-temporal-adopcion\/orgullo-adoptivo-en-colorado\/","og_locale":"es_ES","og_type":"article","og_title":"Acoja el Orgullo LGBTQ+","og_description":"En un d\u00eda promedio en Colorado, 10 ni\u00f1os y j\u00f3venes ingresan a cuidado de acogidad porque sus padres necesitan tiempo para aprender nuevas habilidades de crianza y resolver problemas de...","og_url":"https:\/\/co4kids.org\/es\/cuidado-de-crianza-temporal-adopcion\/orgullo-adoptivo-en-colorado\/","og_site_name":"CO4Kids","article_modified_time":"2024-12-12T20:48:49+00:00","og_image":[{"width":1282,"height":1920,"url":"https:\/\/co4kids.org\/wp-content\/uploads\/2023\/05\/DSC06585-1.jpg","type":"image\/jpeg"}],"twitter_card":"summary_large_image","twitter_misc":{"Tiempo de lectura":"2 minutos"},"schema":{"@context":"https:\/\/schema.org","@graph":[{"@type":"WebPage","@id":"https:\/\/co4kids.org\/es\/cuidado-de-crianza-temporal-adopcion\/orgullo-adoptivo-en-colorado\/","url":"https:\/\/co4kids.org\/es\/cuidado-de-crianza-temporal-adopcion\/orgullo-adoptivo-en-colorado\/","name":"Acoja el Orgullo LGBTQ+ - CO4Kids","isPartOf":{"@id":"https:\/\/co4kids.org\/es\/#website"},"primaryImageOfPage":{"@id":"https:\/\/co4kids.org\/es\/cuidado-de-crianza-temporal-adopcion\/orgullo-adoptivo-en-colorado\/#primaryimage"},"image":{"@id":"https:\/\/co4kids.org\/es\/cuidado-de-crianza-temporal-adopcion\/orgullo-adoptivo-en-colorado\/#primaryimage"},"thumbnailUrl":"https:\/\/co4kids.org\/wp-content\/uploads\/2023\/05\/DSC06585-1.jpg","datePublished":"2023-03-17T02:39:08+00:00","dateModified":"2024-12-12T20:48:49+00:00","breadcrumb":{"@id":"https:\/\/co4kids.org\/es\/cuidado-de-crianza-temporal-adopcion\/orgullo-adoptivo-en-colorado\/#breadcrumb"},"inLanguage":"es","potentialAction":[{"@type":"ReadAction","target":["https:\/\/co4kids.org\/es\/cuidado-de-crianza-temporal-adopcion\/orgullo-adoptivo-en-colorado\/"]}]},{"@type":"ImageObject","inLanguage":"es","@id":"https:\/\/co4kids.org\/es\/cuidado-de-crianza-temporal-adopcion\/orgullo-adoptivo-en-colorado\/#primaryimage","url":"https:\/\/co4kids.org\/wp-content\/uploads\/2023\/05\/DSC06585-1.jpg","contentUrl":"https:\/\/co4kids.org\/wp-content\/uploads\/2023\/05\/DSC06585-1.jpg","width":1282,"height":1920,"caption":"Couple in front of house with foster parents"},{"@type":"BreadcrumbList","@id":"https:\/\/co4kids.org\/es\/cuidado-de-crianza-temporal-adopcion\/orgullo-adoptivo-en-colorado\/#breadcrumb","itemListElement":[{"@type":"ListItem","position":1,"name":"Home","item":"https:\/\/co4kids.org\/es\/"},{"@type":"ListItem","position":2,"name":"Cuidado de Acogida y Adopci\u00f3n","item":"https:\/\/co4kids.org\/es\/cuidado-de-crianza-temporal-adopcion\/"},{"@type":"ListItem","position":3,"name":"Acoja el Orgullo LGBTQ+"}]},{"@type":"WebSite","@id":"https:\/\/co4kids.org\/es\/#website","url":"https:\/\/co4kids.org\/es\/","name":"CO4Kids","description":"If not you, then who?","potentialAction":[{"@type":"SearchAction","target":{"@type":"EntryPoint","urlTemplate":"https:\/\/co4kids.org\/es\/?s={search_term_string}"},"query-input":{"@type":"PropertyValueSpecification","valueRequired":true,"valueName":"search_term_string"}}],"inLanguage":"es"}]}},"publishpress_future_workflow_manual_trigger":{"enabledWorkflows":[]},"ticketed":false,"_links":{"self":[{"href":"https:\/\/co4kids.org\/es\/wp-json\/wp\/v2\/pages\/527","targetHints":{"allow":["GET"]}}],"collection":[{"href":"https:\/\/co4kids.org\/es\/wp-json\/wp\/v2\/pages"}],"about":[{"href":"https:\/\/co4kids.org\/es\/wp-json\/wp\/v2\/types\/page"}],"author":[{"embeddable":true,"href":"https:\/\/co4kids.org\/es\/wp-json\/wp\/v2\/users\/1"}],"replies":[{"embeddable":true,"href":"https:\/\/co4kids.org\/es\/wp-json\/wp\/v2\/comments?post=527"}],"version-history":[{"count":0,"href":"https:\/\/co4kids.org\/es\/wp-json\/wp\/v2\/pages\/527\/revisions"}],"up":[{"embeddable":true,"href":"https:\/\/co4kids.org\/es\/wp-json\/wp\/v2\/pages\/516"}],"wp:featuredmedia":[{"embeddable":true,"href":"https:\/\/co4kids.org\/es\/wp-json\/wp\/v2\/media\/2060"}],"wp:attachment":[{"href":"https:\/\/co4kids.org\/es\/wp-json\/wp\/v2\/media?parent=527"}],"curies":[{"name":"wp","href":"https:\/\/api.w.org\/{rel}","templated":true}]}}