{"id":523,"date":"2023-03-16T20:39:08","date_gmt":"2023-03-17T02:39:08","guid":{"rendered":"https:\/\/co4kids.org\/cuidado-de-crianza-temporal-adopcion\/cuidado-de-crianza-en-colorado\/foster-por-condado\/"},"modified":"2024-12-12T13:47:40","modified_gmt":"2024-12-12T20:47:40","slug":"foster-por-condado","status":"publish","type":"page","link":"https:\/\/co4kids.org\/es\/cuidado-de-crianza-temporal-adopcion\/cuidado-de-crianza-en-colorado\/foster-por-condado\/","title":{"rendered":"Cuidado de Acogida por Condado"},"content":{"rendered":"\n<div class=\"has-arrow-mask-down ani-bottom has-arrow-mask-pad has-arrow-mask wp-block-group has-wider-padding has-sticky-radius has-0-9-background-color has-background has-arrow-mask has-arrow-mask-down ani-bottom has-arrow-mask-pad has-global-padding is-layout-constrained wp-block-group-is-layout-constrained\" style=\"border-top-left-radius:15px;border-top-right-radius:15px;margin-bottom:var(--wp--preset--spacing--20)\">\n<header class=\"wp-block-group has-global-padding is-layout-constrained wp-container-core-group-is-layout-7db9d80f wp-block-group-is-layout-constrained\" style=\"padding-right:0;padding-left:0\">\n<div class=\" wp-block-columns has-0-9-background-color has-background is-layout-flex wp-container-core-columns-is-layout-0af18515 wp-block-columns-is-layout-flex\" style=\"margin-bottom:var(--wp--preset--spacing--20)\">\n<div class=\"wp-block-column is-vertically-aligned-center is-layout-flow wp-block-column-is-layout-flow\" style=\"padding-top:var(--wp--preset--spacing--20)\"><h1 style=\"margin-bottom:var(--wp--preset--spacing--20);\" class=\"wp-block-post-title has-h-2-font-size\">Cuidado de Acogida por Condado<\/h1>\n\n\n<p class=\" \">Foster parents provide a temporary safe, stable home for children who have experienced abuse and neglect and whose parents need time to learn new skills to become the parents their children need them to be. Foster parents care for and meet the physical, emotional and social needs of children in foster care.<\/p>\n<\/div>\n\n\n\n<div class=\"wp-block-column is-vertically-aligned-top is-first-md is-layout-flow wp-block-column-is-layout-flow\"><figure style=\"height:600px; padding-top:0;padding-bottom:0;\" class=\"ani-bottom has-arrow-mask-down has-arrow-mask wp-block-post-featured-image\"><img loading=\"lazy\" decoding=\"async\" width=\"1282\" height=\"1920\" src=\"https:\/\/co4kids.org\/wp-content\/uploads\/2024\/12\/20230329-DSC00280-spanish.jpg\" class=\"attachment-post-thumbnail size-post-thumbnail wp-post-image\" alt=\"Una familia de crianza de Colorado de cinco miembros sentada en el parque con sus dos perros.\" style=\"height:600px;object-fit:cover;\" srcset=\"https:\/\/co4kids.org\/wp-content\/uploads\/2024\/12\/20230329-DSC00280-spanish.jpg 1282w, https:\/\/co4kids.org\/wp-content\/uploads\/2024\/12\/20230329-DSC00280-spanish-300x450.jpg 300w, https:\/\/co4kids.org\/wp-content\/uploads\/2024\/12\/20230329-DSC00280-spanish-684x1024.jpg 684w, https:\/\/co4kids.org\/wp-content\/uploads\/2024\/12\/20230329-DSC00280-spanish-768x1150.jpg 768w, https:\/\/co4kids.org\/wp-content\/uploads\/2024\/12\/20230329-DSC00280-spanish-1026x1536.jpg 1026w\" sizes=\"auto, (max-width: 1282px) 100vw, 1282px\" \/><\/figure><\/div>\n<\/div>\n<\/header>\n\n\n\n<div class=\"wp-block-buttons is-content-justification-left is-layout-flex wp-container-core-buttons-is-layout-d89dfdd7 wp-block-buttons-is-layout-flex\" style=\"margin-top:var(--wp--preset--spacing--20);margin-bottom:0\">\n<div class=\"wp-block-button is-style-arrowed\"><a class=\"wp-block-button__link has-1-5-color has-text-color wp-element-button\" href=\"https:\/\/co4kids.org\/county-search\/\">B\u00fasqueda por Condado<\/a><\/div>\n<\/div>\n<\/div>\n\n<div class=\"wp-block-group has-global-padding is-layout-constrained wp-block-group-is-layout-constrained\" style=\"margin-top:var(--wp--preset--spacing--50)\">\n<div class=\"wp-block-columns is-layout-flex wp-container-core-columns-is-layout-28f84493 wp-block-columns-is-layout-flex\">\n<div class=\"wp-block-column is-vertically-aligned-center is-layout-flow wp-block-column-is-layout-flow\">\n<h2 class=\"wp-block-heading has-text-align-left has-5-5-color has-text-color\">Colorado Acepta <br\/>La diversidad en los hogares de acogida<\/h2>\n<\/div>\n\n\n\n<div class=\"wp-block-column is-layout-flow wp-block-column-is-layout-flow\">\n<p class=\"has-0-9-color has-text-color\">El estado de Colorado tiene un compromiso con la inclusi\u00f3n. No existen restricciones de raza, etnia, religi\u00f3n, orientaci\u00f3n o expresi\u00f3n sexual, identidad de g\u00e9nero o estado civil. Todos pueden brindar cuidado de acogida a un ni\u00f1o. Los padres de acogida y adoptivos deben tener al menos 21 a\u00f1os, pasar una verificaci\u00f3n de antecedentes, completar un entrenamiento y recibir un estudio del hogar.<\/p>\n\n\n\n<p class=\"has-0-9-color has-text-color\">Utiliza los enlaces siguientes para encontrar una agencia de colocaci\u00f3n de menores o un departamento de servicios humanos cerca.<\/p>\n\n\n\n<div class=\"wp-block-buttons is-content-justification-left is-layout-flex wp-container-core-buttons-is-layout-d89dfdd7 wp-block-buttons-is-layout-flex\" style=\"margin-top:var(--wp--preset--spacing--20);margin-bottom:0\">\n<div class=\"wp-block-button is-style-arrowed\"><a class=\"wp-block-button__link has-5-5-color has-text-color wp-element-button\" href=\"https:\/\/co4kids.org\/county-search\/\">B\u00fasqueda por condado y agencias de colocaci\u00f3n de menores<\/a><\/div>\n<\/div>\n\n\n\n<div class=\"wp-block-buttons is-content-justification-left is-layout-flex wp-container-core-buttons-is-layout-d7bdc116 wp-block-buttons-is-layout-flex\" style=\"margin-top:0;margin-bottom:0\"><\/div>\n<\/div>\n<\/div>\n<\/div>\n\n<p class=\"\"><\/p>\n","protected":false},"excerpt":{"rendered":"<p>Foster parents provide a temporary safe, stable home for children who have experienced abuse and neglect and whose parents need time to learn new skills to become the parents their&#8230;<\/p>\n","protected":false},"author":1,"featured_media":30339,"parent":519,"menu_order":34,"comment_status":"closed","ping_status":"closed","template":"","meta":{"_aquamin_featured_video":"","_aquamin_featured_post":false,"_price":"","_stock":"","_tribe_ticket_header":"","_tribe_default_ticket_provider":"","_tribe_ticket_capacity":"0","_ticket_start_date":"","_ticket_end_date":"","_tribe_ticket_show_description":"","_tribe_ticket_show_not_going":false,"_tribe_ticket_use_global_stock":"","_tribe_ticket_global_stock_level":"","_global_stock_mode":"","_global_stock_cap":"","_tribe_rsvp_for_event":"","_tribe_ticket_going_count":"","_tribe_ticket_not_going_count":"","_tribe_tickets_list":"[]","_tribe_ticket_has_attendee_info_fields":false,"footnotes":"","_tec_slr_enabled":"","_tec_slr_layout":""},"class_list":["post-523","page","type-page","status-publish","has-post-thumbnail","hentry"],"yoast_head":"<!-- This site is optimized with the Yoast SEO Premium plugin v27.3 (Yoast SEO v27.3) - https:\/\/yoast.com\/product\/yoast-seo-premium-wordpress\/ -->\n<title>Cuidado de Acogida por Condado - CO4Kids<\/title>\n<meta name=\"robots\" content=\"index, follow, max-snippet:-1, max-image-preview:large, max-video-preview:-1\" \/>\n<link rel=\"canonical\" href=\"https:\/\/co4kids.org\/es\/cuidado-de-crianza-temporal-adopcion\/cuidado-de-crianza-en-colorado\/foster-por-condado\/\" \/>\n<meta property=\"og:locale\" content=\"es_ES\" \/>\n<meta property=\"og:type\" content=\"article\" \/>\n<meta property=\"og:title\" content=\"Cuidado de Acogida por Condado\" \/>\n<meta property=\"og:description\" content=\"Foster parents provide a temporary safe, stable home for children who have experienced abuse and neglect and whose parents need time to learn new skills to become the parents their...\" \/>\n<meta property=\"og:url\" content=\"https:\/\/co4kids.org\/es\/cuidado-de-crianza-temporal-adopcion\/cuidado-de-crianza-en-colorado\/foster-por-condado\/\" \/>\n<meta property=\"og:site_name\" content=\"CO4Kids\" \/>\n<meta property=\"article:modified_time\" content=\"2024-12-12T20:47:40+00:00\" \/>\n<meta property=\"og:image\" content=\"https:\/\/co4kids.org\/wp-content\/uploads\/2024\/12\/20230329-DSC00280-spanish.jpg\" \/>\n\t<meta property=\"og:image:width\" content=\"1282\" \/>\n\t<meta property=\"og:image:height\" content=\"1920\" \/>\n\t<meta property=\"og:image:type\" content=\"image\/jpeg\" \/>\n<meta name=\"twitter:card\" content=\"summary_large_image\" \/>\n<meta name=\"twitter:label1\" content=\"Tiempo de lectura\" \/>\n\t<meta name=\"twitter:data1\" content=\"1 minuto\" \/>\n<script type=\"application\/ld+json\" class=\"yoast-schema-graph\">{\"@context\":\"https:\\\/\\\/schema.org\",\"@graph\":[{\"@type\":\"WebPage\",\"@id\":\"https:\\\/\\\/co4kids.org\\\/es\\\/cuidado-de-crianza-temporal-adopcion\\\/cuidado-de-crianza-en-colorado\\\/foster-por-condado\\\/\",\"url\":\"https:\\\/\\\/co4kids.org\\\/es\\\/cuidado-de-crianza-temporal-adopcion\\\/cuidado-de-crianza-en-colorado\\\/foster-por-condado\\\/\",\"name\":\"Cuidado de Acogida por Condado - CO4Kids\",\"isPartOf\":{\"@id\":\"https:\\\/\\\/co4kids.org\\\/es\\\/#website\"},\"primaryImageOfPage\":{\"@id\":\"https:\\\/\\\/co4kids.org\\\/es\\\/cuidado-de-crianza-temporal-adopcion\\\/cuidado-de-crianza-en-colorado\\\/foster-por-condado\\\/#primaryimage\"},\"image\":{\"@id\":\"https:\\\/\\\/co4kids.org\\\/es\\\/cuidado-de-crianza-temporal-adopcion\\\/cuidado-de-crianza-en-colorado\\\/foster-por-condado\\\/#primaryimage\"},\"thumbnailUrl\":\"https:\\\/\\\/co4kids.org\\\/wp-content\\\/uploads\\\/2024\\\/12\\\/20230329-DSC00280-spanish.jpg\",\"datePublished\":\"2023-03-17T02:39:08+00:00\",\"dateModified\":\"2024-12-12T20:47:40+00:00\",\"breadcrumb\":{\"@id\":\"https:\\\/\\\/co4kids.org\\\/es\\\/cuidado-de-crianza-temporal-adopcion\\\/cuidado-de-crianza-en-colorado\\\/foster-por-condado\\\/#breadcrumb\"},\"inLanguage\":\"es\",\"potentialAction\":[{\"@type\":\"ReadAction\",\"target\":[\"https:\\\/\\\/co4kids.org\\\/es\\\/cuidado-de-crianza-temporal-adopcion\\\/cuidado-de-crianza-en-colorado\\\/foster-por-condado\\\/\"]}]},{\"@type\":\"ImageObject\",\"inLanguage\":\"es\",\"@id\":\"https:\\\/\\\/co4kids.org\\\/es\\\/cuidado-de-crianza-temporal-adopcion\\\/cuidado-de-crianza-en-colorado\\\/foster-por-condado\\\/#primaryimage\",\"url\":\"https:\\\/\\\/co4kids.org\\\/wp-content\\\/uploads\\\/2024\\\/12\\\/20230329-DSC00280-spanish.jpg\",\"contentUrl\":\"https:\\\/\\\/co4kids.org\\\/wp-content\\\/uploads\\\/2024\\\/12\\\/20230329-DSC00280-spanish.jpg\",\"width\":1282,\"height\":1920,\"caption\":\"Una familia de crianza de Colorado de cinco miembros sentada en el parque con sus dos perros.\"},{\"@type\":\"BreadcrumbList\",\"@id\":\"https:\\\/\\\/co4kids.org\\\/es\\\/cuidado-de-crianza-temporal-adopcion\\\/cuidado-de-crianza-en-colorado\\\/foster-por-condado\\\/#breadcrumb\",\"itemListElement\":[{\"@type\":\"ListItem\",\"position\":1,\"name\":\"Home\",\"item\":\"https:\\\/\\\/co4kids.org\\\/es\\\/\"},{\"@type\":\"ListItem\",\"position\":2,\"name\":\"Cuidado de Acogida y Adopci\u00f3n\",\"item\":\"https:\\\/\\\/co4kids.org\\\/es\\\/cuidado-de-crianza-temporal-adopcion\\\/\"},{\"@type\":\"ListItem\",\"position\":3,\"name\":\"Cuidado de Acogida en Colorado\",\"item\":\"https:\\\/\\\/co4kids.org\\\/es\\\/cuidado-de-crianza-temporal-adopcion\\\/cuidado-de-crianza-en-colorado\\\/\"},{\"@type\":\"ListItem\",\"position\":4,\"name\":\"Cuidado de Acogida por Condado\"}]},{\"@type\":\"WebSite\",\"@id\":\"https:\\\/\\\/co4kids.org\\\/es\\\/#website\",\"url\":\"https:\\\/\\\/co4kids.org\\\/es\\\/\",\"name\":\"CO4Kids\",\"description\":\"If not you, then who?\",\"potentialAction\":[{\"@type\":\"SearchAction\",\"target\":{\"@type\":\"EntryPoint\",\"urlTemplate\":\"https:\\\/\\\/co4kids.org\\\/es\\\/?s={search_term_string}\"},\"query-input\":{\"@type\":\"PropertyValueSpecification\",\"valueRequired\":true,\"valueName\":\"search_term_string\"}}],\"inLanguage\":\"es\"}]}<\/script>\n<!-- \/ Yoast SEO Premium plugin. -->","yoast_head_json":{"title":"Cuidado de Acogida por Condado - CO4Kids","robots":{"index":"index","follow":"follow","max-snippet":"max-snippet:-1","max-image-preview":"max-image-preview:large","max-video-preview":"max-video-preview:-1"},"canonical":"https:\/\/co4kids.org\/es\/cuidado-de-crianza-temporal-adopcion\/cuidado-de-crianza-en-colorado\/foster-por-condado\/","og_locale":"es_ES","og_type":"article","og_title":"Cuidado de Acogida por Condado","og_description":"Foster parents provide a temporary safe, stable home for children who have experienced abuse and neglect and whose parents need time to learn new skills to become the parents their...","og_url":"https:\/\/co4kids.org\/es\/cuidado-de-crianza-temporal-adopcion\/cuidado-de-crianza-en-colorado\/foster-por-condado\/","og_site_name":"CO4Kids","article_modified_time":"2024-12-12T20:47:40+00:00","og_image":[{"width":1282,"height":1920,"url":"https:\/\/co4kids.org\/wp-content\/uploads\/2024\/12\/20230329-DSC00280-spanish.jpg","type":"image\/jpeg"}],"twitter_card":"summary_large_image","twitter_misc":{"Tiempo de lectura":"1 minuto"},"schema":{"@context":"https:\/\/schema.org","@graph":[{"@type":"WebPage","@id":"https:\/\/co4kids.org\/es\/cuidado-de-crianza-temporal-adopcion\/cuidado-de-crianza-en-colorado\/foster-por-condado\/","url":"https:\/\/co4kids.org\/es\/cuidado-de-crianza-temporal-adopcion\/cuidado-de-crianza-en-colorado\/foster-por-condado\/","name":"Cuidado de Acogida por Condado - CO4Kids","isPartOf":{"@id":"https:\/\/co4kids.org\/es\/#website"},"primaryImageOfPage":{"@id":"https:\/\/co4kids.org\/es\/cuidado-de-crianza-temporal-adopcion\/cuidado-de-crianza-en-colorado\/foster-por-condado\/#primaryimage"},"image":{"@id":"https:\/\/co4kids.org\/es\/cuidado-de-crianza-temporal-adopcion\/cuidado-de-crianza-en-colorado\/foster-por-condado\/#primaryimage"},"thumbnailUrl":"https:\/\/co4kids.org\/wp-content\/uploads\/2024\/12\/20230329-DSC00280-spanish.jpg","datePublished":"2023-03-17T02:39:08+00:00","dateModified":"2024-12-12T20:47:40+00:00","breadcrumb":{"@id":"https:\/\/co4kids.org\/es\/cuidado-de-crianza-temporal-adopcion\/cuidado-de-crianza-en-colorado\/foster-por-condado\/#breadcrumb"},"inLanguage":"es","potentialAction":[{"@type":"ReadAction","target":["https:\/\/co4kids.org\/es\/cuidado-de-crianza-temporal-adopcion\/cuidado-de-crianza-en-colorado\/foster-por-condado\/"]}]},{"@type":"ImageObject","inLanguage":"es","@id":"https:\/\/co4kids.org\/es\/cuidado-de-crianza-temporal-adopcion\/cuidado-de-crianza-en-colorado\/foster-por-condado\/#primaryimage","url":"https:\/\/co4kids.org\/wp-content\/uploads\/2024\/12\/20230329-DSC00280-spanish.jpg","contentUrl":"https:\/\/co4kids.org\/wp-content\/uploads\/2024\/12\/20230329-DSC00280-spanish.jpg","width":1282,"height":1920,"caption":"Una familia de crianza de Colorado de cinco miembros sentada en el parque con sus dos perros."},{"@type":"BreadcrumbList","@id":"https:\/\/co4kids.org\/es\/cuidado-de-crianza-temporal-adopcion\/cuidado-de-crianza-en-colorado\/foster-por-condado\/#breadcrumb","itemListElement":[{"@type":"ListItem","position":1,"name":"Home","item":"https:\/\/co4kids.org\/es\/"},{"@type":"ListItem","position":2,"name":"Cuidado de Acogida y Adopci\u00f3n","item":"https:\/\/co4kids.org\/es\/cuidado-de-crianza-temporal-adopcion\/"},{"@type":"ListItem","position":3,"name":"Cuidado de Acogida en Colorado","item":"https:\/\/co4kids.org\/es\/cuidado-de-crianza-temporal-adopcion\/cuidado-de-crianza-en-colorado\/"},{"@type":"ListItem","position":4,"name":"Cuidado de Acogida por Condado"}]},{"@type":"WebSite","@id":"https:\/\/co4kids.org\/es\/#website","url":"https:\/\/co4kids.org\/es\/","name":"CO4Kids","description":"If not you, then who?","potentialAction":[{"@type":"SearchAction","target":{"@type":"EntryPoint","urlTemplate":"https:\/\/co4kids.org\/es\/?s={search_term_string}"},"query-input":{"@type":"PropertyValueSpecification","valueRequired":true,"valueName":"search_term_string"}}],"inLanguage":"es"}]}},"publishpress_future_workflow_manual_trigger":{"enabledWorkflows":[]},"ticketed":false,"_links":{"self":[{"href":"https:\/\/co4kids.org\/es\/wp-json\/wp\/v2\/pages\/523","targetHints":{"allow":["GET"]}}],"collection":[{"href":"https:\/\/co4kids.org\/es\/wp-json\/wp\/v2\/pages"}],"about":[{"href":"https:\/\/co4kids.org\/es\/wp-json\/wp\/v2\/types\/page"}],"author":[{"embeddable":true,"href":"https:\/\/co4kids.org\/es\/wp-json\/wp\/v2\/users\/1"}],"replies":[{"embeddable":true,"href":"https:\/\/co4kids.org\/es\/wp-json\/wp\/v2\/comments?post=523"}],"version-history":[{"count":0,"href":"https:\/\/co4kids.org\/es\/wp-json\/wp\/v2\/pages\/523\/revisions"}],"up":[{"embeddable":true,"href":"https:\/\/co4kids.org\/es\/wp-json\/wp\/v2\/pages\/519"}],"wp:featuredmedia":[{"embeddable":true,"href":"https:\/\/co4kids.org\/es\/wp-json\/wp\/v2\/media\/30339"}],"wp:attachment":[{"href":"https:\/\/co4kids.org\/es\/wp-json\/wp\/v2\/media?parent=523"}],"curies":[{"name":"wp","href":"https:\/\/api.w.org\/{rel}","templated":true}]}}