{"id":521,"date":"2023-03-16T20:39:08","date_gmt":"2023-03-17T02:39:08","guid":{"rendered":"https:\/\/co4kids.org\/cuidado-de-crianza-temporal-adopcion\/cuidado-de-crianza-en-colorado\/formulario-de-consulta\/"},"modified":"2025-05-06T12:25:11","modified_gmt":"2025-05-06T18:25:11","slug":"formulario-de-consulta","status":"publish","type":"page","link":"https:\/\/co4kids.org\/es\/cuidado-de-crianza-temporal-adopcion\/cuidado-de-crianza-en-colorado\/formulario-de-consulta\/","title":{"rendered":"Formulario de Inter\u00e9s para el Cuidado de Acogida"},"content":{"rendered":"\n<div class=\"has-arrow-mask-down ani-bottom has-arrow-mask-pad has-arrow-mask wp-block-group has-wider-padding has-sticky-radius has-0-9-background-color has-background has-arrow-mask has-arrow-mask-down ani-bottom has-arrow-mask-pad has-global-padding is-layout-constrained wp-block-group-is-layout-constrained\" style=\"border-top-left-radius:15px;border-top-right-radius:15px;margin-bottom:var(--wp--preset--spacing--20)\">\n<header class=\"wp-block-group has-global-padding is-layout-constrained wp-container-core-group-is-layout-7db9d80f wp-block-group-is-layout-constrained\" style=\"padding-right:0;padding-left:0\">\n<div class=\"wp-block-columns has-0-9-background-color has-background is-layout-flex wp-container-core-columns-is-layout-0af18515 wp-block-columns-is-layout-flex\" style=\"margin-bottom:var(--wp--preset--spacing--20)\">\n<div class=\"wp-block-column is-vertically-aligned-center is-layout-flow wp-block-column-is-layout-flow\" style=\"padding-top:var(--wp--preset--spacing--20)\"><h1 style=\"margin-bottom:var(--wp--preset--spacing--20);\" class=\"wp-block-post-title has-h-2-font-size\">Formulario de Inter\u00e9s para el Cuidado de Acogida<\/h1>\n\n\n<p class=\"\">El cuidado de acogida es una medida temporal, pero el impacto que las familias temporales tienen en la vida de un ni\u00f1o o joven puede durar toda la vida. Ya sea que seas madre o padre con hijos que ya no viven en casa, que vivas en alquiler, seas soltero(a) o nunca hayas criado ni\u00f1os, puedes convertirte en madre o padre temporal en Colorado. Las familias de cuidado de acogida o familias temporales brindan la seguridad, estabilidad y atenci\u00f3n que los ni\u00f1os y j\u00f3venes necesitan mientras sus padres biol\u00f3gicos desarrollan nuevas habilidades y abordan situaciones que afectan su seguridad.<\/p>\n\n\n\n<p class=\"\">Colorado necesita familias temporales en todas sus comunidades. Si est\u00e1s interesado(a) en convertirte en madre o padre temporal, haz clic en el siguiente enlace para completar el formulario en l\u00ednea.<\/p>\n<\/div>\n\n\n\n<div class=\"wp-block-column is-vertically-aligned-top is-first-md is-layout-flow wp-block-column-is-layout-flow\"><figure class=\"ani-bottom has-arrow-mask-down has-arrow-mask wp-block-post-featured-image\"><img loading=\"lazy\" decoding=\"async\" width=\"1920\" height=\"1280\" src=\"https:\/\/co4kids.org\/wp-content\/uploads\/2024\/12\/501Gray-IMG_7373-1-1-spanish.jpg\" class=\"attachment-post-thumbnail size-post-thumbnail wp-post-image\" alt=\"Familia de 6 en un desierto\" style=\"object-fit:cover;\" srcset=\"https:\/\/co4kids.org\/wp-content\/uploads\/2024\/12\/501Gray-IMG_7373-1-1-spanish.jpg 1920w, https:\/\/co4kids.org\/wp-content\/uploads\/2024\/12\/501Gray-IMG_7373-1-1-spanish-450x300.jpg 450w, https:\/\/co4kids.org\/wp-content\/uploads\/2024\/12\/501Gray-IMG_7373-1-1-spanish-1024x683.jpg 1024w, https:\/\/co4kids.org\/wp-content\/uploads\/2024\/12\/501Gray-IMG_7373-1-1-spanish-768x512.jpg 768w, https:\/\/co4kids.org\/wp-content\/uploads\/2024\/12\/501Gray-IMG_7373-1-1-spanish-1536x1024.jpg 1536w\" sizes=\"auto, (max-width: 1920px) 100vw, 1920px\" \/><\/figure><\/div>\n<\/div>\n<\/header>\n\n\n\n<div class=\"wp-block-buttons is-content-justification-center is-layout-flex wp-container-core-buttons-is-layout-a89b3969 wp-block-buttons-is-layout-flex\">\n<div class=\"wp-block-button is-style-filled\"><a class=\"wp-block-button__link wp-element-button\" href=\"https:\/\/prod.fostercare.cdhs.state.co.us\/Public\/Create\" target=\"_blank\" rel=\"noreferrer noopener\">Llena este formulario y un representante se pondr\u00e1 en contacto contigo<\/a><\/div>\n<\/div>\n\n\n\n<p class=\"\"><\/p>\n\n\n\n<p class=\"\">\u00bfPrefieres obtener m\u00e1s informaci\u00f3n primero? \u00a1Asiste a una sesi\u00f3n informativa con una agencia de colocaci\u00f3n de ni\u00f1os o con el departamento de servicios humanos de tu condado!<\/p>\n<\/div>\n","protected":false},"excerpt":{"rendered":"<p>El cuidado de acogida es una medida temporal, pero el impacto que las familias temporales tienen en la vida de un ni\u00f1o o joven puede durar toda la vida. Ya&#8230;<\/p>\n","protected":false},"author":1,"featured_media":30337,"parent":519,"menu_order":33,"comment_status":"closed","ping_status":"closed","template":"","meta":{"_aquamin_featured_video":"","_aquamin_featured_post":false,"_price":"","_stock":"","_tribe_ticket_header":"","_tribe_default_ticket_provider":"","_tribe_ticket_capacity":"0","_ticket_start_date":"","_ticket_end_date":"","_tribe_ticket_show_description":"","_tribe_ticket_show_not_going":false,"_tribe_ticket_use_global_stock":"","_tribe_ticket_global_stock_level":"","_global_stock_mode":"","_global_stock_cap":"","_tribe_rsvp_for_event":"","_tribe_ticket_going_count":"","_tribe_ticket_not_going_count":"","_tribe_tickets_list":"[]","_tribe_ticket_has_attendee_info_fields":false,"footnotes":"","_tec_slr_enabled":"","_tec_slr_layout":""},"class_list":["post-521","page","type-page","status-publish","has-post-thumbnail","hentry"],"yoast_head":"<!-- This site is optimized with the Yoast SEO Premium plugin v27.4 (Yoast SEO v27.4) - https:\/\/yoast.com\/product\/yoast-seo-premium-wordpress\/ -->\n<title>Formulario de Inter\u00e9s para el Cuidado de Acogida - CO4Kids<\/title>\n<meta name=\"robots\" content=\"index, follow, max-snippet:-1, max-image-preview:large, max-video-preview:-1\" \/>\n<link rel=\"canonical\" href=\"https:\/\/co4kids.org\/es\/cuidado-de-crianza-temporal-adopcion\/cuidado-de-crianza-en-colorado\/formulario-de-consulta\/\" \/>\n<meta property=\"og:locale\" content=\"es_ES\" \/>\n<meta property=\"og:type\" content=\"article\" \/>\n<meta property=\"og:title\" content=\"Formulario de Inter\u00e9s para el Cuidado de Acogida\" \/>\n<meta property=\"og:description\" content=\"El cuidado de acogida es una medida temporal, pero el impacto que las familias temporales tienen en la vida de un ni\u00f1o o joven puede durar toda la vida. Ya...\" \/>\n<meta property=\"og:url\" content=\"https:\/\/co4kids.org\/es\/cuidado-de-crianza-temporal-adopcion\/cuidado-de-crianza-en-colorado\/formulario-de-consulta\/\" \/>\n<meta property=\"og:site_name\" content=\"CO4Kids\" \/>\n<meta property=\"article:modified_time\" content=\"2025-05-06T18:25:11+00:00\" \/>\n<meta property=\"og:image\" content=\"https:\/\/co4kids.org\/wp-content\/uploads\/2024\/12\/501Gray-IMG_7373-1-1-spanish.jpg\" \/>\n\t<meta property=\"og:image:width\" content=\"1920\" \/>\n\t<meta property=\"og:image:height\" content=\"1280\" \/>\n\t<meta property=\"og:image:type\" content=\"image\/jpeg\" \/>\n<meta name=\"twitter:card\" content=\"summary_large_image\" \/>\n<meta name=\"twitter:label1\" content=\"Tiempo de lectura\" \/>\n\t<meta name=\"twitter:data1\" content=\"1 minuto\" \/>\n<script type=\"application\/ld+json\" class=\"yoast-schema-graph\">{\"@context\":\"https:\\\/\\\/schema.org\",\"@graph\":[{\"@type\":\"WebPage\",\"@id\":\"https:\\\/\\\/co4kids.org\\\/es\\\/cuidado-de-crianza-temporal-adopcion\\\/cuidado-de-crianza-en-colorado\\\/formulario-de-consulta\\\/\",\"url\":\"https:\\\/\\\/co4kids.org\\\/es\\\/cuidado-de-crianza-temporal-adopcion\\\/cuidado-de-crianza-en-colorado\\\/formulario-de-consulta\\\/\",\"name\":\"Formulario de Inter\u00e9s para el Cuidado de Acogida - CO4Kids\",\"isPartOf\":{\"@id\":\"https:\\\/\\\/co4kids.org\\\/es\\\/#website\"},\"primaryImageOfPage\":{\"@id\":\"https:\\\/\\\/co4kids.org\\\/es\\\/cuidado-de-crianza-temporal-adopcion\\\/cuidado-de-crianza-en-colorado\\\/formulario-de-consulta\\\/#primaryimage\"},\"image\":{\"@id\":\"https:\\\/\\\/co4kids.org\\\/es\\\/cuidado-de-crianza-temporal-adopcion\\\/cuidado-de-crianza-en-colorado\\\/formulario-de-consulta\\\/#primaryimage\"},\"thumbnailUrl\":\"https:\\\/\\\/co4kids.org\\\/wp-content\\\/uploads\\\/2024\\\/12\\\/501Gray-IMG_7373-1-1-spanish.jpg\",\"datePublished\":\"2023-03-17T02:39:08+00:00\",\"dateModified\":\"2025-05-06T18:25:11+00:00\",\"breadcrumb\":{\"@id\":\"https:\\\/\\\/co4kids.org\\\/es\\\/cuidado-de-crianza-temporal-adopcion\\\/cuidado-de-crianza-en-colorado\\\/formulario-de-consulta\\\/#breadcrumb\"},\"inLanguage\":\"es\",\"potentialAction\":[{\"@type\":\"ReadAction\",\"target\":[\"https:\\\/\\\/co4kids.org\\\/es\\\/cuidado-de-crianza-temporal-adopcion\\\/cuidado-de-crianza-en-colorado\\\/formulario-de-consulta\\\/\"]}]},{\"@type\":\"ImageObject\",\"inLanguage\":\"es\",\"@id\":\"https:\\\/\\\/co4kids.org\\\/es\\\/cuidado-de-crianza-temporal-adopcion\\\/cuidado-de-crianza-en-colorado\\\/formulario-de-consulta\\\/#primaryimage\",\"url\":\"https:\\\/\\\/co4kids.org\\\/wp-content\\\/uploads\\\/2024\\\/12\\\/501Gray-IMG_7373-1-1-spanish.jpg\",\"contentUrl\":\"https:\\\/\\\/co4kids.org\\\/wp-content\\\/uploads\\\/2024\\\/12\\\/501Gray-IMG_7373-1-1-spanish.jpg\",\"width\":1920,\"height\":1280,\"caption\":\"Familia de 6 en un desierto\"},{\"@type\":\"BreadcrumbList\",\"@id\":\"https:\\\/\\\/co4kids.org\\\/es\\\/cuidado-de-crianza-temporal-adopcion\\\/cuidado-de-crianza-en-colorado\\\/formulario-de-consulta\\\/#breadcrumb\",\"itemListElement\":[{\"@type\":\"ListItem\",\"position\":1,\"name\":\"Home\",\"item\":\"https:\\\/\\\/co4kids.org\\\/es\\\/\"},{\"@type\":\"ListItem\",\"position\":2,\"name\":\"Cuidado de Acogida y Adopci\u00f3n\",\"item\":\"https:\\\/\\\/co4kids.org\\\/es\\\/cuidado-de-crianza-temporal-adopcion\\\/\"},{\"@type\":\"ListItem\",\"position\":3,\"name\":\"Cuidado de Acogida en Colorado\",\"item\":\"https:\\\/\\\/co4kids.org\\\/es\\\/cuidado-de-crianza-temporal-adopcion\\\/cuidado-de-crianza-en-colorado\\\/\"},{\"@type\":\"ListItem\",\"position\":4,\"name\":\"Formulario de Inter\u00e9s para el Cuidado de Acogida\"}]},{\"@type\":\"WebSite\",\"@id\":\"https:\\\/\\\/co4kids.org\\\/es\\\/#website\",\"url\":\"https:\\\/\\\/co4kids.org\\\/es\\\/\",\"name\":\"CO4Kids\",\"description\":\"If not you, then who?\",\"potentialAction\":[{\"@type\":\"SearchAction\",\"target\":{\"@type\":\"EntryPoint\",\"urlTemplate\":\"https:\\\/\\\/co4kids.org\\\/es\\\/?s={search_term_string}\"},\"query-input\":{\"@type\":\"PropertyValueSpecification\",\"valueRequired\":true,\"valueName\":\"search_term_string\"}}],\"inLanguage\":\"es\"}]}<\/script>\n<!-- \/ Yoast SEO Premium plugin. -->","yoast_head_json":{"title":"Formulario de Inter\u00e9s para el Cuidado de Acogida - CO4Kids","robots":{"index":"index","follow":"follow","max-snippet":"max-snippet:-1","max-image-preview":"max-image-preview:large","max-video-preview":"max-video-preview:-1"},"canonical":"https:\/\/co4kids.org\/es\/cuidado-de-crianza-temporal-adopcion\/cuidado-de-crianza-en-colorado\/formulario-de-consulta\/","og_locale":"es_ES","og_type":"article","og_title":"Formulario de Inter\u00e9s para el Cuidado de Acogida","og_description":"El cuidado de acogida es una medida temporal, pero el impacto que las familias temporales tienen en la vida de un ni\u00f1o o joven puede durar toda la vida. Ya...","og_url":"https:\/\/co4kids.org\/es\/cuidado-de-crianza-temporal-adopcion\/cuidado-de-crianza-en-colorado\/formulario-de-consulta\/","og_site_name":"CO4Kids","article_modified_time":"2025-05-06T18:25:11+00:00","og_image":[{"width":1920,"height":1280,"url":"https:\/\/co4kids.org\/wp-content\/uploads\/2024\/12\/501Gray-IMG_7373-1-1-spanish.jpg","type":"image\/jpeg"}],"twitter_card":"summary_large_image","twitter_misc":{"Tiempo de lectura":"1 minuto"},"schema":{"@context":"https:\/\/schema.org","@graph":[{"@type":"WebPage","@id":"https:\/\/co4kids.org\/es\/cuidado-de-crianza-temporal-adopcion\/cuidado-de-crianza-en-colorado\/formulario-de-consulta\/","url":"https:\/\/co4kids.org\/es\/cuidado-de-crianza-temporal-adopcion\/cuidado-de-crianza-en-colorado\/formulario-de-consulta\/","name":"Formulario de Inter\u00e9s para el Cuidado de Acogida - CO4Kids","isPartOf":{"@id":"https:\/\/co4kids.org\/es\/#website"},"primaryImageOfPage":{"@id":"https:\/\/co4kids.org\/es\/cuidado-de-crianza-temporal-adopcion\/cuidado-de-crianza-en-colorado\/formulario-de-consulta\/#primaryimage"},"image":{"@id":"https:\/\/co4kids.org\/es\/cuidado-de-crianza-temporal-adopcion\/cuidado-de-crianza-en-colorado\/formulario-de-consulta\/#primaryimage"},"thumbnailUrl":"https:\/\/co4kids.org\/wp-content\/uploads\/2024\/12\/501Gray-IMG_7373-1-1-spanish.jpg","datePublished":"2023-03-17T02:39:08+00:00","dateModified":"2025-05-06T18:25:11+00:00","breadcrumb":{"@id":"https:\/\/co4kids.org\/es\/cuidado-de-crianza-temporal-adopcion\/cuidado-de-crianza-en-colorado\/formulario-de-consulta\/#breadcrumb"},"inLanguage":"es","potentialAction":[{"@type":"ReadAction","target":["https:\/\/co4kids.org\/es\/cuidado-de-crianza-temporal-adopcion\/cuidado-de-crianza-en-colorado\/formulario-de-consulta\/"]}]},{"@type":"ImageObject","inLanguage":"es","@id":"https:\/\/co4kids.org\/es\/cuidado-de-crianza-temporal-adopcion\/cuidado-de-crianza-en-colorado\/formulario-de-consulta\/#primaryimage","url":"https:\/\/co4kids.org\/wp-content\/uploads\/2024\/12\/501Gray-IMG_7373-1-1-spanish.jpg","contentUrl":"https:\/\/co4kids.org\/wp-content\/uploads\/2024\/12\/501Gray-IMG_7373-1-1-spanish.jpg","width":1920,"height":1280,"caption":"Familia de 6 en un desierto"},{"@type":"BreadcrumbList","@id":"https:\/\/co4kids.org\/es\/cuidado-de-crianza-temporal-adopcion\/cuidado-de-crianza-en-colorado\/formulario-de-consulta\/#breadcrumb","itemListElement":[{"@type":"ListItem","position":1,"name":"Home","item":"https:\/\/co4kids.org\/es\/"},{"@type":"ListItem","position":2,"name":"Cuidado de Acogida y Adopci\u00f3n","item":"https:\/\/co4kids.org\/es\/cuidado-de-crianza-temporal-adopcion\/"},{"@type":"ListItem","position":3,"name":"Cuidado de Acogida en Colorado","item":"https:\/\/co4kids.org\/es\/cuidado-de-crianza-temporal-adopcion\/cuidado-de-crianza-en-colorado\/"},{"@type":"ListItem","position":4,"name":"Formulario de Inter\u00e9s para el Cuidado de Acogida"}]},{"@type":"WebSite","@id":"https:\/\/co4kids.org\/es\/#website","url":"https:\/\/co4kids.org\/es\/","name":"CO4Kids","description":"If not you, then who?","potentialAction":[{"@type":"SearchAction","target":{"@type":"EntryPoint","urlTemplate":"https:\/\/co4kids.org\/es\/?s={search_term_string}"},"query-input":{"@type":"PropertyValueSpecification","valueRequired":true,"valueName":"search_term_string"}}],"inLanguage":"es"}]}},"publishpress_future_workflow_manual_trigger":{"enabledWorkflows":[]},"ticketed":false,"_links":{"self":[{"href":"https:\/\/co4kids.org\/es\/wp-json\/wp\/v2\/pages\/521","targetHints":{"allow":["GET"]}}],"collection":[{"href":"https:\/\/co4kids.org\/es\/wp-json\/wp\/v2\/pages"}],"about":[{"href":"https:\/\/co4kids.org\/es\/wp-json\/wp\/v2\/types\/page"}],"author":[{"embeddable":true,"href":"https:\/\/co4kids.org\/es\/wp-json\/wp\/v2\/users\/1"}],"replies":[{"embeddable":true,"href":"https:\/\/co4kids.org\/es\/wp-json\/wp\/v2\/comments?post=521"}],"version-history":[{"count":0,"href":"https:\/\/co4kids.org\/es\/wp-json\/wp\/v2\/pages\/521\/revisions"}],"up":[{"embeddable":true,"href":"https:\/\/co4kids.org\/es\/wp-json\/wp\/v2\/pages\/519"}],"wp:featuredmedia":[{"embeddable":true,"href":"https:\/\/co4kids.org\/es\/wp-json\/wp\/v2\/media\/30337"}],"wp:attachment":[{"href":"https:\/\/co4kids.org\/es\/wp-json\/wp\/v2\/media?parent=521"}],"curies":[{"name":"wp","href":"https:\/\/api.w.org\/{rel}","templated":true}]}}