{"id":519,"date":"2023-03-16T20:39:08","date_gmt":"2023-03-17T02:39:08","guid":{"rendered":"https:\/\/co4kids.org\/cuidado-de-crianza-temporal-adopcion\/cuidado-de-crianza-en-colorado\/"},"modified":"2023-12-20T15:56:36","modified_gmt":"2023-12-20T22:56:36","slug":"cuidado-de-crianza-en-colorado","status":"publish","type":"page","link":"https:\/\/co4kids.org\/es\/cuidado-de-crianza-temporal-adopcion\/cuidado-de-crianza-en-colorado\/","title":{"rendered":"Cuidado de Acogida en Colorado"},"content":{"rendered":"\n<div class=\"has-arrow-mask-down ani-bottom has-arrow-mask-pad has-arrow-mask wp-block-group has-wider-padding has-sticky-radius has-0-9-background-color has-background has-arrow-mask has-arrow-mask-down ani-bottom has-arrow-mask-pad has-global-padding is-layout-constrained wp-block-group-is-layout-constrained\" style=\"border-top-left-radius:15px;border-top-right-radius:15px;margin-bottom:var(--wp--preset--spacing--20)\">\n<header class=\"wp-block-group has-global-padding is-layout-constrained wp-container-core-group-is-layout-7db9d80f wp-block-group-is-layout-constrained\" style=\"padding-right:0;padding-left:0\">\n<div class=\"wp-block-columns has-0-9-background-color has-background is-layout-flex wp-container-core-columns-is-layout-0af18515 wp-block-columns-is-layout-flex\" style=\"margin-bottom:var(--wp--preset--spacing--20)\">\n<div class=\"wp-block-column is-vertically-aligned-center is-layout-flow wp-block-column-is-layout-flow\" style=\"padding-top:var(--wp--preset--spacing--20)\"><h1 style=\"margin-bottom:var(--wp--preset--spacing--20);\" class=\"wp-block-post-title has-h-2-font-size\">Cuidado de Acogida en Colorado<\/h1>\n\n\n<p class=\"\">El cuidado de acogida es un hogar temporal donde los adultos brindan un sitio seguro para ni\u00f1os y adolescentes, porque sus padres necesitan tiempo para aprender nuevas habilidades para convertirse en los padres que sus hijos necesitan que sean. Las agencias de servicios sociales siempre necesitan familias que est\u00e9n dispuestas a cuidar ni\u00f1os con necesidades especiales, grupos de hermanos, j\u00f3venes mayores y j\u00f3venes que hablan un idioma diferente.<\/p>\n<\/div>\n\n\n\n<div class=\"wp-block-column is-vertically-aligned-top is-first-md is-layout-flow wp-block-column-is-layout-flow\"><figure class=\"ani-bottom has-arrow-mask-down has-arrow-mask wp-block-post-featured-image\"><img loading=\"lazy\" decoding=\"async\" width=\"1920\" height=\"1281\" src=\"https:\/\/co4kids.org\/wp-content\/uploads\/2023\/12\/Rebecca-Persia-2023-1.jpg\" class=\"attachment-post-thumbnail size-post-thumbnail wp-post-image\" alt=\"Adoptive mother and daughter of different races sit on a couch smiling\" style=\"object-fit:cover;\" srcset=\"https:\/\/co4kids.org\/wp-content\/uploads\/2023\/12\/Rebecca-Persia-2023-1.jpg 1920w, https:\/\/co4kids.org\/wp-content\/uploads\/2023\/12\/Rebecca-Persia-2023-1-450x300.jpg 450w, https:\/\/co4kids.org\/wp-content\/uploads\/2023\/12\/Rebecca-Persia-2023-1-1024x683.jpg 1024w, https:\/\/co4kids.org\/wp-content\/uploads\/2023\/12\/Rebecca-Persia-2023-1-768x512.jpg 768w, https:\/\/co4kids.org\/wp-content\/uploads\/2023\/12\/Rebecca-Persia-2023-1-1536x1025.jpg 1536w\" sizes=\"auto, (max-width: 1920px) 100vw, 1920px\" \/><\/figure><\/div>\n<\/div>\n\n\n\n<div class=\"wp-block-columns is-layout-flex wp-container-core-columns-is-layout-28f84493 wp-block-columns-is-layout-flex\">\n<div class=\"wp-block-column is-layout-flow wp-block-column-is-layout-flow\">\n<div class=\"wp-block-buttons is-layout-flex wp-block-buttons-is-layout-flex\">\n<div class=\"wp-block-button is-style-arrowed\"><a class=\"wp-block-button__link wp-element-button\" href=\"https:\/\/co4kids.org\/es\/cuidado-de-crianza-temporal-adopcion\/cuidado-de-crianza-en-colorado\/foster-por-condado\/\">Cont\u00e1cta a tu condado o agencia de colocaci\u00f3n de menores<\/a><\/div>\n<\/div>\n<\/div>\n\n\n\n<div class=\"wp-block-column is-layout-flow wp-block-column-is-layout-flow\">\n<div class=\"wp-block-buttons is-layout-flex wp-block-buttons-is-layout-flex\">\n<div class=\"wp-block-button is-style-arrowed\"><a class=\"wp-block-button__link wp-element-button\" href=\"https:\/\/prod.fostercare.cdhs.state.co.us\/Public\/Create\" target=\"_blank\" rel=\"noreferrer noopener\">Llena el formulario de inter\u00e9s<\/a><\/div>\n<\/div>\n<\/div>\n<\/div>\n<\/header>\n<\/div>\n\n\n\n<div class=\"has-arrow-mask-down ani-bottom has-arrow-mask-pad has-arrow-mask wp-block-group has-wider-padding has-sticky-radius has-0-9-color has-text-color has-arrow-mask has-arrow-mask-down ani-bottom has-arrow-mask-pad has-global-padding is-layout-constrained wp-block-group-is-layout-constrained\" style=\"border-top-left-radius:15px;border-top-right-radius:15px;margin-bottom:var(--wp--preset--spacing--20);padding-top:0\">\n<div class=\"wp-block-columns is-layout-flex wp-container-core-columns-is-layout-1c2f8bfb wp-block-columns-is-layout-flex\" style=\"margin-top:var(--wp--preset--spacing--20);margin-bottom:var(--wp--preset--spacing--20);padding-top:var(--wp--preset--spacing--50);padding-right:0;padding-bottom:var(--wp--preset--spacing--50);padding-left:0\">\n<div class=\"wp-block-column is-vertically-aligned-center is-layout-flow wp-block-column-is-layout-flow\">\n<h2 class=\"wp-block-heading has-5-5-color has-text-color has-h-3-font-size\"><strong><strong>\u00bfC\u00f3mo me convierto en padre o madre de acogida?<\/strong><\/strong><\/h2>\n\n\n\n<p class=\"\">El primer paso es <a href=\"https:\/\/prod.fostercare.cdhs.state.co.us\/Public\/Create\">comunicarse con el departamento de servicios humanos<\/a> de tu condado o una agencia de colocaci\u00f3n de ni\u00f1os y asistir a una reuni\u00f3n informativa. Puedes encontrar las fechas, los horarios y los lugares de las reuniones informativas en el sitio web de cada organizaci\u00f3n. <\/p>\n\n\n\n<p class=\"\">Todos los padres sustitutos deben completar la capacitaci\u00f3n b\u00e1sica y otras capacitaciones, como resucitaci\u00f3n cardiopulmonar y primeros auxilios. El condado y la agencia de colocaci\u00f3n de ni\u00f1os con los que est\u00e1s trabajando tambi\u00e9n pueden pedirte que realices otras capacitaciones.<\/p>\n\n\n\n<p class=\"\">Cada a\u00f1o, se requiere que los padres sustitutos completen capacitaciones adicionales para conservar su certificaci\u00f3n. La agencia de colocaci\u00f3n de ni\u00f1os, su condado, o el <a href=\"https:\/\/coloradocwts.com\/index.php\/families\" target=\"_blank\" rel=\"noreferrer noopener\">Sistema de Capacitaci\u00f3n en Bienestar Infantil<\/a> pueden ayudarlo a cumplir con estos requisitos.<\/p>\n<\/div>\n\n\n\n<div class=\"wp-block-column is-vertically-aligned-center is-first-md is-layout-flow wp-block-column-is-layout-flow\">\n<figure class=\"ani-bottom has-arrow-mask-left has-arrow-mask wp-block-image size-full has-custom-border has-arrow-mask ani-bottom has-arrow-mask-left\"><img loading=\"lazy\" decoding=\"async\" width=\"1920\" height=\"1281\" src=\"https:\/\/co4kids.org\/wp-content\/uploads\/2023\/12\/CDHS-Foster-Yvette-Matt-Synthia-Nov-2023.jpg\" alt=\"a foster family posing for a photo on a couch\" class=\"wp-image-8028\" style=\"border-radius:15px\" srcset=\"https:\/\/co4kids.org\/wp-content\/uploads\/2023\/12\/CDHS-Foster-Yvette-Matt-Synthia-Nov-2023.jpg 1920w, https:\/\/co4kids.org\/wp-content\/uploads\/2023\/12\/CDHS-Foster-Yvette-Matt-Synthia-Nov-2023-450x300.jpg 450w, https:\/\/co4kids.org\/wp-content\/uploads\/2023\/12\/CDHS-Foster-Yvette-Matt-Synthia-Nov-2023-1024x683.jpg 1024w, https:\/\/co4kids.org\/wp-content\/uploads\/2023\/12\/CDHS-Foster-Yvette-Matt-Synthia-Nov-2023-768x512.jpg 768w, https:\/\/co4kids.org\/wp-content\/uploads\/2023\/12\/CDHS-Foster-Yvette-Matt-Synthia-Nov-2023-1536x1025.jpg 1536w\" sizes=\"auto, (max-width: 1920px) 100vw, 1920px\" \/><\/figure>\n<\/div>\n<\/div>\n\n\n\n<div class=\"wp-block-columns is-layout-flex wp-container-core-columns-is-layout-12c50c3a wp-block-columns-is-layout-flex\" style=\"margin-bottom:var(--wp--preset--spacing--20);padding-top:0;padding-right:0;padding-bottom:0;padding-left:0\">\n<div class=\"wp-block-column is-vertically-aligned-center is-layout-flow wp-block-column-is-layout-flow\">\n<figure class=\"ani-bottom has-arrow-mask-right has-arrow-mask wp-block-image size-full has-custom-border has-arrow-mask ani-bottom has-arrow-mask-right\"><img loading=\"lazy\" decoding=\"async\" width=\"1920\" height=\"1281\" src=\"https:\/\/co4kids.org\/wp-content\/uploads\/2023\/12\/Rebecca-Persia-Nov-14-2.jpg\" alt=\"An adoptive mother and daughter sitting on the couch making a heart with their hands\" class=\"wp-image-8037\" style=\"border-radius:15px\" srcset=\"https:\/\/co4kids.org\/wp-content\/uploads\/2023\/12\/Rebecca-Persia-Nov-14-2.jpg 1920w, https:\/\/co4kids.org\/wp-content\/uploads\/2023\/12\/Rebecca-Persia-Nov-14-2-450x300.jpg 450w, https:\/\/co4kids.org\/wp-content\/uploads\/2023\/12\/Rebecca-Persia-Nov-14-2-1024x683.jpg 1024w, https:\/\/co4kids.org\/wp-content\/uploads\/2023\/12\/Rebecca-Persia-Nov-14-2-768x512.jpg 768w, https:\/\/co4kids.org\/wp-content\/uploads\/2023\/12\/Rebecca-Persia-Nov-14-2-1536x1025.jpg 1536w\" sizes=\"auto, (max-width: 1920px) 100vw, 1920px\" \/><\/figure>\n<\/div>\n\n\n\n<div class=\"wp-block-column is-vertically-aligned-center is-layout-flow wp-block-column-is-layout-flow\">\n<h2 class=\"wp-block-heading has-5-5-color has-text-color has-h-3-font-size\"><strong><strong><strong>\u00bfQui\u00e9nes pueden convertirse en padres sustitutos?<\/strong><\/strong><\/strong><\/h2>\n\n\n\n<p class=\"\">El estado de Colorado tiene un compromiso con la inclusi\u00f3n. No hay restricciones de raza, etnia, religi\u00f3n, orientaci\u00f3n o expresi\u00f3n sexual, identidad de g\u00e9nero o estado civil para ser un padre o madre de acogida. Lo \u00fanico que importa es que seas mayor de 21 a\u00f1os y que est\u00e9s listo para marcar la diferencia en la vida de un ni\u00f1o o adolescente en el momento en que m\u00e1s lo necesite. <\/p>\n\n\n\n<p class=\"\">Los padres de acogida deben ser mayores de 21 a\u00f1os, pasar una verificaci\u00f3n de antecedentes, completar la capacitaci\u00f3n y recibir un estudio en el hogar. Los padres de acogida deben ser capaces de usar un buen criterio como un padre o una madre prudente y demostrar un estilo de vida responsable, estable y emocionalmente maduro.<\/p>\n<\/div>\n<\/div>\n<\/div>\n\n\n\n<div class=\"wp-block-columns alignwide has-0-9-background-color has-background is-layout-flex wp-container-core-columns-is-layout-e05379ec wp-block-columns-is-layout-flex\" style=\"margin-bottom:var(--wp--preset--spacing--20);padding-top:var(--wp--preset--spacing--20);padding-right:var(--wp--preset--spacing--20);padding-bottom:var(--wp--preset--spacing--20);padding-left:var(--wp--preset--spacing--20)\">\n<div class=\"wp-block-column is-vertically-aligned-center is-layout-flow wp-block-column-is-layout-flow\">\n<h2 class=\"wp-block-heading has-h-3-font-size\"><strong>Conozca a las familias de acogida de Colorado<\/strong><\/h2>\n\n\n\n<p class=\"\"><\/p>\n\n\n\n<p class=\"\">A menudo escuchas las experiencias aparentemente heroicas de los padres de acogida y te pregunta: \u00ab\u00bfPodria hacerlo yo?\u00bb La verdad es que los padres de acogida son habitantes comunes de Colorado que respondieron al llamado y se ofrecieron a cuidar a ni\u00f1os y adolescentes que necesitan vivir en un lugar seguro y lleno de amor, mientras sus padres reciben apoyo y aprenden las habilidades que necesitan para construir un hogar estable.<\/p>\n\n\n\n<p class=\"\">Enlaces R\u00e1pidos:<\/p>\n\n\n\n<div class=\"wp-block-buttons is-layout-flex wp-block-buttons-is-layout-flex\">\n<div class=\"wp-block-button is-style-arrowed\"><a class=\"wp-block-button__link wp-element-button\" href=\"https:\/\/co4kids.org\/es\/preguntas-frecuentes-sobre-el-cuidado-temporal-y-la-adopcion\/\">\u00bfA\u00fan tienes preguntas? Consulta las preguntas y respuestas m\u00e1s frecuentes<\/a><\/div>\n<\/div>\n\n\n\n<div class=\"wp-block-buttons is-layout-flex wp-block-buttons-is-layout-flex\">\n<div class=\"wp-block-button is-style-arrowed\"><a class=\"wp-block-button__link wp-element-button\" href=\"https:\/\/co4kids.org\/es\/cuidado-de-crianza-temporal-adopcion\/cuidado-de-crianza-en-colorado\/foster-por-condado\/\">Contacta a tu condado o a una agencia de colocaci\u00f3n de menores<\/a><\/div>\n<\/div>\n\n\n\n<div class=\"wp-block-buttons is-layout-flex wp-block-buttons-is-layout-flex\">\n<div class=\"wp-block-button is-style-arrowed\"><a class=\"wp-block-button__link wp-element-button\" href=\"https:\/\/prod.fostercare.cdhs.state.co.us\/Public\/Create\" target=\"_blank\" rel=\"noreferrer noopener\">Llena el formulario de inter\u00e9s<\/a><\/div>\n<\/div>\n\n\n\n<div class=\"wp-block-buttons is-layout-flex wp-block-buttons-is-layout-flex\">\n<div class=\"wp-block-button is-style-arrowed\"><a class=\"wp-block-button__link wp-element-button\" href=\"https:\/\/co4kids.org\/es\/video-category\/orfanato\/\">Mira videos de familias de acogida<\/a><\/div>\n<\/div>\n<\/div>\n\n\n\n<div class=\"wp-block-column is-vertically-aligned-center is-layout-flow wp-block-column-is-layout-flow\">\n<figure class=\"ani-bottom has-arrow-mask-left has-arrow-mask wp-block-image size-large has-arrow-mask ani-bottom has-arrow-mask-left\"><img loading=\"lazy\" decoding=\"async\" width=\"1024\" height=\"684\" src=\"https:\/\/co4kids.org\/wp-content\/uploads\/2023\/06\/DSC04814-1-1024x684.jpg\" alt=\"Familia de 10 sonriendo desde el porche. \" class=\"wp-image-2074\" srcset=\"https:\/\/co4kids.org\/wp-content\/uploads\/2023\/06\/DSC04814-1-1024x684.jpg 1024w, https:\/\/co4kids.org\/wp-content\/uploads\/2023\/06\/DSC04814-1-450x300.jpg 450w, https:\/\/co4kids.org\/wp-content\/uploads\/2023\/06\/DSC04814-1-768x513.jpg 768w, https:\/\/co4kids.org\/wp-content\/uploads\/2023\/06\/DSC04814-1-1536x1026.jpg 1536w, https:\/\/co4kids.org\/wp-content\/uploads\/2023\/06\/DSC04814-1.jpg 1920w\" sizes=\"auto, (max-width: 1024px) 100vw, 1024px\" \/><\/figure>\n<\/div>\n<\/div>\n","protected":false},"excerpt":{"rendered":"<p>El cuidado de acogida es un hogar temporal donde los adultos brindan un sitio seguro para ni\u00f1os y adolescentes, porque sus padres necesitan tiempo para aprender nuevas habilidades para convertirse&#8230;<\/p>\n","protected":false},"author":1,"featured_media":8035,"parent":516,"menu_order":26,"comment_status":"closed","ping_status":"closed","template":"","meta":{"_aquamin_featured_video":"","_aquamin_featured_post":false,"_price":"","_stock":"","_tribe_ticket_header":"","_tribe_default_ticket_provider":"","_tribe_ticket_capacity":"0","_ticket_start_date":"","_ticket_end_date":"","_tribe_ticket_show_description":"","_tribe_ticket_show_not_going":false,"_tribe_ticket_use_global_stock":"","_tribe_ticket_global_stock_level":"","_global_stock_mode":"","_global_stock_cap":"","_tribe_rsvp_for_event":"","_tribe_ticket_going_count":"","_tribe_ticket_not_going_count":"","_tribe_tickets_list":"[]","_tribe_ticket_has_attendee_info_fields":false,"footnotes":"","_tec_slr_enabled":"","_tec_slr_layout":""},"class_list":["post-519","page","type-page","status-publish","has-post-thumbnail","hentry"],"yoast_head":"<!-- This site is optimized with the Yoast SEO Premium plugin v27.3 (Yoast SEO v27.3) - https:\/\/yoast.com\/product\/yoast-seo-premium-wordpress\/ -->\n<title>Cuidado de Acogida en Colorado - CO4Kids<\/title>\n<meta name=\"robots\" content=\"index, follow, max-snippet:-1, max-image-preview:large, max-video-preview:-1\" \/>\n<link rel=\"canonical\" href=\"https:\/\/co4kids.org\/es\/cuidado-de-crianza-temporal-adopcion\/cuidado-de-crianza-en-colorado\/\" \/>\n<meta property=\"og:locale\" content=\"es_ES\" \/>\n<meta property=\"og:type\" content=\"article\" \/>\n<meta property=\"og:title\" content=\"Cuidado de Acogida en Colorado\" \/>\n<meta property=\"og:description\" content=\"El cuidado de acogida es un hogar temporal donde los adultos brindan un sitio seguro para ni\u00f1os y adolescentes, porque sus padres necesitan tiempo para aprender nuevas habilidades para convertirse...\" \/>\n<meta property=\"og:url\" content=\"https:\/\/co4kids.org\/es\/cuidado-de-crianza-temporal-adopcion\/cuidado-de-crianza-en-colorado\/\" \/>\n<meta property=\"og:site_name\" content=\"CO4Kids\" \/>\n<meta property=\"article:modified_time\" content=\"2023-12-20T22:56:36+00:00\" \/>\n<meta property=\"og:image\" content=\"https:\/\/co4kids.org\/wp-content\/uploads\/2023\/12\/Rebecca-Persia-2023-1.jpg\" \/>\n\t<meta property=\"og:image:width\" content=\"1920\" \/>\n\t<meta property=\"og:image:height\" content=\"1281\" \/>\n\t<meta property=\"og:image:type\" content=\"image\/jpeg\" \/>\n<meta name=\"twitter:card\" content=\"summary_large_image\" \/>\n<meta name=\"twitter:label1\" content=\"Tiempo de lectura\" \/>\n\t<meta name=\"twitter:data1\" content=\"3 minutos\" \/>\n<script type=\"application\/ld+json\" class=\"yoast-schema-graph\">{\"@context\":\"https:\\\/\\\/schema.org\",\"@graph\":[{\"@type\":\"WebPage\",\"@id\":\"https:\\\/\\\/co4kids.org\\\/es\\\/cuidado-de-crianza-temporal-adopcion\\\/cuidado-de-crianza-en-colorado\\\/\",\"url\":\"https:\\\/\\\/co4kids.org\\\/es\\\/cuidado-de-crianza-temporal-adopcion\\\/cuidado-de-crianza-en-colorado\\\/\",\"name\":\"Cuidado de Acogida en Colorado - CO4Kids\",\"isPartOf\":{\"@id\":\"https:\\\/\\\/co4kids.org\\\/es\\\/#website\"},\"primaryImageOfPage\":{\"@id\":\"https:\\\/\\\/co4kids.org\\\/es\\\/cuidado-de-crianza-temporal-adopcion\\\/cuidado-de-crianza-en-colorado\\\/#primaryimage\"},\"image\":{\"@id\":\"https:\\\/\\\/co4kids.org\\\/es\\\/cuidado-de-crianza-temporal-adopcion\\\/cuidado-de-crianza-en-colorado\\\/#primaryimage\"},\"thumbnailUrl\":\"https:\\\/\\\/co4kids.org\\\/wp-content\\\/uploads\\\/2023\\\/12\\\/Rebecca-Persia-2023-1.jpg\",\"datePublished\":\"2023-03-17T02:39:08+00:00\",\"dateModified\":\"2023-12-20T22:56:36+00:00\",\"breadcrumb\":{\"@id\":\"https:\\\/\\\/co4kids.org\\\/es\\\/cuidado-de-crianza-temporal-adopcion\\\/cuidado-de-crianza-en-colorado\\\/#breadcrumb\"},\"inLanguage\":\"es\",\"potentialAction\":[{\"@type\":\"ReadAction\",\"target\":[\"https:\\\/\\\/co4kids.org\\\/es\\\/cuidado-de-crianza-temporal-adopcion\\\/cuidado-de-crianza-en-colorado\\\/\"]}]},{\"@type\":\"ImageObject\",\"inLanguage\":\"es\",\"@id\":\"https:\\\/\\\/co4kids.org\\\/es\\\/cuidado-de-crianza-temporal-adopcion\\\/cuidado-de-crianza-en-colorado\\\/#primaryimage\",\"url\":\"https:\\\/\\\/co4kids.org\\\/wp-content\\\/uploads\\\/2023\\\/12\\\/Rebecca-Persia-2023-1.jpg\",\"contentUrl\":\"https:\\\/\\\/co4kids.org\\\/wp-content\\\/uploads\\\/2023\\\/12\\\/Rebecca-Persia-2023-1.jpg\",\"width\":1920,\"height\":1281,\"caption\":\"Adoptive mother and daughter of different races sit on a couch smiling\"},{\"@type\":\"BreadcrumbList\",\"@id\":\"https:\\\/\\\/co4kids.org\\\/es\\\/cuidado-de-crianza-temporal-adopcion\\\/cuidado-de-crianza-en-colorado\\\/#breadcrumb\",\"itemListElement\":[{\"@type\":\"ListItem\",\"position\":1,\"name\":\"Home\",\"item\":\"https:\\\/\\\/co4kids.org\\\/es\\\/\"},{\"@type\":\"ListItem\",\"position\":2,\"name\":\"Cuidado de Acogida y Adopci\u00f3n\",\"item\":\"https:\\\/\\\/co4kids.org\\\/es\\\/cuidado-de-crianza-temporal-adopcion\\\/\"},{\"@type\":\"ListItem\",\"position\":3,\"name\":\"Cuidado de Acogida en Colorado\"}]},{\"@type\":\"WebSite\",\"@id\":\"https:\\\/\\\/co4kids.org\\\/es\\\/#website\",\"url\":\"https:\\\/\\\/co4kids.org\\\/es\\\/\",\"name\":\"CO4Kids\",\"description\":\"If not you, then who?\",\"potentialAction\":[{\"@type\":\"SearchAction\",\"target\":{\"@type\":\"EntryPoint\",\"urlTemplate\":\"https:\\\/\\\/co4kids.org\\\/es\\\/?s={search_term_string}\"},\"query-input\":{\"@type\":\"PropertyValueSpecification\",\"valueRequired\":true,\"valueName\":\"search_term_string\"}}],\"inLanguage\":\"es\"}]}<\/script>\n<!-- \/ Yoast SEO Premium plugin. -->","yoast_head_json":{"title":"Cuidado de Acogida en Colorado - CO4Kids","robots":{"index":"index","follow":"follow","max-snippet":"max-snippet:-1","max-image-preview":"max-image-preview:large","max-video-preview":"max-video-preview:-1"},"canonical":"https:\/\/co4kids.org\/es\/cuidado-de-crianza-temporal-adopcion\/cuidado-de-crianza-en-colorado\/","og_locale":"es_ES","og_type":"article","og_title":"Cuidado de Acogida en Colorado","og_description":"El cuidado de acogida es un hogar temporal donde los adultos brindan un sitio seguro para ni\u00f1os y adolescentes, porque sus padres necesitan tiempo para aprender nuevas habilidades para convertirse...","og_url":"https:\/\/co4kids.org\/es\/cuidado-de-crianza-temporal-adopcion\/cuidado-de-crianza-en-colorado\/","og_site_name":"CO4Kids","article_modified_time":"2023-12-20T22:56:36+00:00","og_image":[{"width":1920,"height":1281,"url":"https:\/\/co4kids.org\/wp-content\/uploads\/2023\/12\/Rebecca-Persia-2023-1.jpg","type":"image\/jpeg"}],"twitter_card":"summary_large_image","twitter_misc":{"Tiempo de lectura":"3 minutos"},"schema":{"@context":"https:\/\/schema.org","@graph":[{"@type":"WebPage","@id":"https:\/\/co4kids.org\/es\/cuidado-de-crianza-temporal-adopcion\/cuidado-de-crianza-en-colorado\/","url":"https:\/\/co4kids.org\/es\/cuidado-de-crianza-temporal-adopcion\/cuidado-de-crianza-en-colorado\/","name":"Cuidado de Acogida en Colorado - CO4Kids","isPartOf":{"@id":"https:\/\/co4kids.org\/es\/#website"},"primaryImageOfPage":{"@id":"https:\/\/co4kids.org\/es\/cuidado-de-crianza-temporal-adopcion\/cuidado-de-crianza-en-colorado\/#primaryimage"},"image":{"@id":"https:\/\/co4kids.org\/es\/cuidado-de-crianza-temporal-adopcion\/cuidado-de-crianza-en-colorado\/#primaryimage"},"thumbnailUrl":"https:\/\/co4kids.org\/wp-content\/uploads\/2023\/12\/Rebecca-Persia-2023-1.jpg","datePublished":"2023-03-17T02:39:08+00:00","dateModified":"2023-12-20T22:56:36+00:00","breadcrumb":{"@id":"https:\/\/co4kids.org\/es\/cuidado-de-crianza-temporal-adopcion\/cuidado-de-crianza-en-colorado\/#breadcrumb"},"inLanguage":"es","potentialAction":[{"@type":"ReadAction","target":["https:\/\/co4kids.org\/es\/cuidado-de-crianza-temporal-adopcion\/cuidado-de-crianza-en-colorado\/"]}]},{"@type":"ImageObject","inLanguage":"es","@id":"https:\/\/co4kids.org\/es\/cuidado-de-crianza-temporal-adopcion\/cuidado-de-crianza-en-colorado\/#primaryimage","url":"https:\/\/co4kids.org\/wp-content\/uploads\/2023\/12\/Rebecca-Persia-2023-1.jpg","contentUrl":"https:\/\/co4kids.org\/wp-content\/uploads\/2023\/12\/Rebecca-Persia-2023-1.jpg","width":1920,"height":1281,"caption":"Adoptive mother and daughter of different races sit on a couch smiling"},{"@type":"BreadcrumbList","@id":"https:\/\/co4kids.org\/es\/cuidado-de-crianza-temporal-adopcion\/cuidado-de-crianza-en-colorado\/#breadcrumb","itemListElement":[{"@type":"ListItem","position":1,"name":"Home","item":"https:\/\/co4kids.org\/es\/"},{"@type":"ListItem","position":2,"name":"Cuidado de Acogida y Adopci\u00f3n","item":"https:\/\/co4kids.org\/es\/cuidado-de-crianza-temporal-adopcion\/"},{"@type":"ListItem","position":3,"name":"Cuidado de Acogida en Colorado"}]},{"@type":"WebSite","@id":"https:\/\/co4kids.org\/es\/#website","url":"https:\/\/co4kids.org\/es\/","name":"CO4Kids","description":"If not you, then who?","potentialAction":[{"@type":"SearchAction","target":{"@type":"EntryPoint","urlTemplate":"https:\/\/co4kids.org\/es\/?s={search_term_string}"},"query-input":{"@type":"PropertyValueSpecification","valueRequired":true,"valueName":"search_term_string"}}],"inLanguage":"es"}]}},"publishpress_future_workflow_manual_trigger":{"enabledWorkflows":[]},"ticketed":false,"_links":{"self":[{"href":"https:\/\/co4kids.org\/es\/wp-json\/wp\/v2\/pages\/519","targetHints":{"allow":["GET"]}}],"collection":[{"href":"https:\/\/co4kids.org\/es\/wp-json\/wp\/v2\/pages"}],"about":[{"href":"https:\/\/co4kids.org\/es\/wp-json\/wp\/v2\/types\/page"}],"author":[{"embeddable":true,"href":"https:\/\/co4kids.org\/es\/wp-json\/wp\/v2\/users\/1"}],"replies":[{"embeddable":true,"href":"https:\/\/co4kids.org\/es\/wp-json\/wp\/v2\/comments?post=519"}],"version-history":[{"count":0,"href":"https:\/\/co4kids.org\/es\/wp-json\/wp\/v2\/pages\/519\/revisions"}],"up":[{"embeddable":true,"href":"https:\/\/co4kids.org\/es\/wp-json\/wp\/v2\/pages\/516"}],"wp:featuredmedia":[{"embeddable":true,"href":"https:\/\/co4kids.org\/es\/wp-json\/wp\/v2\/media\/8035"}],"wp:attachment":[{"href":"https:\/\/co4kids.org\/es\/wp-json\/wp\/v2\/media?parent=519"}],"curies":[{"name":"wp","href":"https:\/\/api.w.org\/{rel}","templated":true}]}}