{"id":516,"date":"2023-03-16T20:39:08","date_gmt":"2023-03-17T02:39:08","guid":{"rendered":"https:\/\/co4kids.org\/cuidado-de-crianza-temporal-adopcion\/"},"modified":"2025-08-28T12:54:14","modified_gmt":"2025-08-28T18:54:14","slug":"cuidado-de-crianza-temporal-adopcion","status":"publish","type":"page","link":"https:\/\/co4kids.org\/es\/cuidado-de-crianza-temporal-adopcion\/","title":{"rendered":"Cuidado de Acogida y Adopci\u00f3n"},"content":{"rendered":"\n<div class=\"has-arrow-mask-down ani-bottom has-arrow-mask-pad has-arrow-mask wp-block-group has-wider-padding has-sticky-radius has-0-9-background-color has-background has-arrow-mask has-arrow-mask-down ani-bottom has-arrow-mask-pad has-global-padding is-layout-constrained wp-block-group-is-layout-constrained\" style=\"border-top-left-radius:15px;border-top-right-radius:15px;margin-bottom:var(--wp--preset--spacing--20)\">\n<header class=\"wp-block-group has-global-padding is-layout-constrained wp-container-core-group-is-layout-7db9d80f wp-block-group-is-layout-constrained\" style=\"padding-right:0;padding-left:0\">\n<div class=\"wp-block-columns has-0-9-background-color has-background is-layout-flex wp-container-core-columns-is-layout-0af18515 wp-block-columns-is-layout-flex\" style=\"margin-bottom:var(--wp--preset--spacing--20)\">\n<div class=\"wp-block-column is-vertically-aligned-center is-layout-flow wp-block-column-is-layout-flow\" style=\"padding-top:var(--wp--preset--spacing--20)\"><h1 style=\"margin-bottom:var(--wp--preset--spacing--20);\" class=\"wp-block-post-title has-h-2-font-size\">Cuidado de Acogida y Adopci\u00f3n<\/h1>\n\n\n<p class=\"\">Los padres de acogida brindan un hogar temporal y seguro para ni\u00f1os y j\u00f3venes cuyos padres o cuidadores no pueden hacerse cargo de ellos. Cuando un ni\u00f1o o adolescente es retirado de su hogar y un trabajador social no puede identificar a un amigo de la familia o a familiares para cuidarlo temporalmente, se lo coloca en un hogar de cuidado de acogida. <\/p>\n\n\n\n<p class=\"\">Es importante recordar que cuando se separa a un ni\u00f1o o adolescente de su hogar, el objetivo principal suele ser devolver al ni\u00f1o o adolescente a sus padres o cuidadores una vez que estos puedan brindarle un hogar seguro y estable. Sin embargo, si esa opci\u00f3n no est\u00e1 disponible, la adopci\u00f3n u otro tipo de hogar permanente es el objetivo secundario. <\/p>\n<\/div>\n\n\n\n<div class=\"wp-block-column is-vertically-aligned-top is-first-md is-layout-flow wp-block-column-is-layout-flow\"><figure class=\"ani-bottom has-arrow-mask-down has-arrow-mask wp-block-post-featured-image\"><img loading=\"lazy\" decoding=\"async\" width=\"500\" height=\"500\" src=\"https:\/\/co4kids.org\/wp-content\/uploads\/2024\/12\/Murray-spanish.jpg\" class=\"attachment-post-thumbnail size-post-thumbnail wp-post-image\" alt=\"Familia de 4 personas sonriente frente a la casa.\" style=\"object-fit:cover;\" srcset=\"https:\/\/co4kids.org\/wp-content\/uploads\/2024\/12\/Murray-spanish.jpg 500w, https:\/\/co4kids.org\/wp-content\/uploads\/2024\/12\/Murray-spanish-450x450.jpg 450w, https:\/\/co4kids.org\/wp-content\/uploads\/2024\/12\/Murray-spanish-150x150.jpg 150w\" sizes=\"auto, (max-width: 500px) 100vw, 500px\" \/><\/figure><\/div>\n<\/div>\n<\/header>\n\n\n\n<p class=\"\"><\/p>\n<\/div>\n\n\n\n<div class=\"wp-block-group has-global-padding is-layout-constrained wp-block-group-is-layout-constrained\">\n<div class=\"has-arrow-mask-down ani-bottom has-arrow-mask-pad has-arrow-mask wp-block-group has-wider-padding has-sticky-radius has-0-9-color has-text-color has-arrow-mask has-arrow-mask-down ani-bottom has-arrow-mask-pad has-global-padding is-layout-constrained wp-block-group-is-layout-constrained\" style=\"border-top-left-radius:15px;border-top-right-radius:15px;margin-bottom:var(--wp--preset--spacing--20);padding-top:var(--wp--preset--spacing--50)\">\n<div class=\"wp-block-columns is-layout-flex wp-container-core-columns-is-layout-0af18515 wp-block-columns-is-layout-flex\" style=\"margin-bottom:var(--wp--preset--spacing--20)\">\n<div class=\"wp-block-column is-vertically-aligned-center is-layout-flow wp-block-column-is-layout-flow\">\n<h2 class=\"wp-block-heading has-h-3-font-size\" id=\"h-conviertase-en-padre-o-madre-de-acogida\">Convi\u00e9rtase en Padre o Madre de Acogida<\/h2>\n\n\n\n<p class=\"\"><\/p>\n\n\n\n<p class=\"\">Existen pocas limitaciones sobre qui\u00e9nes pueden ser padres de acogida, aunque todos deben pasar una verificaci\u00f3n de antecedentes, completar la capacitaci\u00f3n y recibir un estudio del hogar de un departamento de servicios humanos del condado o una agencia de colocaci\u00f3n de ni\u00f1os. El proceso de certificaci\u00f3n y capacitaci\u00f3n para padres de acogida te prepara para cuidar y apoyar a un ni\u00f1o o joven que experiment\u00f3 trauma, duelo y p\u00e9rdida.<\/p>\n\n\n\n<div class=\"wp-block-buttons is-layout-flex wp-block-buttons-is-layout-flex\">\n<div class=\"wp-block-button is-style-arrowed\"><a class=\"wp-block-button__link has-5-5-color has-text-color wp-element-button\" href=\"https:\/\/co4kids.org\/es\/cuidado-de-crianza-temporal-adopcion\/cuidado-de-crianza-en-colorado\/\">Obt\u00e9n m\u00e1s informaci\u00f3n sobre el cuidado de acogida en Colorado.<\/a><\/div>\n<\/div>\n<\/div>\n\n\n\n<div class=\"wp-block-column is-vertically-aligned-center is-first-md is-layout-flow wp-block-column-is-layout-flow\">\n<figure class=\"ani-bottom has-arrow-mask-left has-arrow-mask wp-block-image size-full has-custom-border has-arrow-mask ani-bottom has-arrow-mask-left\"><img loading=\"lazy\" decoding=\"async\" width=\"760\" height=\"435\" src=\"https:\/\/co4kids.org\/wp-content\/uploads\/2023\/06\/bio-parents-foster-care.jpg\" alt=\"Una mam\u00e1 con sus dos hijos en su regazo y todos estan sonriendo.\" class=\"wp-image-3995\" style=\"border-radius:15px\" srcset=\"https:\/\/co4kids.org\/wp-content\/uploads\/2023\/06\/bio-parents-foster-care.jpg 760w, https:\/\/co4kids.org\/wp-content\/uploads\/2023\/06\/bio-parents-foster-care-450x258.jpg 450w\" sizes=\"auto, (max-width: 760px) 100vw, 760px\" \/><\/figure>\n<\/div>\n<\/div>\n<\/div>\n<\/div>\n\n\n\n<div class=\"has-arrow-mask-down ani-bottom has-arrow-mask-pad has-arrow-mask wp-block-group has-wider-padding has-sticky-radius has-0-9-background-color has-background has-arrow-mask has-arrow-mask-down ani-bottom has-arrow-mask-pad has-global-padding is-layout-constrained wp-block-group-is-layout-constrained\" style=\"border-top-left-radius:15px;border-top-right-radius:15px;margin-bottom:var(--wp--preset--spacing--20)\">\n<div class=\"wp-block-columns has-0-9-background-color has-background is-layout-flex wp-container-core-columns-is-layout-52a2e0d8 wp-block-columns-is-layout-flex\" style=\"margin-bottom:var(--wp--preset--spacing--20);padding-top:var(--wp--preset--spacing--10)\">\n<div class=\"wp-block-column is-vertically-aligned-center is-layout-flow wp-block-column-is-layout-flow\">\n<h2 class=\"wp-block-heading has-h-3-font-size\" id=\"h-te-interesa-ser-padre-o-madre-de-acogida\" style=\"padding-top:var(--wp--preset--spacing--50);padding-right:0;padding-bottom:0;padding-left:0\"><strong>\u00bfTe interesa ser padre o madre de acogida?<\/strong><\/h2>\n\n\n\n<p class=\"\"><\/p>\n\n\n\n<p class=\"\">Los padres de acogida proporcionan un hogar temporal seguro y estable a ni\u00f1os que han sufrido abuso y abandono y cuyos padres necesitan tiempo para aprender nuevas habilidades que les permitan convertirse en los padres que sus hijos necesitan que sean. Los padres de acogida cuidan y satisfacen las necesidades f\u00edsicas, emocionales y sociales de los ni\u00f1os acogidos<\/p>\n\n\n\n<p class=\"\">El estado de Colorado tiene un compromiso con la inclusi\u00f3n. No hay restricciones de raza, etnia, religi\u00f3n, orientaci\u00f3n o expresi\u00f3n sexual, identidad de g\u00e9nero o estado civil. Los adultos que est\u00e1n interesados en adoptar a trav\u00e9s del sistema de cuidado temporal, primero deben convertirse en padres sustitutos certificados. Debe ser mayor de 21 a\u00f1os, aprobar una verificaci\u00f3n de antecedentes, completar la capacitaci\u00f3n y recibir un estudio en el hogar.<\/p>\n\n\n\n<p class=\"has-1-5-color has-text-color\"><strong>Utiliza esta herramienta de b\u00fasqueda para encontrar una agencia de colocaci\u00f3n de menores o un departamento de servicios humanos cerca de ti.<\/strong><\/p>\n\n\n\n<div class=\"wp-block-buttons is-layout-flex wp-block-buttons-is-layout-flex\">\n<div class=\"wp-block-button is-style-arrowed\"><a class=\"wp-block-button__link wp-element-button\" href=\"https:\/\/co4kids.org\/es\/busqueda-por-condado-y-agencia-de-colocacion-de-menores\/\">Ir a la herramienta de b\u00fasqueda<\/a><\/div>\n<\/div>\n<\/div>\n\n\n\n<div class=\"wp-block-column is-vertically-aligned-center is-layout-flow wp-block-column-is-layout-flow\">\n<figure class=\"ani-bottom has-arrow-mask-left has-arrow-mask wp-block-image size-full has-arrow-mask ani-bottom has-arrow-mask-left\"><img loading=\"lazy\" decoding=\"async\" width=\"762\" height=\"461\" src=\"https:\/\/co4kids.org\/wp-content\/uploads\/2023\/06\/CandD-1-1.png\" alt=\"Dos padres adoptivos con sus hijos peque\u00f1os en los brazos en un patio, todos est\u00e1n sonriendo.\" class=\"wp-image-4003\" srcset=\"https:\/\/co4kids.org\/wp-content\/uploads\/2023\/06\/CandD-1-1.png 762w, https:\/\/co4kids.org\/wp-content\/uploads\/2023\/06\/CandD-1-1-450x272.png 450w\" sizes=\"auto, (max-width: 762px) 100vw, 762px\" \/><\/figure>\n<\/div>\n<\/div>\n\n\n\n<div class=\"wp-block-columns has-0-9-background-color has-background is-layout-flex wp-container-core-columns-is-layout-f989ca4d wp-block-columns-is-layout-flex\" style=\"margin-bottom:var(--wp--preset--spacing--20);padding-top:var(--wp--preset--spacing--50)\">\n<div class=\"wp-block-column is-vertically-aligned-center is-layout-flow wp-block-column-is-layout-flow\">\n<figure class=\"ani-bottom has-arrow-mask-right has-arrow-mask wp-block-image size-full has-arrow-mask ani-bottom has-arrow-mask-right\"><img loading=\"lazy\" decoding=\"async\" width=\"760\" height=\"435\" src=\"https:\/\/co4kids.org\/wp-content\/uploads\/2023\/06\/MontelongoHZTB.jpg\" alt=\"Dos padres adoptivos posan para un retrato familiar con su hijo preadolescente.\" class=\"wp-image-4005\" srcset=\"https:\/\/co4kids.org\/wp-content\/uploads\/2023\/06\/MontelongoHZTB.jpg 760w, https:\/\/co4kids.org\/wp-content\/uploads\/2023\/06\/MontelongoHZTB-450x258.jpg 450w\" sizes=\"auto, (max-width: 760px) 100vw, 760px\" \/><\/figure>\n<\/div>\n\n\n\n<div class=\"wp-block-column is-vertically-aligned-center is-layout-flow wp-block-column-is-layout-flow\">\n<h2 class=\"wp-block-heading has-h-3-font-size\" id=\"h-adopcion\"><strong>Adopci\u00f3n<\/strong><\/h2>\n\n\n\n<p class=\"\"><\/p>\n\n\n\n<p class=\"\">La adopci\u00f3n crea familias solidarias y cari\u00f1osas para ni\u00f1os, j\u00f3venes y adultos. <\/p>\n\n\n\n<p class=\"\">Hay tres tipos de adopci\u00f3n: <\/p>\n\n\n\n<ul class=\"wp-block-list\">\n<li>la adopci\u00f3n de menores en cuidado temporal<\/li>\n\n\n\n<li>la adopci\u00f3n internacional<\/li>\n\n\n\n<li>la adopci\u00f3n dom\u00e9stica privada<\/li>\n<\/ul>\n\n\n\n<p class=\"\"><\/p>\n\n\n\n<p class=\"\">La mayor\u00eda de las adopciones en los Estados Unidos se realizan a trav\u00e9s del sistema de cuidado temporal.<\/p>\n\n\n\n<p class=\"\">El objetivo principal del cuidado temporal es reunir a los ni\u00f1os con sus padres. Sin embargo, si esa opci\u00f3n no est\u00e1 disponible, la adopci\u00f3n u otro tipo de hogar permanente es el objetivo secundario. Actualmente hay 363 ni\u00f1os y adolescentes en Colorado que est\u00e1n esperando una familia. <\/p>\n<\/div>\n<\/div>\n\n\n\n<h3 class=\"wp-block-heading\" id=\"h-obten-mas-informacion-sobre-la-adopcion\" style=\"padding-top:var(--wp--preset--spacing--10)\">Obt\u00e9n m\u00e1s informaci\u00f3n sobre la adopci\u00f3n.<\/h3>\n\n\n\n<p class=\"\">Sabemos que puedes tener muchas preguntas sobre la adopci\u00f3n. Si est\u00e1s interesado en adoptar a trav\u00e9s del sistema de acogida, primero debes convertirte en padre o madre de acogida certificado. Para solicitar m\u00e1s informaci\u00f3n sobre el cuidado de acogida y la adopci\u00f3n en Colorado, complete el formulario a continuaci\u00f3n.<\/p>\n\n\n\n<div class=\"wp-block-buttons is-layout-flex wp-block-buttons-is-layout-flex\">\n<div class=\"wp-block-button is-style-arrowed\"><a class=\"wp-block-button__link wp-element-button\" href=\"https:\/\/prod.fostercare.cdhs.state.co.us\/Public\/Create\">Completa el Formulario de Inter\u00e9s <\/a><\/div>\n<\/div>\n<\/div>\n","protected":false},"excerpt":{"rendered":"<p>Los padres de acogida brindan un hogar temporal y seguro para ni\u00f1os y j\u00f3venes cuyos padres o cuidadores no pueden hacerse cargo de ellos. Cuando un ni\u00f1o o adolescente es&#8230;<\/p>\n","protected":false},"author":1,"featured_media":30334,"parent":0,"menu_order":3,"comment_status":"closed","ping_status":"closed","template":"","meta":{"_aquamin_featured_video":"","_aquamin_featured_post":false,"_price":"","_stock":"","_tribe_ticket_header":"","_tribe_default_ticket_provider":"","_tribe_ticket_capacity":"0","_ticket_start_date":"","_ticket_end_date":"","_tribe_ticket_show_description":"","_tribe_ticket_show_not_going":false,"_tribe_ticket_use_global_stock":"","_tribe_ticket_global_stock_level":"","_global_stock_mode":"","_global_stock_cap":"","_tribe_rsvp_for_event":"","_tribe_ticket_going_count":"","_tribe_ticket_not_going_count":"","_tribe_tickets_list":"[]","_tribe_ticket_has_attendee_info_fields":false,"footnotes":"","_tec_slr_enabled":"","_tec_slr_layout":""},"class_list":["post-516","page","type-page","status-publish","has-post-thumbnail","hentry"],"yoast_head":"<!-- This site is optimized with the Yoast SEO Premium plugin v27.3 (Yoast SEO v27.3) - https:\/\/yoast.com\/product\/yoast-seo-premium-wordpress\/ -->\n<title>Cuidado de Acogida y Adopci\u00f3n - CO4Kids<\/title>\n<meta name=\"robots\" content=\"index, follow, max-snippet:-1, max-image-preview:large, max-video-preview:-1\" \/>\n<link rel=\"canonical\" href=\"https:\/\/co4kids.org\/es\/cuidado-de-crianza-temporal-adopcion\/\" \/>\n<meta property=\"og:locale\" content=\"es_ES\" \/>\n<meta property=\"og:type\" content=\"article\" \/>\n<meta property=\"og:title\" content=\"Cuidado de Acogida y Adopci\u00f3n\" \/>\n<meta property=\"og:description\" content=\"Los padres de acogida brindan un hogar temporal y seguro para ni\u00f1os y j\u00f3venes cuyos padres o cuidadores no pueden hacerse cargo de ellos. Cuando un ni\u00f1o o adolescente es...\" \/>\n<meta property=\"og:url\" content=\"https:\/\/co4kids.org\/es\/cuidado-de-crianza-temporal-adopcion\/\" \/>\n<meta property=\"og:site_name\" content=\"CO4Kids\" \/>\n<meta property=\"article:modified_time\" content=\"2025-08-28T18:54:14+00:00\" \/>\n<meta property=\"og:image\" content=\"https:\/\/co4kids.org\/wp-content\/uploads\/2024\/12\/Murray-spanish.jpg\" \/>\n\t<meta property=\"og:image:width\" content=\"500\" \/>\n\t<meta property=\"og:image:height\" content=\"500\" \/>\n\t<meta property=\"og:image:type\" content=\"image\/jpeg\" \/>\n<meta name=\"twitter:card\" content=\"summary_large_image\" \/>\n<meta name=\"twitter:label1\" content=\"Tiempo de lectura\" \/>\n\t<meta name=\"twitter:data1\" content=\"4 minutos\" \/>\n<script type=\"application\/ld+json\" class=\"yoast-schema-graph\">{\"@context\":\"https:\\\/\\\/schema.org\",\"@graph\":[{\"@type\":\"WebPage\",\"@id\":\"https:\\\/\\\/co4kids.org\\\/es\\\/cuidado-de-crianza-temporal-adopcion\\\/\",\"url\":\"https:\\\/\\\/co4kids.org\\\/es\\\/cuidado-de-crianza-temporal-adopcion\\\/\",\"name\":\"Cuidado de Acogida y Adopci\u00f3n - CO4Kids\",\"isPartOf\":{\"@id\":\"https:\\\/\\\/co4kids.org\\\/es\\\/#website\"},\"primaryImageOfPage\":{\"@id\":\"https:\\\/\\\/co4kids.org\\\/es\\\/cuidado-de-crianza-temporal-adopcion\\\/#primaryimage\"},\"image\":{\"@id\":\"https:\\\/\\\/co4kids.org\\\/es\\\/cuidado-de-crianza-temporal-adopcion\\\/#primaryimage\"},\"thumbnailUrl\":\"https:\\\/\\\/co4kids.org\\\/wp-content\\\/uploads\\\/2024\\\/12\\\/Murray-spanish.jpg\",\"datePublished\":\"2023-03-17T02:39:08+00:00\",\"dateModified\":\"2025-08-28T18:54:14+00:00\",\"breadcrumb\":{\"@id\":\"https:\\\/\\\/co4kids.org\\\/es\\\/cuidado-de-crianza-temporal-adopcion\\\/#breadcrumb\"},\"inLanguage\":\"es\",\"potentialAction\":[{\"@type\":\"ReadAction\",\"target\":[\"https:\\\/\\\/co4kids.org\\\/es\\\/cuidado-de-crianza-temporal-adopcion\\\/\"]}]},{\"@type\":\"ImageObject\",\"inLanguage\":\"es\",\"@id\":\"https:\\\/\\\/co4kids.org\\\/es\\\/cuidado-de-crianza-temporal-adopcion\\\/#primaryimage\",\"url\":\"https:\\\/\\\/co4kids.org\\\/wp-content\\\/uploads\\\/2024\\\/12\\\/Murray-spanish.jpg\",\"contentUrl\":\"https:\\\/\\\/co4kids.org\\\/wp-content\\\/uploads\\\/2024\\\/12\\\/Murray-spanish.jpg\",\"width\":500,\"height\":500,\"caption\":\"Familia de 4 personas sonriente frente a la casa.\"},{\"@type\":\"BreadcrumbList\",\"@id\":\"https:\\\/\\\/co4kids.org\\\/es\\\/cuidado-de-crianza-temporal-adopcion\\\/#breadcrumb\",\"itemListElement\":[{\"@type\":\"ListItem\",\"position\":1,\"name\":\"Home\",\"item\":\"https:\\\/\\\/co4kids.org\\\/es\\\/\"},{\"@type\":\"ListItem\",\"position\":2,\"name\":\"Cuidado de Acogida y Adopci\u00f3n\"}]},{\"@type\":\"WebSite\",\"@id\":\"https:\\\/\\\/co4kids.org\\\/es\\\/#website\",\"url\":\"https:\\\/\\\/co4kids.org\\\/es\\\/\",\"name\":\"CO4Kids\",\"description\":\"If not you, then who?\",\"potentialAction\":[{\"@type\":\"SearchAction\",\"target\":{\"@type\":\"EntryPoint\",\"urlTemplate\":\"https:\\\/\\\/co4kids.org\\\/es\\\/?s={search_term_string}\"},\"query-input\":{\"@type\":\"PropertyValueSpecification\",\"valueRequired\":true,\"valueName\":\"search_term_string\"}}],\"inLanguage\":\"es\"}]}<\/script>\n<!-- \/ Yoast SEO Premium plugin. -->","yoast_head_json":{"title":"Cuidado de Acogida y Adopci\u00f3n - CO4Kids","robots":{"index":"index","follow":"follow","max-snippet":"max-snippet:-1","max-image-preview":"max-image-preview:large","max-video-preview":"max-video-preview:-1"},"canonical":"https:\/\/co4kids.org\/es\/cuidado-de-crianza-temporal-adopcion\/","og_locale":"es_ES","og_type":"article","og_title":"Cuidado de Acogida y Adopci\u00f3n","og_description":"Los padres de acogida brindan un hogar temporal y seguro para ni\u00f1os y j\u00f3venes cuyos padres o cuidadores no pueden hacerse cargo de ellos. Cuando un ni\u00f1o o adolescente es...","og_url":"https:\/\/co4kids.org\/es\/cuidado-de-crianza-temporal-adopcion\/","og_site_name":"CO4Kids","article_modified_time":"2025-08-28T18:54:14+00:00","og_image":[{"width":500,"height":500,"url":"https:\/\/co4kids.org\/wp-content\/uploads\/2024\/12\/Murray-spanish.jpg","type":"image\/jpeg"}],"twitter_card":"summary_large_image","twitter_misc":{"Tiempo de lectura":"4 minutos"},"schema":{"@context":"https:\/\/schema.org","@graph":[{"@type":"WebPage","@id":"https:\/\/co4kids.org\/es\/cuidado-de-crianza-temporal-adopcion\/","url":"https:\/\/co4kids.org\/es\/cuidado-de-crianza-temporal-adopcion\/","name":"Cuidado de Acogida y Adopci\u00f3n - CO4Kids","isPartOf":{"@id":"https:\/\/co4kids.org\/es\/#website"},"primaryImageOfPage":{"@id":"https:\/\/co4kids.org\/es\/cuidado-de-crianza-temporal-adopcion\/#primaryimage"},"image":{"@id":"https:\/\/co4kids.org\/es\/cuidado-de-crianza-temporal-adopcion\/#primaryimage"},"thumbnailUrl":"https:\/\/co4kids.org\/wp-content\/uploads\/2024\/12\/Murray-spanish.jpg","datePublished":"2023-03-17T02:39:08+00:00","dateModified":"2025-08-28T18:54:14+00:00","breadcrumb":{"@id":"https:\/\/co4kids.org\/es\/cuidado-de-crianza-temporal-adopcion\/#breadcrumb"},"inLanguage":"es","potentialAction":[{"@type":"ReadAction","target":["https:\/\/co4kids.org\/es\/cuidado-de-crianza-temporal-adopcion\/"]}]},{"@type":"ImageObject","inLanguage":"es","@id":"https:\/\/co4kids.org\/es\/cuidado-de-crianza-temporal-adopcion\/#primaryimage","url":"https:\/\/co4kids.org\/wp-content\/uploads\/2024\/12\/Murray-spanish.jpg","contentUrl":"https:\/\/co4kids.org\/wp-content\/uploads\/2024\/12\/Murray-spanish.jpg","width":500,"height":500,"caption":"Familia de 4 personas sonriente frente a la casa."},{"@type":"BreadcrumbList","@id":"https:\/\/co4kids.org\/es\/cuidado-de-crianza-temporal-adopcion\/#breadcrumb","itemListElement":[{"@type":"ListItem","position":1,"name":"Home","item":"https:\/\/co4kids.org\/es\/"},{"@type":"ListItem","position":2,"name":"Cuidado de Acogida y Adopci\u00f3n"}]},{"@type":"WebSite","@id":"https:\/\/co4kids.org\/es\/#website","url":"https:\/\/co4kids.org\/es\/","name":"CO4Kids","description":"If not you, then who?","potentialAction":[{"@type":"SearchAction","target":{"@type":"EntryPoint","urlTemplate":"https:\/\/co4kids.org\/es\/?s={search_term_string}"},"query-input":{"@type":"PropertyValueSpecification","valueRequired":true,"valueName":"search_term_string"}}],"inLanguage":"es"}]}},"publishpress_future_workflow_manual_trigger":{"enabledWorkflows":[]},"ticketed":false,"_links":{"self":[{"href":"https:\/\/co4kids.org\/es\/wp-json\/wp\/v2\/pages\/516","targetHints":{"allow":["GET"]}}],"collection":[{"href":"https:\/\/co4kids.org\/es\/wp-json\/wp\/v2\/pages"}],"about":[{"href":"https:\/\/co4kids.org\/es\/wp-json\/wp\/v2\/types\/page"}],"author":[{"embeddable":true,"href":"https:\/\/co4kids.org\/es\/wp-json\/wp\/v2\/users\/1"}],"replies":[{"embeddable":true,"href":"https:\/\/co4kids.org\/es\/wp-json\/wp\/v2\/comments?post=516"}],"version-history":[{"count":0,"href":"https:\/\/co4kids.org\/es\/wp-json\/wp\/v2\/pages\/516\/revisions"}],"wp:featuredmedia":[{"embeddable":true,"href":"https:\/\/co4kids.org\/es\/wp-json\/wp\/v2\/media\/30334"}],"wp:attachment":[{"href":"https:\/\/co4kids.org\/es\/wp-json\/wp\/v2\/media?parent=516"}],"curies":[{"name":"wp","href":"https:\/\/api.w.org\/{rel}","templated":true}]}}