{"id":510,"date":"2023-03-16T20:39:08","date_gmt":"2023-03-17T02:39:08","guid":{"rendered":"https:\/\/co4kids.org\/prevencion-del-abuso-infantil\/recursos-de-prevencion\/estrategias-para-empleadores\/"},"modified":"2024-12-12T13:36:15","modified_gmt":"2024-12-12T20:36:15","slug":"estrategias-para-empleadores","status":"publish","type":"page","link":"https:\/\/co4kids.org\/es\/prevencion-del-abuso-infantil\/recursos-de-prevencion\/estrategias-para-empleadores\/","title":{"rendered":"Estrategias para Empleadores"},"content":{"rendered":"\n<div class=\"has-arrow-mask-down ani-bottom has-arrow-mask-pad has-arrow-mask wp-block-group has-wider-padding has-sticky-radius has-0-9-background-color has-background has-arrow-mask has-arrow-mask-down ani-bottom has-arrow-mask-pad has-global-padding is-layout-constrained wp-block-group-is-layout-constrained\" style=\"border-top-left-radius:15px;border-top-right-radius:15px;margin-bottom:var(--wp--preset--spacing--20)\">\n<header class=\"wp-block-group has-global-padding is-layout-constrained wp-container-core-group-is-layout-7db9d80f wp-block-group-is-layout-constrained\" style=\"padding-right:0;padding-left:0\">\n<div class=\"wp-block-columns has-0-9-background-color has-background is-layout-flex wp-container-core-columns-is-layout-0af18515 wp-block-columns-is-layout-flex\" style=\"margin-bottom:var(--wp--preset--spacing--20)\">\n<div class=\"wp-block-column is-vertically-aligned-center is-layout-flow wp-block-column-is-layout-flow\" style=\"padding-top:var(--wp--preset--spacing--20)\"><h1 style=\"margin-bottom:var(--wp--preset--spacing--20);\" class=\"wp-block-post-title has-h-2-font-size\">Estrategias para Empleadores<\/h1>\n\n\n<h5 class=\"wp-block-heading has-h-5-font-size\"><strong>Fortalecer a las familias es bueno para las empresas <\/strong><\/h5>\n\n\n\n<p class=\"\">Los padres y cuidadores, incluidos los padres sustitutos, por parentesco y adoptivos, deben recibir apoyo a trav\u00e9s de pol\u00edticas comerciales inteligentes que ayuden a fortalecer a las familias, prevengan el abuso y el descuido, ayuden a los cuidadores que luchan contra la adversidad y promuevan la crianza positiva para que los ni\u00f1os puedan alcanzar su potencial. Las pol\u00edticas orientadas a la familia en el lugar de trabajo pueden marcar una gran diferencia en la capacidad de los padres para criar a sus hijos, salir adelante y contribuir al futuro de Colorado.<\/p>\n<\/div>\n\n\n\n<div class=\"wp-block-column is-vertically-aligned-top is-first-md is-layout-flow wp-block-column-is-layout-flow\"><figure class=\"ani-bottom has-arrow-mask-down has-arrow-mask wp-block-post-featured-image\"><img loading=\"lazy\" decoding=\"async\" width=\"1200\" height=\"800\" src=\"https:\/\/co4kids.org\/wp-content\/uploads\/2024\/12\/co4kids-employer-resources-spanish.jpg\" class=\"attachment-post-thumbnail size-post-thumbnail wp-post-image\" alt=\"Un empleador revisa documentos con un nuevo empleado en una oficina.\" style=\"object-fit:cover;\" srcset=\"https:\/\/co4kids.org\/wp-content\/uploads\/2024\/12\/co4kids-employer-resources-spanish.jpg 1200w, https:\/\/co4kids.org\/wp-content\/uploads\/2024\/12\/co4kids-employer-resources-spanish-450x300.jpg 450w, https:\/\/co4kids.org\/wp-content\/uploads\/2024\/12\/co4kids-employer-resources-spanish-1024x683.jpg 1024w, https:\/\/co4kids.org\/wp-content\/uploads\/2024\/12\/co4kids-employer-resources-spanish-768x512.jpg 768w\" sizes=\"auto, (max-width: 1200px) 100vw, 1200px\" \/><\/figure><\/div>\n<\/div>\n<\/header>\n\n\n\n<h3 class=\"wp-block-heading has-text-align-center has-h-4-font-size\">Los empleadores como usted pueden ayudar en el fortalecimiento de las familias. <strong><mark style=\"background-color:rgba(0, 0, 0, 0)\" class=\"has-inline-color has-2-5-color\">Si no lo hace usted, \u00bfentonces qui\u00e9n?<\/mark><\/strong><\/h3>\n<\/div>\n\n\n\n<div class=\"wp-block-group has-global-padding is-layout-constrained wp-block-group-is-layout-constrained\">\n<div class=\"wp-block-columns is-layout-flex wp-container-core-columns-is-layout-1ddc3525 wp-block-columns-is-layout-flex\" style=\"margin-top:var(--wp--preset--spacing--80);margin-bottom:var(--wp--preset--spacing--80);padding-top:0;padding-right:0;padding-bottom:0;padding-left:0\">\n<div class=\"wp-block-column is-vertically-aligned-center is-layout-flow wp-block-column-is-layout-flow\">\n<figure class=\"ani-bottom has-arrow-mask-right has-arrow-mask wp-block-image size-large has-custom-border has-arrow-mask ani-bottom has-arrow-mask-right\"><img loading=\"lazy\" decoding=\"async\" width=\"1024\" height=\"683\" src=\"https:\/\/co4kids.org\/wp-content\/uploads\/2023\/06\/mapbox-LJtfV2Dkp4U-unsplash-1024x683.jpg\" alt=\"Personas en una reuni\u00f3n de negocios y escuchando a la persona sentada en la cabecera de la mesa.\" class=\"wp-image-3963\" style=\"border-radius:15px\" srcset=\"https:\/\/co4kids.org\/wp-content\/uploads\/2023\/06\/mapbox-LJtfV2Dkp4U-unsplash-1024x683.jpg 1024w, https:\/\/co4kids.org\/wp-content\/uploads\/2023\/06\/mapbox-LJtfV2Dkp4U-unsplash-450x300.jpg 450w, https:\/\/co4kids.org\/wp-content\/uploads\/2023\/06\/mapbox-LJtfV2Dkp4U-unsplash-768x512.jpg 768w, https:\/\/co4kids.org\/wp-content\/uploads\/2023\/06\/mapbox-LJtfV2Dkp4U-unsplash-1536x1024.jpg 1536w, https:\/\/co4kids.org\/wp-content\/uploads\/2023\/06\/mapbox-LJtfV2Dkp4U-unsplash.jpg 1920w\" sizes=\"auto, (max-width: 1024px) 100vw, 1024px\" \/><\/figure>\n<\/div>\n\n\n\n<div class=\"wp-block-column is-vertically-aligned-center is-layout-flow wp-block-column-is-layout-flow\">\n<h2 class=\"wp-block-heading has-5-5-color has-text-color has-h-3-font-size\"><strong><strong><strong>\u00bfDe qu\u00e9 manera pueden ayudar los empleadores?<\/strong><\/strong><\/strong><\/h2>\n\n\n\n<p class=\"\"><\/p>\n\n\n\n<ul class=\"wp-block-list is-style-2-5-bullet has-0-9-color has-text-color\">\n<li>Apoye la licencia por maternidad o paternidad para los nuevos padres (incluidos los padres adoptivos y de cuidado temporal).<\/li>\n\n\n\n<li>Comun\u00edquese con las madres y los padres para saber c\u00f3mo les est\u00e1 yendo.<\/li>\n\n\n\n<li>Realice la Family-Friendly Workplace Assessment (evaluaci\u00f3n de lugar de trabajo favorables para las familias), una breve encuesta en l\u00ednea. Participe en un programa de asistencia al empleado (EAP, por sus siglas en ingl\u00e9s) o tenga a mano una lista de recursos disponibles para apoyar a las familias.<\/li>\n\n\n\n<li>Promueva una cultura en la que est\u00e9 bien que los empleados se acerquen y pidan ayuda.<\/li>\n\n\n\n<li>Permita la flexibilidad en los horarios, cuando sea posible.<\/li>\n\n\n\n<li>Ofrezca la opci\u00f3n de aprendizaje durante el almuerzo para los empleados que deseen aprender m\u00e1s sobre el desarrollo infantil.<\/li>\n\n\n\n<li>Patrocine un d\u00eda de servicio para que todos los empleados se ofrezcan como voluntarios en programas que trabajan para fortalecer a las familias.<\/li>\n<\/ul>\n<\/div>\n<\/div>\n\n\n\n<div class=\"wp-block-columns is-layout-flex wp-container-core-columns-is-layout-1ddc3525 wp-block-columns-is-layout-flex\" style=\"margin-top:var(--wp--preset--spacing--80);margin-bottom:var(--wp--preset--spacing--80);padding-top:0;padding-right:0;padding-bottom:0;padding-left:0\">\n<div class=\"wp-block-column is-vertically-aligned-center is-layout-flow wp-block-column-is-layout-flow\">\n<h2 class=\"wp-block-heading has-5-5-color has-text-color has-h-3-font-size\"><strong><strong><strong><strong>Conjunto de herramientas en el lugar de trabajo favorables para las familias<\/strong><\/strong><\/strong><\/strong><\/h2>\n\n\n\n<p class=\"has-0-9-color has-text-color\">Las pol\u00edticas y pr\u00e1cticas laborales favorables para las familias pueden ayudar a los miembros de su equipo a progresar en el trabajo y en el hogar. Al apoyar el bienestar de sus empleados, su organizaci\u00f3n puede construir una cultura de confianza que de lugar a una mayor productividad, satisfacci\u00f3n laboral y una fuerza laboral m\u00e1s feliz y saludable. El conjunto de herramientas favorables para las familias incluye recursos basados en evidencia, gu\u00edas y pol\u00edticas de muestra que demostraron ayudar a los empleados con diferentes necesidades. Use el conjunto de herramientas para aprender c\u00f3mo implementar nuevos programas en su lugar de trabajo y mejorar los resultados de salud de todos los empleados.<\/p>\n\n\n\n<div class=\"wp-block-buttons is-layout-flex wp-container-core-buttons-is-layout-85abaacc wp-block-buttons-is-layout-flex\" style=\"margin-top:var(--wp--preset--spacing--20);margin-bottom:var(--wp--preset--spacing--20)\">\n<div class=\"wp-block-button is-style-arrowed\"><a class=\"wp-block-button__link has-5-5-color has-text-color wp-element-button\" href=\"https:\/\/www.healthlinkscertified.org\/resource-center\/online-resources\/family-friendly-workplaces\" target=\"_blank\" rel=\"noreferrer noopener\">Cree un lugar de trabajo favorable para las familias<\/a><\/div>\n<\/div>\n<\/div>\n\n\n\n<div class=\"wp-block-column is-vertically-aligned-center is-layout-flow wp-block-column-is-layout-flow\">\n<figure class=\"ani-bottom has-arrow-mask-left has-arrow-mask wp-block-image size-large has-custom-border has-arrow-mask ani-bottom has-arrow-mask-left\"><img loading=\"lazy\" decoding=\"async\" width=\"1024\" height=\"684\" src=\"https:\/\/co4kids.org\/wp-content\/uploads\/2023\/06\/pexels-anete-lusina-4792287-1024x684.jpg\" alt=\"Carpeta de archivos. \" class=\"wp-image-3959\" style=\"border-radius:15px\" srcset=\"https:\/\/co4kids.org\/wp-content\/uploads\/2023\/06\/pexels-anete-lusina-4792287-1024x684.jpg 1024w, https:\/\/co4kids.org\/wp-content\/uploads\/2023\/06\/pexels-anete-lusina-4792287-450x300.jpg 450w, https:\/\/co4kids.org\/wp-content\/uploads\/2023\/06\/pexels-anete-lusina-4792287-768x513.jpg 768w, https:\/\/co4kids.org\/wp-content\/uploads\/2023\/06\/pexels-anete-lusina-4792287-1536x1026.jpg 1536w, https:\/\/co4kids.org\/wp-content\/uploads\/2023\/06\/pexels-anete-lusina-4792287.jpg 1920w\" sizes=\"auto, (max-width: 1024px) 100vw, 1024px\" \/><\/figure>\n<\/div>\n<\/div>\n\n\n\n<div class=\"wp-block-columns is-layout-flex wp-container-core-columns-is-layout-1ddc3525 wp-block-columns-is-layout-flex\" style=\"margin-top:var(--wp--preset--spacing--80);margin-bottom:var(--wp--preset--spacing--80);padding-top:0;padding-right:0;padding-bottom:0;padding-left:0\">\n<div class=\"wp-block-column is-vertically-aligned-center is-layout-flow wp-block-column-is-layout-flow\">\n<figure class=\"ani-bottom has-arrow-mask-right has-arrow-mask wp-block-image size-full has-custom-border has-arrow-mask ani-bottom has-arrow-mask-right\"><img loading=\"lazy\" decoding=\"async\" width=\"760\" height=\"435\" src=\"https:\/\/co4kids.org\/wp-content\/uploads\/2023\/06\/Anna-Neal-blog-image.png\" alt=\"Anna Neal\" class=\"wp-image-2201\" style=\"border-radius:15px\" srcset=\"https:\/\/co4kids.org\/wp-content\/uploads\/2023\/06\/Anna-Neal-blog-image.png 760w, https:\/\/co4kids.org\/wp-content\/uploads\/2023\/06\/Anna-Neal-blog-image-450x258.png 450w\" sizes=\"auto, (max-width: 760px) 100vw, 760px\" \/><\/figure>\n<\/div>\n\n\n\n<div class=\"wp-block-column is-vertically-aligned-center is-layout-flow wp-block-column-is-layout-flow\">\n<h2 class=\"wp-block-heading has-5-5-color has-text-color has-h-3-font-size\"><strong><strong><strong><strong>Executives Partnering to Invest in Children (EPIC)<\/strong><\/strong><\/strong><\/strong><\/h2>\n\n\n\n<p class=\"has-0-9-color has-text-color\">Executives Partnering to Invest in Children (EPIC) es una coalici\u00f3n de l\u00edderes empresariales, organizaciones sin fines de lucro y fundaciones que se comprometen a hacer que el cuidado, la educaci\u00f3n, la salud y la crianza en la infancia temprana se encuentren entre las principales prioridades de las inversiones p\u00fablicas y privadas de Colorado. La misi\u00f3n de EPIC es aprovechar el capital pol\u00edtico y financiero del sector empresarial de Colorado para garantizar que todos los ni\u00f1os se conviertan en ciudadanos sanos, educados y productivos.<\/p>\n\n\n\n<div class=\"wp-block-buttons is-content-justification-left is-layout-flex wp-container-core-buttons-is-layout-6f7aeae3 wp-block-buttons-is-layout-flex\" style=\"margin-top:var(--wp--preset--spacing--20);margin-bottom:var(--wp--preset--spacing--20)\">\n<div class=\"wp-block-button is-style-arrowed\"><a class=\"wp-block-button__link has-5-5-color has-text-color wp-element-button\" href=\"https:\/\/www.coloradoepic.org\/get-involved\/\" style=\"padding-right:var(--wp--preset--spacing--20);padding-left:var(--wp--preset--spacing--20)\" target=\"_blank\" rel=\"noreferrer noopener\">\u00danase a EPIC <\/a><\/div>\n<\/div>\n<\/div>\n<\/div>\n\n\n\n<div class=\"wp-block-columns is-layout-flex wp-container-core-columns-is-layout-1ddc3525 wp-block-columns-is-layout-flex\" style=\"margin-top:var(--wp--preset--spacing--80);margin-bottom:var(--wp--preset--spacing--80);padding-top:0;padding-right:0;padding-bottom:0;padding-left:0\">\n<div class=\"wp-block-column is-vertically-aligned-center is-layout-flow wp-block-column-is-layout-flow\">\n<h2 class=\"wp-block-heading has-5-5-color has-text-color has-h-3-font-size\"><strong><strong><strong><strong><strong>El conjunto de herramientas para empleadores EPIC<\/strong><\/strong><\/strong><\/strong><\/strong><\/h2>\n\n\n\n<p class=\"has-0-9-color has-text-color\">El conjunto de herramientas para empleadores EPIC es un recurso en l\u00ednea gratuito que cuenta con herramientas pr\u00e1cticas para brindar apoyo: mayor acceso al cuidado infantil de calidad para los trabajadores; pol\u00edticas y procedimientos adaptados a las necesidades de los ni\u00f1os; y beneficios fiscales optimizados para empleadores y empleados.<\/p>\n\n\n\n<div class=\"wp-block-buttons is-content-justification-left is-layout-flex wp-container-core-buttons-is-layout-6f7aeae3 wp-block-buttons-is-layout-flex\" style=\"margin-top:var(--wp--preset--spacing--20);margin-bottom:var(--wp--preset--spacing--20)\">\n<div class=\"wp-block-button is-style-arrowed\"><a class=\"wp-block-button__link has-5-5-color has-text-color wp-element-button\" href=\"https:\/\/www.coloradoepic.org\/resources\/\" style=\"padding-right:var(--wp--preset--spacing--20);padding-left:var(--wp--preset--spacing--20)\" target=\"_blank\" rel=\"noreferrer noopener\">El conjunto de herramientas para empleadores EPIC<\/a><\/div>\n<\/div>\n<\/div>\n\n\n\n<div class=\"wp-block-column is-vertically-aligned-center is-layout-flow wp-block-column-is-layout-flow\">\n<figure class=\"ani-bottom has-arrow-mask-left has-arrow-mask wp-block-image size-large has-custom-border has-arrow-mask ani-bottom has-arrow-mask-left\"><img loading=\"lazy\" decoding=\"async\" width=\"1024\" height=\"683\" src=\"https:\/\/co4kids.org\/wp-content\/uploads\/2023\/08\/co4kids-epic-employer-toolkit-1024x683.jpg\" alt=\"Mujer escribiendo en el ordenador. \" class=\"wp-image-4892\" style=\"border-radius:15px\" srcset=\"https:\/\/co4kids.org\/wp-content\/uploads\/2023\/08\/co4kids-epic-employer-toolkit-1024x683.jpg 1024w, https:\/\/co4kids.org\/wp-content\/uploads\/2023\/08\/co4kids-epic-employer-toolkit-450x300.jpg 450w, https:\/\/co4kids.org\/wp-content\/uploads\/2023\/08\/co4kids-epic-employer-toolkit-768x512.jpg 768w, https:\/\/co4kids.org\/wp-content\/uploads\/2023\/08\/co4kids-epic-employer-toolkit.jpg 1200w\" sizes=\"auto, (max-width: 1024px) 100vw, 1024px\" \/><\/figure>\n<\/div>\n<\/div>\n<\/div>\n","protected":false},"excerpt":{"rendered":"<p>Fortalecer a las familias es bueno para las empresas Los padres y cuidadores, incluidos los padres sustitutos, por parentesco y adoptivos, deben recibir apoyo a trav\u00e9s de pol\u00edticas comerciales inteligentes&#8230;<\/p>\n","protected":false},"author":1,"featured_media":30322,"parent":506,"menu_order":24,"comment_status":"closed","ping_status":"closed","template":"","meta":{"_aquamin_featured_video":"","_aquamin_featured_post":false,"_price":"","_stock":"","_tribe_ticket_header":"","_tribe_default_ticket_provider":"","_tribe_ticket_capacity":"0","_ticket_start_date":"","_ticket_end_date":"","_tribe_ticket_show_description":"","_tribe_ticket_show_not_going":false,"_tribe_ticket_use_global_stock":"","_tribe_ticket_global_stock_level":"","_global_stock_mode":"","_global_stock_cap":"","_tribe_rsvp_for_event":"","_tribe_ticket_going_count":"","_tribe_ticket_not_going_count":"","_tribe_tickets_list":"[]","_tribe_ticket_has_attendee_info_fields":false,"footnotes":"","_tec_slr_enabled":"","_tec_slr_layout":""},"class_list":["post-510","page","type-page","status-publish","has-post-thumbnail","hentry"],"yoast_head":"<!-- This site is optimized with the Yoast SEO Premium plugin v27.4 (Yoast SEO v27.4) - https:\/\/yoast.com\/product\/yoast-seo-premium-wordpress\/ -->\n<title>Estrategias para Empleadores - CO4Kids<\/title>\n<meta name=\"robots\" content=\"index, follow, max-snippet:-1, max-image-preview:large, max-video-preview:-1\" \/>\n<link rel=\"canonical\" href=\"https:\/\/co4kids.org\/es\/prevencion-del-abuso-infantil\/recursos-de-prevencion\/estrategias-para-empleadores\/\" \/>\n<meta property=\"og:locale\" content=\"es_ES\" \/>\n<meta property=\"og:type\" content=\"article\" \/>\n<meta property=\"og:title\" content=\"Estrategias para Empleadores\" \/>\n<meta property=\"og:description\" content=\"Fortalecer a las familias es bueno para las empresas Los padres y cuidadores, incluidos los padres sustitutos, por parentesco y adoptivos, deben recibir apoyo a trav\u00e9s de pol\u00edticas comerciales inteligentes...\" \/>\n<meta property=\"og:url\" content=\"https:\/\/co4kids.org\/es\/prevencion-del-abuso-infantil\/recursos-de-prevencion\/estrategias-para-empleadores\/\" \/>\n<meta property=\"og:site_name\" content=\"CO4Kids\" \/>\n<meta property=\"article:modified_time\" content=\"2024-12-12T20:36:15+00:00\" \/>\n<meta property=\"og:image\" content=\"https:\/\/co4kids.org\/wp-content\/uploads\/2024\/12\/co4kids-employer-resources-spanish.jpg\" \/>\n\t<meta property=\"og:image:width\" content=\"1200\" \/>\n\t<meta property=\"og:image:height\" content=\"800\" \/>\n\t<meta property=\"og:image:type\" content=\"image\/jpeg\" \/>\n<meta name=\"twitter:card\" content=\"summary_large_image\" \/>\n<meta name=\"twitter:label1\" content=\"Tiempo de lectura\" \/>\n\t<meta name=\"twitter:data1\" content=\"4 minutos\" \/>\n<script type=\"application\/ld+json\" class=\"yoast-schema-graph\">{\"@context\":\"https:\\\/\\\/schema.org\",\"@graph\":[{\"@type\":\"WebPage\",\"@id\":\"https:\\\/\\\/co4kids.org\\\/es\\\/prevencion-del-abuso-infantil\\\/recursos-de-prevencion\\\/estrategias-para-empleadores\\\/\",\"url\":\"https:\\\/\\\/co4kids.org\\\/es\\\/prevencion-del-abuso-infantil\\\/recursos-de-prevencion\\\/estrategias-para-empleadores\\\/\",\"name\":\"Estrategias para Empleadores - CO4Kids\",\"isPartOf\":{\"@id\":\"https:\\\/\\\/co4kids.org\\\/es\\\/#website\"},\"primaryImageOfPage\":{\"@id\":\"https:\\\/\\\/co4kids.org\\\/es\\\/prevencion-del-abuso-infantil\\\/recursos-de-prevencion\\\/estrategias-para-empleadores\\\/#primaryimage\"},\"image\":{\"@id\":\"https:\\\/\\\/co4kids.org\\\/es\\\/prevencion-del-abuso-infantil\\\/recursos-de-prevencion\\\/estrategias-para-empleadores\\\/#primaryimage\"},\"thumbnailUrl\":\"https:\\\/\\\/co4kids.org\\\/wp-content\\\/uploads\\\/2024\\\/12\\\/co4kids-employer-resources-spanish.jpg\",\"datePublished\":\"2023-03-17T02:39:08+00:00\",\"dateModified\":\"2024-12-12T20:36:15+00:00\",\"breadcrumb\":{\"@id\":\"https:\\\/\\\/co4kids.org\\\/es\\\/prevencion-del-abuso-infantil\\\/recursos-de-prevencion\\\/estrategias-para-empleadores\\\/#breadcrumb\"},\"inLanguage\":\"es\",\"potentialAction\":[{\"@type\":\"ReadAction\",\"target\":[\"https:\\\/\\\/co4kids.org\\\/es\\\/prevencion-del-abuso-infantil\\\/recursos-de-prevencion\\\/estrategias-para-empleadores\\\/\"]}]},{\"@type\":\"ImageObject\",\"inLanguage\":\"es\",\"@id\":\"https:\\\/\\\/co4kids.org\\\/es\\\/prevencion-del-abuso-infantil\\\/recursos-de-prevencion\\\/estrategias-para-empleadores\\\/#primaryimage\",\"url\":\"https:\\\/\\\/co4kids.org\\\/wp-content\\\/uploads\\\/2024\\\/12\\\/co4kids-employer-resources-spanish.jpg\",\"contentUrl\":\"https:\\\/\\\/co4kids.org\\\/wp-content\\\/uploads\\\/2024\\\/12\\\/co4kids-employer-resources-spanish.jpg\",\"width\":1200,\"height\":800,\"caption\":\"Un empleador revisa documentos con un nuevo empleado en una oficina.\"},{\"@type\":\"BreadcrumbList\",\"@id\":\"https:\\\/\\\/co4kids.org\\\/es\\\/prevencion-del-abuso-infantil\\\/recursos-de-prevencion\\\/estrategias-para-empleadores\\\/#breadcrumb\",\"itemListElement\":[{\"@type\":\"ListItem\",\"position\":1,\"name\":\"Home\",\"item\":\"https:\\\/\\\/co4kids.org\\\/es\\\/\"},{\"@type\":\"ListItem\",\"position\":2,\"name\":\"Prevenci\u00f3n del Abuso Infantil\",\"item\":\"https:\\\/\\\/co4kids.org\\\/es\\\/prevencion-del-abuso-infantil\\\/\"},{\"@type\":\"ListItem\",\"position\":3,\"name\":\"Recursos de Prevenci\u00f3n\",\"item\":\"https:\\\/\\\/co4kids.org\\\/es\\\/prevencion-del-abuso-infantil\\\/recursos-de-prevencion\\\/\"},{\"@type\":\"ListItem\",\"position\":4,\"name\":\"Estrategias para Empleadores\"}]},{\"@type\":\"WebSite\",\"@id\":\"https:\\\/\\\/co4kids.org\\\/es\\\/#website\",\"url\":\"https:\\\/\\\/co4kids.org\\\/es\\\/\",\"name\":\"CO4Kids\",\"description\":\"If not you, then who?\",\"potentialAction\":[{\"@type\":\"SearchAction\",\"target\":{\"@type\":\"EntryPoint\",\"urlTemplate\":\"https:\\\/\\\/co4kids.org\\\/es\\\/?s={search_term_string}\"},\"query-input\":{\"@type\":\"PropertyValueSpecification\",\"valueRequired\":true,\"valueName\":\"search_term_string\"}}],\"inLanguage\":\"es\"}]}<\/script>\n<!-- \/ Yoast SEO Premium plugin. -->","yoast_head_json":{"title":"Estrategias para Empleadores - CO4Kids","robots":{"index":"index","follow":"follow","max-snippet":"max-snippet:-1","max-image-preview":"max-image-preview:large","max-video-preview":"max-video-preview:-1"},"canonical":"https:\/\/co4kids.org\/es\/prevencion-del-abuso-infantil\/recursos-de-prevencion\/estrategias-para-empleadores\/","og_locale":"es_ES","og_type":"article","og_title":"Estrategias para Empleadores","og_description":"Fortalecer a las familias es bueno para las empresas Los padres y cuidadores, incluidos los padres sustitutos, por parentesco y adoptivos, deben recibir apoyo a trav\u00e9s de pol\u00edticas comerciales inteligentes...","og_url":"https:\/\/co4kids.org\/es\/prevencion-del-abuso-infantil\/recursos-de-prevencion\/estrategias-para-empleadores\/","og_site_name":"CO4Kids","article_modified_time":"2024-12-12T20:36:15+00:00","og_image":[{"width":1200,"height":800,"url":"https:\/\/co4kids.org\/wp-content\/uploads\/2024\/12\/co4kids-employer-resources-spanish.jpg","type":"image\/jpeg"}],"twitter_card":"summary_large_image","twitter_misc":{"Tiempo de lectura":"4 minutos"},"schema":{"@context":"https:\/\/schema.org","@graph":[{"@type":"WebPage","@id":"https:\/\/co4kids.org\/es\/prevencion-del-abuso-infantil\/recursos-de-prevencion\/estrategias-para-empleadores\/","url":"https:\/\/co4kids.org\/es\/prevencion-del-abuso-infantil\/recursos-de-prevencion\/estrategias-para-empleadores\/","name":"Estrategias para Empleadores - CO4Kids","isPartOf":{"@id":"https:\/\/co4kids.org\/es\/#website"},"primaryImageOfPage":{"@id":"https:\/\/co4kids.org\/es\/prevencion-del-abuso-infantil\/recursos-de-prevencion\/estrategias-para-empleadores\/#primaryimage"},"image":{"@id":"https:\/\/co4kids.org\/es\/prevencion-del-abuso-infantil\/recursos-de-prevencion\/estrategias-para-empleadores\/#primaryimage"},"thumbnailUrl":"https:\/\/co4kids.org\/wp-content\/uploads\/2024\/12\/co4kids-employer-resources-spanish.jpg","datePublished":"2023-03-17T02:39:08+00:00","dateModified":"2024-12-12T20:36:15+00:00","breadcrumb":{"@id":"https:\/\/co4kids.org\/es\/prevencion-del-abuso-infantil\/recursos-de-prevencion\/estrategias-para-empleadores\/#breadcrumb"},"inLanguage":"es","potentialAction":[{"@type":"ReadAction","target":["https:\/\/co4kids.org\/es\/prevencion-del-abuso-infantil\/recursos-de-prevencion\/estrategias-para-empleadores\/"]}]},{"@type":"ImageObject","inLanguage":"es","@id":"https:\/\/co4kids.org\/es\/prevencion-del-abuso-infantil\/recursos-de-prevencion\/estrategias-para-empleadores\/#primaryimage","url":"https:\/\/co4kids.org\/wp-content\/uploads\/2024\/12\/co4kids-employer-resources-spanish.jpg","contentUrl":"https:\/\/co4kids.org\/wp-content\/uploads\/2024\/12\/co4kids-employer-resources-spanish.jpg","width":1200,"height":800,"caption":"Un empleador revisa documentos con un nuevo empleado en una oficina."},{"@type":"BreadcrumbList","@id":"https:\/\/co4kids.org\/es\/prevencion-del-abuso-infantil\/recursos-de-prevencion\/estrategias-para-empleadores\/#breadcrumb","itemListElement":[{"@type":"ListItem","position":1,"name":"Home","item":"https:\/\/co4kids.org\/es\/"},{"@type":"ListItem","position":2,"name":"Prevenci\u00f3n del Abuso Infantil","item":"https:\/\/co4kids.org\/es\/prevencion-del-abuso-infantil\/"},{"@type":"ListItem","position":3,"name":"Recursos de Prevenci\u00f3n","item":"https:\/\/co4kids.org\/es\/prevencion-del-abuso-infantil\/recursos-de-prevencion\/"},{"@type":"ListItem","position":4,"name":"Estrategias para Empleadores"}]},{"@type":"WebSite","@id":"https:\/\/co4kids.org\/es\/#website","url":"https:\/\/co4kids.org\/es\/","name":"CO4Kids","description":"If not you, then who?","potentialAction":[{"@type":"SearchAction","target":{"@type":"EntryPoint","urlTemplate":"https:\/\/co4kids.org\/es\/?s={search_term_string}"},"query-input":{"@type":"PropertyValueSpecification","valueRequired":true,"valueName":"search_term_string"}}],"inLanguage":"es"}]}},"publishpress_future_workflow_manual_trigger":{"enabledWorkflows":[]},"ticketed":false,"_links":{"self":[{"href":"https:\/\/co4kids.org\/es\/wp-json\/wp\/v2\/pages\/510","targetHints":{"allow":["GET"]}}],"collection":[{"href":"https:\/\/co4kids.org\/es\/wp-json\/wp\/v2\/pages"}],"about":[{"href":"https:\/\/co4kids.org\/es\/wp-json\/wp\/v2\/types\/page"}],"author":[{"embeddable":true,"href":"https:\/\/co4kids.org\/es\/wp-json\/wp\/v2\/users\/1"}],"replies":[{"embeddable":true,"href":"https:\/\/co4kids.org\/es\/wp-json\/wp\/v2\/comments?post=510"}],"version-history":[{"count":0,"href":"https:\/\/co4kids.org\/es\/wp-json\/wp\/v2\/pages\/510\/revisions"}],"up":[{"embeddable":true,"href":"https:\/\/co4kids.org\/es\/wp-json\/wp\/v2\/pages\/506"}],"wp:featuredmedia":[{"embeddable":true,"href":"https:\/\/co4kids.org\/es\/wp-json\/wp\/v2\/media\/30322"}],"wp:attachment":[{"href":"https:\/\/co4kids.org\/es\/wp-json\/wp\/v2\/media?parent=510"}],"curies":[{"name":"wp","href":"https:\/\/api.w.org\/{rel}","templated":true}]}}