{"id":508,"date":"2023-03-16T20:39:08","date_gmt":"2023-03-17T02:39:08","guid":{"rendered":"https:\/\/co4kids.org\/prevencion-del-abuso-infantil\/recursos-de-prevencion\/50-maneras-de-ayudar-a-las-familias\/"},"modified":"2025-03-31T13:34:43","modified_gmt":"2025-03-31T19:34:43","slug":"50-maneras-de-ayudar-a-las-familias","status":"publish","type":"page","link":"https:\/\/co4kids.org\/es\/prevencion-del-abuso-infantil\/recursos-de-prevencion\/50-maneras-de-ayudar-a-las-familias\/","title":{"rendered":"50 Maneras de Ayudar a las Familias"},"content":{"rendered":"\n<div class=\"has-arrow-mask-down ani-bottom has-arrow-mask-pad has-arrow-mask wp-block-group has-wider-padding has-sticky-radius has-0-9-background-color has-background has-arrow-mask has-arrow-mask-down ani-bottom has-arrow-mask-pad has-global-padding is-layout-constrained wp-container-core-group-is-layout-104d71cb wp-block-group-is-layout-constrained\" style=\"border-top-left-radius:15px;border-top-right-radius:15px;margin-bottom:var(--wp--preset--spacing--20)\">\n<p class=\"\"><\/p>\n\n\n\n<div class=\"ani-bottom has-arrow-mask-pad has-arrow-mask-up has-arrow-mask wp-block-group has-wider-padding has-sticky-radius has-0-9-background-color has-background has-arrow-mask ani-bottom has-arrow-mask-pad has-arrow-mask-up has-global-padding is-layout-constrained wp-block-group-is-layout-constrained\" style=\"border-bottom-left-radius:15px;border-bottom-right-radius:15px\">\n<div class=\"wp-block-columns is-layout-flex wp-container-core-columns-is-layout-e11ce24c wp-block-columns-is-layout-flex\" style=\"padding-top:var(--wp--preset--spacing--10);padding-bottom:var(--wp--preset--spacing--50)\">\n<div class=\"wp-block-column is-layout-flow wp-block-column-is-layout-flow\">\n<h2 class=\"wp-block-heading has-h-3-font-size\" id=\"h-existen-mas-de-50-formas-en-que-puedes-fortalecer-a-las-familias-si-no-lo-haces-tu-entonces-quien\">Existen m\u00e1s de 50 formas en que puedes fortalecer a las familias. Si no lo haces t\u00fa, \u00bfentonces qui\u00e9n?<\/h2>\n\n\n\n<p class=\"\">Una de las formas m\u00e1s efectivas de evitar el abuso infantil es fortalecer a las familias. Haz clic en las categor\u00edas para ver m\u00e1s de 50 maneras en las que vecinos, organizaciones comunitarias, empresarios, personas del sector servicios, comunidades religiosas y t\u00fa puedes ayudar a fortalecer a las familias.<\/p>\n\n\n\n<figure class=\"ani-bottom has-arrow-mask-right has-arrow-mask wp-block-image size-large has-arrow-mask ani-bottom has-arrow-mask-right\"><img loading=\"lazy\" decoding=\"async\" width=\"1024\" height=\"640\" src=\"https:\/\/co4kids.org\/wp-content\/uploads\/2023\/06\/my-role-1024x640.jpg\" alt=\"Familia de 5 acostados en la hierba. \" class=\"wp-image-3942\" srcset=\"https:\/\/co4kids.org\/wp-content\/uploads\/2023\/06\/my-role-1024x640.jpg 1024w, https:\/\/co4kids.org\/wp-content\/uploads\/2023\/06\/my-role-450x281.jpg 450w, https:\/\/co4kids.org\/wp-content\/uploads\/2023\/06\/my-role-768x480.jpg 768w, https:\/\/co4kids.org\/wp-content\/uploads\/2023\/06\/my-role.jpg 1280w\" sizes=\"auto, (max-width: 1024px) 100vw, 1024px\" \/><\/figure>\n<\/div>\n\n\n\n<div class=\"wp-block-column is-vertically-aligned-center is-layout-flow wp-block-column-is-layout-flow\">\n<div class=\"wp-block-aquamin-accordion accordion is-style-lines\" data-accordion-one-always-open=\"false\" data-tab-pre-expand=\"false\">\n<h3 class=\"accordion__label h4\"><button class=\"accordion__button button--basic\" type=\"button\">Vecinos<\/button><\/h3><div class=\"accordion__content\"><div class=\"accordion__inside\">\n<ul class=\"wp-block-list\">\n<li>Aumenta tus conexiones sociales present\u00e1ndote a un nuevo vecino o saludando a tus vecinos por su nombre<\/li>\n\n\n\n<li>Conoce a los ni\u00f1os de tu vecindario y preg\u00fantales c\u00f3mo les va<\/li>\n\n\n\n<li>Ofr\u00e9cete a cuidar ni\u00f1os para que los padres puedan tener un peque\u00f1o descanso<\/li>\n\n\n\n<li>Escucha a un vecino que enfrenta dificultades<\/li>\n\n\n\n<li>Haz un recado, limpia la nieve o ayuda en el jard\u00edn de una familia de tu vecindario<\/li>\n\n\n\n<li>Invita a una familia del barrio a cenar a tu casa<\/li>\n\n\n\n<li>Dona ropa, muebles y juguetes para que los use otra familia<\/li>\n<\/ul>\n<\/div><\/div>\n\n\n\n<h3 class=\"accordion__label h4\"><button class=\"accordion__button button--basic\" type=\"button\">Organizaciones comunitarias<\/button><\/h3><div class=\"accordion__content\"><div class=\"accordion__inside\">\n<ul class=\"wp-block-list\">\n<li>Recuerda a las personas que est\u00e1 bien pedir ayuda<\/li>\n\n\n\n<li>Reconoce a un ni\u00f1o o familia en apuros y ofr\u00e9celes ayuda<\/li>\n\n\n\n<li>Crea conciencia sobre cuestiones de seguridad infantil y brinda informaci\u00f3n \u00fatil sobre protecci\u00f3n infantil<\/li>\n\n\n\n<li>Conecta a los padres entre s\u00ed y ay\u00fadales a encontrar recursos de apoyo<\/li>\n\n\n\n<li>Programa eventos familiares en diferentes momentos del d\u00eda y en diferentes d\u00edas de la semana para que todas las familias<br>puedan participar<\/li>\n\n\n\n<li>Proporciona clases de educaci\u00f3n para padres y estudiantes antes de que se conviertan en padres<\/li>\n<\/ul>\n<\/div><\/div>\n\n\n\n<h3 class=\"accordion__label h4\"><button class=\"accordion__button button--basic\" type=\"button\">Empleadores<\/button><\/h3><div class=\"accordion__content\"><div class=\"accordion__inside\">\n<ul class=\"wp-block-list\">\n<li>Comun\u00edcate con las madres y los padres para ver c\u00f3mo les va<\/li>\n\n\n\n<li>Promueve una cultura en la que est\u00e9 bien que los empleados se acerquen y pidan ayuda<\/li>\n\n\n\n<li>Permite flexibilidad en el trabajo cuando sea posible<\/li>\n\n\n\n<li>Trabaja con los empleados y gestiona la carga laboral en momentos de mayor estr\u00e9s<\/li>\n\n\n\n<li>Crea un foro comunitario para destacar a los ni\u00f1os, mascotas, hogares y pasatiempos de tus empleados<\/li>\n\n\n\n<li>Apoya la licencia de maternidad\/paternidad para nuevos padres (incluidos padres adoptivos y de acogida temporal)<\/li>\n<\/ul>\n<\/div><\/div>\n\n\n\n<h3 class=\"accordion__label h4\"><button class=\"accordion__button button--basic\" type=\"button\">Negocios<\/button><\/h3><div class=\"accordion__content\"><div class=\"accordion__inside\">\n<ul class=\"wp-block-list\">\n<li>Coloca en tu establecimiento espacios o actividades familiares<\/li>\n\n\n\n<li>Ofrece cargar comestibles u otros paquetes en el autom\u00f3vil de aquellos padres que est\u00e1n acompa\u00f1ados de sus hijos<\/li>\n\n\n\n<li>Coloca folletos sobre eventos comunitarios o recursos \u00fatiles para padres y familias<\/li>\n\n\n\n<li>Se amable con los padres que tienen ni\u00f1os en tu establecimiento, especialmente cuando uno de sus hijos est\u00e1<br>malhumorado o llorando<\/li>\n\n\n\n<li>Organiza una recaudaci\u00f3n de fondos para apoyar a una organizaci\u00f3n local sin fines de lucro que presta servicios a familias<\/li>\n\n\n\n<li>Incluye informaci\u00f3n sobre programas locales de apoyo familiar en los men\u00fas<\/li>\n<\/ul>\n<\/div><\/div>\n\n\n\n<h3 class=\"accordion__label h4\"><button class=\"accordion__button button--basic\" type=\"button\">Comunidad espiritual<\/button><\/h3><div class=\"accordion__content\"><div class=\"accordion__inside\">\n<ul class=\"wp-block-list\">\n<li>Recuerda a los padres que est\u00e1 bien no saber hacer todo<\/li>\n\n\n\n<li>Comparte art\u00edculos, consejos y\/o recursos en tu bolet\u00edn sobre c\u00f3mo afrontar los desaf\u00edos de la crianza de los hijos<\/li>\n\n\n\n<li>Alienta y apoya a los padres para que se involucren y aumenten sus conexiones sociales<\/li>\n\n\n\n<li>Ofrece apoyo financiero o bienes a familias que est\u00e1n pasando dificultades<\/li>\n\n\n\n<li>Capacita a tu personal y a voluntarios para crear entornos seguros para los ni\u00f1os<\/li>\n\n\n\n<li>Desarrolla servicios que falten y que sean necesarios para apoyar a los ni\u00f1os y las familias de tu comunidad<\/li>\n<\/ul>\n<\/div><\/div>\n<\/div>\n<\/div>\n<\/div>\n<\/div>\n\n\n\n<figure class=\"ani-bottom has-arrow-mask-down has-arrow-mask-sharp has-arrow-mask wp-block-image alignfull size-full has-arrow-mask ani-bottom has-arrow-mask-down has-arrow-mask-sharp\"><img loading=\"lazy\" decoding=\"async\" width=\"1920\" height=\"610\" src=\"https:\/\/co4kids.org\/wp-content\/uploads\/2023\/04\/Photo.jpg\" alt=\"Varios ni\u00f1os bailan y juegan juntos en un sal\u00f3n de clases.\" class=\"wp-image-1592\" srcset=\"https:\/\/co4kids.org\/wp-content\/uploads\/2023\/04\/Photo.jpg 1920w, https:\/\/co4kids.org\/wp-content\/uploads\/2023\/04\/Photo-450x143.jpg 450w, https:\/\/co4kids.org\/wp-content\/uploads\/2023\/04\/Photo-1024x325.jpg 1024w, https:\/\/co4kids.org\/wp-content\/uploads\/2023\/04\/Photo-768x244.jpg 768w, https:\/\/co4kids.org\/wp-content\/uploads\/2023\/04\/Photo-1536x488.jpg 1536w\" sizes=\"auto, (max-width: 1920px) 100vw, 1920px\" \/><\/figure>\n\n\n\n<div class=\"wp-block-columns button-title-pair has-0-9-background-color has-background is-layout-flex wp-container-core-columns-is-layout-20ee8052 wp-block-columns-is-layout-flex\" style=\"margin-top:var(--wp--preset--spacing--50);margin-bottom:var(--wp--preset--spacing--20)\">\n<div class=\"wp-block-column is-layout-flow wp-block-column-is-layout-flow\">\n<h2 class=\"wp-block-heading has-h-3-font-size\" id=\"h-articulos\">Art\u00edculos<\/h2>\n<\/div>\n\n\n\n<div class=\"wp-block-column is-vertically-aligned-bottom is-layout-flow wp-block-column-is-layout-flow\">\n<div class=\"wp-block-buttons is-content-justification-left is-layout-flex wp-container-core-buttons-is-layout-58520459 wp-block-buttons-is-layout-flex\" style=\"margin-bottom:var(--wp--preset--spacing--10)\">\n<div class=\"wp-block-button is-style-arrowed\"><a class=\"wp-block-button__link wp-element-button\" href=\"https:\/\/co4kids.org\/es\/blog\/\">Visite el blog<\/a><\/div>\n<\/div>\n<\/div>\n<\/div>\n\n\n<div style=\"margin-bottom:var(--wp--preset--spacing--50);\" class=\"post-feed post-feed--col-3 wp-block-aquamin-post-feed\">\n\t\t\t\t<div class=\"post-feed__list\">\n\t\t\t\t\t\t\t<article class=\"post-feed__item has-pseudo-background-1 post-feed__item--type-post has-1-5-term-color post-983 post type-post status-publish format-standard has-post-thumbnail hentry category-news-press\">\n\t<div class=\"post-feed__header\">\n\t\t\t\t\t<a href=\"https:\/\/co4kids.org\/es\/category\/news-press\/\" class=\"post-feed__term\">\n\t\t\t\tNews &amp; Press\t\t\t<\/a>\n\t\t\t<\/div>\n\t<div class=\"post-feed__torso\">\n\t\t<h3 class=\"post-feed__title\">\n\t\t\t<a href=\"https:\/\/co4kids.org\/es\/news-press\/ipsum-dolor-sit-amet-consectetur-adipiscing-elit-copy-2\/\">\n\t\t\t\tCDHS to put $1.15 million toward services for survivors of sexual violence\t\t\t<\/a>\n\t\t<\/h3>\n\t<\/div>\n\t<div class=\"post-feed__media has-arrow-mask has-arrow-mask-left ani-bottom\">\n\t\t<img loading=\"lazy\" decoding=\"async\" width=\"1024\" height=\"768\" src=\"https:\/\/co4kids.org\/wp-content\/uploads\/2022\/10\/kids-art_t20_AeZPa6-1024x768.jpg\" class=\"attachment-large size-large wp-post-image\" alt=\"An array of children&#039;s drawings pinned on the wall in a classroom setting.\" srcset=\"https:\/\/co4kids.org\/wp-content\/uploads\/2022\/10\/kids-art_t20_AeZPa6-1024x768.jpg 1024w, https:\/\/co4kids.org\/wp-content\/uploads\/2022\/10\/kids-art_t20_AeZPa6-450x338.jpg 450w, https:\/\/co4kids.org\/wp-content\/uploads\/2022\/10\/kids-art_t20_AeZPa6-768x576.jpg 768w, https:\/\/co4kids.org\/wp-content\/uploads\/2022\/10\/kids-art_t20_AeZPa6-1536x1152.jpg 1536w, https:\/\/co4kids.org\/wp-content\/uploads\/2022\/10\/kids-art_t20_AeZPa6.jpg 1920w\" sizes=\"auto, (max-width: 1024px) 100vw, 1024px\" \/>\t<\/div>\n\t<div class=\"post-feed__footer\">\n\t\t<a href=\"https:\/\/co4kids.org\/es\/news-press\/ipsum-dolor-sit-amet-consectetur-adipiscing-elit-copy-2\/\" class=\"post-feed__more button--arrowed\">\n\t\t\tLeer el Art\u00edculo\t\t<\/a>\n\t<\/div>\n<\/article>\t\t\t\t\t\t\t<article class=\"post-feed__item has-pseudo-background-1 post-feed__item--type-post has-3-5-term-color post-2273 post type-post status-publish format-standard has-post-thumbnail hentry category-community-blog faux-post-tag-child-abuse-prevention\">\n\t<div class=\"post-feed__header\">\n\t\t\t\t\t<a href=\"https:\/\/co4kids.org\/es\/category\/community-blog\/\" class=\"post-feed__term\">\n\t\t\t\tCommunity Blog\t\t\t<\/a>\n\t\t\t<\/div>\n\t<div class=\"post-feed__torso\">\n\t\t<h3 class=\"post-feed__title\">\n\t\t\t<a href=\"https:\/\/co4kids.org\/es\/community-blog\/capm_proclamation_2026\/\">\n\t\t\t\tApril is Child Abuse Prevention Month\t\t\t<\/a>\n\t\t<\/h3>\n\t<\/div>\n\t<div class=\"post-feed__media has-arrow-mask has-arrow-mask-left ani-bottom\">\n\t\t<img loading=\"lazy\" decoding=\"async\" width=\"760\" height=\"435\" src=\"https:\/\/co4kids.org\/wp-content\/uploads\/2023\/06\/CAPM-Proclamation.jpg\" class=\"attachment-large size-large wp-post-image\" alt=\"A State of Colorado Proclamation\" srcset=\"https:\/\/co4kids.org\/wp-content\/uploads\/2023\/06\/CAPM-Proclamation.jpg 760w, https:\/\/co4kids.org\/wp-content\/uploads\/2023\/06\/CAPM-Proclamation-450x258.jpg 450w\" sizes=\"auto, (max-width: 760px) 100vw, 760px\" \/>\t<\/div>\n\t<div class=\"post-feed__footer\">\n\t\t<a href=\"https:\/\/co4kids.org\/es\/community-blog\/capm_proclamation_2026\/\" class=\"post-feed__more button--arrowed\">\n\t\t\tLeer el Art\u00edculo\t\t<\/a>\n\t<\/div>\n<\/article>\t\t\t\t\t\t\t<article class=\"post-feed__item has-pseudo-background-1 post-feed__item--type-post  post-414055 post type-post status-publish format-standard has-post-thumbnail hentry category-noticias-y-prensa faux-post-tag-child-abuse faux-post-tag-colorado-child-abuse-and-neglect-hotline faux-post-tag-concrete-support-in-time-of-need\">\n\t<div class=\"post-feed__header\">\n\t\t\t\t\t<a href=\"https:\/\/co4kids.org\/es\/category\/noticias-y-prensa\/\" class=\"post-feed__term\">\n\t\t\t\tNoticias y Prensa\t\t\t<\/a>\n\t\t\t<\/div>\n\t<div class=\"post-feed__torso\">\n\t\t<h3 class=\"post-feed__title\">\n\t\t\t<a href=\"https:\/\/co4kids.org\/es\/noticias-y-prensa\/casi-6000-ninos-de-colorado-sufrieron-abuso-o-negligencia-en-2025\/\">\n\t\t\t\tCasi 6000 ni\u00f1os de Colorado sufrieron abuso o negligencia en 2025\t\t\t<\/a>\n\t\t<\/h3>\n\t<\/div>\n\t<div class=\"post-feed__media has-arrow-mask has-arrow-mask-left ani-bottom\">\n\t\t<img loading=\"lazy\" decoding=\"async\" width=\"1024\" height=\"576\" src=\"https:\/\/co4kids.org\/wp-content\/uploads\/2026\/03\/Website-banner-Supporting-Families-Early-and-Often-1024x576.jpg\" class=\"attachment-large size-large wp-post-image\" alt=\"\" srcset=\"https:\/\/co4kids.org\/wp-content\/uploads\/2026\/03\/Website-banner-Supporting-Families-Early-and-Often-1024x576.jpg 1024w, https:\/\/co4kids.org\/wp-content\/uploads\/2026\/03\/Website-banner-Supporting-Families-Early-and-Often-450x253.jpg 450w, https:\/\/co4kids.org\/wp-content\/uploads\/2026\/03\/Website-banner-Supporting-Families-Early-and-Often-768x432.jpg 768w, https:\/\/co4kids.org\/wp-content\/uploads\/2026\/03\/Website-banner-Supporting-Families-Early-and-Often-1536x864.jpg 1536w, https:\/\/co4kids.org\/wp-content\/uploads\/2026\/03\/Website-banner-Supporting-Families-Early-and-Often.jpg 1920w\" sizes=\"auto, (max-width: 1024px) 100vw, 1024px\" \/>\t<\/div>\n\t<div class=\"post-feed__footer\">\n\t\t<a href=\"https:\/\/co4kids.org\/es\/noticias-y-prensa\/casi-6000-ninos-de-colorado-sufrieron-abuso-o-negligencia-en-2025\/\" class=\"post-feed__more button--arrowed\">\n\t\t\tLeer el Art\u00edculo\t\t<\/a>\n\t<\/div>\n<\/article>\t\t\t\t\t<\/div>\n\t<\/div><\/div>\n\n\n\n<p class=\"\"><\/p>\n","protected":false},"excerpt":{"rendered":"<p>Existen m\u00e1s de 50 formas en que puedes fortalecer a las familias. Si no lo haces t\u00fa, \u00bfentonces qui\u00e9n? Una de las formas m\u00e1s efectivas de evitar el abuso infantil&#8230;<\/p>\n","protected":false},"author":1,"featured_media":1289,"parent":506,"menu_order":23,"comment_status":"closed","ping_status":"closed","template":"","meta":{"_aquamin_featured_video":"","_aquamin_featured_post":false,"_price":"","_stock":"","_tribe_ticket_header":"","_tribe_default_ticket_provider":"","_tribe_ticket_capacity":"0","_ticket_start_date":"","_ticket_end_date":"","_tribe_ticket_show_description":"","_tribe_ticket_show_not_going":false,"_tribe_ticket_use_global_stock":"","_tribe_ticket_global_stock_level":"","_global_stock_mode":"","_global_stock_cap":"","_tribe_rsvp_for_event":"","_tribe_ticket_going_count":"","_tribe_ticket_not_going_count":"","_tribe_tickets_list":"[]","_tribe_ticket_has_attendee_info_fields":false,"footnotes":"","_tec_slr_enabled":"","_tec_slr_layout":""},"class_list":["post-508","page","type-page","status-publish","has-post-thumbnail","hentry"],"yoast_head":"<!-- This site is optimized with the Yoast SEO Premium plugin v27.4 (Yoast SEO v27.4) - https:\/\/yoast.com\/product\/yoast-seo-premium-wordpress\/ -->\n<title>50 Maneras de Ayudar a las Familias - CO4Kids<\/title>\n<meta name=\"robots\" content=\"index, follow, max-snippet:-1, max-image-preview:large, max-video-preview:-1\" \/>\n<link rel=\"canonical\" href=\"https:\/\/co4kids.org\/es\/prevencion-del-abuso-infantil\/recursos-de-prevencion\/50-maneras-de-ayudar-a-las-familias\/\" \/>\n<meta property=\"og:locale\" content=\"es_ES\" \/>\n<meta property=\"og:type\" content=\"article\" \/>\n<meta property=\"og:title\" content=\"50 Maneras de Ayudar a las Familias\" \/>\n<meta property=\"og:description\" content=\"Existen m\u00e1s de 50 formas en que puedes fortalecer a las familias. Si no lo haces t\u00fa, \u00bfentonces qui\u00e9n? Una de las formas m\u00e1s efectivas de evitar el abuso infantil...\" \/>\n<meta property=\"og:url\" content=\"https:\/\/co4kids.org\/es\/prevencion-del-abuso-infantil\/recursos-de-prevencion\/50-maneras-de-ayudar-a-las-familias\/\" \/>\n<meta property=\"og:site_name\" content=\"CO4Kids\" \/>\n<meta property=\"article:modified_time\" content=\"2025-03-31T19:34:43+00:00\" \/>\n<meta property=\"og:image\" content=\"http:\/\/co4kids.org\/wp-content\/uploads\/2023\/04\/fort.jpg\" \/>\n\t<meta property=\"og:image:width\" content=\"860\" \/>\n\t<meta property=\"og:image:height\" content=\"860\" \/>\n\t<meta property=\"og:image:type\" content=\"image\/jpeg\" \/>\n<meta name=\"twitter:card\" content=\"summary_large_image\" \/>\n<meta name=\"twitter:label1\" content=\"Tiempo de lectura\" \/>\n\t<meta name=\"twitter:data1\" content=\"3 minutos\" \/>\n<script type=\"application\/ld+json\" class=\"yoast-schema-graph\">{\"@context\":\"https:\\\/\\\/schema.org\",\"@graph\":[{\"@type\":\"WebPage\",\"@id\":\"https:\\\/\\\/co4kids.org\\\/es\\\/prevencion-del-abuso-infantil\\\/recursos-de-prevencion\\\/50-maneras-de-ayudar-a-las-familias\\\/\",\"url\":\"https:\\\/\\\/co4kids.org\\\/es\\\/prevencion-del-abuso-infantil\\\/recursos-de-prevencion\\\/50-maneras-de-ayudar-a-las-familias\\\/\",\"name\":\"50 Maneras de Ayudar a las Familias - CO4Kids\",\"isPartOf\":{\"@id\":\"https:\\\/\\\/co4kids.org\\\/es\\\/#website\"},\"primaryImageOfPage\":{\"@id\":\"https:\\\/\\\/co4kids.org\\\/es\\\/prevencion-del-abuso-infantil\\\/recursos-de-prevencion\\\/50-maneras-de-ayudar-a-las-familias\\\/#primaryimage\"},\"image\":{\"@id\":\"https:\\\/\\\/co4kids.org\\\/es\\\/prevencion-del-abuso-infantil\\\/recursos-de-prevencion\\\/50-maneras-de-ayudar-a-las-familias\\\/#primaryimage\"},\"thumbnailUrl\":\"https:\\\/\\\/co4kids.org\\\/wp-content\\\/uploads\\\/2023\\\/04\\\/fort.jpg\",\"datePublished\":\"2023-03-17T02:39:08+00:00\",\"dateModified\":\"2025-03-31T19:34:43+00:00\",\"breadcrumb\":{\"@id\":\"https:\\\/\\\/co4kids.org\\\/es\\\/prevencion-del-abuso-infantil\\\/recursos-de-prevencion\\\/50-maneras-de-ayudar-a-las-familias\\\/#breadcrumb\"},\"inLanguage\":\"es\",\"potentialAction\":[{\"@type\":\"ReadAction\",\"target\":[\"https:\\\/\\\/co4kids.org\\\/es\\\/prevencion-del-abuso-infantil\\\/recursos-de-prevencion\\\/50-maneras-de-ayudar-a-las-familias\\\/\"]}]},{\"@type\":\"ImageObject\",\"inLanguage\":\"es\",\"@id\":\"https:\\\/\\\/co4kids.org\\\/es\\\/prevencion-del-abuso-infantil\\\/recursos-de-prevencion\\\/50-maneras-de-ayudar-a-las-familias\\\/#primaryimage\",\"url\":\"https:\\\/\\\/co4kids.org\\\/wp-content\\\/uploads\\\/2023\\\/04\\\/fort.jpg\",\"contentUrl\":\"https:\\\/\\\/co4kids.org\\\/wp-content\\\/uploads\\\/2023\\\/04\\\/fort.jpg\",\"width\":860,\"height\":860,\"caption\":\"Two children building a tree fort\"},{\"@type\":\"BreadcrumbList\",\"@id\":\"https:\\\/\\\/co4kids.org\\\/es\\\/prevencion-del-abuso-infantil\\\/recursos-de-prevencion\\\/50-maneras-de-ayudar-a-las-familias\\\/#breadcrumb\",\"itemListElement\":[{\"@type\":\"ListItem\",\"position\":1,\"name\":\"Home\",\"item\":\"https:\\\/\\\/co4kids.org\\\/es\\\/\"},{\"@type\":\"ListItem\",\"position\":2,\"name\":\"Prevenci\u00f3n del Abuso Infantil\",\"item\":\"https:\\\/\\\/co4kids.org\\\/es\\\/prevencion-del-abuso-infantil\\\/\"},{\"@type\":\"ListItem\",\"position\":3,\"name\":\"Recursos de Prevenci\u00f3n\",\"item\":\"https:\\\/\\\/co4kids.org\\\/es\\\/prevencion-del-abuso-infantil\\\/recursos-de-prevencion\\\/\"},{\"@type\":\"ListItem\",\"position\":4,\"name\":\"50 Maneras de Ayudar a las Familias\"}]},{\"@type\":\"WebSite\",\"@id\":\"https:\\\/\\\/co4kids.org\\\/es\\\/#website\",\"url\":\"https:\\\/\\\/co4kids.org\\\/es\\\/\",\"name\":\"CO4Kids\",\"description\":\"If not you, then who?\",\"potentialAction\":[{\"@type\":\"SearchAction\",\"target\":{\"@type\":\"EntryPoint\",\"urlTemplate\":\"https:\\\/\\\/co4kids.org\\\/es\\\/?s={search_term_string}\"},\"query-input\":{\"@type\":\"PropertyValueSpecification\",\"valueRequired\":true,\"valueName\":\"search_term_string\"}}],\"inLanguage\":\"es\"}]}<\/script>\n<!-- \/ Yoast SEO Premium plugin. -->","yoast_head_json":{"title":"50 Maneras de Ayudar a las Familias - CO4Kids","robots":{"index":"index","follow":"follow","max-snippet":"max-snippet:-1","max-image-preview":"max-image-preview:large","max-video-preview":"max-video-preview:-1"},"canonical":"https:\/\/co4kids.org\/es\/prevencion-del-abuso-infantil\/recursos-de-prevencion\/50-maneras-de-ayudar-a-las-familias\/","og_locale":"es_ES","og_type":"article","og_title":"50 Maneras de Ayudar a las Familias","og_description":"Existen m\u00e1s de 50 formas en que puedes fortalecer a las familias. Si no lo haces t\u00fa, \u00bfentonces qui\u00e9n? Una de las formas m\u00e1s efectivas de evitar el abuso infantil...","og_url":"https:\/\/co4kids.org\/es\/prevencion-del-abuso-infantil\/recursos-de-prevencion\/50-maneras-de-ayudar-a-las-familias\/","og_site_name":"CO4Kids","article_modified_time":"2025-03-31T19:34:43+00:00","og_image":[{"width":860,"height":860,"url":"http:\/\/co4kids.org\/wp-content\/uploads\/2023\/04\/fort.jpg","type":"image\/jpeg"}],"twitter_card":"summary_large_image","twitter_misc":{"Tiempo de lectura":"3 minutos"},"schema":{"@context":"https:\/\/schema.org","@graph":[{"@type":"WebPage","@id":"https:\/\/co4kids.org\/es\/prevencion-del-abuso-infantil\/recursos-de-prevencion\/50-maneras-de-ayudar-a-las-familias\/","url":"https:\/\/co4kids.org\/es\/prevencion-del-abuso-infantil\/recursos-de-prevencion\/50-maneras-de-ayudar-a-las-familias\/","name":"50 Maneras de Ayudar a las Familias - CO4Kids","isPartOf":{"@id":"https:\/\/co4kids.org\/es\/#website"},"primaryImageOfPage":{"@id":"https:\/\/co4kids.org\/es\/prevencion-del-abuso-infantil\/recursos-de-prevencion\/50-maneras-de-ayudar-a-las-familias\/#primaryimage"},"image":{"@id":"https:\/\/co4kids.org\/es\/prevencion-del-abuso-infantil\/recursos-de-prevencion\/50-maneras-de-ayudar-a-las-familias\/#primaryimage"},"thumbnailUrl":"https:\/\/co4kids.org\/wp-content\/uploads\/2023\/04\/fort.jpg","datePublished":"2023-03-17T02:39:08+00:00","dateModified":"2025-03-31T19:34:43+00:00","breadcrumb":{"@id":"https:\/\/co4kids.org\/es\/prevencion-del-abuso-infantil\/recursos-de-prevencion\/50-maneras-de-ayudar-a-las-familias\/#breadcrumb"},"inLanguage":"es","potentialAction":[{"@type":"ReadAction","target":["https:\/\/co4kids.org\/es\/prevencion-del-abuso-infantil\/recursos-de-prevencion\/50-maneras-de-ayudar-a-las-familias\/"]}]},{"@type":"ImageObject","inLanguage":"es","@id":"https:\/\/co4kids.org\/es\/prevencion-del-abuso-infantil\/recursos-de-prevencion\/50-maneras-de-ayudar-a-las-familias\/#primaryimage","url":"https:\/\/co4kids.org\/wp-content\/uploads\/2023\/04\/fort.jpg","contentUrl":"https:\/\/co4kids.org\/wp-content\/uploads\/2023\/04\/fort.jpg","width":860,"height":860,"caption":"Two children building a tree fort"},{"@type":"BreadcrumbList","@id":"https:\/\/co4kids.org\/es\/prevencion-del-abuso-infantil\/recursos-de-prevencion\/50-maneras-de-ayudar-a-las-familias\/#breadcrumb","itemListElement":[{"@type":"ListItem","position":1,"name":"Home","item":"https:\/\/co4kids.org\/es\/"},{"@type":"ListItem","position":2,"name":"Prevenci\u00f3n del Abuso Infantil","item":"https:\/\/co4kids.org\/es\/prevencion-del-abuso-infantil\/"},{"@type":"ListItem","position":3,"name":"Recursos de Prevenci\u00f3n","item":"https:\/\/co4kids.org\/es\/prevencion-del-abuso-infantil\/recursos-de-prevencion\/"},{"@type":"ListItem","position":4,"name":"50 Maneras de Ayudar a las Familias"}]},{"@type":"WebSite","@id":"https:\/\/co4kids.org\/es\/#website","url":"https:\/\/co4kids.org\/es\/","name":"CO4Kids","description":"If not you, then who?","potentialAction":[{"@type":"SearchAction","target":{"@type":"EntryPoint","urlTemplate":"https:\/\/co4kids.org\/es\/?s={search_term_string}"},"query-input":{"@type":"PropertyValueSpecification","valueRequired":true,"valueName":"search_term_string"}}],"inLanguage":"es"}]}},"publishpress_future_workflow_manual_trigger":{"enabledWorkflows":[]},"ticketed":false,"_links":{"self":[{"href":"https:\/\/co4kids.org\/es\/wp-json\/wp\/v2\/pages\/508","targetHints":{"allow":["GET"]}}],"collection":[{"href":"https:\/\/co4kids.org\/es\/wp-json\/wp\/v2\/pages"}],"about":[{"href":"https:\/\/co4kids.org\/es\/wp-json\/wp\/v2\/types\/page"}],"author":[{"embeddable":true,"href":"https:\/\/co4kids.org\/es\/wp-json\/wp\/v2\/users\/1"}],"replies":[{"embeddable":true,"href":"https:\/\/co4kids.org\/es\/wp-json\/wp\/v2\/comments?post=508"}],"version-history":[{"count":0,"href":"https:\/\/co4kids.org\/es\/wp-json\/wp\/v2\/pages\/508\/revisions"}],"up":[{"embeddable":true,"href":"https:\/\/co4kids.org\/es\/wp-json\/wp\/v2\/pages\/506"}],"wp:featuredmedia":[{"embeddable":true,"href":"https:\/\/co4kids.org\/es\/wp-json\/wp\/v2\/media\/1289"}],"wp:attachment":[{"href":"https:\/\/co4kids.org\/es\/wp-json\/wp\/v2\/media?parent=508"}],"curies":[{"name":"wp","href":"https:\/\/api.w.org\/{rel}","templated":true}]}}