{"id":501,"date":"2023-03-16T20:39:08","date_gmt":"2023-03-17T02:39:08","guid":{"rendered":"https:\/\/co4kids.org\/prevencion-del-abuso-infantil\/"},"modified":"2025-03-08T00:19:42","modified_gmt":"2025-03-08T07:19:42","slug":"prevencion-del-abuso-infantil","status":"publish","type":"page","link":"https:\/\/co4kids.org\/es\/prevencion-del-abuso-infantil\/","title":{"rendered":"Prevenci\u00f3n del Abuso Infantil"},"content":{"rendered":"\n<div class=\"has-arrow-mask-down ani-bottom has-arrow-mask-pad has-arrow-mask wp-block-group has-wider-padding has-sticky-radius has-0-9-background-color has-background has-arrow-mask has-arrow-mask-down ani-bottom has-arrow-mask-pad has-global-padding is-layout-constrained wp-block-group-is-layout-constrained\" style=\"border-top-left-radius:15px;border-top-right-radius:15px;margin-bottom:var(--wp--preset--spacing--20)\">\n<header class=\"wp-block-group has-global-padding is-layout-constrained wp-container-core-group-is-layout-7db9d80f wp-block-group-is-layout-constrained\" style=\"padding-right:0;padding-left:0\">\n<div class=\"wp-block-columns has-0-9-background-color has-background is-layout-flex wp-container-core-columns-is-layout-0af18515 wp-block-columns-is-layout-flex\" style=\"margin-bottom:var(--wp--preset--spacing--20)\">\n<div class=\"wp-block-column is-vertically-aligned-center is-layout-flow wp-block-column-is-layout-flow\" style=\"padding-top:var(--wp--preset--spacing--20)\"><h1 style=\"margin-bottom:var(--wp--preset--spacing--20);\" class=\"wp-block-post-title has-h-2-font-size\">Prevenci\u00f3n del Abuso Infantil<\/h1>\n\n\n<p class=\"\">Prevenir el maltrato infantil es fundamental para garantizar que los ni\u00f1os crezcan en un entorno seguro en el que puedan convertirse en adultos sanos y felices. Se calcula que en Estados Unidos uno de cada siete ni\u00f1os sufre de abuso y descuido cada a\u00f1o. Esto conduce a una serie de resultados adversos, como dolor cr\u00f3nico y problemas psicol\u00f3gicos como ansiedad, ira, depresi\u00f3n y pensamientos o ideas suicidas. El desarrollo social y conductual deficiente o retrasado es otra de las consecuencias del abuso y descuido infantil.<\/p>\n\n\n\n<p class=\"\">\u00a0<\/p>\n<\/div>\n\n\n\n<div class=\"wp-block-column is-vertically-aligned-top is-first-md is-layout-flow wp-block-column-is-layout-flow\">\n<figure class=\"has-arrow-mask-down has-arrow-mask wp-block-image size-large has-arrow-mask has-arrow-mask-down\"><img loading=\"lazy\" decoding=\"async\" width=\"960\" height=\"1024\" src=\"https:\/\/co4kids.org\/wp-content\/uploads\/2023\/06\/Prevent-Header-1-1-1-960x1024.png\" alt=\"Un padre afroamericano levanta a su hijo y junta sus cabezas con los ojos cerrados.\" class=\"wp-image-3931\" srcset=\"https:\/\/co4kids.org\/wp-content\/uploads\/2023\/06\/Prevent-Header-1-1-1-960x1024.png 960w, https:\/\/co4kids.org\/wp-content\/uploads\/2023\/06\/Prevent-Header-1-1-1-422x450.png 422w, https:\/\/co4kids.org\/wp-content\/uploads\/2023\/06\/Prevent-Header-1-1-1-768x819.png 768w, https:\/\/co4kids.org\/wp-content\/uploads\/2023\/06\/Prevent-Header-1-1-1-1440x1536.png 1440w, https:\/\/co4kids.org\/wp-content\/uploads\/2023\/06\/Prevent-Header-1-1-1.png 1697w\" sizes=\"auto, (max-width: 960px) 100vw, 960px\" \/><\/figure>\n<\/div>\n<\/div>\n\n\n\n<div class=\"wp-block-buttons is-layout-flex wp-block-buttons-is-layout-flex\"><\/div>\n<\/header>\n<\/div>\n\n<div class=\"wp-block-group has-global-padding is-layout-constrained wp-block-group-is-layout-constrained\" style=\"margin-top:var(--wp--preset--spacing--50)\">\n<h2 class=\"wp-block-heading has-5-5-color has-text-color\">Los 5 Factores de Protecci\u00f3n<\/h2>\n\n\n\n<p class=\"has-0-9-color has-text-color\">La investigaci\u00f3n ha demostrado que podemos fortalecer a las familias centr\u00e1ndonos en cinco factores de protecci\u00f3n, que pueden reducir la probabilidad de maltrato infantil y construir infancias m\u00e1s brillantes. <\/p>\n\n\n\n<div class=\"wp-block-group has-global-padding is-layout-constrained wp-block-group-is-layout-constrained\">\n<div class=\"wp-block-aquamin-accordion accordion is-style-numbered has-5-5-color has-text-color\" data-accordion-one-always-open=\"false\" data-tab-pre-expand=\"false\" style=\"padding-top:0;padding-bottom:var(--wp--preset--spacing--20)\">\n<h3 class=\"accordion__label h4\"><button class=\"accordion__button button--basic\" type=\"button\">Resiliencia Parental<\/button><\/h3><div class=\"accordion__content\"><div class=\"accordion__inside\">\n<p class=\"has-0-9-color has-text-color\">Gestionar el estr\u00e9s y funcionar bien ante problemas, adversidades y traumas.<\/p>\n<\/div><\/div>\n\n\n\n<h3 class=\"accordion__label h4\"><button class=\"accordion__button button--basic\" type=\"button\">Conexiones Sociales<\/button><\/h3><div class=\"accordion__content\"><div class=\"accordion__inside\">\n<p class=\"has-0-9-color has-text-color\">Relaciones positivas que proporcionan apoyo emocional, informativo, instrumental y espiritual.<\/p>\n<\/div><\/div>\n\n\n\n<h3 class=\"accordion__label h4\"><button class=\"accordion__button button--basic\" type=\"button\">Apoyo Concreto en Tiempos de Necesidad<\/button><\/h3><div class=\"accordion__content\"><div class=\"accordion__inside\">\n<p class=\"has-0-9-color has-text-color\">Acceso a apoyo y servicios concretos que atiendan las necesidades de la familia y ayuden a minimizar el estr\u00e9s causado por los problemas.<\/p>\n<\/div><\/div>\n\n\n\n<h3 class=\"accordion__label h4\"><button class=\"accordion__button button--basic\" type=\"button\">Conocimientos sobre Crianza y Desarrollo Infantil<\/button><\/h3><div class=\"accordion__content\"><div class=\"accordion__inside\">\n<p class=\"has-0-9-color has-text-color\">Comprender el desarrollo infantil y las estrategias de crianza que favorecen el desarrollo f\u00edsico, cognitivo, ling\u00fc\u00edstico, social y emocional.<\/p>\n<\/div><\/div>\n\n\n\n<h3 class=\"accordion__label h4\"><button class=\"accordion__button button--basic\" type=\"button\">Competencia Social y Emocional de los Ni\u00f1os<\/button><\/h3><div class=\"accordion__content\"><div class=\"accordion__inside\">\n<p class=\"has-0-9-color has-text-color\">Interacciones familiares e infantiles que ayudan a los ni\u00f1os a desarrollar la capacidad de comunicarse con claridad, reconocer y regular sus emociones y establecer y mantener relaciones.<\/p>\n<\/div><\/div>\n<\/div>\n<\/div>\n<\/div>\n\n<div class=\"wp-block-group has-global-padding is-layout-constrained wp-container-core-group-is-layout-b8818328 wp-block-group-is-layout-constrained\" style=\"padding-top:var(--wp--preset--spacing--50);padding-bottom:var(--wp--preset--spacing--50)\">\n<h2 class=\"wp-block-heading has-text-align-center has-3-5-color has-text-color\">Una de las formas m\u00e1s efectivas de evitar el abuso infantil es fortalecer a las familias. <\/h2>\n\n\n\n<div class=\"wp-block-buttons is-content-justification-center is-layout-flex wp-container-core-buttons-is-layout-a89b3969 wp-block-buttons-is-layout-flex\">\n<div class=\"wp-block-button is-style-arrowed\"><a class=\"wp-block-button__link has-5-5-color has-text-color wp-element-button\" href=\"https:\/\/co4kids.org\/es\/prevencion-del-abuso-infantil\/recursos-de-prevencion\/50-maneras-de-ayudar-a-las-familias\/\">Aprende c\u00f3mo T\u00da puedes fortalecer a las familias<\/a><\/div>\n\n\n\n<div class=\"wp-block-button is-style-arrowed\"><a class=\"wp-block-button__link has-5-5-color has-text-color wp-element-button\" href=\"https:\/\/co4kids.org\/wp-content\/uploads\/2024\/04\/Partner-Organizations-CAPM2024.pdf\">Encuentre Recursos<\/a><\/div>\n<\/div>\n<\/div>\n\n<div class=\"ani-bottom has-arrow-mask-down has-arrow-mask-pad has-arrow-mask wp-block-group has-wider-padding has-sticky-radius has-0-9-background-color has-background has-arrow-mask ani-bottom has-arrow-mask-down has-arrow-mask-pad has-global-padding is-layout-constrained wp-block-group-is-layout-constrained\" style=\"border-top-left-radius:15px;border-top-right-radius:15px;margin-top:var(--wp--preset--spacing--50);padding-top:var(--wp--preset--spacing--10)\">\n<h2 class=\"wp-block-heading has-text-align-center\" style=\"margin-top:var(--wp--preset--spacing--10);margin-bottom:var(--wp--preset--spacing--20)\">Recursos y art\u00edculos<\/h2>\n\n\n\n<div class=\"wp-block-group has-global-padding is-layout-constrained wp-block-group-is-layout-constrained\"><div style=\"margin-bottom:var(--wp--preset--spacing--10);\" class=\"post-feed post-feed--col-4 wp-block-aquamin-post-feed\">\n\t\t\t\t<div class=\"post-feed__list\">\n\t\t\t\t\t\t\t<article class=\"post-feed__item has-pseudo-background-1 post-feed__item--type-post has-3-5-term-color post-2273 post type-post status-publish format-standard has-post-thumbnail hentry category-community-blog faux-post-tag-child-abuse-prevention\">\n\t<div class=\"post-feed__header\">\n\t\t\t\t\t<a href=\"https:\/\/co4kids.org\/es\/category\/community-blog\/\" class=\"post-feed__term\">\n\t\t\t\tCommunity Blog\t\t\t<\/a>\n\t\t\t<\/div>\n\t<div class=\"post-feed__torso\">\n\t\t<h3 class=\"post-feed__title\">\n\t\t\t<a href=\"https:\/\/co4kids.org\/es\/community-blog\/capm_proclamation_2026\/\">\n\t\t\t\tApril is Child Abuse Prevention Month\t\t\t<\/a>\n\t\t<\/h3>\n\t<\/div>\n\t<div class=\"post-feed__media has-arrow-mask has-arrow-mask-left ani-bottom\">\n\t\t<img loading=\"lazy\" decoding=\"async\" width=\"760\" height=\"435\" src=\"https:\/\/co4kids.org\/wp-content\/uploads\/2023\/06\/CAPM-Proclamation.jpg\" class=\"attachment-large size-large wp-post-image\" alt=\"A State of Colorado Proclamation\" srcset=\"https:\/\/co4kids.org\/wp-content\/uploads\/2023\/06\/CAPM-Proclamation.jpg 760w, https:\/\/co4kids.org\/wp-content\/uploads\/2023\/06\/CAPM-Proclamation-450x258.jpg 450w\" sizes=\"auto, (max-width: 760px) 100vw, 760px\" \/>\t<\/div>\n\t<div class=\"post-feed__footer\">\n\t\t<a href=\"https:\/\/co4kids.org\/es\/community-blog\/capm_proclamation_2026\/\" class=\"post-feed__more button--arrowed\">\n\t\t\tLeer el Art\u00edculo\t\t<\/a>\n\t<\/div>\n<\/article>\t\t\t\t\t\t\t<article class=\"post-feed__item has-pseudo-background-1 post-feed__item--type-post  post-414055 post type-post status-publish format-standard has-post-thumbnail hentry category-noticias-y-prensa faux-post-tag-child-abuse faux-post-tag-colorado-child-abuse-and-neglect-hotline faux-post-tag-concrete-support-in-time-of-need\">\n\t<div class=\"post-feed__header\">\n\t\t\t\t\t<a href=\"https:\/\/co4kids.org\/es\/category\/noticias-y-prensa\/\" class=\"post-feed__term\">\n\t\t\t\tNoticias y Prensa\t\t\t<\/a>\n\t\t\t<\/div>\n\t<div class=\"post-feed__torso\">\n\t\t<h3 class=\"post-feed__title\">\n\t\t\t<a href=\"https:\/\/co4kids.org\/es\/noticias-y-prensa\/casi-6000-ninos-de-colorado-sufrieron-abuso-o-negligencia-en-2025\/\">\n\t\t\t\tCasi 6000 ni\u00f1os de Colorado sufrieron abuso o negligencia en 2025\t\t\t<\/a>\n\t\t<\/h3>\n\t<\/div>\n\t<div class=\"post-feed__media has-arrow-mask has-arrow-mask-left ani-bottom\">\n\t\t<img loading=\"lazy\" decoding=\"async\" width=\"1024\" height=\"576\" src=\"https:\/\/co4kids.org\/wp-content\/uploads\/2026\/03\/Website-banner-Supporting-Families-Early-and-Often-1024x576.jpg\" class=\"attachment-large size-large wp-post-image\" alt=\"\" srcset=\"https:\/\/co4kids.org\/wp-content\/uploads\/2026\/03\/Website-banner-Supporting-Families-Early-and-Often-1024x576.jpg 1024w, https:\/\/co4kids.org\/wp-content\/uploads\/2026\/03\/Website-banner-Supporting-Families-Early-and-Often-450x253.jpg 450w, https:\/\/co4kids.org\/wp-content\/uploads\/2026\/03\/Website-banner-Supporting-Families-Early-and-Often-768x432.jpg 768w, https:\/\/co4kids.org\/wp-content\/uploads\/2026\/03\/Website-banner-Supporting-Families-Early-and-Often-1536x864.jpg 1536w, https:\/\/co4kids.org\/wp-content\/uploads\/2026\/03\/Website-banner-Supporting-Families-Early-and-Often.jpg 1920w\" sizes=\"auto, (max-width: 1024px) 100vw, 1024px\" \/>\t<\/div>\n\t<div class=\"post-feed__footer\">\n\t\t<a href=\"https:\/\/co4kids.org\/es\/noticias-y-prensa\/casi-6000-ninos-de-colorado-sufrieron-abuso-o-negligencia-en-2025\/\" class=\"post-feed__more button--arrowed\">\n\t\t\tLeer el Art\u00edculo\t\t<\/a>\n\t<\/div>\n<\/article>\t\t\t\t\t\t\t<article class=\"post-feed__item has-pseudo-background-1 post-feed__item--type-post has-3-5-term-color post-413701 post type-post status-publish format-standard has-post-thumbnail hentry category-community-blog faux-post-tag-domestic-violence faux-post-tag-emotional-abuse faux-post-tag-resources faux-post-tag-sexual-abuse faux-post-tag-sexual-violence\">\n\t<div class=\"post-feed__header\">\n\t\t\t\t\t<a href=\"https:\/\/co4kids.org\/es\/category\/community-blog\/\" class=\"post-feed__term\">\n\t\t\t\tCommunity Blog\t\t\t<\/a>\n\t\t\t<\/div>\n\t<div class=\"post-feed__torso\">\n\t\t<h3 class=\"post-feed__title\">\n\t\t\t<a href=\"https:\/\/co4kids.org\/es\/community-blog\/sexual_violence_in_colorado\/\">\n\t\t\t\tWhat is Sexual Violence in Colorado?\t\t\t<\/a>\n\t\t<\/h3>\n\t<\/div>\n\t<div class=\"post-feed__media has-arrow-mask has-arrow-mask-left ani-bottom\">\n\t\t<img loading=\"lazy\" decoding=\"async\" width=\"1024\" height=\"576\" src=\"https:\/\/co4kids.org\/wp-content\/uploads\/2026\/03\/Blog-banners-5-1024x576.jpg\" class=\"attachment-large size-large wp-post-image\" alt=\"\" srcset=\"https:\/\/co4kids.org\/wp-content\/uploads\/2026\/03\/Blog-banners-5-1024x576.jpg 1024w, https:\/\/co4kids.org\/wp-content\/uploads\/2026\/03\/Blog-banners-5-450x253.jpg 450w, https:\/\/co4kids.org\/wp-content\/uploads\/2026\/03\/Blog-banners-5-768x432.jpg 768w, https:\/\/co4kids.org\/wp-content\/uploads\/2026\/03\/Blog-banners-5-1536x864.jpg 1536w, https:\/\/co4kids.org\/wp-content\/uploads\/2026\/03\/Blog-banners-5.jpg 1920w\" sizes=\"auto, (max-width: 1024px) 100vw, 1024px\" \/>\t<\/div>\n\t<div class=\"post-feed__footer\">\n\t\t<a href=\"https:\/\/co4kids.org\/es\/community-blog\/sexual_violence_in_colorado\/\" class=\"post-feed__more button--arrowed\">\n\t\t\tLeer el Art\u00edculo\t\t<\/a>\n\t<\/div>\n<\/article>\t\t\t\t\t\t\t<article class=\"post-feed__item has-pseudo-background-1 post-feed__item--type-post has-2-5-term-color post-413614 post type-post status-publish format-standard has-post-thumbnail hentry category-child-welfare-blog\">\n\t<div class=\"post-feed__header\">\n\t\t\t\t\t<a href=\"https:\/\/co4kids.org\/es\/category\/child-welfare-blog\/\" class=\"post-feed__term\">\n\t\t\t\tChild Welfare Blog\t\t\t<\/a>\n\t\t\t<\/div>\n\t<div class=\"post-feed__torso\">\n\t\t<h3 class=\"post-feed__title\">\n\t\t\t<a href=\"https:\/\/co4kids.org\/es\/child-welfare-blog\/education-waivers\/\">\n\t\t\t\tInvesting in Local Talent: How Education Waivers Open Doors to Child Welfare Careers\t\t\t<\/a>\n\t\t<\/h3>\n\t<\/div>\n\t<div class=\"post-feed__media has-arrow-mask has-arrow-mask-left ani-bottom\">\n\t\t<img loading=\"lazy\" decoding=\"async\" width=\"500\" height=\"500\" src=\"https:\/\/co4kids.org\/wp-content\/uploads\/2026\/03\/Lindsay-Rochlitz.jpg\" class=\"attachment-large size-large wp-post-image\" alt=\"\" srcset=\"https:\/\/co4kids.org\/wp-content\/uploads\/2026\/03\/Lindsay-Rochlitz.jpg 500w, https:\/\/co4kids.org\/wp-content\/uploads\/2026\/03\/Lindsay-Rochlitz-450x450.jpg 450w, https:\/\/co4kids.org\/wp-content\/uploads\/2026\/03\/Lindsay-Rochlitz-150x150.jpg 150w\" sizes=\"auto, (max-width: 500px) 100vw, 500px\" \/>\t<\/div>\n\t<div class=\"post-feed__footer\">\n\t\t<a href=\"https:\/\/co4kids.org\/es\/child-welfare-blog\/education-waivers\/\" class=\"post-feed__more button--arrowed\">\n\t\t\tLeer el Art\u00edculo\t\t<\/a>\n\t<\/div>\n<\/article>\t\t\t\t\t<\/div>\n\t<\/div>\n\n\n<div class=\"wp-block-buttons is-content-justification-right is-layout-flex wp-container-core-buttons-is-layout-d445cf74 wp-block-buttons-is-layout-flex\">\n<div class=\"wp-block-button is-style-arrowed\"><a class=\"wp-block-button__link wp-element-button\" href=\"https:\/\/co4kids.org\/es\/blog\/\">Ver Todos <\/a><\/div>\n<\/div>\n<\/div>\n<\/div>\n","protected":false},"excerpt":{"rendered":"<p>Prevenir el maltrato infantil es fundamental para garantizar que los ni\u00f1os crezcan en un entorno seguro en el que puedan convertirse en adultos sanos y felices. Se calcula que en&#8230;<\/p>\n","protected":false},"author":1,"featured_media":3928,"parent":0,"menu_order":2,"comment_status":"closed","ping_status":"closed","template":"","meta":{"_aquamin_featured_video":"","_aquamin_featured_post":false,"_price":"","_stock":"","_tribe_ticket_header":"","_tribe_default_ticket_provider":"","_tribe_ticket_capacity":"0","_ticket_start_date":"","_ticket_end_date":"","_tribe_ticket_show_description":"","_tribe_ticket_show_not_going":false,"_tribe_ticket_use_global_stock":"","_tribe_ticket_global_stock_level":"","_global_stock_mode":"","_global_stock_cap":"","_tribe_rsvp_for_event":"","_tribe_ticket_going_count":"","_tribe_ticket_not_going_count":"","_tribe_tickets_list":"[]","_tribe_ticket_has_attendee_info_fields":false,"footnotes":"","_tec_slr_enabled":"","_tec_slr_layout":""},"class_list":["post-501","page","type-page","status-publish","has-post-thumbnail","hentry"],"yoast_head":"<!-- This site is optimized with the Yoast SEO Premium plugin v27.3 (Yoast SEO v27.3) - https:\/\/yoast.com\/product\/yoast-seo-premium-wordpress\/ -->\n<title>Prevenci\u00f3n del Abuso Infantil - CO4Kids<\/title>\n<meta name=\"robots\" content=\"index, follow, max-snippet:-1, max-image-preview:large, max-video-preview:-1\" \/>\n<link rel=\"canonical\" href=\"https:\/\/co4kids.org\/es\/prevencion-del-abuso-infantil\/\" \/>\n<meta property=\"og:locale\" content=\"es_ES\" \/>\n<meta property=\"og:type\" content=\"article\" \/>\n<meta property=\"og:title\" content=\"Prevenci\u00f3n del Abuso Infantil\" \/>\n<meta property=\"og:description\" content=\"Prevenir el maltrato infantil es fundamental para garantizar que los ni\u00f1os crezcan en un entorno seguro en el que puedan convertirse en adultos sanos y felices. Se calcula que en...\" \/>\n<meta property=\"og:url\" content=\"https:\/\/co4kids.org\/es\/prevencion-del-abuso-infantil\/\" \/>\n<meta property=\"og:site_name\" content=\"CO4Kids\" \/>\n<meta property=\"article:modified_time\" content=\"2025-03-08T07:19:42+00:00\" \/>\n<meta property=\"og:image\" content=\"https:\/\/co4kids.org\/wp-content\/uploads\/2023\/06\/Prevent-Header-1-960x1024.png\" \/>\n\t<meta property=\"og:image:width\" content=\"960\" \/>\n\t<meta property=\"og:image:height\" content=\"1024\" \/>\n\t<meta property=\"og:image:type\" content=\"image\/png\" \/>\n<meta name=\"twitter:card\" content=\"summary_large_image\" \/>\n<meta name=\"twitter:label1\" content=\"Tiempo de lectura\" \/>\n\t<meta name=\"twitter:data1\" content=\"2 minutos\" \/>\n<script type=\"application\/ld+json\" class=\"yoast-schema-graph\">{\"@context\":\"https:\\\/\\\/schema.org\",\"@graph\":[{\"@type\":\"WebPage\",\"@id\":\"https:\\\/\\\/co4kids.org\\\/es\\\/prevencion-del-abuso-infantil\\\/\",\"url\":\"https:\\\/\\\/co4kids.org\\\/es\\\/prevencion-del-abuso-infantil\\\/\",\"name\":\"Prevenci\u00f3n del Abuso Infantil - CO4Kids\",\"isPartOf\":{\"@id\":\"https:\\\/\\\/co4kids.org\\\/es\\\/#website\"},\"primaryImageOfPage\":{\"@id\":\"https:\\\/\\\/co4kids.org\\\/es\\\/prevencion-del-abuso-infantil\\\/#primaryimage\"},\"image\":{\"@id\":\"https:\\\/\\\/co4kids.org\\\/es\\\/prevencion-del-abuso-infantil\\\/#primaryimage\"},\"thumbnailUrl\":\"https:\\\/\\\/co4kids.org\\\/wp-content\\\/uploads\\\/2023\\\/06\\\/Prevent-Header-1.png\",\"datePublished\":\"2023-03-17T02:39:08+00:00\",\"dateModified\":\"2025-03-08T07:19:42+00:00\",\"breadcrumb\":{\"@id\":\"https:\\\/\\\/co4kids.org\\\/es\\\/prevencion-del-abuso-infantil\\\/#breadcrumb\"},\"inLanguage\":\"es\",\"potentialAction\":[{\"@type\":\"ReadAction\",\"target\":[\"https:\\\/\\\/co4kids.org\\\/es\\\/prevencion-del-abuso-infantil\\\/\"]}]},{\"@type\":\"ImageObject\",\"inLanguage\":\"es\",\"@id\":\"https:\\\/\\\/co4kids.org\\\/es\\\/prevencion-del-abuso-infantil\\\/#primaryimage\",\"url\":\"https:\\\/\\\/co4kids.org\\\/wp-content\\\/uploads\\\/2023\\\/06\\\/Prevent-Header-1.png\",\"contentUrl\":\"https:\\\/\\\/co4kids.org\\\/wp-content\\\/uploads\\\/2023\\\/06\\\/Prevent-Header-1.png\",\"width\":1697,\"height\":1810,\"caption\":\"An African American father holds up his infant and brings their heads together with closed eyes.\"},{\"@type\":\"BreadcrumbList\",\"@id\":\"https:\\\/\\\/co4kids.org\\\/es\\\/prevencion-del-abuso-infantil\\\/#breadcrumb\",\"itemListElement\":[{\"@type\":\"ListItem\",\"position\":1,\"name\":\"Home\",\"item\":\"https:\\\/\\\/co4kids.org\\\/es\\\/\"},{\"@type\":\"ListItem\",\"position\":2,\"name\":\"Prevenci\u00f3n del Abuso Infantil\"}]},{\"@type\":\"WebSite\",\"@id\":\"https:\\\/\\\/co4kids.org\\\/es\\\/#website\",\"url\":\"https:\\\/\\\/co4kids.org\\\/es\\\/\",\"name\":\"CO4Kids\",\"description\":\"If not you, then who?\",\"potentialAction\":[{\"@type\":\"SearchAction\",\"target\":{\"@type\":\"EntryPoint\",\"urlTemplate\":\"https:\\\/\\\/co4kids.org\\\/es\\\/?s={search_term_string}\"},\"query-input\":{\"@type\":\"PropertyValueSpecification\",\"valueRequired\":true,\"valueName\":\"search_term_string\"}}],\"inLanguage\":\"es\"}]}<\/script>\n<!-- \/ Yoast SEO Premium plugin. -->","yoast_head_json":{"title":"Prevenci\u00f3n del Abuso Infantil - CO4Kids","robots":{"index":"index","follow":"follow","max-snippet":"max-snippet:-1","max-image-preview":"max-image-preview:large","max-video-preview":"max-video-preview:-1"},"canonical":"https:\/\/co4kids.org\/es\/prevencion-del-abuso-infantil\/","og_locale":"es_ES","og_type":"article","og_title":"Prevenci\u00f3n del Abuso Infantil","og_description":"Prevenir el maltrato infantil es fundamental para garantizar que los ni\u00f1os crezcan en un entorno seguro en el que puedan convertirse en adultos sanos y felices. Se calcula que en...","og_url":"https:\/\/co4kids.org\/es\/prevencion-del-abuso-infantil\/","og_site_name":"CO4Kids","article_modified_time":"2025-03-08T07:19:42+00:00","og_image":[{"width":960,"height":1024,"url":"https:\/\/co4kids.org\/wp-content\/uploads\/2023\/06\/Prevent-Header-1-960x1024.png","type":"image\/png"}],"twitter_card":"summary_large_image","twitter_misc":{"Tiempo de lectura":"2 minutos"},"schema":{"@context":"https:\/\/schema.org","@graph":[{"@type":"WebPage","@id":"https:\/\/co4kids.org\/es\/prevencion-del-abuso-infantil\/","url":"https:\/\/co4kids.org\/es\/prevencion-del-abuso-infantil\/","name":"Prevenci\u00f3n del Abuso Infantil - CO4Kids","isPartOf":{"@id":"https:\/\/co4kids.org\/es\/#website"},"primaryImageOfPage":{"@id":"https:\/\/co4kids.org\/es\/prevencion-del-abuso-infantil\/#primaryimage"},"image":{"@id":"https:\/\/co4kids.org\/es\/prevencion-del-abuso-infantil\/#primaryimage"},"thumbnailUrl":"https:\/\/co4kids.org\/wp-content\/uploads\/2023\/06\/Prevent-Header-1.png","datePublished":"2023-03-17T02:39:08+00:00","dateModified":"2025-03-08T07:19:42+00:00","breadcrumb":{"@id":"https:\/\/co4kids.org\/es\/prevencion-del-abuso-infantil\/#breadcrumb"},"inLanguage":"es","potentialAction":[{"@type":"ReadAction","target":["https:\/\/co4kids.org\/es\/prevencion-del-abuso-infantil\/"]}]},{"@type":"ImageObject","inLanguage":"es","@id":"https:\/\/co4kids.org\/es\/prevencion-del-abuso-infantil\/#primaryimage","url":"https:\/\/co4kids.org\/wp-content\/uploads\/2023\/06\/Prevent-Header-1.png","contentUrl":"https:\/\/co4kids.org\/wp-content\/uploads\/2023\/06\/Prevent-Header-1.png","width":1697,"height":1810,"caption":"An African American father holds up his infant and brings their heads together with closed eyes."},{"@type":"BreadcrumbList","@id":"https:\/\/co4kids.org\/es\/prevencion-del-abuso-infantil\/#breadcrumb","itemListElement":[{"@type":"ListItem","position":1,"name":"Home","item":"https:\/\/co4kids.org\/es\/"},{"@type":"ListItem","position":2,"name":"Prevenci\u00f3n del Abuso Infantil"}]},{"@type":"WebSite","@id":"https:\/\/co4kids.org\/es\/#website","url":"https:\/\/co4kids.org\/es\/","name":"CO4Kids","description":"If not you, then who?","potentialAction":[{"@type":"SearchAction","target":{"@type":"EntryPoint","urlTemplate":"https:\/\/co4kids.org\/es\/?s={search_term_string}"},"query-input":{"@type":"PropertyValueSpecification","valueRequired":true,"valueName":"search_term_string"}}],"inLanguage":"es"}]}},"publishpress_future_workflow_manual_trigger":{"enabledWorkflows":[]},"ticketed":false,"_links":{"self":[{"href":"https:\/\/co4kids.org\/es\/wp-json\/wp\/v2\/pages\/501","targetHints":{"allow":["GET"]}}],"collection":[{"href":"https:\/\/co4kids.org\/es\/wp-json\/wp\/v2\/pages"}],"about":[{"href":"https:\/\/co4kids.org\/es\/wp-json\/wp\/v2\/types\/page"}],"author":[{"embeddable":true,"href":"https:\/\/co4kids.org\/es\/wp-json\/wp\/v2\/users\/1"}],"replies":[{"embeddable":true,"href":"https:\/\/co4kids.org\/es\/wp-json\/wp\/v2\/comments?post=501"}],"version-history":[{"count":0,"href":"https:\/\/co4kids.org\/es\/wp-json\/wp\/v2\/pages\/501\/revisions"}],"wp:featuredmedia":[{"embeddable":true,"href":"https:\/\/co4kids.org\/es\/wp-json\/wp\/v2\/media\/3928"}],"wp:attachment":[{"href":"https:\/\/co4kids.org\/es\/wp-json\/wp\/v2\/media?parent=501"}],"curies":[{"name":"wp","href":"https:\/\/api.w.org\/{rel}","templated":true}]}}