{"id":491,"date":"2023-03-16T20:39:08","date_gmt":"2023-03-17T02:39:08","guid":{"rendered":"https:\/\/co4kids.org\/abuso-y-negligencia-infantil\/tipos-de-abuso\/la-trata-de-ninos\/"},"modified":"2024-12-12T14:19:47","modified_gmt":"2024-12-12T21:19:47","slug":"la-trata-de-ninos","status":"publish","type":"page","link":"https:\/\/co4kids.org\/es\/abuso-y-negligencia-infantil\/tipos-de-abuso\/la-trata-de-ninos\/","title":{"rendered":"Trata de Ni\u00f1os"},"content":{"rendered":"\n<div class=\"has-arrow-mask-down ani-bottom has-arrow-mask-pad has-arrow-mask wp-block-group has-wider-padding has-sticky-radius has-0-9-background-color has-background has-arrow-mask has-arrow-mask-down ani-bottom has-arrow-mask-pad has-global-padding is-layout-constrained wp-block-group-is-layout-constrained\" style=\"border-top-left-radius:15px;border-top-right-radius:15px;margin-bottom:var(--wp--preset--spacing--20)\">\n<header class=\"wp-block-group has-global-padding is-layout-constrained wp-container-core-group-is-layout-7db9d80f wp-block-group-is-layout-constrained\" style=\"padding-right:0;padding-left:0\">\n<div class=\"wp-block-columns has-0-9-background-color has-background is-layout-flex wp-container-core-columns-is-layout-0af18515 wp-block-columns-is-layout-flex\" style=\"margin-bottom:var(--wp--preset--spacing--20)\">\n<div class=\"wp-block-column is-vertically-aligned-center is-layout-flow wp-block-column-is-layout-flow\" style=\"padding-top:var(--wp--preset--spacing--20)\"><h1 style=\"margin-bottom:var(--wp--preset--spacing--20);\" class=\"wp-block-post-title has-h-2-font-size\">Trata de Ni\u00f1os<\/h1>\n\n\n<p class=\"\">Las dos formas de trata de ni\u00f1os son la trata sexual y la explotaci\u00f3n laboral. La trata de menores es una grave violaci\u00f3n de los derechos humanos que explota a ni\u00f1os vulnerables con diversos fines.<\/p>\n<\/div>\n\n\n\n<div class=\"wp-block-column is-vertically-aligned-top is-first-md is-layout-flow wp-block-column-is-layout-flow\"><figure class=\"ani-bottom has-arrow-mask-down has-arrow-mask wp-block-post-featured-image\"><img loading=\"lazy\" decoding=\"async\" width=\"1200\" height=\"600\" src=\"https:\/\/co4kids.org\/wp-content\/uploads\/2024\/12\/CO4Kids-child-trafficking-hero-spanish.jpg\" class=\"attachment-post-thumbnail size-post-thumbnail wp-post-image\" alt=\"Chica mirando su tel\u00e9fono celular.\" style=\"object-fit:cover;\" srcset=\"https:\/\/co4kids.org\/wp-content\/uploads\/2024\/12\/CO4Kids-child-trafficking-hero-spanish.jpg 1200w, https:\/\/co4kids.org\/wp-content\/uploads\/2024\/12\/CO4Kids-child-trafficking-hero-spanish-450x225.jpg 450w, https:\/\/co4kids.org\/wp-content\/uploads\/2024\/12\/CO4Kids-child-trafficking-hero-spanish-1024x512.jpg 1024w, https:\/\/co4kids.org\/wp-content\/uploads\/2024\/12\/CO4Kids-child-trafficking-hero-spanish-768x384.jpg 768w\" sizes=\"auto, (max-width: 1200px) 100vw, 1200px\" \/><\/figure><\/div>\n<\/div>\n<\/header>\n\n\n\n<p class=\"\"><\/p>\n<\/div>\n\n\n\n<div class=\"ani-bottom has-arrow-mask-down has-arrow-mask-pad has-arrow-mask wp-block-group has-wider-padding has-sticky-radius has-0-9-background-color has-background has-arrow-mask ani-bottom has-arrow-mask-down has-arrow-mask-pad has-global-padding is-layout-constrained wp-block-group-is-layout-constrained\" style=\"border-top-left-radius:15px;border-top-right-radius:15px;padding-top:var(--wp--preset--spacing--10)\">\n<div class=\"wp-block-columns has-0-9-background-color has-background is-layout-flex wp-container-core-columns-is-layout-0af18515 wp-block-columns-is-layout-flex\" style=\"margin-bottom:var(--wp--preset--spacing--20)\">\n<div class=\"wp-block-column is-vertically-aligned-center is-layout-flow wp-block-column-is-layout-flow\">\n<h2 class=\"wp-block-heading has-h-3-font-size\" style=\"margin-top:var(--wp--preset--spacing--10);margin-bottom:var(--wp--preset--spacing--20)\">Trata de Ni\u00f1os con Fines Sexuales <\/h2>\n\n\n\n<p class=\"\">La trata de ni\u00f1os con fines sexuales se ha reportado en los 50 estados, incluido Colorado.<\/p>\n\n\n\n<p class=\"\">La trata de ni\u00f1os con fines sexuales es un tipo de abuso infantil y puede suceder en cualquier comunidad. Puede afectar a ni\u00f1os o j\u00f3venes de cualquier edad, sexo, raza y condici\u00f3n socioecon\u00f3mica. A menudo, la trata de ni\u00f1os con fines sexuales es un delito oculto, y a veces los menores ni siquiera se ven como v\u00edctimas.<\/p>\n\n\n\n<p class=\"\">Se dice que hay trata o tr\u00e1fico de ni\u00f1os con fines sexuales cuando una persona menor de 18 a\u00f1os de edad participa en la industria del comercio sexual. Un ni\u00f1o o joven puede ser forzado, amenazado o reclutado para el comercio sexual o puede estar practicando la prostituci\u00f3n como medio de supervivencia. Todos los ni\u00f1os y j\u00f3venes, independientemente de su nacionalidad o lugar de nacimiento, pueden ser vulnerables al tr\u00e1fico sexual.<\/p>\n<\/div>\n\n\n\n<div class=\"wp-block-column is-vertically-aligned-center is-layout-flow wp-block-column-is-layout-flow\"><div class=\"has-arrow-mask-left has-arrow-mask featured-video wp-block-aquamin-featured-video\">\n\t\t\t<div class=\"vid\"><button class=\"vid-play button--basic\" role=\"button\" aria-label=\"Play Video\"><img loading=\"lazy\" decoding=\"async\" width=\"1024\" height=\"529\" src=\"https:\/\/co4kids.org\/wp-content\/uploads\/2023\/06\/Screenshot-2023-06-27-at-10.15.50-AM-1024x529.png\" class=\"attachment-large size-large\" alt=\"A young man in a downtown setting with a text overlay that reads: Angelo&#039;s Story.\" srcset=\"https:\/\/co4kids.org\/wp-content\/uploads\/2023\/06\/Screenshot-2023-06-27-at-10.15.50-AM-1024x529.png 1024w, https:\/\/co4kids.org\/wp-content\/uploads\/2023\/06\/Screenshot-2023-06-27-at-10.15.50-AM-450x233.png 450w, https:\/\/co4kids.org\/wp-content\/uploads\/2023\/06\/Screenshot-2023-06-27-at-10.15.50-AM-768x397.png 768w, https:\/\/co4kids.org\/wp-content\/uploads\/2023\/06\/Screenshot-2023-06-27-at-10.15.50-AM.png 1229w\" sizes=\"auto, (max-width: 1024px) 100vw, 1024px\" \/><\/button><iframe loading=\"lazy\" title=\"Angelo&#039;s Story\" width=\"500\" height=\"281\" src=\"https:\/\/www.youtube.com\/embed\/r5sZGmxIcBQ?feature=oembed\" frameborder=\"0\" allow=\"accelerometer; autoplay; clipboard-write; encrypted-media; gyroscope; picture-in-picture; web-share\" referrerpolicy=\"strict-origin-when-cross-origin\" allowfullscreen><\/iframe><\/div>\t<\/div>\n<\/div>\n<\/div>\n\n\n\n<p class=\"\"><strong>Las pel\u00edculas y los medios a menudo muestran el secuestro de j\u00f3venes con el posterior sometimiento a la trata con fines sexuales. Es muy com\u00fan que los traficantes reconozcan a los ni\u00f1os o adolescentes vulnerables y los seduzcan e incorporen a su red con el paso del tiempo. Los traficantes de ni\u00f1os con fines sexuales pueden ser de cualquier sexo, raza o edad. La mayor\u00eda de los traficantes son conocidos de la v\u00edctima (sus padres, familiares, amigos, novios o novias). Los traficantes utilizan con frecuencia las redes sociales para identificar, seducir y reclutar v\u00edctimas.<\/strong><\/p>\n<\/div>\n\n\n\n<div class=\"wp-block-group has-global-padding is-layout-constrained wp-block-group-is-layout-constrained\">\n<h2 class=\"wp-block-heading has-text-align-left has-5-5-color has-text-color has-h-3-font-size\" style=\"margin-top:var(--wp--preset--spacing--10);margin-bottom:var(--wp--preset--spacing--20)\">Explotaci\u00f3n Laboral Infantil<\/h2>\n\n\n\n<p class=\"has-0-9-color has-text-color\">La explotaci\u00f3n laboral infantil es una forma de abuso infantil. La explotaci\u00f3n laboral infantil puede estar oculta y se produce en diversos contextos de trabajo, tanto formales (empresas grandes y peque\u00f1as, granjas y f\u00e1bricas) como informales (trabajo dom\u00e9stico, venta forzosa de drogas, ventas puerta a puerta, mendicidad), y puede afectar a menores de cualquier edad, raza, sexo o nacionalidad. <\/p>\n\n\n\n<p class=\"has-0-9-color has-text-color\">La explotaci\u00f3n laboral infantil puede darse de varias maneras. Las m\u00e1s comunes son la esclavitud por deudas y el trabajo forzoso. La servidumbre o esclavitud por deudas se produce cuando un ni\u00f1o o joven contrae una deuda (real o ficticia) que nunca puede saldar. El trabajo forzoso (o servidumbre involuntaria) ocurre cuando un empleador o individuo obtiene mano de obra o servicios mediante la fuerza, amenazas de usar la fuerza, el abuso del proceso legal, el fraude o la extorsi\u00f3n.<\/p>\n\n\n\n<p class=\"has-0-9-color has-text-color\">Los traficantes pueden ser un padre, tutor, hermano u otro cuidador que no tiene ninguna relaci\u00f3n familiar con el ni\u00f1o. Tambi\u00e9n pueden ser un compa\u00f1ero, un conocido o un empleador.<\/p>\n\n\n\n<div class=\"wp-block-aquamin-accordion accordion has-0-9-color has-text-color has-0-9-color has-text-color\" data-accordion-one-always-open=\"false\" data-tab-pre-expand=\"false\">\n<h3 class=\"accordion__label h4\"><button class=\"accordion__button button--basic\" type=\"button\"><strong>Las se\u00f1ales de alerta y los indicadores de tr\u00e1fico sexual infantil y trata laboral pueden superponerse. Las vulnerabilidades que ponen a un ni\u00f1o o joven en mayor riesgo de ser objeto de trata incluyen:<\/strong><\/button><\/h3><div class=\"accordion__content\"><div class=\"accordion__inside\">\n<ul class=\"wp-block-list\">\n<li>Antecedentes de escaparse de su casa.<\/li>\n\n\n\n<li>Falta de vivienda con un cuidador inconstante o pasajero.<\/li>\n\n\n\n<li>Se identifica como LGBTQ+ (y ha sufrido el rechazo de su familia, acoso, etc.).<\/li>\n\n\n\n<li>Fue v\u00edctima anteriormente.<\/li>\n\n\n\n<li>Antecedentes de intervenci\u00f3n de los servicios de protecci\u00f3n de la infancia o de un tribunal de menores.<\/li>\n\n\n\n<li>Falta de apoyo de su comunidad local.<\/li>\n\n\n\n<li>Inestabilidad econ\u00f3mica.<\/li>\n\n\n\n<li>Falta de oportunidades educativas o socioecon\u00f3micas.<\/li>\n\n\n\n<li>Problemas de consumo de drogas o alcohol propio o de otros integrantes de la familia. <\/li>\n\n\n\n<li>Discapacidades f\u00edsicas o intelectuales.<\/li>\n\n\n\n<li>Condici\u00f3n de inmigrante.<\/li>\n\n\n\n<li>El ni\u00f1o o joven est\u00e1 al cuidado de una persona ajena a la familia; el v\u00ednculo con el adulto no es claro.<\/li>\n<\/ul>\n<\/div><\/div>\n\n\n\n<h3 class=\"accordion__label h4\"><button class=\"accordion__button button--basic\" type=\"button\"><strong><strong>Es posible que las v\u00edctimas de trata no hablen de su experiencia con un adulto, por lo que es importante reconocer las se\u00f1ales de abuso. Indicadores de alto riesgo de que un ni\u00f1o o joven pueda estar involucrado en la trata<\/strong><\/strong><\/button><\/h3><div class=\"accordion__content\"><div class=\"accordion__inside\">\n<ul class=\"wp-block-list\">\n<li>Un ni\u00f1o o joven posee dinero, un tel\u00e9fono celular u otros bienes materiales de los que no se puede explicar la procedencia.<\/li>\n\n\n\n<li>Cuenta que particip\u00f3 en un acto sexual a cambio de refugio, transporte, drogas, alcohol, dinero u otros art\u00edculos de valor.<\/li>\n\n\n\n<li>Utiliza Internet para publicar contenido sexual expl\u00edcito (por ejemplo: fotos, chats, publicidades, etc.).<\/li>\n\n\n\n<li>Est\u00e1 acompa\u00f1ado de un \u201camigo\u201d, \u201ccompa\u00f1ero\u201d o \u201cjefe\u201d excesivamente controlador.<\/li>\n<\/ul>\n<\/div><\/div>\n\n\n\n<h3 class=\"accordion__label h4\"><button class=\"accordion__button button--basic\" type=\"button\">Indicadores f\u00edsicos y emocionales como:<\/button><\/h3><div class=\"accordion__content\"><div class=\"accordion__inside\">\n<ul class=\"wp-block-list\">\n<li>Lesiones, se\u00f1ales de abuso f\u00edsico o abuso sexual.<\/li>\n\n\n\n<li>Se\u00f1ales de adicci\u00f3n a las drogas o al alcohol.<\/li>\n\n\n\n<li>Dificultad para sentarse o ponerse de pie, \u201cdolores de est\u00f3mago\u201d<\/li>\n\n\n\n<li>Enfermedades de transmisi\u00f3n sexual, en particular si el ni\u00f1o o adolescente es menor de 14 a\u00f1os.<\/li>\n\n\n\n<li>Tatuajes o cicatrices que un ni\u00f1o o adolescente duda en explicar.<\/li>\n\n\n\n<li>Aumento de la ansiedad.<\/li>\n\n\n\n<li>Comportamiento temeroso.<\/li>\n\n\n\n<li>Actitud cada vez m\u00e1s sumisa.<\/li>\n\n\n\n<li>Ideas o actos suicidas.<\/li>\n<\/ul>\n<\/div><\/div>\n<\/div>\n\n\n\n<p class=\"\"><\/p>\n<\/div>\n\n\n\n<p class=\"has-5-5-color has-text-color\">Incluso si no est\u00e1s seguro, nunca dude en denunciar situaciones sospechosas llamando al 844-264-5437. Si un ni\u00f1o o joven est\u00e1 en peligro inmediato, llame al 911. Informar acerca de las se\u00f1ales es un rol importante que todos podemos desempe\u00f1ar para detener el tr\u00e1fico de ni\u00f1os en Colorado.<\/p>\n\n\n\n<p class=\"has-5-5-color has-text-color\">Con la ayuda de los departamentos de servicios humanos de los condado, las v\u00edctimas de tr\u00e1fico sexual y de explotaci\u00f3n laboral tendr\u00e1n un mejor acceso a los servicios de tratamiento y recuperaci\u00f3n espec\u00edficamente orientados al trauma que puedan haber experimentado.<\/p>\n\n\n\n<div class=\"wp-block-buttons is-layout-flex wp-block-buttons-is-layout-flex\"><\/div>\n","protected":false},"excerpt":{"rendered":"<p>Las dos formas de trata de ni\u00f1os son la trata sexual y la explotaci\u00f3n laboral. La trata de menores es una grave violaci\u00f3n de los derechos humanos que explota a&#8230;<\/p>\n","protected":false},"author":1,"featured_media":30374,"parent":481,"menu_order":18,"comment_status":"closed","ping_status":"closed","template":"","meta":{"_aquamin_featured_video":"","_aquamin_featured_post":false,"_price":"","_stock":"","_tribe_ticket_header":"","_tribe_default_ticket_provider":"","_tribe_ticket_capacity":"0","_ticket_start_date":"","_ticket_end_date":"","_tribe_ticket_show_description":"","_tribe_ticket_show_not_going":false,"_tribe_ticket_use_global_stock":"","_tribe_ticket_global_stock_level":"","_global_stock_mode":"","_global_stock_cap":"","_tribe_rsvp_for_event":"","_tribe_ticket_going_count":"","_tribe_ticket_not_going_count":"","_tribe_tickets_list":"[]","_tribe_ticket_has_attendee_info_fields":false,"footnotes":"","_tec_slr_enabled":"","_tec_slr_layout":""},"class_list":["post-491","page","type-page","status-publish","has-post-thumbnail","hentry"],"yoast_head":"<!-- This site is optimized with the Yoast SEO Premium plugin v27.5 (Yoast SEO v27.5) - https:\/\/yoast.com\/product\/yoast-seo-premium-wordpress\/ -->\n<title>Trata de Ni\u00f1os - CO4Kids<\/title>\n<meta name=\"robots\" content=\"index, follow, max-snippet:-1, max-image-preview:large, max-video-preview:-1\" \/>\n<link rel=\"canonical\" href=\"https:\/\/co4kids.org\/es\/abuso-y-negligencia-infantil\/tipos-de-abuso\/la-trata-de-ninos\/\" \/>\n<meta property=\"og:locale\" content=\"es_ES\" \/>\n<meta property=\"og:type\" content=\"article\" \/>\n<meta property=\"og:title\" content=\"Trata de Ni\u00f1os\" \/>\n<meta property=\"og:description\" content=\"Las dos formas de trata de ni\u00f1os son la trata sexual y la explotaci\u00f3n laboral. La trata de menores es una grave violaci\u00f3n de los derechos humanos que explota a...\" \/>\n<meta property=\"og:url\" content=\"https:\/\/co4kids.org\/es\/abuso-y-negligencia-infantil\/tipos-de-abuso\/la-trata-de-ninos\/\" \/>\n<meta property=\"og:site_name\" content=\"CO4Kids\" \/>\n<meta property=\"article:modified_time\" content=\"2024-12-12T21:19:47+00:00\" \/>\n<meta property=\"og:image\" content=\"https:\/\/co4kids.org\/wp-content\/uploads\/2024\/12\/CO4Kids-child-trafficking-hero-spanish.jpg\" \/>\n\t<meta property=\"og:image:width\" content=\"1200\" \/>\n\t<meta property=\"og:image:height\" content=\"600\" \/>\n\t<meta property=\"og:image:type\" content=\"image\/jpeg\" \/>\n<meta name=\"twitter:card\" content=\"summary_large_image\" \/>\n<meta name=\"twitter:label1\" content=\"Tiempo de lectura\" \/>\n\t<meta name=\"twitter:data1\" content=\"4 minutos\" \/>\n<script type=\"application\/ld+json\" class=\"yoast-schema-graph\">{\"@context\":\"https:\\\/\\\/schema.org\",\"@graph\":[{\"@type\":\"WebPage\",\"@id\":\"https:\\\/\\\/co4kids.org\\\/es\\\/abuso-y-negligencia-infantil\\\/tipos-de-abuso\\\/la-trata-de-ninos\\\/\",\"url\":\"https:\\\/\\\/co4kids.org\\\/es\\\/abuso-y-negligencia-infantil\\\/tipos-de-abuso\\\/la-trata-de-ninos\\\/\",\"name\":\"Trata de Ni\u00f1os - CO4Kids\",\"isPartOf\":{\"@id\":\"https:\\\/\\\/co4kids.org\\\/es\\\/#website\"},\"primaryImageOfPage\":{\"@id\":\"https:\\\/\\\/co4kids.org\\\/es\\\/abuso-y-negligencia-infantil\\\/tipos-de-abuso\\\/la-trata-de-ninos\\\/#primaryimage\"},\"image\":{\"@id\":\"https:\\\/\\\/co4kids.org\\\/es\\\/abuso-y-negligencia-infantil\\\/tipos-de-abuso\\\/la-trata-de-ninos\\\/#primaryimage\"},\"thumbnailUrl\":\"https:\\\/\\\/co4kids.org\\\/wp-content\\\/uploads\\\/2024\\\/12\\\/CO4Kids-child-trafficking-hero-spanish.jpg\",\"datePublished\":\"2023-03-17T02:39:08+00:00\",\"dateModified\":\"2024-12-12T21:19:47+00:00\",\"breadcrumb\":{\"@id\":\"https:\\\/\\\/co4kids.org\\\/es\\\/abuso-y-negligencia-infantil\\\/tipos-de-abuso\\\/la-trata-de-ninos\\\/#breadcrumb\"},\"inLanguage\":\"es\",\"potentialAction\":[{\"@type\":\"ReadAction\",\"target\":[\"https:\\\/\\\/co4kids.org\\\/es\\\/abuso-y-negligencia-infantil\\\/tipos-de-abuso\\\/la-trata-de-ninos\\\/\"]}]},{\"@type\":\"ImageObject\",\"inLanguage\":\"es\",\"@id\":\"https:\\\/\\\/co4kids.org\\\/es\\\/abuso-y-negligencia-infantil\\\/tipos-de-abuso\\\/la-trata-de-ninos\\\/#primaryimage\",\"url\":\"https:\\\/\\\/co4kids.org\\\/wp-content\\\/uploads\\\/2024\\\/12\\\/CO4Kids-child-trafficking-hero-spanish.jpg\",\"contentUrl\":\"https:\\\/\\\/co4kids.org\\\/wp-content\\\/uploads\\\/2024\\\/12\\\/CO4Kids-child-trafficking-hero-spanish.jpg\",\"width\":1200,\"height\":600,\"caption\":\"Chica mirando su tel\u00e9fono celular.\"},{\"@type\":\"BreadcrumbList\",\"@id\":\"https:\\\/\\\/co4kids.org\\\/es\\\/abuso-y-negligencia-infantil\\\/tipos-de-abuso\\\/la-trata-de-ninos\\\/#breadcrumb\",\"itemListElement\":[{\"@type\":\"ListItem\",\"position\":1,\"name\":\"Home\",\"item\":\"https:\\\/\\\/co4kids.org\\\/es\\\/\"},{\"@type\":\"ListItem\",\"position\":2,\"name\":\"Abuso y descuido de menores\",\"item\":\"https:\\\/\\\/co4kids.org\\\/es\\\/abuso-y-negligencia-infantil\\\/\"},{\"@type\":\"ListItem\",\"position\":3,\"name\":\"Tipos de abuso\",\"item\":\"https:\\\/\\\/co4kids.org\\\/es\\\/abuso-y-negligencia-infantil\\\/tipos-de-abuso\\\/\"},{\"@type\":\"ListItem\",\"position\":4,\"name\":\"Trata de Ni\u00f1os\"}]},{\"@type\":\"WebSite\",\"@id\":\"https:\\\/\\\/co4kids.org\\\/es\\\/#website\",\"url\":\"https:\\\/\\\/co4kids.org\\\/es\\\/\",\"name\":\"CO4Kids\",\"description\":\"If not you, then who?\",\"potentialAction\":[{\"@type\":\"SearchAction\",\"target\":{\"@type\":\"EntryPoint\",\"urlTemplate\":\"https:\\\/\\\/co4kids.org\\\/es\\\/?s={search_term_string}\"},\"query-input\":{\"@type\":\"PropertyValueSpecification\",\"valueRequired\":true,\"valueName\":\"search_term_string\"}}],\"inLanguage\":\"es\"}]}<\/script>\n<!-- \/ Yoast SEO Premium plugin. -->","yoast_head_json":{"title":"Trata de Ni\u00f1os - CO4Kids","robots":{"index":"index","follow":"follow","max-snippet":"max-snippet:-1","max-image-preview":"max-image-preview:large","max-video-preview":"max-video-preview:-1"},"canonical":"https:\/\/co4kids.org\/es\/abuso-y-negligencia-infantil\/tipos-de-abuso\/la-trata-de-ninos\/","og_locale":"es_ES","og_type":"article","og_title":"Trata de Ni\u00f1os","og_description":"Las dos formas de trata de ni\u00f1os son la trata sexual y la explotaci\u00f3n laboral. La trata de menores es una grave violaci\u00f3n de los derechos humanos que explota a...","og_url":"https:\/\/co4kids.org\/es\/abuso-y-negligencia-infantil\/tipos-de-abuso\/la-trata-de-ninos\/","og_site_name":"CO4Kids","article_modified_time":"2024-12-12T21:19:47+00:00","og_image":[{"width":1200,"height":600,"url":"https:\/\/co4kids.org\/wp-content\/uploads\/2024\/12\/CO4Kids-child-trafficking-hero-spanish.jpg","type":"image\/jpeg"}],"twitter_card":"summary_large_image","twitter_misc":{"Tiempo de lectura":"4 minutos"},"schema":{"@context":"https:\/\/schema.org","@graph":[{"@type":"WebPage","@id":"https:\/\/co4kids.org\/es\/abuso-y-negligencia-infantil\/tipos-de-abuso\/la-trata-de-ninos\/","url":"https:\/\/co4kids.org\/es\/abuso-y-negligencia-infantil\/tipos-de-abuso\/la-trata-de-ninos\/","name":"Trata de Ni\u00f1os - CO4Kids","isPartOf":{"@id":"https:\/\/co4kids.org\/es\/#website"},"primaryImageOfPage":{"@id":"https:\/\/co4kids.org\/es\/abuso-y-negligencia-infantil\/tipos-de-abuso\/la-trata-de-ninos\/#primaryimage"},"image":{"@id":"https:\/\/co4kids.org\/es\/abuso-y-negligencia-infantil\/tipos-de-abuso\/la-trata-de-ninos\/#primaryimage"},"thumbnailUrl":"https:\/\/co4kids.org\/wp-content\/uploads\/2024\/12\/CO4Kids-child-trafficking-hero-spanish.jpg","datePublished":"2023-03-17T02:39:08+00:00","dateModified":"2024-12-12T21:19:47+00:00","breadcrumb":{"@id":"https:\/\/co4kids.org\/es\/abuso-y-negligencia-infantil\/tipos-de-abuso\/la-trata-de-ninos\/#breadcrumb"},"inLanguage":"es","potentialAction":[{"@type":"ReadAction","target":["https:\/\/co4kids.org\/es\/abuso-y-negligencia-infantil\/tipos-de-abuso\/la-trata-de-ninos\/"]}]},{"@type":"ImageObject","inLanguage":"es","@id":"https:\/\/co4kids.org\/es\/abuso-y-negligencia-infantil\/tipos-de-abuso\/la-trata-de-ninos\/#primaryimage","url":"https:\/\/co4kids.org\/wp-content\/uploads\/2024\/12\/CO4Kids-child-trafficking-hero-spanish.jpg","contentUrl":"https:\/\/co4kids.org\/wp-content\/uploads\/2024\/12\/CO4Kids-child-trafficking-hero-spanish.jpg","width":1200,"height":600,"caption":"Chica mirando su tel\u00e9fono celular."},{"@type":"BreadcrumbList","@id":"https:\/\/co4kids.org\/es\/abuso-y-negligencia-infantil\/tipos-de-abuso\/la-trata-de-ninos\/#breadcrumb","itemListElement":[{"@type":"ListItem","position":1,"name":"Home","item":"https:\/\/co4kids.org\/es\/"},{"@type":"ListItem","position":2,"name":"Abuso y descuido de menores","item":"https:\/\/co4kids.org\/es\/abuso-y-negligencia-infantil\/"},{"@type":"ListItem","position":3,"name":"Tipos de abuso","item":"https:\/\/co4kids.org\/es\/abuso-y-negligencia-infantil\/tipos-de-abuso\/"},{"@type":"ListItem","position":4,"name":"Trata de Ni\u00f1os"}]},{"@type":"WebSite","@id":"https:\/\/co4kids.org\/es\/#website","url":"https:\/\/co4kids.org\/es\/","name":"CO4Kids","description":"If not you, then who?","potentialAction":[{"@type":"SearchAction","target":{"@type":"EntryPoint","urlTemplate":"https:\/\/co4kids.org\/es\/?s={search_term_string}"},"query-input":{"@type":"PropertyValueSpecification","valueRequired":true,"valueName":"search_term_string"}}],"inLanguage":"es"}]}},"publishpress_future_workflow_manual_trigger":{"enabledWorkflows":[]},"ticketed":false,"_links":{"self":[{"href":"https:\/\/co4kids.org\/es\/wp-json\/wp\/v2\/pages\/491","targetHints":{"allow":["GET"]}}],"collection":[{"href":"https:\/\/co4kids.org\/es\/wp-json\/wp\/v2\/pages"}],"about":[{"href":"https:\/\/co4kids.org\/es\/wp-json\/wp\/v2\/types\/page"}],"author":[{"embeddable":true,"href":"https:\/\/co4kids.org\/es\/wp-json\/wp\/v2\/users\/1"}],"replies":[{"embeddable":true,"href":"https:\/\/co4kids.org\/es\/wp-json\/wp\/v2\/comments?post=491"}],"version-history":[{"count":0,"href":"https:\/\/co4kids.org\/es\/wp-json\/wp\/v2\/pages\/491\/revisions"}],"up":[{"embeddable":true,"href":"https:\/\/co4kids.org\/es\/wp-json\/wp\/v2\/pages\/481"}],"wp:featuredmedia":[{"embeddable":true,"href":"https:\/\/co4kids.org\/es\/wp-json\/wp\/v2\/media\/30374"}],"wp:attachment":[{"href":"https:\/\/co4kids.org\/es\/wp-json\/wp\/v2\/media?parent=491"}],"curies":[{"name":"wp","href":"https:\/\/api.w.org\/{rel}","templated":true}]}}