{"id":489,"date":"2023-03-16T20:39:08","date_gmt":"2023-03-17T02:39:08","guid":{"rendered":"https:\/\/co4kids.org\/abuso-y-negligencia-infantil\/tipos-de-abuso\/abuso-sexual-infantil\/"},"modified":"2024-12-12T14:21:04","modified_gmt":"2024-12-12T21:21:04","slug":"abuso-sexual-infantil","status":"publish","type":"page","link":"https:\/\/co4kids.org\/es\/abuso-y-negligencia-infantil\/tipos-de-abuso\/abuso-sexual-infantil\/","title":{"rendered":"Abuso Sexual"},"content":{"rendered":"\n<div class=\"has-arrow-mask-down ani-bottom has-arrow-mask-pad has-arrow-mask wp-block-group has-wider-padding has-sticky-radius has-0-9-background-color has-background has-arrow-mask has-arrow-mask-down ani-bottom has-arrow-mask-pad has-global-padding is-layout-constrained wp-block-group-is-layout-constrained\" style=\"border-top-left-radius:15px;border-top-right-radius:15px;margin-bottom:var(--wp--preset--spacing--20)\">\n<header class=\"wp-block-group has-global-padding is-layout-constrained wp-container-core-group-is-layout-7db9d80f wp-block-group-is-layout-constrained\" style=\"padding-right:0;padding-left:0\">\n<div class=\"wp-block-columns has-0-9-background-color has-background is-layout-flex wp-container-core-columns-is-layout-0af18515 wp-block-columns-is-layout-flex\" style=\"margin-bottom:var(--wp--preset--spacing--20)\">\n<div class=\"wp-block-column is-vertically-aligned-center is-layout-flow wp-block-column-is-layout-flow\" style=\"padding-top:var(--wp--preset--spacing--20)\"><h1 style=\"margin-bottom:var(--wp--preset--spacing--20);\" class=\"wp-block-post-title has-h-2-font-size\">Abuso Sexual<\/h1>\n\n\n<p class=\"\">El abuso sexual se produce cuando uno de los padres o un cuidador comete un acto tal como acariciar los genitales de un ni\u00f1o o joven o cuando hay penetraci\u00f3n, incesto, violaci\u00f3n, sodom\u00eda, exhibicionismo y tr\u00e1fico sexual infantil.<br><br>El abuso sexual se define como el empleo, el uso, la persuasi\u00f3n, la inducci\u00f3n, la incitaci\u00f3n o la coerci\u00f3n de cualquier ni\u00f1o o joven para participar o ayudar a cualquier persona a participar en una conducta sexualmente expl\u00edcita o simulaci\u00f3n de tal conducta, con el prop\u00f3sito de producir una representaci\u00f3n visual. Adicionalmente, el abuso sexual incluye la violaci\u00f3n, estupro, acoso sexual, tr\u00e1fico sexual infantil o incesto con ni\u00f1os.<\/p>\n<\/div>\n\n\n\n<div class=\"wp-block-column is-vertically-aligned-top is-first-md is-layout-flow wp-block-column-is-layout-flow\"><figure class=\"ani-bottom has-arrow-mask-down has-arrow-mask wp-block-post-featured-image\"><img loading=\"lazy\" decoding=\"async\" width=\"728\" height=\"600\" src=\"https:\/\/co4kids.org\/wp-content\/uploads\/2024\/12\/CO4Kids-sexual-abuse-hero-1-spanish.png\" class=\"attachment-post-thumbnail size-post-thumbnail wp-post-image\" alt=\"Chica caminando con mochila rosa.\" style=\"object-fit:cover;\" srcset=\"https:\/\/co4kids.org\/wp-content\/uploads\/2024\/12\/CO4Kids-sexual-abuse-hero-1-spanish.png 728w, https:\/\/co4kids.org\/wp-content\/uploads\/2024\/12\/CO4Kids-sexual-abuse-hero-1-spanish-450x371.png 450w\" sizes=\"auto, (max-width: 728px) 100vw, 728px\" \/><\/figure><\/div>\n<\/div>\n<\/header>\n\n\n\n<p class=\"\"><\/p>\n<\/div>\n\n\n\n<div class=\"wp-block-group has-global-padding is-layout-constrained wp-block-group-is-layout-constrained\">\n<div class=\"wp-block-columns is-layout-flex wp-container-core-columns-is-layout-1ddc3525 wp-block-columns-is-layout-flex\" style=\"margin-top:var(--wp--preset--spacing--80);margin-bottom:var(--wp--preset--spacing--80);padding-top:0;padding-right:0;padding-bottom:0;padding-left:0\">\n<div class=\"wp-block-column is-vertically-aligned-center is-layout-flow wp-block-column-is-layout-flow\">\n<figure class=\"ani-bottom has-arrow-mask-right has-arrow-mask wp-block-image size-full has-custom-border has-arrow-mask ani-bottom has-arrow-mask-right\"><img loading=\"lazy\" decoding=\"async\" width=\"1000\" height=\"662\" src=\"https:\/\/co4kids.org\/wp-content\/uploads\/2023\/06\/co4kids-neglect-2.jpg\" alt=\"Un mural exterior en un edificio muestra algunos signos de desgaste.\" class=\"wp-image-2601\" style=\"border-radius:15px\" srcset=\"https:\/\/co4kids.org\/wp-content\/uploads\/2023\/06\/co4kids-neglect-2.jpg 1000w, https:\/\/co4kids.org\/wp-content\/uploads\/2023\/06\/co4kids-neglect-2-450x298.jpg 450w, https:\/\/co4kids.org\/wp-content\/uploads\/2023\/06\/co4kids-neglect-2-768x508.jpg 768w\" sizes=\"auto, (max-width: 1000px) 100vw, 1000px\" \/><\/figure>\n<\/div>\n\n\n\n<div class=\"wp-block-column is-vertically-aligned-center is-layout-flow wp-block-column-is-layout-flow\">\n<h2 class=\"wp-block-heading has-5-5-color has-text-color has-h-3-font-size\"><strong><strong>Se\u00f1ales y Comportamientos del Ni\u00f1o o Joven<\/strong><\/strong><\/h2>\n\n\n\n<ul class=\"wp-block-list is-style-2-5-bullet has-0-9-color has-text-color\">\n<li>Se niega de forma repentina a cambiarse la ropa para su clase de educaci\u00f3n f\u00edsica.<\/li>\n\n\n\n<li>Demuestra conocimientos o conductas sexuales raros, sofisticados o at\u00edpicos.<\/li>\n\n\n\n<li>Queda embarazada o contrae una enfermedad de transmisi\u00f3n sexual, en particular si es menor de 14 a\u00f1os.<\/li>\n\n\n\n<li>Se escapa de su casa.<\/li>\n\n\n\n<li>Se\u00f1ala que uno de sus padres o cuidador adulto cometi\u00f3 abuso sexual.<\/li>\n\n\n\n<li>Se apega muy r\u00e1pido a desconocidos o adultos nuevos de su entorno.<\/li>\n\n\n\n<li>Le teme a personas, lugares o actividades particulares.<\/li>\n\n\n\n<li>Retrocede a comportamientos tempranos como orinarse en la cama o presenta trastornos del sue\u00f1o.<\/li>\n<\/ul>\n<\/div>\n<\/div>\n\n\n\n<div class=\"wp-block-columns is-layout-flex wp-container-core-columns-is-layout-2b1df2b9 wp-block-columns-is-layout-flex\" style=\"margin-top:var(--wp--preset--spacing--80);margin-bottom:var(--wp--preset--spacing--20);padding-top:0;padding-right:0;padding-bottom:0;padding-left:0\">\n<div class=\"wp-block-column is-vertically-aligned-center is-layout-flow wp-block-column-is-layout-flow\">\n<h2 class=\"wp-block-heading has-5-5-color has-text-color has-h-3-font-size\"><strong><strong>Se\u00f1ales y Comportamientos del<\/strong><\/strong> Padre, Madre o Cuidador<\/h2>\n\n\n\n<ul class=\"wp-block-list is-style-2-5-bullet has-0-9-color has-text-color\">\n<li>Sobreprotege al menor o limita rigurosamente el contacto de este con otros ni\u00f1os o j\u00f3venes, en particular si son del sexo opuesto.<\/li>\n\n\n\n<li>Tiene una conducta reservada o se a\u00edsla.<\/li>\n\n\n\n<li>Demuestra celos o un comportamiento controlador con los integrantes de su familia.<\/li>\n<\/ul>\n<\/div>\n\n\n\n<div class=\"wp-block-column is-vertically-aligned-center is-layout-flow wp-block-column-is-layout-flow\">\n<figure class=\"ani-bottom has-arrow-mask-left has-arrow-mask wp-block-image size-large has-custom-border has-arrow-mask ani-bottom has-arrow-mask-left\"><img loading=\"lazy\" decoding=\"async\" width=\"1024\" height=\"685\" src=\"https:\/\/co4kids.org\/wp-content\/uploads\/2023\/06\/Tennyson_Blog_10-2017-1024x685.jpg\" alt=\"Un dibujo en el concreto con tiza de un ni\u00f1o con su familia de cuatro integrantes.\" class=\"wp-image-3683\" style=\"border-radius:15px\" srcset=\"https:\/\/co4kids.org\/wp-content\/uploads\/2023\/06\/Tennyson_Blog_10-2017-1024x685.jpg 1024w, https:\/\/co4kids.org\/wp-content\/uploads\/2023\/06\/Tennyson_Blog_10-2017-450x301.jpg 450w, https:\/\/co4kids.org\/wp-content\/uploads\/2023\/06\/Tennyson_Blog_10-2017-768x514.jpg 768w, https:\/\/co4kids.org\/wp-content\/uploads\/2023\/06\/Tennyson_Blog_10-2017-1536x1028.jpg 1536w, https:\/\/co4kids.org\/wp-content\/uploads\/2023\/06\/Tennyson_Blog_10-2017.jpg 1920w\" sizes=\"auto, (max-width: 1024px) 100vw, 1024px\" \/><\/figure>\n<\/div>\n<\/div>\n<\/div>\n","protected":false},"excerpt":{"rendered":"<p>El abuso sexual se produce cuando uno de los padres o un cuidador comete un acto tal como acariciar los genitales de un ni\u00f1o o joven o cuando hay penetraci\u00f3n,&#8230;<\/p>\n","protected":false},"author":1,"featured_media":30376,"parent":481,"menu_order":17,"comment_status":"closed","ping_status":"closed","template":"","meta":{"_aquamin_featured_video":"","_aquamin_featured_post":false,"_price":"","_stock":"","_tribe_ticket_header":"","_tribe_default_ticket_provider":"","_tribe_ticket_capacity":"0","_ticket_start_date":"","_ticket_end_date":"","_tribe_ticket_show_description":"","_tribe_ticket_show_not_going":false,"_tribe_ticket_use_global_stock":"","_tribe_ticket_global_stock_level":"","_global_stock_mode":"","_global_stock_cap":"","_tribe_rsvp_for_event":"","_tribe_ticket_going_count":"","_tribe_ticket_not_going_count":"","_tribe_tickets_list":"[]","_tribe_ticket_has_attendee_info_fields":false,"footnotes":"","_tec_slr_enabled":"","_tec_slr_layout":""},"class_list":["post-489","page","type-page","status-publish","has-post-thumbnail","hentry"],"yoast_head":"<!-- This site is optimized with the Yoast SEO Premium plugin v27.3 (Yoast SEO v27.4) - https:\/\/yoast.com\/product\/yoast-seo-premium-wordpress\/ -->\n<title>Abuso Sexual - CO4Kids<\/title>\n<meta name=\"robots\" content=\"index, follow, max-snippet:-1, max-image-preview:large, max-video-preview:-1\" \/>\n<link rel=\"canonical\" href=\"https:\/\/co4kids.org\/es\/abuso-y-negligencia-infantil\/tipos-de-abuso\/abuso-sexual-infantil\/\" \/>\n<meta property=\"og:locale\" content=\"es_ES\" \/>\n<meta property=\"og:type\" content=\"article\" \/>\n<meta property=\"og:title\" content=\"Abuso Sexual\" \/>\n<meta property=\"og:description\" content=\"El abuso sexual se produce cuando uno de los padres o un cuidador comete un acto tal como acariciar los genitales de un ni\u00f1o o joven o cuando hay penetraci\u00f3n,...\" \/>\n<meta property=\"og:url\" content=\"https:\/\/co4kids.org\/es\/abuso-y-negligencia-infantil\/tipos-de-abuso\/abuso-sexual-infantil\/\" \/>\n<meta property=\"og:site_name\" content=\"CO4Kids\" \/>\n<meta property=\"article:modified_time\" content=\"2024-12-12T21:21:04+00:00\" \/>\n<meta property=\"og:image\" content=\"https:\/\/co4kids.org\/wp-content\/uploads\/2024\/12\/CO4Kids-sexual-abuse-hero-1-spanish.png\" \/>\n\t<meta property=\"og:image:width\" content=\"728\" \/>\n\t<meta property=\"og:image:height\" content=\"600\" \/>\n\t<meta property=\"og:image:type\" content=\"image\/png\" \/>\n<meta name=\"twitter:card\" content=\"summary_large_image\" \/>\n<meta name=\"twitter:label1\" content=\"Tiempo de lectura\" \/>\n\t<meta name=\"twitter:data1\" content=\"2 minutos\" \/>\n<script type=\"application\/ld+json\" class=\"yoast-schema-graph\">{\"@context\":\"https:\\\/\\\/schema.org\",\"@graph\":[{\"@type\":\"WebPage\",\"@id\":\"https:\\\/\\\/co4kids.org\\\/es\\\/abuso-y-negligencia-infantil\\\/tipos-de-abuso\\\/abuso-sexual-infantil\\\/\",\"url\":\"https:\\\/\\\/co4kids.org\\\/es\\\/abuso-y-negligencia-infantil\\\/tipos-de-abuso\\\/abuso-sexual-infantil\\\/\",\"name\":\"Abuso Sexual - CO4Kids\",\"isPartOf\":{\"@id\":\"https:\\\/\\\/co4kids.org\\\/es\\\/#website\"},\"primaryImageOfPage\":{\"@id\":\"https:\\\/\\\/co4kids.org\\\/es\\\/abuso-y-negligencia-infantil\\\/tipos-de-abuso\\\/abuso-sexual-infantil\\\/#primaryimage\"},\"image\":{\"@id\":\"https:\\\/\\\/co4kids.org\\\/es\\\/abuso-y-negligencia-infantil\\\/tipos-de-abuso\\\/abuso-sexual-infantil\\\/#primaryimage\"},\"thumbnailUrl\":\"https:\\\/\\\/co4kids.org\\\/wp-content\\\/uploads\\\/2024\\\/12\\\/CO4Kids-sexual-abuse-hero-1-spanish.png\",\"datePublished\":\"2023-03-17T02:39:08+00:00\",\"dateModified\":\"2024-12-12T21:21:04+00:00\",\"breadcrumb\":{\"@id\":\"https:\\\/\\\/co4kids.org\\\/es\\\/abuso-y-negligencia-infantil\\\/tipos-de-abuso\\\/abuso-sexual-infantil\\\/#breadcrumb\"},\"inLanguage\":\"es\",\"potentialAction\":[{\"@type\":\"ReadAction\",\"target\":[\"https:\\\/\\\/co4kids.org\\\/es\\\/abuso-y-negligencia-infantil\\\/tipos-de-abuso\\\/abuso-sexual-infantil\\\/\"]}]},{\"@type\":\"ImageObject\",\"inLanguage\":\"es\",\"@id\":\"https:\\\/\\\/co4kids.org\\\/es\\\/abuso-y-negligencia-infantil\\\/tipos-de-abuso\\\/abuso-sexual-infantil\\\/#primaryimage\",\"url\":\"https:\\\/\\\/co4kids.org\\\/wp-content\\\/uploads\\\/2024\\\/12\\\/CO4Kids-sexual-abuse-hero-1-spanish.png\",\"contentUrl\":\"https:\\\/\\\/co4kids.org\\\/wp-content\\\/uploads\\\/2024\\\/12\\\/CO4Kids-sexual-abuse-hero-1-spanish.png\",\"width\":728,\"height\":600,\"caption\":\"Chica caminando con mochila rosa.\"},{\"@type\":\"BreadcrumbList\",\"@id\":\"https:\\\/\\\/co4kids.org\\\/es\\\/abuso-y-negligencia-infantil\\\/tipos-de-abuso\\\/abuso-sexual-infantil\\\/#breadcrumb\",\"itemListElement\":[{\"@type\":\"ListItem\",\"position\":1,\"name\":\"Home\",\"item\":\"https:\\\/\\\/co4kids.org\\\/es\\\/\"},{\"@type\":\"ListItem\",\"position\":2,\"name\":\"Abuso y descuido de menores\",\"item\":\"https:\\\/\\\/co4kids.org\\\/es\\\/abuso-y-negligencia-infantil\\\/\"},{\"@type\":\"ListItem\",\"position\":3,\"name\":\"Tipos de abuso\",\"item\":\"https:\\\/\\\/co4kids.org\\\/es\\\/abuso-y-negligencia-infantil\\\/tipos-de-abuso\\\/\"},{\"@type\":\"ListItem\",\"position\":4,\"name\":\"Abuso Sexual\"}]},{\"@type\":\"WebSite\",\"@id\":\"https:\\\/\\\/co4kids.org\\\/es\\\/#website\",\"url\":\"https:\\\/\\\/co4kids.org\\\/es\\\/\",\"name\":\"CO4Kids\",\"description\":\"If not you, then who?\",\"potentialAction\":[{\"@type\":\"SearchAction\",\"target\":{\"@type\":\"EntryPoint\",\"urlTemplate\":\"https:\\\/\\\/co4kids.org\\\/es\\\/?s={search_term_string}\"},\"query-input\":{\"@type\":\"PropertyValueSpecification\",\"valueRequired\":true,\"valueName\":\"search_term_string\"}}],\"inLanguage\":\"es\"}]}<\/script>\n<!-- \/ Yoast SEO Premium plugin. -->","yoast_head_json":{"title":"Abuso Sexual - CO4Kids","robots":{"index":"index","follow":"follow","max-snippet":"max-snippet:-1","max-image-preview":"max-image-preview:large","max-video-preview":"max-video-preview:-1"},"canonical":"https:\/\/co4kids.org\/es\/abuso-y-negligencia-infantil\/tipos-de-abuso\/abuso-sexual-infantil\/","og_locale":"es_ES","og_type":"article","og_title":"Abuso Sexual","og_description":"El abuso sexual se produce cuando uno de los padres o un cuidador comete un acto tal como acariciar los genitales de un ni\u00f1o o joven o cuando hay penetraci\u00f3n,...","og_url":"https:\/\/co4kids.org\/es\/abuso-y-negligencia-infantil\/tipos-de-abuso\/abuso-sexual-infantil\/","og_site_name":"CO4Kids","article_modified_time":"2024-12-12T21:21:04+00:00","og_image":[{"width":728,"height":600,"url":"https:\/\/co4kids.org\/wp-content\/uploads\/2024\/12\/CO4Kids-sexual-abuse-hero-1-spanish.png","type":"image\/png"}],"twitter_card":"summary_large_image","twitter_misc":{"Tiempo de lectura":"2 minutos"},"schema":{"@context":"https:\/\/schema.org","@graph":[{"@type":"WebPage","@id":"https:\/\/co4kids.org\/es\/abuso-y-negligencia-infantil\/tipos-de-abuso\/abuso-sexual-infantil\/","url":"https:\/\/co4kids.org\/es\/abuso-y-negligencia-infantil\/tipos-de-abuso\/abuso-sexual-infantil\/","name":"Abuso Sexual - CO4Kids","isPartOf":{"@id":"https:\/\/co4kids.org\/es\/#website"},"primaryImageOfPage":{"@id":"https:\/\/co4kids.org\/es\/abuso-y-negligencia-infantil\/tipos-de-abuso\/abuso-sexual-infantil\/#primaryimage"},"image":{"@id":"https:\/\/co4kids.org\/es\/abuso-y-negligencia-infantil\/tipos-de-abuso\/abuso-sexual-infantil\/#primaryimage"},"thumbnailUrl":"https:\/\/co4kids.org\/wp-content\/uploads\/2024\/12\/CO4Kids-sexual-abuse-hero-1-spanish.png","datePublished":"2023-03-17T02:39:08+00:00","dateModified":"2024-12-12T21:21:04+00:00","breadcrumb":{"@id":"https:\/\/co4kids.org\/es\/abuso-y-negligencia-infantil\/tipos-de-abuso\/abuso-sexual-infantil\/#breadcrumb"},"inLanguage":"es","potentialAction":[{"@type":"ReadAction","target":["https:\/\/co4kids.org\/es\/abuso-y-negligencia-infantil\/tipos-de-abuso\/abuso-sexual-infantil\/"]}]},{"@type":"ImageObject","inLanguage":"es","@id":"https:\/\/co4kids.org\/es\/abuso-y-negligencia-infantil\/tipos-de-abuso\/abuso-sexual-infantil\/#primaryimage","url":"https:\/\/co4kids.org\/wp-content\/uploads\/2024\/12\/CO4Kids-sexual-abuse-hero-1-spanish.png","contentUrl":"https:\/\/co4kids.org\/wp-content\/uploads\/2024\/12\/CO4Kids-sexual-abuse-hero-1-spanish.png","width":728,"height":600,"caption":"Chica caminando con mochila rosa."},{"@type":"BreadcrumbList","@id":"https:\/\/co4kids.org\/es\/abuso-y-negligencia-infantil\/tipos-de-abuso\/abuso-sexual-infantil\/#breadcrumb","itemListElement":[{"@type":"ListItem","position":1,"name":"Home","item":"https:\/\/co4kids.org\/es\/"},{"@type":"ListItem","position":2,"name":"Abuso y descuido de menores","item":"https:\/\/co4kids.org\/es\/abuso-y-negligencia-infantil\/"},{"@type":"ListItem","position":3,"name":"Tipos de abuso","item":"https:\/\/co4kids.org\/es\/abuso-y-negligencia-infantil\/tipos-de-abuso\/"},{"@type":"ListItem","position":4,"name":"Abuso Sexual"}]},{"@type":"WebSite","@id":"https:\/\/co4kids.org\/es\/#website","url":"https:\/\/co4kids.org\/es\/","name":"CO4Kids","description":"If not you, then who?","potentialAction":[{"@type":"SearchAction","target":{"@type":"EntryPoint","urlTemplate":"https:\/\/co4kids.org\/es\/?s={search_term_string}"},"query-input":{"@type":"PropertyValueSpecification","valueRequired":true,"valueName":"search_term_string"}}],"inLanguage":"es"}]}},"publishpress_future_workflow_manual_trigger":{"enabledWorkflows":[]},"ticketed":false,"_links":{"self":[{"href":"https:\/\/co4kids.org\/es\/wp-json\/wp\/v2\/pages\/489","targetHints":{"allow":["GET"]}}],"collection":[{"href":"https:\/\/co4kids.org\/es\/wp-json\/wp\/v2\/pages"}],"about":[{"href":"https:\/\/co4kids.org\/es\/wp-json\/wp\/v2\/types\/page"}],"author":[{"embeddable":true,"href":"https:\/\/co4kids.org\/es\/wp-json\/wp\/v2\/users\/1"}],"replies":[{"embeddable":true,"href":"https:\/\/co4kids.org\/es\/wp-json\/wp\/v2\/comments?post=489"}],"version-history":[{"count":0,"href":"https:\/\/co4kids.org\/es\/wp-json\/wp\/v2\/pages\/489\/revisions"}],"up":[{"embeddable":true,"href":"https:\/\/co4kids.org\/es\/wp-json\/wp\/v2\/pages\/481"}],"wp:featuredmedia":[{"embeddable":true,"href":"https:\/\/co4kids.org\/es\/wp-json\/wp\/v2\/media\/30376"}],"wp:attachment":[{"href":"https:\/\/co4kids.org\/es\/wp-json\/wp\/v2\/media?parent=489"}],"curies":[{"name":"wp","href":"https:\/\/api.w.org\/{rel}","templated":true}]}}