{"id":487,"date":"2023-03-16T20:39:08","date_gmt":"2023-03-17T02:39:08","guid":{"rendered":"https:\/\/co4kids.org\/abuso-y-negligencia-infantil\/tipos-de-abuso\/abuso-fisico\/"},"modified":"2024-12-13T11:02:40","modified_gmt":"2024-12-13T18:02:40","slug":"abuso-fisico","status":"publish","type":"page","link":"https:\/\/co4kids.org\/es\/abuso-y-negligencia-infantil\/tipos-de-abuso\/abuso-fisico\/","title":{"rendered":"Abuso F\u00edsico"},"content":{"rendered":"\n<div class=\"has-arrow-mask-down ani-bottom has-arrow-mask-pad has-arrow-mask wp-block-group has-wider-padding has-sticky-radius has-0-9-background-color has-background has-arrow-mask has-arrow-mask-down ani-bottom has-arrow-mask-pad has-global-padding is-layout-constrained wp-block-group-is-layout-constrained\" style=\"border-top-left-radius:15px;border-top-right-radius:15px;margin-bottom:var(--wp--preset--spacing--20)\">\n<header class=\"wp-block-group has-global-padding is-layout-constrained wp-container-core-group-is-layout-7db9d80f wp-block-group-is-layout-constrained\" style=\"padding-right:0;padding-left:0\">\n<div class=\" wp-block-columns has-0-9-background-color has-background is-layout-flex wp-container-core-columns-is-layout-0af18515 wp-block-columns-is-layout-flex\" style=\"margin-bottom:var(--wp--preset--spacing--20)\">\n<div class=\"wp-block-column is-vertically-aligned-center is-layout-flow wp-block-column-is-layout-flow\" style=\"padding-top:var(--wp--preset--spacing--20)\"><h1 style=\"margin-bottom:var(--wp--preset--spacing--20);\" class=\"wp-block-post-title has-h-2-font-size\">Abuso F\u00edsico<\/h1>\n\n\n<p class=\"\">El abuso f\u00edsico es cualquier lesi\u00f3n f\u00edsica no accidental (desde hematomas leves hasta fracturas graves o la muerte) derivada del hecho de dar un pu\u00f1etazo, apalear, patear, morder, sacudir, lanzar, apu\u00f1alar, estrangular, golpear (con la mano, un palo, una correa u otro objeto), quemar o lastimar de alg\u00fan otro modo a un menor, causados por el padre, la madre, un cuidador u otra persona responsable de dicho menor. <\/p>\n\n\n\n<p class=\"\">Dicha lesi\u00f3n se considera abuso, independientemente de si el cuidador ten\u00eda intenci\u00f3n de lastimar al menor o no. La disciplina f\u00edsica, como las nalgadas o los azotes, no se considera abuso siempre y cuando sea moderada y no le cause ning\u00fan da\u00f1o corporal al menor.<\/p>\n<\/div>\n\n\n\n<div class=\"wp-block-column is-vertically-aligned-top is-first-md is-layout-flow wp-block-column-is-layout-flow\"><figure class=\"ani-bottom has-arrow-mask-down has-arrow-mask wp-block-post-featured-image\"><img loading=\"lazy\" decoding=\"async\" width=\"621\" height=\"600\" src=\"https:\/\/co4kids.org\/wp-content\/uploads\/2024\/12\/CO4Kids-physical-abuse-hero-1-spanish.png\" class=\"attachment-post-thumbnail size-post-thumbnail wp-post-image\" alt=\"Un ni\u00f1o dibujando en un cuaderno en una mesa con varios l\u00e1pices de colores.\" style=\"object-fit:cover;\" srcset=\"https:\/\/co4kids.org\/wp-content\/uploads\/2024\/12\/CO4Kids-physical-abuse-hero-1-spanish.png 621w, https:\/\/co4kids.org\/wp-content\/uploads\/2024\/12\/CO4Kids-physical-abuse-hero-1-spanish-450x435.png 450w\" sizes=\"auto, (max-width: 621px) 100vw, 621px\" \/><\/figure><\/div>\n<\/div>\n\n\n\n<p class=\"\"><\/p>\n<\/header>\n<\/div>\n\n<div class=\"wp-block-group has-global-padding is-layout-constrained wp-block-group-is-layout-constrained\">\n<div class=\"wp-block-columns is-layout-flex wp-container-core-columns-is-layout-1ddc3525 wp-block-columns-is-layout-flex\" style=\"margin-top:var(--wp--preset--spacing--80);margin-bottom:var(--wp--preset--spacing--80);padding-top:0;padding-right:0;padding-bottom:0;padding-left:0\">\n<div class=\"wp-block-column is-vertically-aligned-center is-layout-flow wp-block-column-is-layout-flow\">\n<figure class=\"ani-bottom has-arrow-mask-right has-arrow-mask wp-block-image size-large has-custom-border has-arrow-mask ani-bottom has-arrow-mask-right\"><img loading=\"lazy\" decoding=\"async\" width=\"1024\" height=\"576\" src=\"https:\/\/co4kids.org\/wp-content\/uploads\/2023\/04\/Info-Sessions-2-1024x576.jpg\" alt=\"Tiza para aceras\" class=\"wp-image-1669\" style=\"border-radius:15px\" srcset=\"https:\/\/co4kids.org\/wp-content\/uploads\/2023\/04\/Info-Sessions-2-1024x576.jpg 1024w, https:\/\/co4kids.org\/wp-content\/uploads\/2023\/04\/Info-Sessions-2-450x253.jpg 450w, https:\/\/co4kids.org\/wp-content\/uploads\/2023\/04\/Info-Sessions-2-768x432.jpg 768w, https:\/\/co4kids.org\/wp-content\/uploads\/2023\/04\/Info-Sessions-2.jpg 1328w\" sizes=\"auto, (max-width: 1024px) 100vw, 1024px\" \/><\/figure>\n<\/div>\n\n\n\n<div class=\"wp-block-column is-vertically-aligned-center is-layout-flow wp-block-column-is-layout-flow\">\n<h2 class=\" wp-block-heading has-5-5-color has-text-color has-h-3-font-size\"><strong><strong>Se\u00f1ales y Comportamientos del Ni\u00f1o o Joven<\/strong><\/strong><\/h2>\n\n\n\n<ul class=\"is-style-2-5-bullet has-0-9-color has-text-color wp-block-list\">\n<li>Presenta quemaduras, mordeduras, hematomas, huesos rotos u ojos morados sin explicaci\u00f3n.<\/li>\n\n\n\n<li>Presenta hematomas descoloridos u otras marcas notables despu\u00e9s de ausentarse por un tiempo de la escuela.<\/li>\n\n\n\n<li>Parece tenerles miedo a los padres y protesta o llora cuando llega el momento de volver a su casa.<\/li>\n\n\n\n<li>Se\u00f1ala que tiene una lesi\u00f3n causada por sus padres u otro cuidador adulto.<\/li>\n\n\n\n<li>Maltrata a animales o mascotas.<\/li>\n<\/ul>\n<\/div>\n<\/div>\n\n\n\n<div class=\"wp-block-columns is-layout-flex wp-container-core-columns-is-layout-2b1df2b9 wp-block-columns-is-layout-flex\" style=\"margin-top:var(--wp--preset--spacing--80);margin-bottom:var(--wp--preset--spacing--20);padding-top:0;padding-right:0;padding-bottom:0;padding-left:0\">\n<div class=\"wp-block-column is-vertically-aligned-center is-layout-flow wp-block-column-is-layout-flow\">\n<h2 class=\" wp-block-heading has-5-5-color has-text-color has-h-3-font-size\"><strong><strong>Se\u00f1ales y Comportamientos<\/strong><\/strong> del Padre, Madre o Cuidador<\/h2>\n\n\n\n<ul class=\"is-style-2-5-bullet has-0-9-color has-text-color wp-block-list\">\n<li>Da una explicaci\u00f3n contradictoria o poco convincente de la lesi\u00f3n del menor, no da ninguna explicaci\u00f3n o da una explicaci\u00f3n que no es consecuente con la lesi\u00f3n.<\/li>\n\n\n\n<li>Dice que el menor es malvado o usa alg\u00fan otro t\u00e9rmino muy negativo para referirse a \u00e9l.<\/li>\n\n\n\n<li>Toma medidas de disciplina f\u00edsica muy bruscas con el menor.<\/li>\n\n\n\n<li>Tiene antecedentes de haber sido abusado en la infancia.<\/li>\n\n\n\n<li>Tiene antecedentes de haber maltratado animales o mascotas.<\/li>\n<\/ul>\n<\/div>\n\n\n\n<div class=\"wp-block-column is-vertically-aligned-center is-layout-flow wp-block-column-is-layout-flow\">\n<figure class=\"ani-bottom has-arrow-mask-left has-arrow-mask wp-block-image size-large has-custom-border has-arrow-mask ani-bottom has-arrow-mask-left\"><img loading=\"lazy\" decoding=\"async\" width=\"1024\" height=\"576\" src=\"https:\/\/co4kids.org\/wp-content\/uploads\/2023\/03\/default-image-1024x576.jpg\" alt=\"Dibujo de tiza de ni&#xF1;o\" class=\"wp-image-261\" style=\"border-radius:15px\" srcset=\"https:\/\/co4kids.org\/wp-content\/uploads\/2023\/03\/default-image-1024x576.jpg 1024w, https:\/\/co4kids.org\/wp-content\/uploads\/2023\/03\/default-image-450x253.jpg 450w, https:\/\/co4kids.org\/wp-content\/uploads\/2023\/03\/default-image-768x432.jpg 768w, https:\/\/co4kids.org\/wp-content\/uploads\/2023\/03\/default-image-1536x864.jpg 1536w, https:\/\/co4kids.org\/wp-content\/uploads\/2023\/03\/default-image.jpg 1920w\" sizes=\"auto, (max-width: 1024px) 100vw, 1024px\" \/><\/figure>\n<\/div>\n<\/div>\n<\/div>\n","protected":false},"excerpt":{"rendered":"<p>El abuso f\u00edsico es cualquier lesi\u00f3n f\u00edsica no accidental (desde hematomas leves hasta fracturas graves o la muerte) derivada del hecho de dar un pu\u00f1etazo, apalear, patear, morder, sacudir, lanzar,&#8230;<\/p>\n","protected":false},"author":1,"featured_media":30379,"parent":481,"menu_order":16,"comment_status":"closed","ping_status":"closed","template":"","meta":{"_aquamin_featured_video":"","_aquamin_featured_post":false,"_price":"","_stock":"","_tribe_ticket_header":"","_tribe_default_ticket_provider":"","_tribe_ticket_capacity":"0","_ticket_start_date":"","_ticket_end_date":"","_tribe_ticket_show_description":"","_tribe_ticket_show_not_going":false,"_tribe_ticket_use_global_stock":"","_tribe_ticket_global_stock_level":"","_global_stock_mode":"","_global_stock_cap":"","_tribe_rsvp_for_event":"","_tribe_ticket_going_count":"","_tribe_ticket_not_going_count":"","_tribe_tickets_list":"[]","_tribe_ticket_has_attendee_info_fields":false,"footnotes":"","_tec_slr_enabled":"","_tec_slr_layout":""},"class_list":["post-487","page","type-page","status-publish","has-post-thumbnail","hentry"],"yoast_head":"<!-- This site is optimized with the Yoast SEO Premium plugin v27.3 (Yoast SEO v27.3) - https:\/\/yoast.com\/product\/yoast-seo-premium-wordpress\/ -->\n<title>Abuso F\u00edsico - CO4Kids<\/title>\n<meta name=\"robots\" content=\"index, follow, max-snippet:-1, max-image-preview:large, max-video-preview:-1\" \/>\n<link rel=\"canonical\" href=\"https:\/\/co4kids.org\/es\/abuso-y-negligencia-infantil\/tipos-de-abuso\/abuso-fisico\/\" \/>\n<meta property=\"og:locale\" content=\"es_ES\" \/>\n<meta property=\"og:type\" content=\"article\" \/>\n<meta property=\"og:title\" content=\"Abuso F\u00edsico\" \/>\n<meta property=\"og:description\" content=\"El abuso f\u00edsico es cualquier lesi\u00f3n f\u00edsica no accidental (desde hematomas leves hasta fracturas graves o la muerte) derivada del hecho de dar un pu\u00f1etazo, apalear, patear, morder, sacudir, lanzar,...\" \/>\n<meta property=\"og:url\" content=\"https:\/\/co4kids.org\/es\/abuso-y-negligencia-infantil\/tipos-de-abuso\/abuso-fisico\/\" \/>\n<meta property=\"og:site_name\" content=\"CO4Kids\" \/>\n<meta property=\"article:modified_time\" content=\"2024-12-13T18:02:40+00:00\" \/>\n<meta property=\"og:image\" content=\"https:\/\/co4kids.org\/wp-content\/uploads\/2024\/12\/CO4Kids-physical-abuse-hero-1-spanish.png\" \/>\n\t<meta property=\"og:image:width\" content=\"621\" \/>\n\t<meta property=\"og:image:height\" content=\"600\" \/>\n\t<meta property=\"og:image:type\" content=\"image\/png\" \/>\n<meta name=\"twitter:card\" content=\"summary_large_image\" \/>\n<meta name=\"twitter:label1\" content=\"Tiempo de lectura\" \/>\n\t<meta name=\"twitter:data1\" content=\"2 minutos\" \/>\n<script type=\"application\/ld+json\" class=\"yoast-schema-graph\">{\"@context\":\"https:\\\/\\\/schema.org\",\"@graph\":[{\"@type\":\"WebPage\",\"@id\":\"https:\\\/\\\/co4kids.org\\\/es\\\/abuso-y-negligencia-infantil\\\/tipos-de-abuso\\\/abuso-fisico\\\/\",\"url\":\"https:\\\/\\\/co4kids.org\\\/es\\\/abuso-y-negligencia-infantil\\\/tipos-de-abuso\\\/abuso-fisico\\\/\",\"name\":\"Abuso F\u00edsico - CO4Kids\",\"isPartOf\":{\"@id\":\"https:\\\/\\\/co4kids.org\\\/es\\\/#website\"},\"primaryImageOfPage\":{\"@id\":\"https:\\\/\\\/co4kids.org\\\/es\\\/abuso-y-negligencia-infantil\\\/tipos-de-abuso\\\/abuso-fisico\\\/#primaryimage\"},\"image\":{\"@id\":\"https:\\\/\\\/co4kids.org\\\/es\\\/abuso-y-negligencia-infantil\\\/tipos-de-abuso\\\/abuso-fisico\\\/#primaryimage\"},\"thumbnailUrl\":\"https:\\\/\\\/co4kids.org\\\/wp-content\\\/uploads\\\/2024\\\/12\\\/CO4Kids-physical-abuse-hero-1-spanish.png\",\"datePublished\":\"2023-03-17T02:39:08+00:00\",\"dateModified\":\"2024-12-13T18:02:40+00:00\",\"breadcrumb\":{\"@id\":\"https:\\\/\\\/co4kids.org\\\/es\\\/abuso-y-negligencia-infantil\\\/tipos-de-abuso\\\/abuso-fisico\\\/#breadcrumb\"},\"inLanguage\":\"es\",\"potentialAction\":[{\"@type\":\"ReadAction\",\"target\":[\"https:\\\/\\\/co4kids.org\\\/es\\\/abuso-y-negligencia-infantil\\\/tipos-de-abuso\\\/abuso-fisico\\\/\"]}]},{\"@type\":\"ImageObject\",\"inLanguage\":\"es\",\"@id\":\"https:\\\/\\\/co4kids.org\\\/es\\\/abuso-y-negligencia-infantil\\\/tipos-de-abuso\\\/abuso-fisico\\\/#primaryimage\",\"url\":\"https:\\\/\\\/co4kids.org\\\/wp-content\\\/uploads\\\/2024\\\/12\\\/CO4Kids-physical-abuse-hero-1-spanish.png\",\"contentUrl\":\"https:\\\/\\\/co4kids.org\\\/wp-content\\\/uploads\\\/2024\\\/12\\\/CO4Kids-physical-abuse-hero-1-spanish.png\",\"width\":621,\"height\":600,\"caption\":\"Un ni\u00f1o dibujando en un cuaderno en una mesa con varios l\u00e1pices de colores.\"},{\"@type\":\"BreadcrumbList\",\"@id\":\"https:\\\/\\\/co4kids.org\\\/es\\\/abuso-y-negligencia-infantil\\\/tipos-de-abuso\\\/abuso-fisico\\\/#breadcrumb\",\"itemListElement\":[{\"@type\":\"ListItem\",\"position\":1,\"name\":\"Home\",\"item\":\"https:\\\/\\\/co4kids.org\\\/es\\\/\"},{\"@type\":\"ListItem\",\"position\":2,\"name\":\"Abuso y descuido de menores\",\"item\":\"https:\\\/\\\/co4kids.org\\\/es\\\/abuso-y-negligencia-infantil\\\/\"},{\"@type\":\"ListItem\",\"position\":3,\"name\":\"Tipos de abuso\",\"item\":\"https:\\\/\\\/co4kids.org\\\/es\\\/abuso-y-negligencia-infantil\\\/tipos-de-abuso\\\/\"},{\"@type\":\"ListItem\",\"position\":4,\"name\":\"Abuso F\u00edsico\"}]},{\"@type\":\"WebSite\",\"@id\":\"https:\\\/\\\/co4kids.org\\\/es\\\/#website\",\"url\":\"https:\\\/\\\/co4kids.org\\\/es\\\/\",\"name\":\"CO4Kids\",\"description\":\"If not you, then who?\",\"potentialAction\":[{\"@type\":\"SearchAction\",\"target\":{\"@type\":\"EntryPoint\",\"urlTemplate\":\"https:\\\/\\\/co4kids.org\\\/es\\\/?s={search_term_string}\"},\"query-input\":{\"@type\":\"PropertyValueSpecification\",\"valueRequired\":true,\"valueName\":\"search_term_string\"}}],\"inLanguage\":\"es\"}]}<\/script>\n<!-- \/ Yoast SEO Premium plugin. -->","yoast_head_json":{"title":"Abuso F\u00edsico - CO4Kids","robots":{"index":"index","follow":"follow","max-snippet":"max-snippet:-1","max-image-preview":"max-image-preview:large","max-video-preview":"max-video-preview:-1"},"canonical":"https:\/\/co4kids.org\/es\/abuso-y-negligencia-infantil\/tipos-de-abuso\/abuso-fisico\/","og_locale":"es_ES","og_type":"article","og_title":"Abuso F\u00edsico","og_description":"El abuso f\u00edsico es cualquier lesi\u00f3n f\u00edsica no accidental (desde hematomas leves hasta fracturas graves o la muerte) derivada del hecho de dar un pu\u00f1etazo, apalear, patear, morder, sacudir, lanzar,...","og_url":"https:\/\/co4kids.org\/es\/abuso-y-negligencia-infantil\/tipos-de-abuso\/abuso-fisico\/","og_site_name":"CO4Kids","article_modified_time":"2024-12-13T18:02:40+00:00","og_image":[{"width":621,"height":600,"url":"https:\/\/co4kids.org\/wp-content\/uploads\/2024\/12\/CO4Kids-physical-abuse-hero-1-spanish.png","type":"image\/png"}],"twitter_card":"summary_large_image","twitter_misc":{"Tiempo de lectura":"2 minutos"},"schema":{"@context":"https:\/\/schema.org","@graph":[{"@type":"WebPage","@id":"https:\/\/co4kids.org\/es\/abuso-y-negligencia-infantil\/tipos-de-abuso\/abuso-fisico\/","url":"https:\/\/co4kids.org\/es\/abuso-y-negligencia-infantil\/tipos-de-abuso\/abuso-fisico\/","name":"Abuso F\u00edsico - CO4Kids","isPartOf":{"@id":"https:\/\/co4kids.org\/es\/#website"},"primaryImageOfPage":{"@id":"https:\/\/co4kids.org\/es\/abuso-y-negligencia-infantil\/tipos-de-abuso\/abuso-fisico\/#primaryimage"},"image":{"@id":"https:\/\/co4kids.org\/es\/abuso-y-negligencia-infantil\/tipos-de-abuso\/abuso-fisico\/#primaryimage"},"thumbnailUrl":"https:\/\/co4kids.org\/wp-content\/uploads\/2024\/12\/CO4Kids-physical-abuse-hero-1-spanish.png","datePublished":"2023-03-17T02:39:08+00:00","dateModified":"2024-12-13T18:02:40+00:00","breadcrumb":{"@id":"https:\/\/co4kids.org\/es\/abuso-y-negligencia-infantil\/tipos-de-abuso\/abuso-fisico\/#breadcrumb"},"inLanguage":"es","potentialAction":[{"@type":"ReadAction","target":["https:\/\/co4kids.org\/es\/abuso-y-negligencia-infantil\/tipos-de-abuso\/abuso-fisico\/"]}]},{"@type":"ImageObject","inLanguage":"es","@id":"https:\/\/co4kids.org\/es\/abuso-y-negligencia-infantil\/tipos-de-abuso\/abuso-fisico\/#primaryimage","url":"https:\/\/co4kids.org\/wp-content\/uploads\/2024\/12\/CO4Kids-physical-abuse-hero-1-spanish.png","contentUrl":"https:\/\/co4kids.org\/wp-content\/uploads\/2024\/12\/CO4Kids-physical-abuse-hero-1-spanish.png","width":621,"height":600,"caption":"Un ni\u00f1o dibujando en un cuaderno en una mesa con varios l\u00e1pices de colores."},{"@type":"BreadcrumbList","@id":"https:\/\/co4kids.org\/es\/abuso-y-negligencia-infantil\/tipos-de-abuso\/abuso-fisico\/#breadcrumb","itemListElement":[{"@type":"ListItem","position":1,"name":"Home","item":"https:\/\/co4kids.org\/es\/"},{"@type":"ListItem","position":2,"name":"Abuso y descuido de menores","item":"https:\/\/co4kids.org\/es\/abuso-y-negligencia-infantil\/"},{"@type":"ListItem","position":3,"name":"Tipos de abuso","item":"https:\/\/co4kids.org\/es\/abuso-y-negligencia-infantil\/tipos-de-abuso\/"},{"@type":"ListItem","position":4,"name":"Abuso F\u00edsico"}]},{"@type":"WebSite","@id":"https:\/\/co4kids.org\/es\/#website","url":"https:\/\/co4kids.org\/es\/","name":"CO4Kids","description":"If not you, then who?","potentialAction":[{"@type":"SearchAction","target":{"@type":"EntryPoint","urlTemplate":"https:\/\/co4kids.org\/es\/?s={search_term_string}"},"query-input":{"@type":"PropertyValueSpecification","valueRequired":true,"valueName":"search_term_string"}}],"inLanguage":"es"}]}},"publishpress_future_workflow_manual_trigger":{"enabledWorkflows":[]},"ticketed":false,"_links":{"self":[{"href":"https:\/\/co4kids.org\/es\/wp-json\/wp\/v2\/pages\/487","targetHints":{"allow":["GET"]}}],"collection":[{"href":"https:\/\/co4kids.org\/es\/wp-json\/wp\/v2\/pages"}],"about":[{"href":"https:\/\/co4kids.org\/es\/wp-json\/wp\/v2\/types\/page"}],"author":[{"embeddable":true,"href":"https:\/\/co4kids.org\/es\/wp-json\/wp\/v2\/users\/1"}],"replies":[{"embeddable":true,"href":"https:\/\/co4kids.org\/es\/wp-json\/wp\/v2\/comments?post=487"}],"version-history":[{"count":0,"href":"https:\/\/co4kids.org\/es\/wp-json\/wp\/v2\/pages\/487\/revisions"}],"up":[{"embeddable":true,"href":"https:\/\/co4kids.org\/es\/wp-json\/wp\/v2\/pages\/481"}],"wp:featuredmedia":[{"embeddable":true,"href":"https:\/\/co4kids.org\/es\/wp-json\/wp\/v2\/media\/30379"}],"wp:attachment":[{"href":"https:\/\/co4kids.org\/es\/wp-json\/wp\/v2\/media?parent=487"}],"curies":[{"name":"wp","href":"https:\/\/api.w.org\/{rel}","templated":true}]}}