{"id":485,"date":"2023-03-16T20:39:08","date_gmt":"2023-03-17T02:39:08","guid":{"rendered":"https:\/\/co4kids.org\/abuso-y-negligencia-infantil\/tipos-de-abuso\/descuido\/"},"modified":"2025-01-13T15:45:36","modified_gmt":"2025-01-13T22:45:36","slug":"descuido","status":"publish","type":"page","link":"https:\/\/co4kids.org\/es\/abuso-y-negligencia-infantil\/tipos-de-abuso\/descuido\/","title":{"rendered":"Descuido"},"content":{"rendered":"\n<div class=\"has-arrow-mask-down ani-bottom has-arrow-mask-pad has-arrow-mask wp-block-group has-wider-padding has-sticky-radius has-0-9-background-color has-background has-arrow-mask has-arrow-mask-down ani-bottom has-arrow-mask-pad has-global-padding is-layout-constrained wp-block-group-is-layout-constrained\" style=\"border-top-left-radius:15px;border-top-right-radius:15px;margin-bottom:var(--wp--preset--spacing--20)\">\n<header class=\"wp-block-group has-global-padding is-layout-constrained wp-container-core-group-is-layout-7db9d80f wp-block-group-is-layout-constrained\" style=\"padding-right:0;padding-left:0\">\n<div class=\"wp-block-columns has-0-9-background-color has-background is-layout-flex wp-container-core-columns-is-layout-0af18515 wp-block-columns-is-layout-flex\" style=\"margin-bottom:var(--wp--preset--spacing--20)\">\n<div class=\"wp-block-column is-vertically-aligned-center is-layout-flow wp-block-column-is-layout-flow\" style=\"padding-top:var(--wp--preset--spacing--20)\"><h1 style=\"margin-bottom:var(--wp--preset--spacing--20);\" class=\"wp-block-post-title has-h-2-font-size\">Descuido<\/h1>\n\n\n<p class=\"\">El descuido se produce cuando uno de los padres, el tutor u otro cuidador no satisface las necesidades b\u00e1sicas del ni\u00f1o o joven. El descuido se puede presentar de muchas formas: f\u00edsica, m\u00e9dica, educativa y emocional.<\/p>\n<\/div>\n\n\n\n<div class=\"wp-block-column is-vertically-aligned-top is-first-md is-layout-flow wp-block-column-is-layout-flow\"><figure class=\"ani-bottom has-arrow-mask-down has-arrow-mask wp-block-post-featured-image\"><img loading=\"lazy\" decoding=\"async\" width=\"912\" height=\"514\" src=\"https:\/\/co4kids.org\/wp-content\/uploads\/2024\/12\/playtime_t20_v36KO6-2-spanish.jpg\" class=\"attachment-post-thumbnail size-post-thumbnail wp-post-image\" alt=\"Ni\u00f1o jugando con legos\" style=\"object-fit:cover;\" srcset=\"https:\/\/co4kids.org\/wp-content\/uploads\/2024\/12\/playtime_t20_v36KO6-2-spanish.jpg 912w, https:\/\/co4kids.org\/wp-content\/uploads\/2024\/12\/playtime_t20_v36KO6-2-spanish-450x254.jpg 450w, https:\/\/co4kids.org\/wp-content\/uploads\/2024\/12\/playtime_t20_v36KO6-2-spanish-768x433.jpg 768w\" sizes=\"auto, (max-width: 912px) 100vw, 912px\" \/><\/figure><\/div>\n<\/div>\n\n\n\n<p class=\"\"><\/p>\n<\/header>\n<\/div>\n\n\n\n<div class=\"has-arrow-mask-down ani-bottom has-arrow-mask-pad has-arrow-mask wp-block-group has-wider-padding has-sticky-radius has-0-9-color has-text-color has-arrow-mask has-arrow-mask-down ani-bottom has-arrow-mask-pad has-global-padding is-layout-constrained wp-block-group-is-layout-constrained\" style=\"border-top-left-radius:15px;border-top-right-radius:15px;margin-bottom:var(--wp--preset--spacing--20);padding-top:0\">\n<h2 class=\"wp-block-heading has-5-5-color has-text-color has-h-3-font-size\"><strong>Descuido F\u00edsico<\/strong><\/h2>\n\n\n\n<p class=\"\">Se produce cuando no se satisfacen las necesidades b\u00e1sicas de un ni\u00f1o o joven, como nutrici\u00f3n, vestimenta, vivienda, higiene y atenci\u00f3n m\u00e9dica. El descuido f\u00edsico tambi\u00e9n puede implicar la supervisi\u00f3n inadecuada de un ni\u00f1o o joven y otras formas que pongan en riesgo la seguridad y el bienestar del menor.<\/p>\n\n\n\n<div class=\"wp-block-columns is-layout-flex wp-container-core-columns-is-layout-1c2f8bfb wp-block-columns-is-layout-flex\" style=\"margin-top:var(--wp--preset--spacing--20);margin-bottom:var(--wp--preset--spacing--20);padding-top:var(--wp--preset--spacing--50);padding-right:0;padding-bottom:var(--wp--preset--spacing--50);padding-left:0\">\n<div class=\"wp-block-column is-vertically-aligned-center is-layout-flow wp-block-column-is-layout-flow\">\n<h2 class=\"wp-block-heading has-5-5-color has-text-color has-h-3-font-size\"><strong>Descuido M\u00e9dico<\/strong><\/h2>\n\n\n\n<p class=\"\">Ocurre cuando no se busca un tratamiento m\u00e9dico o dental o no se cumple con el consejo m\u00e9dico ante un problema o enfermedad que, si no se trata, podr\u00eda volverse lo suficientemente grave como para representar un peligro para el ni\u00f1o o joven.<\/p>\n<\/div>\n<\/div>\n\n\n\n<div class=\"wp-block-columns is-layout-flex wp-container-core-columns-is-layout-1c2f8bfb wp-block-columns-is-layout-flex\" style=\"margin-top:var(--wp--preset--spacing--20);margin-bottom:var(--wp--preset--spacing--20);padding-top:var(--wp--preset--spacing--50);padding-right:0;padding-bottom:var(--wp--preset--spacing--50);padding-left:0\">\n<div class=\"wp-block-column is-vertically-aligned-center is-layout-flow wp-block-column-is-layout-flow\">\n<h2 class=\"wp-block-heading has-5-5-color has-text-color has-h-3-font-size\"><strong>Descuido Educativo<\/strong><\/h2>\n\n\n\n<p class=\"\">Implica el hecho de que un padre, madre o cuidador no inscriba a un ni\u00f1o o joven en edad escolar obligatoria en la escuela, que no proporcione la educaci\u00f3n escolar adecuada en el hogar, o que no inscriba o provea educaci\u00f3n especial. Como consecuencia el ni\u00f1o o joven puede adoptar el ausentismo escolar injustificado cr\u00f3nico.<\/p>\n<\/div>\n<\/div>\n\n\n\n<div class=\"wp-block-columns is-layout-flex wp-container-core-columns-is-layout-1ddc3525 wp-block-columns-is-layout-flex\" style=\"margin-top:var(--wp--preset--spacing--80);margin-bottom:var(--wp--preset--spacing--80);padding-top:0;padding-right:0;padding-bottom:0;padding-left:0\">\n<div class=\"wp-block-column is-vertically-aligned-center is-layout-flow wp-block-column-is-layout-flow\">\n<figure class=\"ani-bottom has-arrow-mask-right has-arrow-mask wp-block-image size-large has-custom-border has-arrow-mask ani-bottom has-arrow-mask-right\"><img loading=\"lazy\" decoding=\"async\" width=\"1024\" height=\"683\" src=\"https:\/\/co4kids.org\/wp-content\/uploads\/2023\/08\/cdhs-co4kids-neglect-2-1024x683.jpg\" alt=\"Una l\u00ednea de columpios vac\u00edos en un parque infantil.\" class=\"wp-image-4651\" style=\"border-radius:15px\" srcset=\"https:\/\/co4kids.org\/wp-content\/uploads\/2023\/08\/cdhs-co4kids-neglect-2-1024x683.jpg 1024w, https:\/\/co4kids.org\/wp-content\/uploads\/2023\/08\/cdhs-co4kids-neglect-2-450x300.jpg 450w, https:\/\/co4kids.org\/wp-content\/uploads\/2023\/08\/cdhs-co4kids-neglect-2-768x512.jpg 768w, https:\/\/co4kids.org\/wp-content\/uploads\/2023\/08\/cdhs-co4kids-neglect-2.jpg 1200w\" sizes=\"auto, (max-width: 1024px) 100vw, 1024px\" \/><\/figure>\n<\/div>\n\n\n\n<div class=\"wp-block-column is-vertically-aligned-center is-layout-flow wp-block-column-is-layout-flow\">\n<h2 class=\"wp-block-heading has-5-5-color has-text-color has-h-3-font-size\"><strong><strong>Se\u00f1ales y Comportamientos del Ni\u00f1o o Joven<\/strong><\/strong><\/h2>\n\n\n\n<ul class=\"wp-block-list is-style-2-5-bullet has-0-9-color has-text-color\">\n<li>Usa vestimenta sucia, demasiado peque\u00f1a o grande o que siempre requieren remendar.<\/li>\n\n\n\n<li>Parece inadecuadamente vestido para el clima<\/li>\n\n\n\n<li>Siempre parece tener hambre; acapara, roba o pide alimentos, o va a la escuela con pocos alimentos.<\/li>\n\n\n\n<li>A menudo parece cansado y poca energ\u00eda.<\/li>\n\n\n\n<li>Muchas veces menciona que cuida de sus hermanos menores.<\/li>\n\n\n\n<li>Tiene malos h\u00e1bitos de higiene, huele a orina o a excremento, y tiene los dientes sucios o con caries.<\/li>\n\n\n\n<li>Se lo ve demacrado o tiene hinchaz\u00f3n abdominal (lo cual es un indicio de desnutrici\u00f3n).<\/li>\n\n\n\n<li>Tiene problemas m\u00e9dicos f\u00edsicos o dentales sin atender, por ejemplo, llagas infectadas.<\/li>\n\n\n\n<li>Dice que no hay nadie en su casa para cuidarlo.<\/li>\n<\/ul>\n<\/div>\n<\/div>\n\n\n\n<div class=\"wp-block-columns is-layout-flex wp-container-core-columns-is-layout-2b1df2b9 wp-block-columns-is-layout-flex\" style=\"margin-top:var(--wp--preset--spacing--80);margin-bottom:var(--wp--preset--spacing--20);padding-top:0;padding-right:0;padding-bottom:0;padding-left:0\">\n<div class=\"wp-block-column is-vertically-aligned-center is-layout-flow wp-block-column-is-layout-flow\">\n<h2 class=\"wp-block-heading has-5-5-color has-text-color has-h-3-font-size\"><strong><strong>Se\u00f1ales y Comportamientos del<\/strong><\/strong> Padre, Madre o Cuidador<\/h2>\n\n\n\n<ul class=\"wp-block-list is-style-2-5-bullet has-0-9-color has-text-color\">\n<li>Parece indiferente hacia el ni\u00f1o o joven.<\/li>\n\n\n\n<li>Presenta una actitud ap\u00e1tica o depresiva.<\/li>\n\n\n\n<li>Se comporta de manera irracional o rara.<\/li>\n\n\n\n<li>Consume alcohol o drogas en exceso.<\/li>\n\n\n\n<li>Niega la existencia de los problemas del ni\u00f1o en la escuela o en su casa, o lo culpa por ellos.<\/li>\n\n\n\n<li>Considera al ni\u00f1o o joven totalmente malo, in\u00fatil o agotador.<\/li>\n\n\n\n<li>Acude al ni\u00f1o o joven principalmente para pedirle ayuda, recibir atenci\u00f3n o satisfacer sus propias necesidades emocionales.<\/li>\n<\/ul>\n<\/div>\n\n\n\n<div class=\"wp-block-column is-vertically-aligned-center is-layout-flow wp-block-column-is-layout-flow\">\n<figure class=\"ani-bottom has-arrow-mask-left has-arrow-mask wp-block-image size-large has-custom-border has-arrow-mask ani-bottom has-arrow-mask-left\"><img loading=\"lazy\" decoding=\"async\" width=\"1024\" height=\"683\" src=\"https:\/\/co4kids.org\/wp-content\/uploads\/2023\/08\/cdhs-co4kids-neglect-3-1024x683.jpg\" alt=\"Bloques de juguete para ni\u00f1os esparcidos por el piso de un espacio interior.\" class=\"wp-image-4649\" style=\"border-radius:15px\" srcset=\"https:\/\/co4kids.org\/wp-content\/uploads\/2023\/08\/cdhs-co4kids-neglect-3-1024x683.jpg 1024w, https:\/\/co4kids.org\/wp-content\/uploads\/2023\/08\/cdhs-co4kids-neglect-3-450x300.jpg 450w, https:\/\/co4kids.org\/wp-content\/uploads\/2023\/08\/cdhs-co4kids-neglect-3-768x512.jpg 768w, https:\/\/co4kids.org\/wp-content\/uploads\/2023\/08\/cdhs-co4kids-neglect-3.jpg 1200w\" sizes=\"auto, (max-width: 1024px) 100vw, 1024px\" \/><\/figure>\n<\/div>\n<\/div>\n<\/div>\n","protected":false},"excerpt":{"rendered":"<p>El descuido se produce cuando uno de los padres, el tutor u otro cuidador no satisface las necesidades b\u00e1sicas del ni\u00f1o o joven. El descuido se puede presentar de muchas&#8230;<\/p>\n","protected":false},"author":1,"featured_media":30118,"parent":481,"menu_order":15,"comment_status":"closed","ping_status":"closed","template":"","meta":{"_aquamin_featured_video":"","_aquamin_featured_post":false,"_price":"","_stock":"","_tribe_ticket_header":"","_tribe_default_ticket_provider":"","_tribe_ticket_capacity":"0","_ticket_start_date":"","_ticket_end_date":"","_tribe_ticket_show_description":"","_tribe_ticket_show_not_going":false,"_tribe_ticket_use_global_stock":"","_tribe_ticket_global_stock_level":"","_global_stock_mode":"","_global_stock_cap":"","_tribe_rsvp_for_event":"","_tribe_ticket_going_count":"","_tribe_ticket_not_going_count":"","_tribe_tickets_list":"[]","_tribe_ticket_has_attendee_info_fields":false,"footnotes":"","_tec_slr_enabled":"","_tec_slr_layout":""},"class_list":["post-485","page","type-page","status-publish","has-post-thumbnail","hentry"],"yoast_head":"<!-- This site is optimized with the Yoast SEO Premium plugin v27.3 (Yoast SEO v27.3) - https:\/\/yoast.com\/product\/yoast-seo-premium-wordpress\/ -->\n<title>Descuido - CO4Kids<\/title>\n<meta name=\"robots\" content=\"index, follow, max-snippet:-1, max-image-preview:large, max-video-preview:-1\" \/>\n<link rel=\"canonical\" href=\"https:\/\/co4kids.org\/es\/abuso-y-negligencia-infantil\/tipos-de-abuso\/descuido\/\" \/>\n<meta property=\"og:locale\" content=\"es_ES\" \/>\n<meta property=\"og:type\" content=\"article\" \/>\n<meta property=\"og:title\" content=\"Descuido\" \/>\n<meta property=\"og:description\" content=\"El descuido se produce cuando uno de los padres, el tutor u otro cuidador no satisface las necesidades b\u00e1sicas del ni\u00f1o o joven. El descuido se puede presentar de muchas...\" \/>\n<meta property=\"og:url\" content=\"https:\/\/co4kids.org\/es\/abuso-y-negligencia-infantil\/tipos-de-abuso\/descuido\/\" \/>\n<meta property=\"og:site_name\" content=\"CO4Kids\" \/>\n<meta property=\"article:modified_time\" content=\"2025-01-13T22:45:36+00:00\" \/>\n<meta property=\"og:image\" content=\"https:\/\/co4kids.org\/wp-content\/uploads\/2024\/12\/playtime_t20_v36KO6-2-spanish.jpg\" \/>\n\t<meta property=\"og:image:width\" content=\"912\" \/>\n\t<meta property=\"og:image:height\" content=\"514\" \/>\n\t<meta property=\"og:image:type\" content=\"image\/jpeg\" \/>\n<meta name=\"twitter:card\" content=\"summary_large_image\" \/>\n<meta name=\"twitter:label1\" content=\"Tiempo de lectura\" \/>\n\t<meta name=\"twitter:data1\" content=\"3 minutos\" \/>\n<script type=\"application\/ld+json\" class=\"yoast-schema-graph\">{\"@context\":\"https:\\\/\\\/schema.org\",\"@graph\":[{\"@type\":\"WebPage\",\"@id\":\"https:\\\/\\\/co4kids.org\\\/es\\\/abuso-y-negligencia-infantil\\\/tipos-de-abuso\\\/descuido\\\/\",\"url\":\"https:\\\/\\\/co4kids.org\\\/es\\\/abuso-y-negligencia-infantil\\\/tipos-de-abuso\\\/descuido\\\/\",\"name\":\"Descuido - CO4Kids\",\"isPartOf\":{\"@id\":\"https:\\\/\\\/co4kids.org\\\/es\\\/#website\"},\"primaryImageOfPage\":{\"@id\":\"https:\\\/\\\/co4kids.org\\\/es\\\/abuso-y-negligencia-infantil\\\/tipos-de-abuso\\\/descuido\\\/#primaryimage\"},\"image\":{\"@id\":\"https:\\\/\\\/co4kids.org\\\/es\\\/abuso-y-negligencia-infantil\\\/tipos-de-abuso\\\/descuido\\\/#primaryimage\"},\"thumbnailUrl\":\"https:\\\/\\\/co4kids.org\\\/wp-content\\\/uploads\\\/2024\\\/12\\\/playtime_t20_v36KO6-2-spanish.jpg\",\"datePublished\":\"2023-03-17T02:39:08+00:00\",\"dateModified\":\"2025-01-13T22:45:36+00:00\",\"breadcrumb\":{\"@id\":\"https:\\\/\\\/co4kids.org\\\/es\\\/abuso-y-negligencia-infantil\\\/tipos-de-abuso\\\/descuido\\\/#breadcrumb\"},\"inLanguage\":\"es\",\"potentialAction\":[{\"@type\":\"ReadAction\",\"target\":[\"https:\\\/\\\/co4kids.org\\\/es\\\/abuso-y-negligencia-infantil\\\/tipos-de-abuso\\\/descuido\\\/\"]}]},{\"@type\":\"ImageObject\",\"inLanguage\":\"es\",\"@id\":\"https:\\\/\\\/co4kids.org\\\/es\\\/abuso-y-negligencia-infantil\\\/tipos-de-abuso\\\/descuido\\\/#primaryimage\",\"url\":\"https:\\\/\\\/co4kids.org\\\/wp-content\\\/uploads\\\/2024\\\/12\\\/playtime_t20_v36KO6-2-spanish.jpg\",\"contentUrl\":\"https:\\\/\\\/co4kids.org\\\/wp-content\\\/uploads\\\/2024\\\/12\\\/playtime_t20_v36KO6-2-spanish.jpg\",\"width\":912,\"height\":514,\"caption\":\"Ni\u00f1o jugando con legos\"},{\"@type\":\"BreadcrumbList\",\"@id\":\"https:\\\/\\\/co4kids.org\\\/es\\\/abuso-y-negligencia-infantil\\\/tipos-de-abuso\\\/descuido\\\/#breadcrumb\",\"itemListElement\":[{\"@type\":\"ListItem\",\"position\":1,\"name\":\"Home\",\"item\":\"https:\\\/\\\/co4kids.org\\\/es\\\/\"},{\"@type\":\"ListItem\",\"position\":2,\"name\":\"Abuso y descuido de menores\",\"item\":\"https:\\\/\\\/co4kids.org\\\/es\\\/abuso-y-negligencia-infantil\\\/\"},{\"@type\":\"ListItem\",\"position\":3,\"name\":\"Tipos de abuso\",\"item\":\"https:\\\/\\\/co4kids.org\\\/es\\\/abuso-y-negligencia-infantil\\\/tipos-de-abuso\\\/\"},{\"@type\":\"ListItem\",\"position\":4,\"name\":\"Descuido\"}]},{\"@type\":\"WebSite\",\"@id\":\"https:\\\/\\\/co4kids.org\\\/es\\\/#website\",\"url\":\"https:\\\/\\\/co4kids.org\\\/es\\\/\",\"name\":\"CO4Kids\",\"description\":\"If not you, then who?\",\"potentialAction\":[{\"@type\":\"SearchAction\",\"target\":{\"@type\":\"EntryPoint\",\"urlTemplate\":\"https:\\\/\\\/co4kids.org\\\/es\\\/?s={search_term_string}\"},\"query-input\":{\"@type\":\"PropertyValueSpecification\",\"valueRequired\":true,\"valueName\":\"search_term_string\"}}],\"inLanguage\":\"es\"}]}<\/script>\n<!-- \/ Yoast SEO Premium plugin. -->","yoast_head_json":{"title":"Descuido - CO4Kids","robots":{"index":"index","follow":"follow","max-snippet":"max-snippet:-1","max-image-preview":"max-image-preview:large","max-video-preview":"max-video-preview:-1"},"canonical":"https:\/\/co4kids.org\/es\/abuso-y-negligencia-infantil\/tipos-de-abuso\/descuido\/","og_locale":"es_ES","og_type":"article","og_title":"Descuido","og_description":"El descuido se produce cuando uno de los padres, el tutor u otro cuidador no satisface las necesidades b\u00e1sicas del ni\u00f1o o joven. El descuido se puede presentar de muchas...","og_url":"https:\/\/co4kids.org\/es\/abuso-y-negligencia-infantil\/tipos-de-abuso\/descuido\/","og_site_name":"CO4Kids","article_modified_time":"2025-01-13T22:45:36+00:00","og_image":[{"width":912,"height":514,"url":"https:\/\/co4kids.org\/wp-content\/uploads\/2024\/12\/playtime_t20_v36KO6-2-spanish.jpg","type":"image\/jpeg"}],"twitter_card":"summary_large_image","twitter_misc":{"Tiempo de lectura":"3 minutos"},"schema":{"@context":"https:\/\/schema.org","@graph":[{"@type":"WebPage","@id":"https:\/\/co4kids.org\/es\/abuso-y-negligencia-infantil\/tipos-de-abuso\/descuido\/","url":"https:\/\/co4kids.org\/es\/abuso-y-negligencia-infantil\/tipos-de-abuso\/descuido\/","name":"Descuido - CO4Kids","isPartOf":{"@id":"https:\/\/co4kids.org\/es\/#website"},"primaryImageOfPage":{"@id":"https:\/\/co4kids.org\/es\/abuso-y-negligencia-infantil\/tipos-de-abuso\/descuido\/#primaryimage"},"image":{"@id":"https:\/\/co4kids.org\/es\/abuso-y-negligencia-infantil\/tipos-de-abuso\/descuido\/#primaryimage"},"thumbnailUrl":"https:\/\/co4kids.org\/wp-content\/uploads\/2024\/12\/playtime_t20_v36KO6-2-spanish.jpg","datePublished":"2023-03-17T02:39:08+00:00","dateModified":"2025-01-13T22:45:36+00:00","breadcrumb":{"@id":"https:\/\/co4kids.org\/es\/abuso-y-negligencia-infantil\/tipos-de-abuso\/descuido\/#breadcrumb"},"inLanguage":"es","potentialAction":[{"@type":"ReadAction","target":["https:\/\/co4kids.org\/es\/abuso-y-negligencia-infantil\/tipos-de-abuso\/descuido\/"]}]},{"@type":"ImageObject","inLanguage":"es","@id":"https:\/\/co4kids.org\/es\/abuso-y-negligencia-infantil\/tipos-de-abuso\/descuido\/#primaryimage","url":"https:\/\/co4kids.org\/wp-content\/uploads\/2024\/12\/playtime_t20_v36KO6-2-spanish.jpg","contentUrl":"https:\/\/co4kids.org\/wp-content\/uploads\/2024\/12\/playtime_t20_v36KO6-2-spanish.jpg","width":912,"height":514,"caption":"Ni\u00f1o jugando con legos"},{"@type":"BreadcrumbList","@id":"https:\/\/co4kids.org\/es\/abuso-y-negligencia-infantil\/tipos-de-abuso\/descuido\/#breadcrumb","itemListElement":[{"@type":"ListItem","position":1,"name":"Home","item":"https:\/\/co4kids.org\/es\/"},{"@type":"ListItem","position":2,"name":"Abuso y descuido de menores","item":"https:\/\/co4kids.org\/es\/abuso-y-negligencia-infantil\/"},{"@type":"ListItem","position":3,"name":"Tipos de abuso","item":"https:\/\/co4kids.org\/es\/abuso-y-negligencia-infantil\/tipos-de-abuso\/"},{"@type":"ListItem","position":4,"name":"Descuido"}]},{"@type":"WebSite","@id":"https:\/\/co4kids.org\/es\/#website","url":"https:\/\/co4kids.org\/es\/","name":"CO4Kids","description":"If not you, then who?","potentialAction":[{"@type":"SearchAction","target":{"@type":"EntryPoint","urlTemplate":"https:\/\/co4kids.org\/es\/?s={search_term_string}"},"query-input":{"@type":"PropertyValueSpecification","valueRequired":true,"valueName":"search_term_string"}}],"inLanguage":"es"}]}},"publishpress_future_workflow_manual_trigger":{"enabledWorkflows":[]},"ticketed":false,"_links":{"self":[{"href":"https:\/\/co4kids.org\/es\/wp-json\/wp\/v2\/pages\/485","targetHints":{"allow":["GET"]}}],"collection":[{"href":"https:\/\/co4kids.org\/es\/wp-json\/wp\/v2\/pages"}],"about":[{"href":"https:\/\/co4kids.org\/es\/wp-json\/wp\/v2\/types\/page"}],"author":[{"embeddable":true,"href":"https:\/\/co4kids.org\/es\/wp-json\/wp\/v2\/users\/1"}],"replies":[{"embeddable":true,"href":"https:\/\/co4kids.org\/es\/wp-json\/wp\/v2\/comments?post=485"}],"version-history":[{"count":0,"href":"https:\/\/co4kids.org\/es\/wp-json\/wp\/v2\/pages\/485\/revisions"}],"up":[{"embeddable":true,"href":"https:\/\/co4kids.org\/es\/wp-json\/wp\/v2\/pages\/481"}],"wp:featuredmedia":[{"embeddable":true,"href":"https:\/\/co4kids.org\/es\/wp-json\/wp\/v2\/media\/30118"}],"wp:attachment":[{"href":"https:\/\/co4kids.org\/es\/wp-json\/wp\/v2\/media?parent=485"}],"curies":[{"name":"wp","href":"https:\/\/api.w.org\/{rel}","templated":true}]}}