{"id":483,"date":"2023-03-16T20:39:08","date_gmt":"2023-03-17T02:39:08","guid":{"rendered":"https:\/\/co4kids.org\/abuso-y-negligencia-infantil\/tipos-de-abuso\/abuso-emocional\/"},"modified":"2025-01-13T15:43:05","modified_gmt":"2025-01-13T22:43:05","slug":"abuso-emocional","status":"publish","type":"page","link":"https:\/\/co4kids.org\/es\/abuso-y-negligencia-infantil\/tipos-de-abuso\/abuso-emocional\/","title":{"rendered":"Abuso Emocional"},"content":{"rendered":"\n<div class=\"has-arrow-mask-down ani-bottom has-arrow-mask-pad has-arrow-mask wp-block-group has-wider-padding has-sticky-radius has-0-9-background-color has-background has-arrow-mask has-arrow-mask-down ani-bottom has-arrow-mask-pad has-global-padding is-layout-constrained wp-block-group-is-layout-constrained\" style=\"border-top-left-radius:15px;border-top-right-radius:15px;margin-bottom:var(--wp--preset--spacing--20)\">\n<header class=\"wp-block-group has-global-padding is-layout-constrained wp-container-core-group-is-layout-7db9d80f wp-block-group-is-layout-constrained\" style=\"padding-right:0;padding-left:0\">\n<div class=\"wp-block-columns has-0-9-background-color has-background is-layout-flex wp-container-core-columns-is-layout-0af18515 wp-block-columns-is-layout-flex\" style=\"margin-bottom:var(--wp--preset--spacing--20)\">\n<div class=\"wp-block-column is-vertically-aligned-center is-layout-flow wp-block-column-is-layout-flow\" style=\"padding-top:var(--wp--preset--spacing--20)\"><h1 style=\"margin-bottom:var(--wp--preset--spacing--20);\" class=\"wp-block-post-title has-h-2-font-size\">Abuso Emocional<\/h1>\n\n\n<p class=\"\">El abuso emocional o psicol\u00f3gico, tambi\u00e9n conocido como descuido psicol\u00f3gico, es un patr\u00f3n de conducta que afecta el desarrollo emocional de un ni\u00f1o o joven o su autoestima. Puede consistir en hacerle cr\u00edticas constantes, amenazarlo o rechazarlo, o en negarle amor, apoyo u orientaci\u00f3n. <\/p>\n<\/div>\n\n\n\n<div class=\"wp-block-column is-vertically-aligned-top is-first-md is-layout-flow wp-block-column-is-layout-flow\">\n<figure class=\"ani-bottom has-arrow-mask-down has-arrow-mask wp-block-image size-full is-style-default has-arrow-mask ani-bottom has-arrow-mask-down\"><img loading=\"lazy\" decoding=\"async\" width=\"665\" height=\"600\" src=\"https:\/\/co4kids.org\/wp-content\/uploads\/2023\/06\/CO4Kids-emotional-abuse-hero-1.png\" alt=\"Una ni\u00f1a afroamericana usando un pincel peque\u00f1o para pintar un mural exterior.\" class=\"wp-image-3834\" srcset=\"https:\/\/co4kids.org\/wp-content\/uploads\/2023\/06\/CO4Kids-emotional-abuse-hero-1.png 665w, https:\/\/co4kids.org\/wp-content\/uploads\/2023\/06\/CO4Kids-emotional-abuse-hero-1-450x406.png 450w\" sizes=\"auto, (max-width: 665px) 100vw, 665px\" \/><\/figure>\n<\/div>\n<\/div>\n<\/header>\n\n\n\n<p class=\"\"><\/p>\n<\/div>\n\n\n\n<div class=\"wp-block-group has-0-9-color has-text-color has-global-padding is-layout-constrained wp-container-core-group-is-layout-c205c619 wp-block-group-is-layout-constrained\" style=\"padding-top:var(--wp--preset--spacing--50);padding-right:var(--wp--preset--spacing--50);padding-left:var(--wp--preset--spacing--50)\">\n<div class=\"wp-block-columns is-layout-flex wp-container-core-columns-is-layout-1c2f8bfb wp-block-columns-is-layout-flex\" style=\"margin-top:var(--wp--preset--spacing--20);margin-bottom:var(--wp--preset--spacing--20);padding-top:var(--wp--preset--spacing--50);padding-right:0;padding-bottom:var(--wp--preset--spacing--50);padding-left:0\">\n<div class=\"wp-block-column is-vertically-aligned-center is-layout-flow wp-block-column-is-layout-flow\">\n<h2 class=\"wp-block-heading has-5-5-color has-text-color has-h-3-font-size\"><strong><mark style=\"background-color:rgba(0, 0, 0, 0)\" class=\"has-inline-color has-5-5-color\">A continuaci\u00f3n, se muestra una lista de ejemplos de comportamiento preocupantes y que deber\u00edan informarse:<\/mark><\/strong><\/h2>\n\n\n\n<p class=\"\"><\/p>\n<\/div>\n\n\n\n<div class=\"wp-block-column is-vertically-aligned-center is-first-md is-layout-flow wp-block-column-is-layout-flow\">\n<div class=\"wp-block-aquamin-accordion accordion\" data-accordion-one-always-open=\"false\" data-tab-pre-expand=\"false\">\n<h3 class=\"accordion__label h4\"><button class=\"accordion__button button--basic\" type=\"button\">Falta de Cuidado o Afecto<\/button><\/h3><div class=\"accordion__content\"><div class=\"accordion__inside\">\n<p class=\"\">La falta de atenci\u00f3n persistente y marcada a las necesidades del ni\u00f1o en cuanto a afecto, apoyo emocional o atenci\u00f3n.<\/p>\n<\/div><\/div>\n\n\n\n<h3 class=\"accordion__label h4\"><button class=\"accordion__button button--basic\" type=\"button\">Abuso Cr\u00f3nico o extremo conyugal<\/button><\/h3><div class=\"accordion__content\"><div class=\"accordion__inside\">\n<p class=\"\">La exposici\u00f3n al abuso conyugal cr\u00f3nico o extremo u otra violencia dom\u00e9stica.<\/p>\n<\/div><\/div>\n\n\n\n<h3 class=\"accordion__label h4\"><button class=\"accordion__button button--basic\" type=\"button\">Aislamiento<\/button><\/h3><div class=\"accordion__content\"><div class=\"accordion__inside\">\n<p class=\"\">Negar a un ni\u00f1o la capacidad de interactuar o comunicarse con sus compa\u00f1eros o adultos fuera o dentro del hogar.<\/p>\n<\/div><\/div>\n<\/div>\n<\/div>\n<\/div>\n<\/div>\n\n\n\n<div class=\"has-arrow-mask-down ani-bottom has-arrow-mask-pad has-arrow-mask wp-block-group has-wider-padding has-sticky-radius has-0-9-color has-text-color has-arrow-mask has-arrow-mask-down ani-bottom has-arrow-mask-pad has-global-padding is-layout-constrained wp-block-group-is-layout-constrained\" style=\"border-top-left-radius:15px;border-top-right-radius:15px;margin-bottom:var(--wp--preset--spacing--20);padding-top:0\">\n<div class=\"wp-block-columns is-layout-flex wp-container-core-columns-is-layout-1c2f8bfb wp-block-columns-is-layout-flex\" style=\"margin-top:var(--wp--preset--spacing--20);margin-bottom:var(--wp--preset--spacing--20);padding-top:var(--wp--preset--spacing--50);padding-right:0;padding-bottom:var(--wp--preset--spacing--50);padding-left:0\">\n<div class=\"wp-block-column is-vertically-aligned-center is-layout-flow wp-block-column-is-layout-flow\">\n<h2 class=\"wp-block-heading has-5-5-color has-text-color has-h-3-font-size\"><strong>Se\u00f1ales y Comportamientos del Ni\u00f1o o Joven<\/strong><\/h2>\n\n\n\n<ul class=\"wp-block-list is-style-2-5-bullet has-0-9-color has-text-color\">\n<li>Muestra comportamientos extremos, como un comportamiento demasiado obediente o exigente, pasividad extrema o agresi\u00f3n.<\/li>\n\n\n\n<li>Tiene una conducta adulta o infantil impropia (por ejemplo: act\u00faa como el padre o la madre de otros ni\u00f1os o, por el contrario, se mece o se golpea la cabeza con frecuencia).<\/li>\n\n\n\n<li>Muestra un retraso en su desarrollo f\u00edsico o emocional sin un diagn\u00f3stico m\u00e9dico.<\/li>\n\n\n\n<li>Ha intentado suicidarse.<\/li>\n\n\n\n<li>Se\u00f1ala su falta de apego hacia el padre o la madre.<\/li>\n<\/ul>\n<\/div>\n\n\n\n<div class=\"wp-block-column is-vertically-aligned-center is-first-md is-layout-flow wp-block-column-is-layout-flow\">\n<figure class=\"ani-bottom has-arrow-mask-left has-arrow-mask wp-block-image size-full has-custom-border has-arrow-mask ani-bottom has-arrow-mask-left\"><img loading=\"lazy\" decoding=\"async\" width=\"1000\" height=\"667\" src=\"https:\/\/co4kids.org\/wp-content\/uploads\/2023\/06\/co4kids-emotional-abuse-1.jpg\" alt=\"Flores de tiza.\" class=\"wp-image-3673\" style=\"border-radius:15px\" srcset=\"https:\/\/co4kids.org\/wp-content\/uploads\/2023\/06\/co4kids-emotional-abuse-1.jpg 1000w, https:\/\/co4kids.org\/wp-content\/uploads\/2023\/06\/co4kids-emotional-abuse-1-450x300.jpg 450w, https:\/\/co4kids.org\/wp-content\/uploads\/2023\/06\/co4kids-emotional-abuse-1-768x512.jpg 768w\" sizes=\"auto, (max-width: 1000px) 100vw, 1000px\" \/><\/figure>\n<\/div>\n<\/div>\n\n\n\n<div class=\"wp-block-columns is-layout-flex wp-container-core-columns-is-layout-12c50c3a wp-block-columns-is-layout-flex\" style=\"margin-bottom:var(--wp--preset--spacing--20);padding-top:0;padding-right:0;padding-bottom:0;padding-left:0\">\n<div class=\"wp-block-column is-vertically-aligned-center is-layout-flow wp-block-column-is-layout-flow\">\n<figure class=\"ani-bottom has-arrow-mask-right has-arrow-mask wp-block-image size-full has-custom-border has-arrow-mask ani-bottom has-arrow-mask-right\"><img loading=\"lazy\" decoding=\"async\" width=\"1000\" height=\"667\" src=\"https:\/\/co4kids.org\/wp-content\/uploads\/2023\/06\/co4kids-emotional-abuse-2.jpg\" alt=\"Varios colores mezclados en una paleta de pintura.\" class=\"wp-image-3836\" style=\"border-radius:15px\" srcset=\"https:\/\/co4kids.org\/wp-content\/uploads\/2023\/06\/co4kids-emotional-abuse-2.jpg 1000w, https:\/\/co4kids.org\/wp-content\/uploads\/2023\/06\/co4kids-emotional-abuse-2-450x300.jpg 450w, https:\/\/co4kids.org\/wp-content\/uploads\/2023\/06\/co4kids-emotional-abuse-2-768x512.jpg 768w\" sizes=\"auto, (max-width: 1000px) 100vw, 1000px\" \/><\/figure>\n<\/div>\n\n\n\n<div class=\"wp-block-column is-vertically-aligned-center is-layout-flow wp-block-column-is-layout-flow\">\n<h2 class=\"wp-block-heading has-5-5-color has-text-color has-h-3-font-size\"><strong><strong>Se\u00f1ales y Comportamientos del Padre, Madre o Cuidador<\/strong><\/strong><\/h2>\n\n\n\n<ul class=\"wp-block-list is-style-2-5-bullet has-0-9-color has-text-color\">\n<li>Culpa, humilla o reprende constantemente al ni\u00f1o o joven.<\/li>\n\n\n\n<li>Es indiferente con el ni\u00f1o o joven y se niega a aceptar ofrecimientos de ayuda para los problemas que presenta el menor.<\/li>\n\n\n\n<li>Rechaza abiertamente al ni\u00f1o.<\/li>\n\n\n\n<li>Se niega activamente a responder a las necesidades del ni\u00f1o o joven (por ejemplo, se niega a tocarlo).<\/li>\n\n\n\n<li>Constantemente a\u00edsla al ni\u00f1o o joven del contacto social habitual con sus compa\u00f1eros y familiares.<\/li>\n<\/ul>\n<\/div>\n<\/div>\n<\/div>\n","protected":false},"excerpt":{"rendered":"<p>El abuso emocional o psicol\u00f3gico, tambi\u00e9n conocido como descuido psicol\u00f3gico, es un patr\u00f3n de conducta que afecta el desarrollo emocional de un ni\u00f1o o joven o su autoestima. Puede consistir&#8230;<\/p>\n","protected":false},"author":1,"featured_media":3832,"parent":481,"menu_order":14,"comment_status":"closed","ping_status":"closed","template":"","meta":{"_aquamin_featured_video":"","_aquamin_featured_post":false,"_price":"","_stock":"","_tribe_ticket_header":"","_tribe_default_ticket_provider":"","_tribe_ticket_capacity":"0","_ticket_start_date":"","_ticket_end_date":"","_tribe_ticket_show_description":"","_tribe_ticket_show_not_going":false,"_tribe_ticket_use_global_stock":"","_tribe_ticket_global_stock_level":"","_global_stock_mode":"","_global_stock_cap":"","_tribe_rsvp_for_event":"","_tribe_ticket_going_count":"","_tribe_ticket_not_going_count":"","_tribe_tickets_list":"[]","_tribe_ticket_has_attendee_info_fields":false,"footnotes":"","_tec_slr_enabled":"","_tec_slr_layout":""},"class_list":["post-483","page","type-page","status-publish","has-post-thumbnail","hentry"],"yoast_head":"<!-- This site is optimized with the Yoast SEO Premium plugin v27.3 (Yoast SEO v27.3) - https:\/\/yoast.com\/product\/yoast-seo-premium-wordpress\/ -->\n<title>Abuso Emocional - CO4Kids<\/title>\n<meta name=\"robots\" content=\"index, follow, max-snippet:-1, max-image-preview:large, max-video-preview:-1\" \/>\n<link rel=\"canonical\" href=\"https:\/\/co4kids.org\/es\/abuso-y-negligencia-infantil\/tipos-de-abuso\/abuso-emocional\/\" \/>\n<meta property=\"og:locale\" content=\"es_ES\" \/>\n<meta property=\"og:type\" content=\"article\" \/>\n<meta property=\"og:title\" content=\"Abuso Emocional\" \/>\n<meta property=\"og:description\" content=\"El abuso emocional o psicol\u00f3gico, tambi\u00e9n conocido como descuido psicol\u00f3gico, es un patr\u00f3n de conducta que afecta el desarrollo emocional de un ni\u00f1o o joven o su autoestima. Puede consistir...\" \/>\n<meta property=\"og:url\" content=\"https:\/\/co4kids.org\/es\/abuso-y-negligencia-infantil\/tipos-de-abuso\/abuso-emocional\/\" \/>\n<meta property=\"og:site_name\" content=\"CO4Kids\" \/>\n<meta property=\"article:modified_time\" content=\"2025-01-13T22:43:05+00:00\" \/>\n<meta property=\"og:image\" content=\"https:\/\/co4kids.org\/wp-content\/uploads\/2023\/06\/CO4Kids-emotional-abuse-hero-1.jpg\" \/>\n\t<meta property=\"og:image:width\" content=\"1200\" \/>\n\t<meta property=\"og:image:height\" content=\"600\" \/>\n\t<meta property=\"og:image:type\" content=\"image\/jpeg\" \/>\n<meta name=\"twitter:card\" content=\"summary_large_image\" \/>\n<meta name=\"twitter:label1\" content=\"Tiempo de lectura\" \/>\n\t<meta name=\"twitter:data1\" content=\"3 minutos\" \/>\n<script type=\"application\/ld+json\" class=\"yoast-schema-graph\">{\"@context\":\"https:\\\/\\\/schema.org\",\"@graph\":[{\"@type\":\"WebPage\",\"@id\":\"https:\\\/\\\/co4kids.org\\\/es\\\/abuso-y-negligencia-infantil\\\/tipos-de-abuso\\\/abuso-emocional\\\/\",\"url\":\"https:\\\/\\\/co4kids.org\\\/es\\\/abuso-y-negligencia-infantil\\\/tipos-de-abuso\\\/abuso-emocional\\\/\",\"name\":\"Abuso Emocional - CO4Kids\",\"isPartOf\":{\"@id\":\"https:\\\/\\\/co4kids.org\\\/es\\\/#website\"},\"primaryImageOfPage\":{\"@id\":\"https:\\\/\\\/co4kids.org\\\/es\\\/abuso-y-negligencia-infantil\\\/tipos-de-abuso\\\/abuso-emocional\\\/#primaryimage\"},\"image\":{\"@id\":\"https:\\\/\\\/co4kids.org\\\/es\\\/abuso-y-negligencia-infantil\\\/tipos-de-abuso\\\/abuso-emocional\\\/#primaryimage\"},\"thumbnailUrl\":\"https:\\\/\\\/co4kids.org\\\/wp-content\\\/uploads\\\/2023\\\/06\\\/CO4Kids-emotional-abuse-hero-1.jpg\",\"datePublished\":\"2023-03-17T02:39:08+00:00\",\"dateModified\":\"2025-01-13T22:43:05+00:00\",\"breadcrumb\":{\"@id\":\"https:\\\/\\\/co4kids.org\\\/es\\\/abuso-y-negligencia-infantil\\\/tipos-de-abuso\\\/abuso-emocional\\\/#breadcrumb\"},\"inLanguage\":\"es\",\"potentialAction\":[{\"@type\":\"ReadAction\",\"target\":[\"https:\\\/\\\/co4kids.org\\\/es\\\/abuso-y-negligencia-infantil\\\/tipos-de-abuso\\\/abuso-emocional\\\/\"]}]},{\"@type\":\"ImageObject\",\"inLanguage\":\"es\",\"@id\":\"https:\\\/\\\/co4kids.org\\\/es\\\/abuso-y-negligencia-infantil\\\/tipos-de-abuso\\\/abuso-emocional\\\/#primaryimage\",\"url\":\"https:\\\/\\\/co4kids.org\\\/wp-content\\\/uploads\\\/2023\\\/06\\\/CO4Kids-emotional-abuse-hero-1.jpg\",\"contentUrl\":\"https:\\\/\\\/co4kids.org\\\/wp-content\\\/uploads\\\/2023\\\/06\\\/CO4Kids-emotional-abuse-hero-1.jpg\",\"width\":1200,\"height\":600},{\"@type\":\"BreadcrumbList\",\"@id\":\"https:\\\/\\\/co4kids.org\\\/es\\\/abuso-y-negligencia-infantil\\\/tipos-de-abuso\\\/abuso-emocional\\\/#breadcrumb\",\"itemListElement\":[{\"@type\":\"ListItem\",\"position\":1,\"name\":\"Home\",\"item\":\"https:\\\/\\\/co4kids.org\\\/es\\\/\"},{\"@type\":\"ListItem\",\"position\":2,\"name\":\"Abuso y descuido de menores\",\"item\":\"https:\\\/\\\/co4kids.org\\\/es\\\/abuso-y-negligencia-infantil\\\/\"},{\"@type\":\"ListItem\",\"position\":3,\"name\":\"Tipos de abuso\",\"item\":\"https:\\\/\\\/co4kids.org\\\/es\\\/abuso-y-negligencia-infantil\\\/tipos-de-abuso\\\/\"},{\"@type\":\"ListItem\",\"position\":4,\"name\":\"Abuso Emocional\"}]},{\"@type\":\"WebSite\",\"@id\":\"https:\\\/\\\/co4kids.org\\\/es\\\/#website\",\"url\":\"https:\\\/\\\/co4kids.org\\\/es\\\/\",\"name\":\"CO4Kids\",\"description\":\"If not you, then who?\",\"potentialAction\":[{\"@type\":\"SearchAction\",\"target\":{\"@type\":\"EntryPoint\",\"urlTemplate\":\"https:\\\/\\\/co4kids.org\\\/es\\\/?s={search_term_string}\"},\"query-input\":{\"@type\":\"PropertyValueSpecification\",\"valueRequired\":true,\"valueName\":\"search_term_string\"}}],\"inLanguage\":\"es\"}]}<\/script>\n<!-- \/ Yoast SEO Premium plugin. -->","yoast_head_json":{"title":"Abuso Emocional - CO4Kids","robots":{"index":"index","follow":"follow","max-snippet":"max-snippet:-1","max-image-preview":"max-image-preview:large","max-video-preview":"max-video-preview:-1"},"canonical":"https:\/\/co4kids.org\/es\/abuso-y-negligencia-infantil\/tipos-de-abuso\/abuso-emocional\/","og_locale":"es_ES","og_type":"article","og_title":"Abuso Emocional","og_description":"El abuso emocional o psicol\u00f3gico, tambi\u00e9n conocido como descuido psicol\u00f3gico, es un patr\u00f3n de conducta que afecta el desarrollo emocional de un ni\u00f1o o joven o su autoestima. Puede consistir...","og_url":"https:\/\/co4kids.org\/es\/abuso-y-negligencia-infantil\/tipos-de-abuso\/abuso-emocional\/","og_site_name":"CO4Kids","article_modified_time":"2025-01-13T22:43:05+00:00","og_image":[{"width":1200,"height":600,"url":"https:\/\/co4kids.org\/wp-content\/uploads\/2023\/06\/CO4Kids-emotional-abuse-hero-1.jpg","type":"image\/jpeg"}],"twitter_card":"summary_large_image","twitter_misc":{"Tiempo de lectura":"3 minutos"},"schema":{"@context":"https:\/\/schema.org","@graph":[{"@type":"WebPage","@id":"https:\/\/co4kids.org\/es\/abuso-y-negligencia-infantil\/tipos-de-abuso\/abuso-emocional\/","url":"https:\/\/co4kids.org\/es\/abuso-y-negligencia-infantil\/tipos-de-abuso\/abuso-emocional\/","name":"Abuso Emocional - CO4Kids","isPartOf":{"@id":"https:\/\/co4kids.org\/es\/#website"},"primaryImageOfPage":{"@id":"https:\/\/co4kids.org\/es\/abuso-y-negligencia-infantil\/tipos-de-abuso\/abuso-emocional\/#primaryimage"},"image":{"@id":"https:\/\/co4kids.org\/es\/abuso-y-negligencia-infantil\/tipos-de-abuso\/abuso-emocional\/#primaryimage"},"thumbnailUrl":"https:\/\/co4kids.org\/wp-content\/uploads\/2023\/06\/CO4Kids-emotional-abuse-hero-1.jpg","datePublished":"2023-03-17T02:39:08+00:00","dateModified":"2025-01-13T22:43:05+00:00","breadcrumb":{"@id":"https:\/\/co4kids.org\/es\/abuso-y-negligencia-infantil\/tipos-de-abuso\/abuso-emocional\/#breadcrumb"},"inLanguage":"es","potentialAction":[{"@type":"ReadAction","target":["https:\/\/co4kids.org\/es\/abuso-y-negligencia-infantil\/tipos-de-abuso\/abuso-emocional\/"]}]},{"@type":"ImageObject","inLanguage":"es","@id":"https:\/\/co4kids.org\/es\/abuso-y-negligencia-infantil\/tipos-de-abuso\/abuso-emocional\/#primaryimage","url":"https:\/\/co4kids.org\/wp-content\/uploads\/2023\/06\/CO4Kids-emotional-abuse-hero-1.jpg","contentUrl":"https:\/\/co4kids.org\/wp-content\/uploads\/2023\/06\/CO4Kids-emotional-abuse-hero-1.jpg","width":1200,"height":600},{"@type":"BreadcrumbList","@id":"https:\/\/co4kids.org\/es\/abuso-y-negligencia-infantil\/tipos-de-abuso\/abuso-emocional\/#breadcrumb","itemListElement":[{"@type":"ListItem","position":1,"name":"Home","item":"https:\/\/co4kids.org\/es\/"},{"@type":"ListItem","position":2,"name":"Abuso y descuido de menores","item":"https:\/\/co4kids.org\/es\/abuso-y-negligencia-infantil\/"},{"@type":"ListItem","position":3,"name":"Tipos de abuso","item":"https:\/\/co4kids.org\/es\/abuso-y-negligencia-infantil\/tipos-de-abuso\/"},{"@type":"ListItem","position":4,"name":"Abuso Emocional"}]},{"@type":"WebSite","@id":"https:\/\/co4kids.org\/es\/#website","url":"https:\/\/co4kids.org\/es\/","name":"CO4Kids","description":"If not you, then who?","potentialAction":[{"@type":"SearchAction","target":{"@type":"EntryPoint","urlTemplate":"https:\/\/co4kids.org\/es\/?s={search_term_string}"},"query-input":{"@type":"PropertyValueSpecification","valueRequired":true,"valueName":"search_term_string"}}],"inLanguage":"es"}]}},"publishpress_future_workflow_manual_trigger":{"enabledWorkflows":[]},"ticketed":false,"_links":{"self":[{"href":"https:\/\/co4kids.org\/es\/wp-json\/wp\/v2\/pages\/483","targetHints":{"allow":["GET"]}}],"collection":[{"href":"https:\/\/co4kids.org\/es\/wp-json\/wp\/v2\/pages"}],"about":[{"href":"https:\/\/co4kids.org\/es\/wp-json\/wp\/v2\/types\/page"}],"author":[{"embeddable":true,"href":"https:\/\/co4kids.org\/es\/wp-json\/wp\/v2\/users\/1"}],"replies":[{"embeddable":true,"href":"https:\/\/co4kids.org\/es\/wp-json\/wp\/v2\/comments?post=483"}],"version-history":[{"count":0,"href":"https:\/\/co4kids.org\/es\/wp-json\/wp\/v2\/pages\/483\/revisions"}],"up":[{"embeddable":true,"href":"https:\/\/co4kids.org\/es\/wp-json\/wp\/v2\/pages\/481"}],"wp:featuredmedia":[{"embeddable":true,"href":"https:\/\/co4kids.org\/es\/wp-json\/wp\/v2\/media\/3832"}],"wp:attachment":[{"href":"https:\/\/co4kids.org\/es\/wp-json\/wp\/v2\/media?parent=483"}],"curies":[{"name":"wp","href":"https:\/\/api.w.org\/{rel}","templated":true}]}}