{"id":479,"date":"2023-03-16T20:39:08","date_gmt":"2023-03-17T02:39:08","guid":{"rendered":"https:\/\/co4kids.org\/abuso-y-negligencia-infantil\/el-proceso-de-presentacion-de-informes\/"},"modified":"2024-12-13T11:47:01","modified_gmt":"2024-12-13T18:47:01","slug":"que-pasa-despues-de-su-llamada","status":"publish","type":"page","link":"https:\/\/co4kids.org\/es\/abuso-y-negligencia-infantil\/que-pasa-despues-de-su-llamada\/","title":{"rendered":"\u00bfQu\u00e9 Sucede  \nCuando Llamas?"},"content":{"rendered":"\n<div class=\"has-arrow-mask-down ani-bottom has-arrow-mask-pad has-arrow-mask wp-block-group has-wider-padding has-sticky-radius has-0-9-background-color has-background has-arrow-mask has-arrow-mask-down ani-bottom has-arrow-mask-pad has-global-padding is-layout-constrained wp-block-group-is-layout-constrained\" style=\"border-top-left-radius:15px;border-top-right-radius:15px;margin-bottom:var(--wp--preset--spacing--20)\">\n<header class=\"wp-block-group has-global-padding is-layout-constrained wp-container-core-group-is-layout-7db9d80f wp-block-group-is-layout-constrained\" style=\"padding-right:0;padding-left:0\">\n<div class=\"wp-block-columns has-0-9-background-color has-background is-layout-flex wp-container-core-columns-is-layout-0af18515 wp-block-columns-is-layout-flex\" style=\"margin-bottom:var(--wp--preset--spacing--20)\">\n<div class=\"wp-block-column is-vertically-aligned-center is-layout-flow wp-block-column-is-layout-flow\" style=\"padding-top:var(--wp--preset--spacing--20)\"><h1 style=\"margin-bottom:var(--wp--preset--spacing--20);\" class=\"wp-block-post-title has-h-2-font-size\">\u00bfQu\u00e9 Sucede  \nCuando Llamas?<\/h1><\/div>\n\n\n\n<div class=\"wp-block-column is-vertically-aligned-top is-first-md is-layout-flow wp-block-column-is-layout-flow\"><figure class=\"ani-bottom has-arrow-mask-down has-arrow-mask wp-block-post-featured-image\"><img loading=\"lazy\" decoding=\"async\" width=\"900\" height=\"506\" src=\"https:\/\/co4kids.org\/wp-content\/uploads\/2024\/12\/Frame-63-1-spanish.png\" class=\"attachment-post-thumbnail size-post-thumbnail wp-post-image\" alt=\"Un ni\u00f1o dibuja con gis en la banqueta.\" style=\"object-fit:cover;\" srcset=\"https:\/\/co4kids.org\/wp-content\/uploads\/2024\/12\/Frame-63-1-spanish.png 900w, https:\/\/co4kids.org\/wp-content\/uploads\/2024\/12\/Frame-63-1-spanish-450x253.png 450w, https:\/\/co4kids.org\/wp-content\/uploads\/2024\/12\/Frame-63-1-spanish-768x432.png 768w\" sizes=\"auto, (max-width: 900px) 100vw, 900px\" \/><\/figure><\/div>\n<\/div>\n<\/header>\n\n\n\n<p class=\"\"><\/p>\n<\/div>\n\n\n\n<div class=\"ani-bottom has-arrow-mask-down has-arrow-mask-pad has-arrow-mask wp-block-group has-wider-padding has-sticky-radius has-0-9-background-color has-background has-arrow-mask ani-bottom has-arrow-mask-down has-arrow-mask-pad has-global-padding is-layout-constrained wp-block-group-is-layout-constrained\" style=\"border-top-left-radius:15px;border-top-right-radius:15px;padding-top:var(--wp--preset--spacing--10)\">\n<div class=\"wp-block-columns has-0-9-background-color has-background is-layout-flex wp-container-core-columns-is-layout-0af18515 wp-block-columns-is-layout-flex\" style=\"margin-bottom:var(--wp--preset--spacing--20)\">\n<div class=\"wp-block-column is-vertically-aligned-center is-layout-flow wp-block-column-is-layout-flow\" style=\"flex-basis:40%\">\n<h3 class=\"wp-block-heading\">Mira este v\u00eddeo para aprender m\u00e1s<\/h3>\n\n\n\n<p class=\"\">Cuando llames para informar de un problema u obtener ayuda para ti o para otra persona, un profesional certificado te har\u00e1 una serie de preguntas. A continuaci\u00f3n, un equipo de profesionales del bienestar infantil examina y decide si la situaci\u00f3n requiere la intervenci\u00f3n del equipo de bienestar infantil.<\/p>\n<\/div>\n\n\n\n<div class=\"wp-block-column is-vertically-aligned-center is-first-md is-layout-flow wp-block-column-is-layout-flow\" style=\"padding-top:var(--wp--preset--spacing--10);padding-bottom:var(--wp--preset--spacing--10)\"><div class=\"has-arrow-mask-left ani-bottom has-arrow-mask featured-video wp-block-aquamin-featured-video\">\n\t\t\t<div class=\"vid\"><button class=\"vid-play button--basic\" role=\"button\" aria-label=\"Play Video\"><img loading=\"lazy\" decoding=\"async\" width=\"1024\" height=\"461\" src=\"https:\/\/co4kids.org\/wp-content\/uploads\/2023\/07\/Screenshot-2023-07-10-at-3.05.59-PM-1024x461.png\" class=\"attachment-large size-large\" alt=\"Next to a doodle of multiple individuals, text reads: Colorado kids and families are counting on you.\" srcset=\"https:\/\/co4kids.org\/wp-content\/uploads\/2023\/07\/Screenshot-2023-07-10-at-3.05.59-PM-1024x461.png 1024w, https:\/\/co4kids.org\/wp-content\/uploads\/2023\/07\/Screenshot-2023-07-10-at-3.05.59-PM-450x203.png 450w, https:\/\/co4kids.org\/wp-content\/uploads\/2023\/07\/Screenshot-2023-07-10-at-3.05.59-PM-768x346.png 768w, https:\/\/co4kids.org\/wp-content\/uploads\/2023\/07\/Screenshot-2023-07-10-at-3.05.59-PM.png 1073w\" sizes=\"auto, (max-width: 1024px) 100vw, 1024px\" \/><\/button><iframe loading=\"lazy\" title=\"CDHS-hotline-full-v2023 [v1]\" src=\"https:\/\/player.vimeo.com\/video\/841911932?dnt=1&amp;app_id=122963\" width=\"500\" height=\"281\" frameborder=\"0\" allow=\"autoplay; fullscreen; picture-in-picture; clipboard-write; encrypted-media; web-share\" referrerpolicy=\"strict-origin-when-cross-origin\"><\/iframe><\/div>\t<\/div>\n<\/div>\n<\/div>\n\n\n\n<p class=\"\"><\/p>\n\n\n\n<p class=\"\">La mayor\u00eda de las llamadas no dan lugar a la visita de un trabajador social ni a la intervenci\u00f3n del sistema de protecci\u00f3n de menores. A menudo se pone a las familias en contacto con recursos y servicios en su comunidad, como guarder\u00edas, asistencia alimentaria y clases o apoyo para padres. Los ni\u00f1os y las familias est\u00e1n mejor atendidos cuando pueden permanecer juntos. En casi el 97% de las evaluaciones de bienestar infantil de abuso y descuido infantil, los ni\u00f1os y j\u00f3venes permanecieron en sus hogares. No es necesario saber con certeza si se est\u00e1n produciendo abuso o descuido para hacer una llamada. Todas las llamadas a trav\u00e9s del sistema de la l\u00ednea directa de Colorado sobre abuso y descuido infantil son confidenciales y se graban para garantizar la calidad.<\/p>\n\n\n\n<div class=\"wp-block-columns has-0-9-background-color has-background is-layout-flex wp-container-core-columns-is-layout-0af18515 wp-block-columns-is-layout-flex\" style=\"margin-bottom:var(--wp--preset--spacing--20)\">\n<div class=\"wp-block-column is-vertically-aligned-center is-layout-flow wp-block-column-is-layout-flow\">\n<h2 class=\"wp-block-heading has-text-align-center has-h-3-font-size\">Infograf\u00eda sobre lo que ocurre cuando llamas<\/h2>\n\n\n\n<div class=\"wp-block-buttons is-content-justification-center is-layout-flex wp-container-core-buttons-is-layout-f3767f4c wp-block-buttons-is-layout-flex\" style=\"margin-top:var(--wp--preset--spacing--20)\">\n<div class=\"wp-block-button\"><a class=\"wp-block-button__link wp-element-button\" href=\"https:\/\/co4kids.org\/wp-content\/uploads\/2023\/12\/Que-sucede-cuando-llamas-1.pdf\">Ver y Descargar <\/a><\/div>\n<\/div>\n<\/div>\n\n\n\n<div class=\"wp-block-column is-vertically-aligned-center is-layout-flow wp-block-column-is-layout-flow\">\n<figure class=\"ani-bottom has-arrow-mask-left has-arrow-mask wp-block-image aligncenter size-large has-arrow-mask ani-bottom has-arrow-mask-left\"><img loading=\"lazy\" decoding=\"async\" width=\"768\" height=\"1024\" src=\"https:\/\/co4kids.org\/wp-content\/uploads\/2023\/12\/Que-sucede-cuando-llamas-2-768x1024.jpg\" alt=\"Vea el texto alternativo de esta infograf\u00eda a trav\u00e9s del hiperv\u00ednculo Descripci\u00f3n Infograf\u00eda a continuaci\u00f3n.\" class=\"wp-image-9368\" srcset=\"https:\/\/co4kids.org\/wp-content\/uploads\/2023\/12\/Que-sucede-cuando-llamas-2-768x1024.jpg 768w, https:\/\/co4kids.org\/wp-content\/uploads\/2023\/12\/Que-sucede-cuando-llamas-2-338x450.jpg 338w, https:\/\/co4kids.org\/wp-content\/uploads\/2023\/12\/Que-sucede-cuando-llamas-2-1152x1536.jpg 1152w, https:\/\/co4kids.org\/wp-content\/uploads\/2023\/12\/Que-sucede-cuando-llamas-2-1536x2048.jpg 1536w, https:\/\/co4kids.org\/wp-content\/uploads\/2023\/12\/Que-sucede-cuando-llamas-2.jpg 1728w\" sizes=\"auto, (max-width: 768px) 100vw, 768px\" \/><\/figure>\n<\/div>\n<\/div>\n\n\n\n<p class=\"has-text-align-right\"><a href=\"https:\/\/co4kids.org\/wp-content\/uploads\/2024\/12\/Alt-Text-Description-Hotline-Infographic-Spanish.pdf\">Descripci\u00f3n infogr\u00e1fica<\/a><\/p>\n\n\n\n<p class=\"\">Siempre que es posible, las agencias de servicios humanos de los condados intentan garantizar la seguridad del ni\u00f1o o ni\u00f1os en su propio hogar poniendo en contacto a los padres y cuidadores con apoyo y servicios. Ser separado de su hogar puede ser una experiencia aterradora para un ni\u00f1o. Por lo tanto, los trabajadores sociales intentan evitarlo en la medida de lo posible.<\/p>\n\n\n\n<p class=\"\">Si no es posible garantizar la seguridad y el bienestar de un ni\u00f1o en su propio hogar, un trabajador social busca a familiares o amigos dispuestos a proporcionarle un hogar temporal al ni\u00f1o mientras el padre o cuidador se esfuerza por mejorar la situaci\u00f3n en el hogar. Estas familias se conocen como \u00abparientes\u00bb y reciben apoyo y recursos para evitar que los ni\u00f1os y adolescentes vayan a centros o familias de crianza.<\/p>\n\n\n\n<p class=\"\">Si un asistente social no puede encontrar a nadie con quien el ni\u00f1o tenga una relaci\u00f3n existente para proporcionarle un hogar temporal, entonces el ni\u00f1o y sus hermanos necesitar\u00e1n ir a vivir con una familia de crianza. En Colorado, casi 10 ni\u00f1os y adolescentes son colocados en hogares de crianza al d\u00eda porque sus padres necesitan tiempo para aprender nuevas habilidades que los convierta en los padres que sus hijos necesitan. En la actualidad, m\u00e1s de 2.000 ni\u00f1os y adolescentes viven con una familia de crianza en Colorado. Siempre necesitamos familias dispuestas a cuidar de ni\u00f1os con necesidades especiales, grupos de hermanos, j\u00f3venes y gente j\u00f3ven que hablen otro idioma.<\/p>\n\n\n\n<p class=\"\">A trav\u00e9s del Sistema de L\u00ednea Directa contra el Abuso y la Descuido de Menores de Colorado, todas las llamadas son dirigidas inmediatamente al condado en el que reside el menor y el Departamento de Servicios Humanos de Colorado es capaz de captar informaci\u00f3n fundamental para garantizar que cada llamada en todo el Estado se gestione de forma r\u00e1pida y adecuada. El <a href=\"tel:844-264-5437\">844-CO-4-Kids<\/a> es el n\u00famero de tel\u00e9fono para denunciar el abuso y descuido de menores. Est\u00e1 disponible 24 horas al d\u00eda, los siete d\u00edas de la semana, los 365 d\u00edas al a\u00f1o.<\/p>\n<\/div>\n\n\n\n<div style=\"height:67px\" aria-hidden=\"true\" class=\"wp-block-spacer\"><\/div>\n\n\n\n<div class=\"ani-bottom has-arrow-mask-down has-arrow-mask-pad has-arrow-mask wp-block-group has-wider-padding has-sticky-radius has-0-9-background-color has-background has-arrow-mask ani-bottom has-arrow-mask-down has-arrow-mask-pad has-global-padding is-layout-constrained wp-block-group-is-layout-constrained\" style=\"border-top-left-radius:15px;border-top-right-radius:15px;padding-top:var(--wp--preset--spacing--10)\">\n<div class=\"wp-block-columns has-0-9-background-color has-background is-layout-flex wp-container-core-columns-is-layout-0af18515 wp-block-columns-is-layout-flex\" style=\"margin-bottom:var(--wp--preset--spacing--20)\">\n<div class=\"wp-block-column is-vertically-aligned-center is-layout-flow wp-block-column-is-layout-flow\" style=\"flex-basis:40%\">\n<h3 class=\"wp-block-heading\">Mira el v\u00eddeo para escuchar a algunas de las personas que atienden las llamadas a la L\u00ednea Directa:<\/h3>\n<\/div>\n\n\n\n<div class=\"wp-block-column is-vertically-aligned-center is-first-md is-layout-flow wp-block-column-is-layout-flow\" style=\"padding-top:var(--wp--preset--spacing--10);padding-bottom:var(--wp--preset--spacing--10)\"><div class=\"has-arrow-mask-left has-arrow-mask featured-video wp-block-aquamin-featured-video\">\n\t\t\t<div class=\"vid\"><button class=\"vid-play button--basic\" role=\"button\" aria-label=\"Play Video\"><img loading=\"lazy\" decoding=\"async\" width=\"896\" height=\"498\" src=\"https:\/\/co4kids.org\/wp-content\/uploads\/2023\/09\/Screenshot-2023-09-07-at-4.26.00-PM.png\" class=\"attachment-large size-large\" alt=\"A video thumbnail of calltaker at the Colorado Child Abuse and Neglect Hotline, describing what happens when you call.\" srcset=\"https:\/\/co4kids.org\/wp-content\/uploads\/2023\/09\/Screenshot-2023-09-07-at-4.26.00-PM.png 896w, https:\/\/co4kids.org\/wp-content\/uploads\/2023\/09\/Screenshot-2023-09-07-at-4.26.00-PM-450x250.png 450w, https:\/\/co4kids.org\/wp-content\/uploads\/2023\/09\/Screenshot-2023-09-07-at-4.26.00-PM-768x427.png 768w\" sizes=\"auto, (max-width: 896px) 100vw, 896px\" \/><\/button><iframe loading=\"lazy\" title=\"Colorado Child Abuse and Neglect Hotline - 5 Year Anniversary\" width=\"500\" height=\"281\" src=\"https:\/\/www.youtube.com\/embed\/YAeoh4ZwW6E?start=2&#038;feature=oembed\" frameborder=\"0\" allow=\"accelerometer; autoplay; clipboard-write; encrypted-media; gyroscope; picture-in-picture; web-share\" referrerpolicy=\"strict-origin-when-cross-origin\" allowfullscreen><\/iframe><\/div>\t<\/div>\n<\/div>\n<\/div>\n\n\n\n<p style=\"padding-top:var(--wp--preset--spacing--20)\" class=\"\">El sistema de bienestar infantil de Colorado es un sistema supervisado por el Estado y administrado por los condados. Esto significa que la Divisi\u00f3n de Bienestar Infantil del Departamento de Servicios Humanos de Colorado supervisa la pr\u00e1ctica y proporciona orientaci\u00f3n sobre las normas a los empleados de los servicios humanos de los condados.<\/p>\n<\/div>\n\n\n\n<p class=\"\"><\/p>\n","protected":false},"excerpt":{"rendered":"<p>Mira este v\u00eddeo para aprender m\u00e1s Cuando llames para informar de un problema u obtener ayuda para ti o para otra persona, un profesional certificado te har\u00e1 una serie de&#8230;<\/p>\n","protected":false},"author":1,"featured_media":30116,"parent":474,"menu_order":10,"comment_status":"closed","ping_status":"closed","template":"","meta":{"_aquamin_featured_video":"","_aquamin_featured_post":false,"_price":"","_stock":"","_tribe_ticket_header":"","_tribe_default_ticket_provider":"","_tribe_ticket_capacity":"0","_ticket_start_date":"","_ticket_end_date":"","_tribe_ticket_show_description":"","_tribe_ticket_show_not_going":false,"_tribe_ticket_use_global_stock":"","_tribe_ticket_global_stock_level":"","_global_stock_mode":"","_global_stock_cap":"","_tribe_rsvp_for_event":"","_tribe_ticket_going_count":"","_tribe_ticket_not_going_count":"","_tribe_tickets_list":"[]","_tribe_ticket_has_attendee_info_fields":false,"footnotes":"","_tec_slr_enabled":"","_tec_slr_layout":""},"class_list":["post-479","page","type-page","status-publish","has-post-thumbnail","hentry"],"yoast_head":"<!-- This site is optimized with the Yoast SEO Premium plugin v27.4 (Yoast SEO v27.4) - https:\/\/yoast.com\/product\/yoast-seo-premium-wordpress\/ -->\n<title>\u00bfQu\u00e9 Sucede  Cuando Llamas? - CO4Kids<\/title>\n<meta name=\"robots\" content=\"index, follow, max-snippet:-1, max-image-preview:large, max-video-preview:-1\" \/>\n<link rel=\"canonical\" href=\"https:\/\/co4kids.org\/es\/abuso-y-negligencia-infantil\/que-pasa-despues-de-su-llamada\/\" \/>\n<meta property=\"og:locale\" content=\"es_ES\" \/>\n<meta property=\"og:type\" content=\"article\" \/>\n<meta property=\"og:title\" content=\"\u00bfQu\u00e9 Sucede  Cuando Llamas?\" \/>\n<meta property=\"og:description\" content=\"Mira este v\u00eddeo para aprender m\u00e1s Cuando llames para informar de un problema u obtener ayuda para ti o para otra persona, un profesional certificado te har\u00e1 una serie de...\" \/>\n<meta property=\"og:url\" content=\"https:\/\/co4kids.org\/es\/abuso-y-negligencia-infantil\/que-pasa-despues-de-su-llamada\/\" \/>\n<meta property=\"og:site_name\" content=\"CO4Kids\" \/>\n<meta property=\"article:modified_time\" content=\"2024-12-13T18:47:01+00:00\" \/>\n<meta property=\"og:image\" content=\"https:\/\/co4kids.org\/wp-content\/uploads\/2024\/12\/Frame-63-1-spanish.png\" \/>\n\t<meta property=\"og:image:width\" content=\"900\" \/>\n\t<meta property=\"og:image:height\" content=\"506\" \/>\n\t<meta property=\"og:image:type\" content=\"image\/png\" \/>\n<meta name=\"twitter:card\" content=\"summary_large_image\" \/>\n<meta name=\"twitter:label1\" content=\"Tiempo de lectura\" \/>\n\t<meta name=\"twitter:data1\" content=\"4 minutos\" \/>\n<script type=\"application\/ld+json\" class=\"yoast-schema-graph\">{\"@context\":\"https:\\\/\\\/schema.org\",\"@graph\":[{\"@type\":\"WebPage\",\"@id\":\"https:\\\/\\\/co4kids.org\\\/es\\\/abuso-y-negligencia-infantil\\\/que-pasa-despues-de-su-llamada\\\/\",\"url\":\"https:\\\/\\\/co4kids.org\\\/es\\\/abuso-y-negligencia-infantil\\\/que-pasa-despues-de-su-llamada\\\/\",\"name\":\"\u00bfQu\u00e9 Sucede Cuando Llamas? - CO4Kids\",\"isPartOf\":{\"@id\":\"https:\\\/\\\/co4kids.org\\\/es\\\/#website\"},\"primaryImageOfPage\":{\"@id\":\"https:\\\/\\\/co4kids.org\\\/es\\\/abuso-y-negligencia-infantil\\\/que-pasa-despues-de-su-llamada\\\/#primaryimage\"},\"image\":{\"@id\":\"https:\\\/\\\/co4kids.org\\\/es\\\/abuso-y-negligencia-infantil\\\/que-pasa-despues-de-su-llamada\\\/#primaryimage\"},\"thumbnailUrl\":\"https:\\\/\\\/co4kids.org\\\/wp-content\\\/uploads\\\/2024\\\/12\\\/Frame-63-1-spanish.png\",\"datePublished\":\"2023-03-17T02:39:08+00:00\",\"dateModified\":\"2024-12-13T18:47:01+00:00\",\"breadcrumb\":{\"@id\":\"https:\\\/\\\/co4kids.org\\\/es\\\/abuso-y-negligencia-infantil\\\/que-pasa-despues-de-su-llamada\\\/#breadcrumb\"},\"inLanguage\":\"es\",\"potentialAction\":[{\"@type\":\"ReadAction\",\"target\":[\"https:\\\/\\\/co4kids.org\\\/es\\\/abuso-y-negligencia-infantil\\\/que-pasa-despues-de-su-llamada\\\/\"]}]},{\"@type\":\"ImageObject\",\"inLanguage\":\"es\",\"@id\":\"https:\\\/\\\/co4kids.org\\\/es\\\/abuso-y-negligencia-infantil\\\/que-pasa-despues-de-su-llamada\\\/#primaryimage\",\"url\":\"https:\\\/\\\/co4kids.org\\\/wp-content\\\/uploads\\\/2024\\\/12\\\/Frame-63-1-spanish.png\",\"contentUrl\":\"https:\\\/\\\/co4kids.org\\\/wp-content\\\/uploads\\\/2024\\\/12\\\/Frame-63-1-spanish.png\",\"width\":900,\"height\":506,\"caption\":\"Un ni\u00f1o dibuja con gis en la banqueta.\"},{\"@type\":\"BreadcrumbList\",\"@id\":\"https:\\\/\\\/co4kids.org\\\/es\\\/abuso-y-negligencia-infantil\\\/que-pasa-despues-de-su-llamada\\\/#breadcrumb\",\"itemListElement\":[{\"@type\":\"ListItem\",\"position\":1,\"name\":\"Home\",\"item\":\"https:\\\/\\\/co4kids.org\\\/es\\\/\"},{\"@type\":\"ListItem\",\"position\":2,\"name\":\"Abuso y descuido de menores\",\"item\":\"https:\\\/\\\/co4kids.org\\\/es\\\/abuso-y-negligencia-infantil\\\/\"},{\"@type\":\"ListItem\",\"position\":3,\"name\":\"\u00bfQu\u00e9 Sucede Cuando Llamas?\"}]},{\"@type\":\"WebSite\",\"@id\":\"https:\\\/\\\/co4kids.org\\\/es\\\/#website\",\"url\":\"https:\\\/\\\/co4kids.org\\\/es\\\/\",\"name\":\"CO4Kids\",\"description\":\"If not you, then who?\",\"potentialAction\":[{\"@type\":\"SearchAction\",\"target\":{\"@type\":\"EntryPoint\",\"urlTemplate\":\"https:\\\/\\\/co4kids.org\\\/es\\\/?s={search_term_string}\"},\"query-input\":{\"@type\":\"PropertyValueSpecification\",\"valueRequired\":true,\"valueName\":\"search_term_string\"}}],\"inLanguage\":\"es\"}]}<\/script>\n<!-- \/ Yoast SEO Premium plugin. -->","yoast_head_json":{"title":"\u00bfQu\u00e9 Sucede  Cuando Llamas? - CO4Kids","robots":{"index":"index","follow":"follow","max-snippet":"max-snippet:-1","max-image-preview":"max-image-preview:large","max-video-preview":"max-video-preview:-1"},"canonical":"https:\/\/co4kids.org\/es\/abuso-y-negligencia-infantil\/que-pasa-despues-de-su-llamada\/","og_locale":"es_ES","og_type":"article","og_title":"\u00bfQu\u00e9 Sucede  Cuando Llamas?","og_description":"Mira este v\u00eddeo para aprender m\u00e1s Cuando llames para informar de un problema u obtener ayuda para ti o para otra persona, un profesional certificado te har\u00e1 una serie de...","og_url":"https:\/\/co4kids.org\/es\/abuso-y-negligencia-infantil\/que-pasa-despues-de-su-llamada\/","og_site_name":"CO4Kids","article_modified_time":"2024-12-13T18:47:01+00:00","og_image":[{"width":900,"height":506,"url":"https:\/\/co4kids.org\/wp-content\/uploads\/2024\/12\/Frame-63-1-spanish.png","type":"image\/png"}],"twitter_card":"summary_large_image","twitter_misc":{"Tiempo de lectura":"4 minutos"},"schema":{"@context":"https:\/\/schema.org","@graph":[{"@type":"WebPage","@id":"https:\/\/co4kids.org\/es\/abuso-y-negligencia-infantil\/que-pasa-despues-de-su-llamada\/","url":"https:\/\/co4kids.org\/es\/abuso-y-negligencia-infantil\/que-pasa-despues-de-su-llamada\/","name":"\u00bfQu\u00e9 Sucede Cuando Llamas? - CO4Kids","isPartOf":{"@id":"https:\/\/co4kids.org\/es\/#website"},"primaryImageOfPage":{"@id":"https:\/\/co4kids.org\/es\/abuso-y-negligencia-infantil\/que-pasa-despues-de-su-llamada\/#primaryimage"},"image":{"@id":"https:\/\/co4kids.org\/es\/abuso-y-negligencia-infantil\/que-pasa-despues-de-su-llamada\/#primaryimage"},"thumbnailUrl":"https:\/\/co4kids.org\/wp-content\/uploads\/2024\/12\/Frame-63-1-spanish.png","datePublished":"2023-03-17T02:39:08+00:00","dateModified":"2024-12-13T18:47:01+00:00","breadcrumb":{"@id":"https:\/\/co4kids.org\/es\/abuso-y-negligencia-infantil\/que-pasa-despues-de-su-llamada\/#breadcrumb"},"inLanguage":"es","potentialAction":[{"@type":"ReadAction","target":["https:\/\/co4kids.org\/es\/abuso-y-negligencia-infantil\/que-pasa-despues-de-su-llamada\/"]}]},{"@type":"ImageObject","inLanguage":"es","@id":"https:\/\/co4kids.org\/es\/abuso-y-negligencia-infantil\/que-pasa-despues-de-su-llamada\/#primaryimage","url":"https:\/\/co4kids.org\/wp-content\/uploads\/2024\/12\/Frame-63-1-spanish.png","contentUrl":"https:\/\/co4kids.org\/wp-content\/uploads\/2024\/12\/Frame-63-1-spanish.png","width":900,"height":506,"caption":"Un ni\u00f1o dibuja con gis en la banqueta."},{"@type":"BreadcrumbList","@id":"https:\/\/co4kids.org\/es\/abuso-y-negligencia-infantil\/que-pasa-despues-de-su-llamada\/#breadcrumb","itemListElement":[{"@type":"ListItem","position":1,"name":"Home","item":"https:\/\/co4kids.org\/es\/"},{"@type":"ListItem","position":2,"name":"Abuso y descuido de menores","item":"https:\/\/co4kids.org\/es\/abuso-y-negligencia-infantil\/"},{"@type":"ListItem","position":3,"name":"\u00bfQu\u00e9 Sucede Cuando Llamas?"}]},{"@type":"WebSite","@id":"https:\/\/co4kids.org\/es\/#website","url":"https:\/\/co4kids.org\/es\/","name":"CO4Kids","description":"If not you, then who?","potentialAction":[{"@type":"SearchAction","target":{"@type":"EntryPoint","urlTemplate":"https:\/\/co4kids.org\/es\/?s={search_term_string}"},"query-input":{"@type":"PropertyValueSpecification","valueRequired":true,"valueName":"search_term_string"}}],"inLanguage":"es"}]}},"publishpress_future_workflow_manual_trigger":{"enabledWorkflows":[]},"ticketed":false,"_links":{"self":[{"href":"https:\/\/co4kids.org\/es\/wp-json\/wp\/v2\/pages\/479","targetHints":{"allow":["GET"]}}],"collection":[{"href":"https:\/\/co4kids.org\/es\/wp-json\/wp\/v2\/pages"}],"about":[{"href":"https:\/\/co4kids.org\/es\/wp-json\/wp\/v2\/types\/page"}],"author":[{"embeddable":true,"href":"https:\/\/co4kids.org\/es\/wp-json\/wp\/v2\/users\/1"}],"replies":[{"embeddable":true,"href":"https:\/\/co4kids.org\/es\/wp-json\/wp\/v2\/comments?post=479"}],"version-history":[{"count":0,"href":"https:\/\/co4kids.org\/es\/wp-json\/wp\/v2\/pages\/479\/revisions"}],"up":[{"embeddable":true,"href":"https:\/\/co4kids.org\/es\/wp-json\/wp\/v2\/pages\/474"}],"wp:featuredmedia":[{"embeddable":true,"href":"https:\/\/co4kids.org\/es\/wp-json\/wp\/v2\/media\/30116"}],"wp:attachment":[{"href":"https:\/\/co4kids.org\/es\/wp-json\/wp\/v2\/media?parent=479"}],"curies":[{"name":"wp","href":"https:\/\/api.w.org\/{rel}","templated":true}]}}