{"id":36336,"date":"2023-06-07T20:15:58","date_gmt":"2023-06-08T02:15:58","guid":{"rendered":"https:\/\/co4kids.org\/preguntas-frecuentes-lgtbq\/"},"modified":"2026-01-14T11:04:40","modified_gmt":"2026-01-14T18:04:40","slug":"preguntas-frecuentes-lgtbq","status":"publish","type":"page","link":"https:\/\/co4kids.org\/es\/preguntas-frecuentes-lgtbq\/","title":{"rendered":"Preguntas frecuentes LGTBQ"},"content":{"rendered":"\n<div class=\"has-arrow-mask-down ani-bottom has-arrow-mask-pad has-arrow-mask wp-block-group has-wider-padding has-sticky-radius has-0-9-background-color has-background has-arrow-mask has-arrow-mask-down ani-bottom has-arrow-mask-pad has-global-padding is-layout-constrained wp-block-group-is-layout-constrained\" style=\"border-top-left-radius:15px;border-top-right-radius:15px;margin-bottom:var(--wp--preset--spacing--20)\">\n<header class=\"wp-block-group has-global-padding is-layout-constrained wp-container-core-group-is-layout-7db9d80f wp-block-group-is-layout-constrained\" style=\"padding-right:0;padding-left:0\">\n<div class=\" wp-block-columns has-0-9-background-color has-background is-layout-flex wp-container-core-columns-is-layout-0af18515 wp-block-columns-is-layout-flex\" style=\"margin-bottom:var(--wp--preset--spacing--20)\">\n<div class=\"wp-block-column is-vertically-aligned-center is-layout-flow wp-block-column-is-layout-flow\" style=\"padding-top:var(--wp--preset--spacing--20)\"><h1 style=\"margin-bottom:var(--wp--preset--spacing--20);\" class=\"wp-block-post-title has-h-2-font-size\">Preguntas frecuentes LGTBQ<\/h1>\n\n\n<p class=\" \"><\/p>\n<\/div>\n\n\n\n<div class=\"wp-block-column is-vertically-aligned-top is-first-md is-layout-flow wp-block-column-is-layout-flow\"><figure class=\"ani-bottom has-arrow-mask-down has-arrow-mask wp-block-post-featured-image\"><img loading=\"lazy\" decoding=\"async\" width=\"1200\" height=\"800\" src=\"https:\/\/co4kids.org\/wp-content\/uploads\/2023\/08\/cdhs-co4kids-complaints.jpg\" class=\"attachment-post-thumbnail size-post-thumbnail wp-post-image\" alt=\"Chalk on sidewalk\" style=\"object-fit:cover;\" srcset=\"https:\/\/co4kids.org\/wp-content\/uploads\/2023\/08\/cdhs-co4kids-complaints.jpg 1200w, https:\/\/co4kids.org\/wp-content\/uploads\/2023\/08\/cdhs-co4kids-complaints-450x300.jpg 450w, https:\/\/co4kids.org\/wp-content\/uploads\/2023\/08\/cdhs-co4kids-complaints-1024x683.jpg 1024w, https:\/\/co4kids.org\/wp-content\/uploads\/2023\/08\/cdhs-co4kids-complaints-768x512.jpg 768w\" sizes=\"auto, (max-width: 1200px) 100vw, 1200px\" \/><\/figure><\/div>\n<\/div>\n<\/header>\n<\/div>\n\n<div class=\"ani-bottom has-arrow-mask-down has-arrow-mask wp-block-group has-arrow-mask ani-bottom has-arrow-mask-down has-global-padding is-layout-constrained wp-container-core-group-is-layout-19e250f3 wp-block-group-is-layout-constrained\" style=\"border-style:none;border-width:0px;border-radius:0px\">\n<p class=\"\"><\/p>\n\n\n\n<h2 class=\"wp-block-heading\" style=\"padding-top:var(--wp--preset--spacing--50);padding-bottom:var(--wp--preset--spacing--20)\"><mark style=\"background-color:rgba(0, 0, 0, 0)\" class=\"has-inline-color has-2-5-color\">Las Respuestas a Tus Preguntas<\/mark><\/h2>\n\n\n\n<div class=\"has-arrow-mask-down ani-bottom has-arrow-mask-pad has-arrow-mask wp-block-group has-wider-padding has-sticky-radius has-0-9-color has-1-5-background-color has-text-color has-background has-arrow-mask has-arrow-mask-down ani-bottom has-arrow-mask-pad has-global-padding is-layout-constrained wp-block-group-is-layout-constrained\" style=\"border-top-left-radius:15px;border-top-right-radius:15px;margin-bottom:var(--wp--preset--spacing--20)\">\n<div class=\"wp-block-group has-global-padding is-layout-constrained wp-block-group-is-layout-constrained\" style=\"margin-top:0;padding-top:var(--wp--preset--spacing--20)\">\n<p class=\"\">\u00bfA\u00fan tiene preguntas? A continuaci\u00f3n encontrar\u00e1s respuestas a las preguntas m\u00e1s frecuentes. P\u00f3ngase en contacto con nosotros si no encuentra la informaci\u00f3n que necesita.<\/p>\n<\/div>\n\n\n\n<div class=\"wp-block-aquamin-accordion accordion is-style-lines\" data-accordion-one-always-open=\"false\" data-tab-pre-expand=\"false\">\n<h3 class=\"accordion__label h4\"><button class=\"accordion__button button--basic\" type=\"button\"><strong><strong>Where can I find legal services?<\/strong><br><\/strong><\/button><\/h3><div class=\"accordion__content\"><div class=\"accordion__inside\">\n<p class=\"\"><a href=\"https:\/\/coloradolgbtbar.org\/\">The Colorado Lesbian Gay Bisexual Transgender (\u201cLGBT\u201d) Bar Association<\/a> is a voluntary professional association of gay, lesbian, bisexual and transgender attorneys, judges, paralegals, law students and allies who provide a LGBT presence within Colorado&#8217;s legal community. They exist to promote the recognition of civil and human rights; promote sensitivity to legal issues faced by the LGBT community; assure the fair and just treatment of members of the LGBT community; provide opportunities for LGBT attorneys, judges, law students and allies to interact in a professional setting; build alliances with other minority bar associations and legal organizations; and enhance the practice and professional expertise of lawyers who serve or who are members of the LGBT community.<\/p>\n\n\n\n<p class=\"\"><a href=\"https:\/\/lgbtqcolorado.org\/resources\/wpbdp_category\/legal\/\">Legal resource directory from The Center on Colfax<\/a> The businesses, services and organizations are listed in this directory as a service to the LGBTQ community. The Center makes no promises or guarantees about the accuracy or quality of the services being offered. Vendors, contractors, sponsors, community groups, staff and volunteers, and all other personnel associated with The Center&#8217;s Resource Directory agree at all times to honor and abide by a statement of non-discrimination in word and action.&nbsp;<\/p>\n\n\n\n<p class=\"\"><br><a href=\"https:\/\/aclu-co.org\/\">The ACLU of Colorado<\/a> is the state\u2019s oldest and largest civil rights organization. They are a private institution funded exclusively by donations from supporters. Their mission is to protect, defend and extend the civil rights and civil liberties of all people in Colorado through litigation, education and advocacy.<\/p>\n<\/div><\/div>\n\n\n\n<h3 class=\"accordion__label h4\"><button class=\"accordion__button button--basic\" type=\"button\"><strong><strong>Where can I find medical and mental health resources?<\/strong><br><\/strong><\/button><\/h3><div class=\"accordion__content\"><div class=\"accordion__inside\">\n<p class=\"\"><strong>Medical care<\/strong><\/p>\n\n\n\n<ul class=\"wp-block-list\">\n<li><a href=\"https:\/\/healthonecares.com\/locations\/presbyterian-st-lukes\/patients-visitors\/patient-information\/lgbtq-resources.dot\">Health ONE LGBTQ Resources<\/a>&nbsp;<\/li>\n\n\n\n<li><a href=\"https:\/\/www.plannedparenthood.org\/planned-parenthood-rocky-mountains\/learn\/gender-affirming-care\">Gender Affirming Care at Planned Parenthood Rocky Mountains<\/a><\/li>\n\n\n\n<li><a href=\"https:\/\/lgbtqcolorado.org\/resources\/wpbdp_category\/medical\/\">The Center\u00a0on Colfax Medical Resource Directory<\/a><\/li>\n\n\n\n<li><a href=\"https:\/\/www.facebook.com\/GICColorado\/about\">The Gender Identity Center of Colorado<\/a>&nbsp;&#8211; resources on doctors and therapists welcoming to trans or genderqueer individuals<\/li>\n<\/ul>\n\n\n\n<p class=\"\"><\/p>\n\n\n\n<p class=\"\"><strong>Mental health<\/strong><\/p>\n\n\n\n<ul class=\"wp-block-list\">\n<li><a href=\"https:\/\/lgbtqcolorado.org\/\">The Center on Colfax<\/a>: The Center provides programming, support and services tailored to Colorado\u2019s transgender community. These include weekly transgender social and support programs, a Transgender speakers bureau, and ongoing educational and networking sessions throughout the year.<\/li>\n\n\n\n<li><a href=\"https:\/\/lgbtqcolorado.org\/resources\/wpbdp_category\/mental-health\/\">The Center on Colfax mental health resource directory<\/a><\/li>\n\n\n\n<li><a href=\"https:\/\/www.uchealth.org\/today\/uchealth-looks-to-address-sexual-gender-identity-barriers-to-care\/\">UCH Outpatient Psychiatry, LGBTQ mental health clinic<\/a>: Anschutz Medical Campus, Aurora, Colorado. For appointments, call (303) 724-1000.<\/li>\n\n\n\n<li><a href=\"https:\/\/www.innerbody.com\/online-therapy-guide-for-lgbtq-youth\">Online Therapy Guide for LGBTQ+ Youth<\/a>: This guide identifies some common mental health concerns among LGTBQ+ youth, discusses why finding an LGBTQ-aware therapist is important and helps families parse through websites to identify organizations that can help.<\/li>\n<\/ul>\n<\/div><\/div>\n\n\n\n<h3 class=\"accordion__label h4\"><button class=\"accordion__button button--basic\" type=\"button\"><strong><strong>Where<strong> can I connect with others socially?<\/strong><br><\/strong><\/strong><\/button><\/h3><div class=\"accordion__content\"><div class=\"accordion__inside\">\n<ul class=\"wp-block-list\">\n<li><a href=\"https:\/\/pflag.org\/\">Parents and Friends of Lesbians and Gays (PFLAG):<\/a> PFLAG offers monthly meetings with support groups, programs on various aspects of GLBT lives, and a speaker&#8217;s bureau. They also operate a hotline staffed by parents and friends who provide support to people dealing with concerns about sexual orientation.<\/li>\n<\/ul>\n\n\n\n<p class=\"\"><\/p>\n\n\n\n<ul class=\"wp-block-list\">\n<li><a href=\"https:\/\/mhfb.org\/\">Mile High Freedom Band<\/a>: The Mile High Freedom Band is an established charitable organization serving the LGBT community in Denver since 1984.<\/li>\n<\/ul>\n<\/div><\/div>\n\n\n\n<h3 class=\"accordion__label h4\"><button class=\"accordion__button button--basic\" type=\"button\"><strong><strong>LGBTQ Centers<\/strong><br><\/strong><\/button><\/h3><div class=\"accordion__content\"><div class=\"accordion__inside\">\n<ul class=\"wp-block-list\">\n<li><a href=\"https:\/\/www.glbtcolorado.org\/\">Gay, Lesbian, Bisexual, Transgender Community Center of Colorado (The Center)<\/a>: The GLBTCCC provides Youth Services programs, Support groups, PrideFest organizing, Peer Support, phone help lines, and many other services. Call to inquire about referrals to gay-friendly businesses and resources such as gay and lesbian AA meetings, counselors, social groups, and professional groups.&nbsp;<\/li>\n<\/ul>\n\n\n\n<p class=\"\"><\/p>\n\n\n\n<ul class=\"wp-block-list\">\n<li><a href=\"https:\/\/www.outboulder.org\/\">Out Boulder County<\/a>: Since 1994 Out Boulder County has educated, advocated and provided services, programs and support to Boulder County&#8217;s Lesbian Gay Bisexual Transgender and Queer (LGBTQ) communities. Through activities, support groups and events Out Boulder County reaches over 9,000 people each year. The organization has locations in Boulder and Longmont.<\/li>\n<\/ul>\n\n\n\n<p class=\"\"><\/p>\n\n\n\n<ul class=\"wp-block-list\">\n<li><a href=\"https:\/\/www.milehighgayguy.com\/2010\/03\/meet-la-gente-unida.html\">La Gente Unida<\/a>: La&nbsp; Gente Unida is a nonprofit group whose purpose is to educate ourselves and the public about issues of concern to Latino\/a gay, lesbian, bi and trans people. La Gente an all-volunteer group with no paid staff. They provide speakers for classes and other public forums, periodic lobbying on legislation and ballot initiatives, newsletter updates no more than once a month and a referral network about resources in the community.&nbsp;<\/li>\n<\/ul>\n\n\n\n<p class=\"\"><\/p>\n\n\n\n<ul class=\"wp-block-list\">\n<li><a href=\"https:\/\/www.coloradowestpride.org\/\">Colorado West Pride<\/a>: The largest pride organization on the Western Slope of Colorado, Colorado West Pride works to build a positive environment for the LGBTQ community. As they promote equality, they work alongside the community to make sure it is well-informed and has a voice to make a difference.&nbsp;<\/li>\n<\/ul>\n\n\n\n<p class=\"\"><\/p>\n\n\n\n<ul class=\"wp-block-list\">\n<li><a href=\"https:\/\/4calliancefordiversity.org\/\">Four Corners Alliance for Diversity<\/a>: The Four Corners Alliance for Diversity works to promote equality and social justice for lesbian, gay, bisexual transgender, and queer (LGBTQ+) people in the Four Corners area.<\/li>\n<\/ul>\n\n\n\n<p class=\"\"><\/p>\n\n\n\n<ul class=\"wp-block-list\">\n<li><a href=\"https:\/\/www.nocoequality.org\/\">Northern Colorado Equality<\/a>: Northern Colorado Equality seeks to empower the LGBTQIA+ community and its allies through activities, programs, services and education. Honoring, promoting and celebrating the community\u2019s diversity is the central organizing principle.&nbsp;<\/li>\n<\/ul>\n<\/div><\/div>\n\n\n\n<h3 class=\"accordion__label h4\"><button class=\"accordion__button button--basic\" type=\"button\"><strong><strong><strong>Where can I find LGBTQ youth groups and programs?<\/strong><\/strong><\/strong><\/button><\/h3><div class=\"accordion__content\"><div class=\"accordion__inside\">\n<ul class=\"wp-block-list\">\n<li><a href=\"https:\/\/www.glbtcolorado.org\/programs\/rainbow-alley\/\">Rainbow Alley<\/a> is a safe space supporting LGBTQ youth and their allies ages 10 to 17 at Denver&#8217;s The Center on Colfax.<\/li>\n<\/ul>\n\n\n\n<p class=\"\"><\/p>\n\n\n\n<ul class=\"wp-block-list\">\n<li><a href=\"https:\/\/www.urbanpeak.org\/\">Urban Peak<\/a> helps homeless youth and youth at risk of becoming homeless in the Denver metro area overcome real-life challenges by providing essential services and a supportive community, empowering them to become self-sufficient adults.<\/li>\n<\/ul>\n\n\n\n<p class=\"\"><\/p>\n\n\n\n<ul class=\"wp-block-list\">\n<li><a href=\"https:\/\/www.msudenver.edu\/lgbtq\/\">Metro State University LGBTQ Center<\/a>: The LGBTQ Student Resource Center is a tri-institutional office serving students, faculty and staff of all genders and sexualities on the Auraria Campus.<\/li>\n<\/ul>\n\n\n\n<p class=\"\"><\/p>\n\n\n\n<ul class=\"wp-block-list\">\n<li><a href=\"https:\/\/www.colorado.edu\/cisc\/pride-office\/lgbtq-resources\">CU Boulder LGBTQ Resources<\/a>: The University of Colorado Boulder is home to 11 different student groups offering community for a wide diversity of LGBTQ students, from those that are geared toward professional specializations, such as Out in STEM.&nbsp;<\/li>\n<\/ul>\n\n\n\n<p class=\"\"><\/p>\n\n\n\n<ul class=\"wp-block-list\">\n<li><a href=\"https:\/\/insideoutys.org\/\">Inside\/Out Youth Services<\/a> (Colorado Springs) \u2013 Inside\/Out provides safety and acceptance for LGBTQI+ youth and their allies. Out in the community, they promote understanding, respect and equality. All groups and services at Inside\/Out are provided to our youth free of charge.&nbsp;<\/li>\n<\/ul>\n\n\n\n<p class=\"\"><\/p>\n\n\n\n<ul class=\"wp-block-list\">\n<li><a href=\"https:\/\/www.facebook.com\/TYESgroup\">TYES-Trans-youth education and support of Colorado<\/a> is a Colorado-based, state-wide group supporting all gender-expansive children and their families. TYES is dedicated to helping parents support their gender-expansive children, and to help families find the information, resources and understanding that they need.<\/li>\n<\/ul>\n\n\n\n<p class=\"\"><\/p>\n\n\n\n<ul class=\"wp-block-list\">\n<li><a href=\"https:\/\/bouldercounty.gov\/families\/lgbtqia\/oasos\/\">OASOS<\/a> stands for Open and Affirming Sexual Orientation and gender identity Support and offers a youth group in Boulder County for youth ages 13-18.<\/li>\n<\/ul>\n\n\n\n<p class=\"\"><\/p>\n\n\n\n<ul class=\"wp-block-list\">\n<li><a href=\"https:\/\/splashnoco.org\/\">SPLASH Youth of Northern Colorado<\/a> serves LGBTQIA+ youth ages 5-24, their families, schools and community connections by providing support, resources, referrals, social belongingness and special events in Larimer and Weld Counties.<\/li>\n<\/ul>\n\n\n\n<p class=\"\"><\/p>\n\n\n\n<ul class=\"wp-block-list\">\n<li><a href=\"https:\/\/www.rainbowyouthcenter.org\/\">Rainbow Youth Center<\/a> seeks to build a brave, anti-racist, anti-oppressive, non-judgmental and visible space and community for Two Spirit, Lesbian, Gay, Bisexual, Transgender, Queer, Questioning, Intersex, Asexual (2SLGBTQIA+) youth, families and allies in Southwest Colorado.<\/li>\n<\/ul>\n\n\n\n<p class=\"\"><\/p>\n\n\n\n<ul class=\"wp-block-list\">\n<li><a href=\"https:\/\/youthseen.org\/\">Youth Seen<\/a> offers support groups for parents and queer youth, social activities and summer programs for the Colorado Queer and Trans BIPOC (Black Indigenous People of Color) community and organizes Black Pride Colorado.<\/li>\n<\/ul>\n<\/div><\/div>\n\n\n\n<h3 class=\"accordion__label h4\"><button class=\"accordion__button button--basic\" type=\"button\"><strong><strong><strong>Where can I find financial and employment resources?<\/strong><br><\/strong><\/strong><\/button><\/h3><div class=\"accordion__content\"><div class=\"accordion__inside\">\n<ul class=\"wp-block-list\">\n<li><a href=\"https:\/\/www.thealexanderfoundation.org\/\">The Alexander Foundation<\/a> exists to enhance the lives of gay, lesbian, bisexual and transgender people by providing financial assistance to those in need throughout Colorado.<\/li>\n\n\n\n<li><a href=\"https:\/\/cdle.colorado.gov\/wfc\">Colorado Workforce Centers<\/a>: Workforce Centers provide a variety of free services to assist employers and job seekers alike. These include:\n<ul class=\"wp-block-list\">\n<li>Job listings<\/li>\n\n\n\n<li>Computer and Internet access<\/li>\n\n\n\n<li>Career counseling and training for job seekers<\/li>\n\n\n\n<li>Recruitment of workers, pre-screening and referral services<\/li>\n\n\n\n<li>Tax credits and training reimbursement for employers<\/li>\n\n\n\n<li>Customers can choose either self-service or staff-assisted options to meet their employment needs.<\/li>\n<\/ul>\n<\/li>\n<\/ul>\n<\/div><\/div>\n<\/div>\n<\/div>\n<\/div>\n","protected":false},"excerpt":{"rendered":"<p>Las Respuestas a Tus Preguntas \u00bfA\u00fan tiene preguntas? A continuaci\u00f3n encontrar\u00e1s respuestas a las preguntas m\u00e1s frecuentes. P\u00f3ngase en contacto con nosotros si no encuentra la informaci\u00f3n que necesita.<\/p>\n","protected":false},"author":11,"featured_media":4638,"parent":0,"menu_order":0,"comment_status":"closed","ping_status":"closed","template":"","meta":{"_aquamin_featured_video":"","_aquamin_featured_post":false,"_price":"","_stock":"","_tribe_ticket_header":"","_tribe_default_ticket_provider":"","_tribe_ticket_capacity":"0","_ticket_start_date":"","_ticket_end_date":"","_tribe_ticket_show_description":"","_tribe_ticket_show_not_going":false,"_tribe_ticket_use_global_stock":"","_tribe_ticket_global_stock_level":"","_global_stock_mode":"","_global_stock_cap":"","_tribe_rsvp_for_event":"","_tribe_ticket_going_count":"","_tribe_ticket_not_going_count":"","_tribe_tickets_list":"[]","_tribe_ticket_has_attendee_info_fields":false,"footnotes":"","_tec_slr_enabled":"","_tec_slr_layout":""},"class_list":["post-36336","page","type-page","status-publish","has-post-thumbnail","hentry"],"yoast_head":"<!-- This site is optimized with the Yoast SEO Premium plugin v27.4 (Yoast SEO v27.4) - https:\/\/yoast.com\/product\/yoast-seo-premium-wordpress\/ -->\n<title>Preguntas frecuentes LGTBQ - CO4Kids<\/title>\n<meta name=\"robots\" content=\"index, follow, max-snippet:-1, max-image-preview:large, max-video-preview:-1\" \/>\n<link rel=\"canonical\" href=\"https:\/\/co4kids.org\/es\/preguntas-frecuentes-lgtbq\/\" \/>\n<meta property=\"og:locale\" content=\"es_ES\" \/>\n<meta property=\"og:type\" content=\"article\" \/>\n<meta property=\"og:title\" content=\"Preguntas frecuentes LGTBQ\" \/>\n<meta property=\"og:description\" content=\"Las Respuestas a Tus Preguntas \u00bfA\u00fan tiene preguntas? A continuaci\u00f3n encontrar\u00e1s respuestas a las preguntas m\u00e1s frecuentes. P\u00f3ngase en contacto con nosotros si no encuentra la informaci\u00f3n que necesita.\" \/>\n<meta property=\"og:url\" content=\"https:\/\/co4kids.org\/es\/preguntas-frecuentes-lgtbq\/\" \/>\n<meta property=\"og:site_name\" content=\"CO4Kids\" \/>\n<meta property=\"article:modified_time\" content=\"2026-01-14T18:04:40+00:00\" \/>\n<meta property=\"og:image\" content=\"https:\/\/co4kids.org\/wp-content\/uploads\/2023\/08\/cdhs-co4kids-complaints.jpg\" \/>\n\t<meta property=\"og:image:width\" content=\"1200\" \/>\n\t<meta property=\"og:image:height\" content=\"800\" \/>\n\t<meta property=\"og:image:type\" content=\"image\/jpeg\" \/>\n<meta name=\"twitter:card\" content=\"summary_large_image\" \/>\n<script type=\"application\/ld+json\" class=\"yoast-schema-graph\">{\"@context\":\"https:\\\/\\\/schema.org\",\"@graph\":[{\"@type\":\"WebPage\",\"@id\":\"https:\\\/\\\/co4kids.org\\\/es\\\/preguntas-frecuentes-lgtbq\\\/\",\"url\":\"https:\\\/\\\/co4kids.org\\\/es\\\/preguntas-frecuentes-lgtbq\\\/\",\"name\":\"Preguntas frecuentes LGTBQ - CO4Kids\",\"isPartOf\":{\"@id\":\"https:\\\/\\\/co4kids.org\\\/es\\\/#website\"},\"primaryImageOfPage\":{\"@id\":\"https:\\\/\\\/co4kids.org\\\/es\\\/preguntas-frecuentes-lgtbq\\\/#primaryimage\"},\"image\":{\"@id\":\"https:\\\/\\\/co4kids.org\\\/es\\\/preguntas-frecuentes-lgtbq\\\/#primaryimage\"},\"thumbnailUrl\":\"https:\\\/\\\/co4kids.org\\\/wp-content\\\/uploads\\\/2023\\\/08\\\/cdhs-co4kids-complaints.jpg\",\"datePublished\":\"2023-06-08T02:15:58+00:00\",\"dateModified\":\"2026-01-14T18:04:40+00:00\",\"breadcrumb\":{\"@id\":\"https:\\\/\\\/co4kids.org\\\/es\\\/preguntas-frecuentes-lgtbq\\\/#breadcrumb\"},\"inLanguage\":\"es\",\"potentialAction\":[{\"@type\":\"ReadAction\",\"target\":[\"https:\\\/\\\/co4kids.org\\\/es\\\/preguntas-frecuentes-lgtbq\\\/\"]}]},{\"@type\":\"ImageObject\",\"inLanguage\":\"es\",\"@id\":\"https:\\\/\\\/co4kids.org\\\/es\\\/preguntas-frecuentes-lgtbq\\\/#primaryimage\",\"url\":\"https:\\\/\\\/co4kids.org\\\/wp-content\\\/uploads\\\/2023\\\/08\\\/cdhs-co4kids-complaints.jpg\",\"contentUrl\":\"https:\\\/\\\/co4kids.org\\\/wp-content\\\/uploads\\\/2023\\\/08\\\/cdhs-co4kids-complaints.jpg\",\"width\":1200,\"height\":800,\"caption\":\"Chalk on sidewalk\"},{\"@type\":\"BreadcrumbList\",\"@id\":\"https:\\\/\\\/co4kids.org\\\/es\\\/preguntas-frecuentes-lgtbq\\\/#breadcrumb\",\"itemListElement\":[{\"@type\":\"ListItem\",\"position\":1,\"name\":\"Home\",\"item\":\"https:\\\/\\\/co4kids.org\\\/es\\\/\"},{\"@type\":\"ListItem\",\"position\":2,\"name\":\"Preguntas frecuentes LGTBQ\"}]},{\"@type\":\"WebSite\",\"@id\":\"https:\\\/\\\/co4kids.org\\\/es\\\/#website\",\"url\":\"https:\\\/\\\/co4kids.org\\\/es\\\/\",\"name\":\"CO4Kids\",\"description\":\"If not you, then who?\",\"potentialAction\":[{\"@type\":\"SearchAction\",\"target\":{\"@type\":\"EntryPoint\",\"urlTemplate\":\"https:\\\/\\\/co4kids.org\\\/es\\\/?s={search_term_string}\"},\"query-input\":{\"@type\":\"PropertyValueSpecification\",\"valueRequired\":true,\"valueName\":\"search_term_string\"}}],\"inLanguage\":\"es\"}]}<\/script>\n<!-- \/ Yoast SEO Premium plugin. -->","yoast_head_json":{"title":"Preguntas frecuentes LGTBQ - CO4Kids","robots":{"index":"index","follow":"follow","max-snippet":"max-snippet:-1","max-image-preview":"max-image-preview:large","max-video-preview":"max-video-preview:-1"},"canonical":"https:\/\/co4kids.org\/es\/preguntas-frecuentes-lgtbq\/","og_locale":"es_ES","og_type":"article","og_title":"Preguntas frecuentes LGTBQ","og_description":"Las Respuestas a Tus Preguntas \u00bfA\u00fan tiene preguntas? A continuaci\u00f3n encontrar\u00e1s respuestas a las preguntas m\u00e1s frecuentes. P\u00f3ngase en contacto con nosotros si no encuentra la informaci\u00f3n que necesita.","og_url":"https:\/\/co4kids.org\/es\/preguntas-frecuentes-lgtbq\/","og_site_name":"CO4Kids","article_modified_time":"2026-01-14T18:04:40+00:00","og_image":[{"width":1200,"height":800,"url":"https:\/\/co4kids.org\/wp-content\/uploads\/2023\/08\/cdhs-co4kids-complaints.jpg","type":"image\/jpeg"}],"twitter_card":"summary_large_image","schema":{"@context":"https:\/\/schema.org","@graph":[{"@type":"WebPage","@id":"https:\/\/co4kids.org\/es\/preguntas-frecuentes-lgtbq\/","url":"https:\/\/co4kids.org\/es\/preguntas-frecuentes-lgtbq\/","name":"Preguntas frecuentes LGTBQ - CO4Kids","isPartOf":{"@id":"https:\/\/co4kids.org\/es\/#website"},"primaryImageOfPage":{"@id":"https:\/\/co4kids.org\/es\/preguntas-frecuentes-lgtbq\/#primaryimage"},"image":{"@id":"https:\/\/co4kids.org\/es\/preguntas-frecuentes-lgtbq\/#primaryimage"},"thumbnailUrl":"https:\/\/co4kids.org\/wp-content\/uploads\/2023\/08\/cdhs-co4kids-complaints.jpg","datePublished":"2023-06-08T02:15:58+00:00","dateModified":"2026-01-14T18:04:40+00:00","breadcrumb":{"@id":"https:\/\/co4kids.org\/es\/preguntas-frecuentes-lgtbq\/#breadcrumb"},"inLanguage":"es","potentialAction":[{"@type":"ReadAction","target":["https:\/\/co4kids.org\/es\/preguntas-frecuentes-lgtbq\/"]}]},{"@type":"ImageObject","inLanguage":"es","@id":"https:\/\/co4kids.org\/es\/preguntas-frecuentes-lgtbq\/#primaryimage","url":"https:\/\/co4kids.org\/wp-content\/uploads\/2023\/08\/cdhs-co4kids-complaints.jpg","contentUrl":"https:\/\/co4kids.org\/wp-content\/uploads\/2023\/08\/cdhs-co4kids-complaints.jpg","width":1200,"height":800,"caption":"Chalk on sidewalk"},{"@type":"BreadcrumbList","@id":"https:\/\/co4kids.org\/es\/preguntas-frecuentes-lgtbq\/#breadcrumb","itemListElement":[{"@type":"ListItem","position":1,"name":"Home","item":"https:\/\/co4kids.org\/es\/"},{"@type":"ListItem","position":2,"name":"Preguntas frecuentes LGTBQ"}]},{"@type":"WebSite","@id":"https:\/\/co4kids.org\/es\/#website","url":"https:\/\/co4kids.org\/es\/","name":"CO4Kids","description":"If not you, then who?","potentialAction":[{"@type":"SearchAction","target":{"@type":"EntryPoint","urlTemplate":"https:\/\/co4kids.org\/es\/?s={search_term_string}"},"query-input":{"@type":"PropertyValueSpecification","valueRequired":true,"valueName":"search_term_string"}}],"inLanguage":"es"}]}},"publishpress_future_workflow_manual_trigger":{"enabledWorkflows":[]},"ticketed":false,"_links":{"self":[{"href":"https:\/\/co4kids.org\/es\/wp-json\/wp\/v2\/pages\/36336","targetHints":{"allow":["GET"]}}],"collection":[{"href":"https:\/\/co4kids.org\/es\/wp-json\/wp\/v2\/pages"}],"about":[{"href":"https:\/\/co4kids.org\/es\/wp-json\/wp\/v2\/types\/page"}],"author":[{"embeddable":true,"href":"https:\/\/co4kids.org\/es\/wp-json\/wp\/v2\/users\/11"}],"replies":[{"embeddable":true,"href":"https:\/\/co4kids.org\/es\/wp-json\/wp\/v2\/comments?post=36336"}],"version-history":[{"count":0,"href":"https:\/\/co4kids.org\/es\/wp-json\/wp\/v2\/pages\/36336\/revisions"}],"wp:featuredmedia":[{"embeddable":true,"href":"https:\/\/co4kids.org\/es\/wp-json\/wp\/v2\/media\/4638"}],"wp:attachment":[{"href":"https:\/\/co4kids.org\/es\/wp-json\/wp\/v2\/media?parent=36336"}],"curies":[{"name":"wp","href":"https:\/\/api.w.org\/{rel}","templated":true}]}}