{"id":36329,"date":"2023-06-07T17:30:19","date_gmt":"2023-06-07T23:30:19","guid":{"rendered":"https:\/\/co4kids.org\/recursos-profesionales\/acceso-a-medicaid\/"},"modified":"2025-03-08T00:19:32","modified_gmt":"2025-03-08T07:19:32","slug":"acceso-a-medicaid","status":"publish","type":"page","link":"https:\/\/co4kids.org\/es\/recursos-profesionales\/acceso-a-medicaid\/","title":{"rendered":"Acceso a Medicaid"},"content":{"rendered":"\n<div class=\"has-arrow-mask-down ani-bottom has-arrow-mask-pad has-arrow-mask wp-block-group has-wider-padding has-sticky-radius has-0-9-background-color has-background has-arrow-mask has-arrow-mask-down ani-bottom has-arrow-mask-pad has-global-padding is-layout-constrained wp-block-group-is-layout-constrained\" style=\"border-top-left-radius:15px;border-top-right-radius:15px;margin-bottom:var(--wp--preset--spacing--20)\">\n<header class=\"wp-block-group has-global-padding is-layout-constrained wp-container-core-group-is-layout-7db9d80f wp-block-group-is-layout-constrained\" style=\"padding-right:0;padding-left:0\">\n<div class=\" wp-block-columns has-0-9-background-color has-background is-layout-flex wp-container-core-columns-is-layout-0af18515 wp-block-columns-is-layout-flex\" style=\"margin-bottom:var(--wp--preset--spacing--20)\">\n<div class=\"wp-block-column is-vertically-aligned-center is-layout-flow wp-block-column-is-layout-flow\" style=\"padding-top:var(--wp--preset--spacing--20)\"><h1 style=\"margin-bottom:var(--wp--preset--spacing--20);\" class=\"wp-block-post-title has-h-2-font-size\">Acceso a Medicaid<\/h1>\n\n\n<p class=\" \"><br\/>\u00bfEres un asistente social interesado en saber m\u00e1s sobre c\u00f3mo abrir, gestionar o cerrar el derecho a Medicaid para ni\u00f1os y j\u00f3venes que participan en el sistema de bienestar infantil? El Departamento de Servicios Humanos de Colorado ha publicado nuevas orientaciones, aclaraciones y recursos. <\/p>\n\n\n\n<div class=\"wp-block-buttons is-layout-flex wp-block-buttons-is-layout-flex\">\n<div class=\"wp-block-button is-style-arrowed\"><a class=\"wp-block-button__link wp-element-button\" href=\"https:\/\/cdhs.colorado.gov\/medicaid-eligibility-for-child-welfare\" target=\"_blank\" rel=\"noreferrer noopener\">Saber m\u00e1s<\/a><\/div>\n<\/div>\n<\/div>\n\n\n\n<div class=\"wp-block-column is-vertically-aligned-top is-first-md is-layout-flow wp-block-column-is-layout-flow\"><figure class=\"ani-bottom has-arrow-mask-down has-arrow-mask wp-block-post-featured-image\"><img loading=\"lazy\" decoding=\"async\" width=\"1200\" height=\"800\" src=\"https:\/\/co4kids.org\/wp-content\/uploads\/2023\/08\/co4kids-accessing-medicaid.jpg\" class=\"attachment-post-thumbnail size-post-thumbnail wp-post-image\" alt=\"A pile of colorful chalk pieces on a surface covered in chalk scribbles\" style=\"object-fit:cover;\" srcset=\"https:\/\/co4kids.org\/wp-content\/uploads\/2023\/08\/co4kids-accessing-medicaid.jpg 1200w, https:\/\/co4kids.org\/wp-content\/uploads\/2023\/08\/co4kids-accessing-medicaid-450x300.jpg 450w, https:\/\/co4kids.org\/wp-content\/uploads\/2023\/08\/co4kids-accessing-medicaid-1024x683.jpg 1024w, https:\/\/co4kids.org\/wp-content\/uploads\/2023\/08\/co4kids-accessing-medicaid-768x512.jpg 768w\" sizes=\"auto, (max-width: 1200px) 100vw, 1200px\" \/><\/figure><\/div>\n<\/div>\n<\/header>\n<\/div>\n","protected":false},"excerpt":{"rendered":"<p>\u00bfEres un asistente social interesado en saber m\u00e1s sobre c\u00f3mo abrir, gestionar o cerrar el derecho a Medicaid para ni\u00f1os y j\u00f3venes que participan en el sistema de bienestar infantil?&#8230;<\/p>\n","protected":false},"author":15,"featured_media":4886,"parent":540,"menu_order":0,"comment_status":"closed","ping_status":"closed","template":"","meta":{"_aquamin_featured_video":"","_aquamin_featured_post":false,"_price":"","_stock":"","_tribe_ticket_header":"","_tribe_default_ticket_provider":"","_tribe_ticket_capacity":"0","_ticket_start_date":"","_ticket_end_date":"","_tribe_ticket_show_description":"","_tribe_ticket_show_not_going":false,"_tribe_ticket_use_global_stock":"","_tribe_ticket_global_stock_level":"","_global_stock_mode":"","_global_stock_cap":"","_tribe_rsvp_for_event":"","_tribe_ticket_going_count":"","_tribe_ticket_not_going_count":"","_tribe_tickets_list":"[]","_tribe_ticket_has_attendee_info_fields":false,"footnotes":"","_tec_slr_enabled":"","_tec_slr_layout":""},"class_list":["post-36329","page","type-page","status-publish","has-post-thumbnail","hentry"],"yoast_head":"<!-- This site is optimized with the Yoast SEO Premium plugin v27.3 (Yoast SEO v27.3) - https:\/\/yoast.com\/product\/yoast-seo-premium-wordpress\/ -->\n<title>Acceso a Medicaid - CO4Kids<\/title>\n<meta name=\"robots\" content=\"index, follow, max-snippet:-1, max-image-preview:large, max-video-preview:-1\" \/>\n<link rel=\"canonical\" href=\"https:\/\/co4kids.org\/es\/recursos-profesionales\/acceso-a-medicaid\/\" \/>\n<meta property=\"og:locale\" content=\"es_ES\" \/>\n<meta property=\"og:type\" content=\"article\" \/>\n<meta property=\"og:title\" content=\"Acceso a Medicaid\" \/>\n<meta property=\"og:description\" content=\"\u00bfEres un asistente social interesado en saber m\u00e1s sobre c\u00f3mo abrir, gestionar o cerrar el derecho a Medicaid para ni\u00f1os y j\u00f3venes que participan en el sistema de bienestar infantil?...\" \/>\n<meta property=\"og:url\" content=\"https:\/\/co4kids.org\/es\/recursos-profesionales\/acceso-a-medicaid\/\" \/>\n<meta property=\"og:site_name\" content=\"CO4Kids\" \/>\n<meta property=\"article:modified_time\" content=\"2025-03-08T07:19:32+00:00\" \/>\n<meta property=\"og:image\" content=\"https:\/\/co4kids.org\/wp-content\/uploads\/2023\/08\/co4kids-accessing-medicaid.jpg\" \/>\n\t<meta property=\"og:image:width\" content=\"1200\" \/>\n\t<meta property=\"og:image:height\" content=\"800\" \/>\n\t<meta property=\"og:image:type\" content=\"image\/jpeg\" \/>\n<meta name=\"twitter:card\" content=\"summary_large_image\" \/>\n<script type=\"application\/ld+json\" class=\"yoast-schema-graph\">{\"@context\":\"https:\\\/\\\/schema.org\",\"@graph\":[{\"@type\":\"WebPage\",\"@id\":\"https:\\\/\\\/co4kids.org\\\/es\\\/recursos-profesionales\\\/acceso-a-medicaid\\\/\",\"url\":\"https:\\\/\\\/co4kids.org\\\/es\\\/recursos-profesionales\\\/acceso-a-medicaid\\\/\",\"name\":\"Acceso a Medicaid - CO4Kids\",\"isPartOf\":{\"@id\":\"https:\\\/\\\/co4kids.org\\\/es\\\/#website\"},\"primaryImageOfPage\":{\"@id\":\"https:\\\/\\\/co4kids.org\\\/es\\\/recursos-profesionales\\\/acceso-a-medicaid\\\/#primaryimage\"},\"image\":{\"@id\":\"https:\\\/\\\/co4kids.org\\\/es\\\/recursos-profesionales\\\/acceso-a-medicaid\\\/#primaryimage\"},\"thumbnailUrl\":\"https:\\\/\\\/co4kids.org\\\/wp-content\\\/uploads\\\/2023\\\/08\\\/co4kids-accessing-medicaid.jpg\",\"datePublished\":\"2023-06-07T23:30:19+00:00\",\"dateModified\":\"2025-03-08T07:19:32+00:00\",\"breadcrumb\":{\"@id\":\"https:\\\/\\\/co4kids.org\\\/es\\\/recursos-profesionales\\\/acceso-a-medicaid\\\/#breadcrumb\"},\"inLanguage\":\"es\",\"potentialAction\":[{\"@type\":\"ReadAction\",\"target\":[\"https:\\\/\\\/co4kids.org\\\/es\\\/recursos-profesionales\\\/acceso-a-medicaid\\\/\"]}]},{\"@type\":\"ImageObject\",\"inLanguage\":\"es\",\"@id\":\"https:\\\/\\\/co4kids.org\\\/es\\\/recursos-profesionales\\\/acceso-a-medicaid\\\/#primaryimage\",\"url\":\"https:\\\/\\\/co4kids.org\\\/wp-content\\\/uploads\\\/2023\\\/08\\\/co4kids-accessing-medicaid.jpg\",\"contentUrl\":\"https:\\\/\\\/co4kids.org\\\/wp-content\\\/uploads\\\/2023\\\/08\\\/co4kids-accessing-medicaid.jpg\",\"width\":1200,\"height\":800,\"caption\":\"A pile of colorful chalk pieces on a surface covered in chalk scribbles\"},{\"@type\":\"BreadcrumbList\",\"@id\":\"https:\\\/\\\/co4kids.org\\\/es\\\/recursos-profesionales\\\/acceso-a-medicaid\\\/#breadcrumb\",\"itemListElement\":[{\"@type\":\"ListItem\",\"position\":1,\"name\":\"Home\",\"item\":\"https:\\\/\\\/co4kids.org\\\/es\\\/\"},{\"@type\":\"ListItem\",\"position\":2,\"name\":\"Recursos profesionales\",\"item\":\"https:\\\/\\\/co4kids.org\\\/es\\\/recursos-profesionales\\\/\"},{\"@type\":\"ListItem\",\"position\":3,\"name\":\"Acceso a Medicaid\"}]},{\"@type\":\"WebSite\",\"@id\":\"https:\\\/\\\/co4kids.org\\\/es\\\/#website\",\"url\":\"https:\\\/\\\/co4kids.org\\\/es\\\/\",\"name\":\"CO4Kids\",\"description\":\"If not you, then who?\",\"potentialAction\":[{\"@type\":\"SearchAction\",\"target\":{\"@type\":\"EntryPoint\",\"urlTemplate\":\"https:\\\/\\\/co4kids.org\\\/es\\\/?s={search_term_string}\"},\"query-input\":{\"@type\":\"PropertyValueSpecification\",\"valueRequired\":true,\"valueName\":\"search_term_string\"}}],\"inLanguage\":\"es\"}]}<\/script>\n<!-- \/ Yoast SEO Premium plugin. -->","yoast_head_json":{"title":"Acceso a Medicaid - CO4Kids","robots":{"index":"index","follow":"follow","max-snippet":"max-snippet:-1","max-image-preview":"max-image-preview:large","max-video-preview":"max-video-preview:-1"},"canonical":"https:\/\/co4kids.org\/es\/recursos-profesionales\/acceso-a-medicaid\/","og_locale":"es_ES","og_type":"article","og_title":"Acceso a Medicaid","og_description":"\u00bfEres un asistente social interesado en saber m\u00e1s sobre c\u00f3mo abrir, gestionar o cerrar el derecho a Medicaid para ni\u00f1os y j\u00f3venes que participan en el sistema de bienestar infantil?...","og_url":"https:\/\/co4kids.org\/es\/recursos-profesionales\/acceso-a-medicaid\/","og_site_name":"CO4Kids","article_modified_time":"2025-03-08T07:19:32+00:00","og_image":[{"width":1200,"height":800,"url":"https:\/\/co4kids.org\/wp-content\/uploads\/2023\/08\/co4kids-accessing-medicaid.jpg","type":"image\/jpeg"}],"twitter_card":"summary_large_image","schema":{"@context":"https:\/\/schema.org","@graph":[{"@type":"WebPage","@id":"https:\/\/co4kids.org\/es\/recursos-profesionales\/acceso-a-medicaid\/","url":"https:\/\/co4kids.org\/es\/recursos-profesionales\/acceso-a-medicaid\/","name":"Acceso a Medicaid - CO4Kids","isPartOf":{"@id":"https:\/\/co4kids.org\/es\/#website"},"primaryImageOfPage":{"@id":"https:\/\/co4kids.org\/es\/recursos-profesionales\/acceso-a-medicaid\/#primaryimage"},"image":{"@id":"https:\/\/co4kids.org\/es\/recursos-profesionales\/acceso-a-medicaid\/#primaryimage"},"thumbnailUrl":"https:\/\/co4kids.org\/wp-content\/uploads\/2023\/08\/co4kids-accessing-medicaid.jpg","datePublished":"2023-06-07T23:30:19+00:00","dateModified":"2025-03-08T07:19:32+00:00","breadcrumb":{"@id":"https:\/\/co4kids.org\/es\/recursos-profesionales\/acceso-a-medicaid\/#breadcrumb"},"inLanguage":"es","potentialAction":[{"@type":"ReadAction","target":["https:\/\/co4kids.org\/es\/recursos-profesionales\/acceso-a-medicaid\/"]}]},{"@type":"ImageObject","inLanguage":"es","@id":"https:\/\/co4kids.org\/es\/recursos-profesionales\/acceso-a-medicaid\/#primaryimage","url":"https:\/\/co4kids.org\/wp-content\/uploads\/2023\/08\/co4kids-accessing-medicaid.jpg","contentUrl":"https:\/\/co4kids.org\/wp-content\/uploads\/2023\/08\/co4kids-accessing-medicaid.jpg","width":1200,"height":800,"caption":"A pile of colorful chalk pieces on a surface covered in chalk scribbles"},{"@type":"BreadcrumbList","@id":"https:\/\/co4kids.org\/es\/recursos-profesionales\/acceso-a-medicaid\/#breadcrumb","itemListElement":[{"@type":"ListItem","position":1,"name":"Home","item":"https:\/\/co4kids.org\/es\/"},{"@type":"ListItem","position":2,"name":"Recursos profesionales","item":"https:\/\/co4kids.org\/es\/recursos-profesionales\/"},{"@type":"ListItem","position":3,"name":"Acceso a Medicaid"}]},{"@type":"WebSite","@id":"https:\/\/co4kids.org\/es\/#website","url":"https:\/\/co4kids.org\/es\/","name":"CO4Kids","description":"If not you, then who?","potentialAction":[{"@type":"SearchAction","target":{"@type":"EntryPoint","urlTemplate":"https:\/\/co4kids.org\/es\/?s={search_term_string}"},"query-input":{"@type":"PropertyValueSpecification","valueRequired":true,"valueName":"search_term_string"}}],"inLanguage":"es"}]}},"publishpress_future_workflow_manual_trigger":{"enabledWorkflows":[]},"ticketed":false,"_links":{"self":[{"href":"https:\/\/co4kids.org\/es\/wp-json\/wp\/v2\/pages\/36329","targetHints":{"allow":["GET"]}}],"collection":[{"href":"https:\/\/co4kids.org\/es\/wp-json\/wp\/v2\/pages"}],"about":[{"href":"https:\/\/co4kids.org\/es\/wp-json\/wp\/v2\/types\/page"}],"author":[{"embeddable":true,"href":"https:\/\/co4kids.org\/es\/wp-json\/wp\/v2\/users\/15"}],"replies":[{"embeddable":true,"href":"https:\/\/co4kids.org\/es\/wp-json\/wp\/v2\/comments?post=36329"}],"version-history":[{"count":0,"href":"https:\/\/co4kids.org\/es\/wp-json\/wp\/v2\/pages\/36329\/revisions"}],"up":[{"embeddable":true,"href":"https:\/\/co4kids.org\/es\/wp-json\/wp\/v2\/pages\/540"}],"wp:featuredmedia":[{"embeddable":true,"href":"https:\/\/co4kids.org\/es\/wp-json\/wp\/v2\/media\/4886"}],"wp:attachment":[{"href":"https:\/\/co4kids.org\/es\/wp-json\/wp\/v2\/media?parent=36329"}],"curies":[{"name":"wp","href":"https:\/\/api.w.org\/{rel}","templated":true}]}}