{"id":14204,"date":"2024-03-01T13:55:17","date_gmt":"2024-03-01T20:55:17","guid":{"rendered":"https:\/\/co4kids.org\/?page_id=14204"},"modified":"2024-12-09T12:20:39","modified_gmt":"2024-12-09T19:20:39","slug":"capm2024","status":"publish","type":"page","link":"https:\/\/co4kids.org\/es\/capm2024\/","title":{"rendered":"Mes de la Prevenci\u00f3n del Abuso Infantil"},"content":{"rendered":"\n<div class=\"has-arrow-mask-down ani-bottom has-arrow-mask-pad has-arrow-mask wp-block-group has-wider-padding has-sticky-radius has-0-9-background-color has-background has-arrow-mask has-arrow-mask-down ani-bottom has-arrow-mask-pad has-global-padding is-layout-constrained wp-block-group-is-layout-constrained\" style=\"border-top-left-radius:15px;border-top-right-radius:15px;margin-bottom:var(--wp--preset--spacing--20)\">\n<div class=\"has-arrow-mask-down ani-bottom has-arrow-mask-pad has-arrow-mask wp-block-group has-wider-padding has-sticky-radius has-0-9-background-color has-background has-arrow-mask has-arrow-mask-down ani-bottom has-arrow-mask-pad has-global-padding is-layout-constrained wp-block-group-is-layout-constrained\" style=\"border-top-left-radius:15px;border-top-right-radius:15px;margin-bottom:var(--wp--preset--spacing--20)\">\n<header class=\"wp-block-group has-global-padding is-layout-constrained wp-container-core-group-is-layout-7db9d80f wp-block-group-is-layout-constrained\" style=\"padding-right:0;padding-left:0\">\n<div class=\"wp-block-columns has-0-9-background-color has-background is-layout-flex wp-container-core-columns-is-layout-0af18515 wp-block-columns-is-layout-flex\" style=\"margin-bottom:var(--wp--preset--spacing--20)\">\n<div class=\"wp-block-column is-vertically-aligned-center is-layout-flow wp-block-column-is-layout-flow\" style=\"padding-top:var(--wp--preset--spacing--20)\">\n<h3 class=\"wp-block-heading has-2-5-color has-text-color has-link-color wp-elements-9f1ebc0a45c4ac3378efb77a37b81d72\">\u00a1Est\u00e1s Invitado!<\/h3>\n\n\n\n<h2 class=\"wp-block-heading has-1-5-color has-text-color has-link-color wp-elements-070f148e655278dd218ad1411fdc0c46\">Mes de la Prevenci\u00f3n del Abuso Infantil<\/h2>\n<\/div>\n\n\n\n<div class=\"wp-block-column is-vertically-aligned-top is-first-md is-layout-flow wp-block-column-is-layout-flow\">\n<figure class=\"has-arrow-mask-down ani-bottom has-arrow-mask wp-block-image size-full has-arrow-mask has-arrow-mask-down ani-bottom\"><img loading=\"lazy\" decoding=\"async\" width=\"1920\" height=\"1280\" src=\"https:\/\/co4kids.org\/wp-content\/uploads\/2024\/02\/z365Client-Projects-AdobeStock.jpeg\" alt=\"Un primer plano del perfil de la cabeza de una jirafa.\" class=\"wp-image-14094\" srcset=\"https:\/\/co4kids.org\/wp-content\/uploads\/2024\/02\/z365Client-Projects-AdobeStock.jpeg 1920w, https:\/\/co4kids.org\/wp-content\/uploads\/2024\/02\/z365Client-Projects-AdobeStock-450x300.jpeg 450w, https:\/\/co4kids.org\/wp-content\/uploads\/2024\/02\/z365Client-Projects-AdobeStock-1024x683.jpeg 1024w, https:\/\/co4kids.org\/wp-content\/uploads\/2024\/02\/z365Client-Projects-AdobeStock-768x512.jpeg 768w, https:\/\/co4kids.org\/wp-content\/uploads\/2024\/02\/z365Client-Projects-AdobeStock-1536x1024.jpeg 1536w\" sizes=\"auto, (max-width: 1920px) 100vw, 1920px\" \/><\/figure>\n<\/div>\n<\/div>\n\n\n\n<div style=\"height:45px\" aria-hidden=\"true\" class=\"wp-block-spacer\"><\/div>\n<\/header>\n\n\n\n<p class=\"has-1-5-color has-text-color has-link-color wp-elements-874011fc5995f6b8cae793f6edfdd31b\"><strong>Feria de servicios CO4Kids:<\/strong>&nbsp;<strong>Fortaleciendo familias, creando comunidad<\/strong><\/p>\n\n\n\n<p class=\"has-1-5-color has-text-color has-link-color wp-elements-ee04fc0ae913ab8eb8ec0bf67cc755cf\"><strong>S\u00e1bado 13 de Abril<\/strong><br>Hora:10 am y 1 pm<br>Denver Zoo Gardens Pavilion and Plaza<br><strong>Gratuito para familias<\/strong><\/p>\n\n\n\n<p class=\"\">\u00danete a nosotros para un evento divertido, familiar y centrado en la comunidad.<\/p>\n\n\n\n<p class=\"\">Las familias tendr\u00e1n la oportunidad de conectarse con servicios comunitarios p\u00fablicos y privados que brindan recursos para fortalecer los lazos familiares. Los participantes podr\u00e1n disfrutar de juegos, m\u00fasica y actividades.<\/p>\n\n\n\n<p class=\"\">Recibe:<\/p>\n\n\n\n<ul class=\"wp-block-list\">\n<li>Entradas gratis al zool\u00f3gico de Denver para las primeras 300 personas<\/li>\n\n\n\n<li>Entretenimiento familiar<\/li>\n\n\n\n<li>Recibos de comida y refrescos para las primeras 200 personas<\/li>\n\n\n\n<li>Oportunidad de conectar con servicios y recursos comunitarios<\/li>\n<\/ul>\n\n\n\n<div style=\"height:25px\" aria-hidden=\"true\" class=\"wp-block-spacer\"><\/div>\n\n\n\n<div class=\"wp-block-buttons is-layout-flex wp-block-buttons-is-layout-flex\">\n<div class=\"wp-block-button\"><a class=\"wp-block-button__link wp-element-button\" href=\"https:\/\/docs.google.com\/forms\/d\/e\/1FAIpQLSfHBnhfuIw6IdSh2qlQ1Cg00NnvTCrySFbVGt_MG1Yfut2bcA\/viewform?usp=sf_link\">Reg\u00edstrate aqu\u00ed<\/a><\/div>\n<\/div>\n<\/div>\n<\/div>\n","protected":false},"excerpt":{"rendered":"<p>\u00a1Est\u00e1s Invitado! Mes de la Prevenci\u00f3n del Abuso Infantil Feria de servicios CO4Kids:&nbsp;Fortaleciendo familias, creando comunidad S\u00e1bado 13 de AbrilHora:10 am y 1 pmDenver Zoo Gardens Pavilion and PlazaGratuito para&#8230;<\/p>\n","protected":false},"author":11,"featured_media":0,"parent":0,"menu_order":0,"comment_status":"closed","ping_status":"closed","template":"","meta":{"_aquamin_featured_video":"","_aquamin_featured_post":false,"_price":"","_stock":"","_tribe_ticket_header":"","_tribe_default_ticket_provider":"","_tribe_ticket_capacity":"0","_ticket_start_date":"","_ticket_end_date":"","_tribe_ticket_show_description":"","_tribe_ticket_show_not_going":false,"_tribe_ticket_use_global_stock":"","_tribe_ticket_global_stock_level":"","_global_stock_mode":"","_global_stock_cap":"","_tribe_rsvp_for_event":"","_tribe_ticket_going_count":"","_tribe_ticket_not_going_count":"","_tribe_tickets_list":"[]","_tribe_ticket_has_attendee_info_fields":false,"footnotes":"","_tec_slr_enabled":"","_tec_slr_layout":""},"class_list":["post-14204","page","type-page","status-publish","hentry"],"yoast_head":"<!-- This site is optimized with the Yoast SEO Premium plugin v27.4 (Yoast SEO v27.4) - https:\/\/yoast.com\/product\/yoast-seo-premium-wordpress\/ -->\n<title>Mes de la Prevenci\u00f3n del Abuso Infantil - CO4Kids<\/title>\n<meta name=\"robots\" content=\"noindex, nofollow\" \/>\n<meta property=\"og:locale\" content=\"es_ES\" \/>\n<meta property=\"og:type\" content=\"article\" \/>\n<meta property=\"og:title\" content=\"Mes de la Prevenci\u00f3n del Abuso Infantil\" \/>\n<meta property=\"og:description\" content=\"\u00a1Est\u00e1s Invitado! Mes de la Prevenci\u00f3n del Abuso Infantil Feria de servicios CO4Kids:&nbsp;Fortaleciendo familias, creando comunidad S\u00e1bado 13 de AbrilHora:10 am y 1 pmDenver Zoo Gardens Pavilion and PlazaGratuito para...\" \/>\n<meta property=\"og:url\" content=\"https:\/\/co4kids.org\/es\/capm2024\/\" \/>\n<meta property=\"og:site_name\" content=\"CO4Kids\" \/>\n<meta property=\"article:modified_time\" content=\"2024-12-09T19:20:39+00:00\" \/>\n<meta property=\"og:image\" content=\"http:\/\/co4kids.org\/wp-content\/uploads\/2024\/02\/z365Client-Projects-AdobeStock.jpeg\" \/>\n<meta name=\"twitter:card\" content=\"summary_large_image\" \/>\n<meta name=\"twitter:label1\" content=\"Tiempo de lectura\" \/>\n\t<meta name=\"twitter:data1\" content=\"1 minuto\" \/>\n<script type=\"application\/ld+json\" class=\"yoast-schema-graph\">{\"@context\":\"https:\\\/\\\/schema.org\",\"@graph\":[{\"@type\":\"WebPage\",\"@id\":\"https:\\\/\\\/co4kids.org\\\/es\\\/capm2024\\\/\",\"url\":\"https:\\\/\\\/co4kids.org\\\/es\\\/capm2024\\\/\",\"name\":\"Mes de la Prevenci\u00f3n del Abuso Infantil - CO4Kids\",\"isPartOf\":{\"@id\":\"https:\\\/\\\/co4kids.org\\\/es\\\/#website\"},\"primaryImageOfPage\":{\"@id\":\"https:\\\/\\\/co4kids.org\\\/es\\\/capm2024\\\/#primaryimage\"},\"image\":{\"@id\":\"https:\\\/\\\/co4kids.org\\\/es\\\/capm2024\\\/#primaryimage\"},\"thumbnailUrl\":\"https:\\\/\\\/co4kids.org\\\/wp-content\\\/uploads\\\/2024\\\/02\\\/z365Client-Projects-AdobeStock.jpeg\",\"datePublished\":\"2024-03-01T20:55:17+00:00\",\"dateModified\":\"2024-12-09T19:20:39+00:00\",\"breadcrumb\":{\"@id\":\"https:\\\/\\\/co4kids.org\\\/es\\\/capm2024\\\/#breadcrumb\"},\"inLanguage\":\"es\",\"potentialAction\":[{\"@type\":\"ReadAction\",\"target\":[\"https:\\\/\\\/co4kids.org\\\/es\\\/capm2024\\\/\"]}]},{\"@type\":\"ImageObject\",\"inLanguage\":\"es\",\"@id\":\"https:\\\/\\\/co4kids.org\\\/es\\\/capm2024\\\/#primaryimage\",\"url\":\"https:\\\/\\\/co4kids.org\\\/wp-content\\\/uploads\\\/2024\\\/02\\\/z365Client-Projects-AdobeStock.jpeg\",\"contentUrl\":\"https:\\\/\\\/co4kids.org\\\/wp-content\\\/uploads\\\/2024\\\/02\\\/z365Client-Projects-AdobeStock.jpeg\"},{\"@type\":\"BreadcrumbList\",\"@id\":\"https:\\\/\\\/co4kids.org\\\/es\\\/capm2024\\\/#breadcrumb\",\"itemListElement\":[{\"@type\":\"ListItem\",\"position\":1,\"name\":\"Home\",\"item\":\"https:\\\/\\\/co4kids.org\\\/es\\\/\"},{\"@type\":\"ListItem\",\"position\":2,\"name\":\"Mes de la Prevenci\u00f3n del Abuso Infantil\"}]},{\"@type\":\"WebSite\",\"@id\":\"https:\\\/\\\/co4kids.org\\\/es\\\/#website\",\"url\":\"https:\\\/\\\/co4kids.org\\\/es\\\/\",\"name\":\"CO4Kids\",\"description\":\"If not you, then who?\",\"potentialAction\":[{\"@type\":\"SearchAction\",\"target\":{\"@type\":\"EntryPoint\",\"urlTemplate\":\"https:\\\/\\\/co4kids.org\\\/es\\\/?s={search_term_string}\"},\"query-input\":{\"@type\":\"PropertyValueSpecification\",\"valueRequired\":true,\"valueName\":\"search_term_string\"}}],\"inLanguage\":\"es\"}]}<\/script>\n<!-- \/ Yoast SEO Premium plugin. -->","yoast_head_json":{"title":"Mes de la Prevenci\u00f3n del Abuso Infantil - CO4Kids","robots":{"index":"noindex","follow":"nofollow"},"og_locale":"es_ES","og_type":"article","og_title":"Mes de la Prevenci\u00f3n del Abuso Infantil","og_description":"\u00a1Est\u00e1s Invitado! Mes de la Prevenci\u00f3n del Abuso Infantil Feria de servicios CO4Kids:&nbsp;Fortaleciendo familias, creando comunidad S\u00e1bado 13 de AbrilHora:10 am y 1 pmDenver Zoo Gardens Pavilion and PlazaGratuito para...","og_url":"https:\/\/co4kids.org\/es\/capm2024\/","og_site_name":"CO4Kids","article_modified_time":"2024-12-09T19:20:39+00:00","og_image":[{"url":"http:\/\/co4kids.org\/wp-content\/uploads\/2024\/02\/z365Client-Projects-AdobeStock.jpeg","type":"","width":"","height":""}],"twitter_card":"summary_large_image","twitter_misc":{"Tiempo de lectura":"1 minuto"},"schema":{"@context":"https:\/\/schema.org","@graph":[{"@type":"WebPage","@id":"https:\/\/co4kids.org\/es\/capm2024\/","url":"https:\/\/co4kids.org\/es\/capm2024\/","name":"Mes de la Prevenci\u00f3n del Abuso Infantil - CO4Kids","isPartOf":{"@id":"https:\/\/co4kids.org\/es\/#website"},"primaryImageOfPage":{"@id":"https:\/\/co4kids.org\/es\/capm2024\/#primaryimage"},"image":{"@id":"https:\/\/co4kids.org\/es\/capm2024\/#primaryimage"},"thumbnailUrl":"https:\/\/co4kids.org\/wp-content\/uploads\/2024\/02\/z365Client-Projects-AdobeStock.jpeg","datePublished":"2024-03-01T20:55:17+00:00","dateModified":"2024-12-09T19:20:39+00:00","breadcrumb":{"@id":"https:\/\/co4kids.org\/es\/capm2024\/#breadcrumb"},"inLanguage":"es","potentialAction":[{"@type":"ReadAction","target":["https:\/\/co4kids.org\/es\/capm2024\/"]}]},{"@type":"ImageObject","inLanguage":"es","@id":"https:\/\/co4kids.org\/es\/capm2024\/#primaryimage","url":"https:\/\/co4kids.org\/wp-content\/uploads\/2024\/02\/z365Client-Projects-AdobeStock.jpeg","contentUrl":"https:\/\/co4kids.org\/wp-content\/uploads\/2024\/02\/z365Client-Projects-AdobeStock.jpeg"},{"@type":"BreadcrumbList","@id":"https:\/\/co4kids.org\/es\/capm2024\/#breadcrumb","itemListElement":[{"@type":"ListItem","position":1,"name":"Home","item":"https:\/\/co4kids.org\/es\/"},{"@type":"ListItem","position":2,"name":"Mes de la Prevenci\u00f3n del Abuso Infantil"}]},{"@type":"WebSite","@id":"https:\/\/co4kids.org\/es\/#website","url":"https:\/\/co4kids.org\/es\/","name":"CO4Kids","description":"If not you, then who?","potentialAction":[{"@type":"SearchAction","target":{"@type":"EntryPoint","urlTemplate":"https:\/\/co4kids.org\/es\/?s={search_term_string}"},"query-input":{"@type":"PropertyValueSpecification","valueRequired":true,"valueName":"search_term_string"}}],"inLanguage":"es"}]}},"publishpress_future_workflow_manual_trigger":{"enabledWorkflows":[]},"ticketed":false,"_links":{"self":[{"href":"https:\/\/co4kids.org\/es\/wp-json\/wp\/v2\/pages\/14204","targetHints":{"allow":["GET"]}}],"collection":[{"href":"https:\/\/co4kids.org\/es\/wp-json\/wp\/v2\/pages"}],"about":[{"href":"https:\/\/co4kids.org\/es\/wp-json\/wp\/v2\/types\/page"}],"author":[{"embeddable":true,"href":"https:\/\/co4kids.org\/es\/wp-json\/wp\/v2\/users\/11"}],"replies":[{"embeddable":true,"href":"https:\/\/co4kids.org\/es\/wp-json\/wp\/v2\/comments?post=14204"}],"version-history":[{"count":0,"href":"https:\/\/co4kids.org\/es\/wp-json\/wp\/v2\/pages\/14204\/revisions"}],"wp:attachment":[{"href":"https:\/\/co4kids.org\/es\/wp-json\/wp\/v2\/media?parent=14204"}],"curies":[{"name":"wp","href":"https:\/\/api.w.org\/{rel}","templated":true}]}}