{"id":10750,"date":"2023-10-18T11:26:51","date_gmt":"2023-10-18T17:26:51","guid":{"rendered":"https:\/\/co4kids.org\/como-ayudar-a-los-ninos-en-acogida\/"},"modified":"2024-12-12T13:39:23","modified_gmt":"2024-12-12T20:39:23","slug":"como-ayudar-a-los-ninos-en-acogida","status":"publish","type":"page","link":"https:\/\/co4kids.org\/es\/como-ayudar-a-los-ninos-en-acogida\/","title":{"rendered":"C\u00f3mo ayudar a los ni\u00f1os en acogida"},"content":{"rendered":"\n<div class=\"has-arrow-mask-down ani-bottom has-arrow-mask-pad has-arrow-mask wp-block-group has-wider-padding has-sticky-radius has-0-9-background-color has-background has-arrow-mask has-arrow-mask-down ani-bottom has-arrow-mask-pad has-global-padding is-layout-constrained wp-block-group-is-layout-constrained\" style=\"border-top-left-radius:15px;border-top-right-radius:15px;margin-bottom:var(--wp--preset--spacing--20)\">\n<header class=\"wp-block-group has-global-padding is-layout-constrained wp-container-core-group-is-layout-7db9d80f wp-block-group-is-layout-constrained\" style=\"padding-right:0;padding-left:0\">\n<div class=\"wp-block-columns has-0-9-background-color has-background is-layout-flex wp-container-core-columns-is-layout-0af18515 wp-block-columns-is-layout-flex\" style=\"margin-bottom:var(--wp--preset--spacing--20)\">\n<div class=\"wp-block-column is-vertically-aligned-center is-layout-flow wp-block-column-is-layout-flow\" style=\"padding-top:var(--wp--preset--spacing--20)\"><h1 style=\"margin-bottom:var(--wp--preset--spacing--20);\" class=\"wp-block-post-title has-h-2-font-size\">C\u00f3mo ayudar a los ni\u00f1os en acogida<\/h1>\n\n\n<p class=\"\">Muchas personas no pueden comprometerse a largo plazo a ser padres de acogida, pero quieren ayudar. Afortunadamente, hay muchas maneras de ayudar a los j\u00f3venes en hogares de acogida, a los padres de acogida y a los parientes al cuidado de ni\u00f1os.<\/p>\n<\/div>\n\n\n\n<div class=\"wp-block-column is-vertically-aligned-top is-first-md is-layout-flow wp-block-column-is-layout-flow\"><figure class=\"ani-bottom has-arrow-mask-down has-arrow-mask wp-block-post-featured-image\"><img loading=\"lazy\" decoding=\"async\" width=\"760\" height=\"435\" src=\"https:\/\/co4kids.org\/wp-content\/uploads\/2024\/12\/National-Adoption-Month-spanish.jpeg\" class=\"attachment-post-thumbnail size-post-thumbnail wp-post-image\" alt=\"Una familia adoptiva de Colorado de diez personas posando para una foto familiar en un campo.\" style=\"object-fit:cover;\" srcset=\"https:\/\/co4kids.org\/wp-content\/uploads\/2024\/12\/National-Adoption-Month-spanish.jpeg 760w, https:\/\/co4kids.org\/wp-content\/uploads\/2024\/12\/National-Adoption-Month-spanish-450x258.jpeg 450w\" sizes=\"auto, (max-width: 760px) 100vw, 760px\" \/><\/figure><\/div>\n<\/div>\n<\/header>\n<\/div>\n\n\n\n<p class=\"\"><\/p>\n\n\n\n<p class=\"has-4-5-color has-text-color has-link-color wp-elements-593ab5f419537f376ca9ebb7c47ca9d3\"><\/p>\n\n\n\n<div class=\"has-arrow-mask-down has-arrow-mask wp-block-group has-wider-padding has-sticky-radius has-0-9-background-color has-background has-arrow-mask has-arrow-mask-down has-global-padding is-layout-constrained wp-block-group-is-layout-constrained\" style=\"border-top-left-radius:15px;border-top-right-radius:15px;margin-bottom:var(--wp--preset--spacing--20)\">\n<div style=\"height:61px\" aria-hidden=\"true\" class=\"wp-block-spacer\"><\/div>\n\n\n\n<div class=\"wp-block-aquamin-accordion accordion\" data-accordion-one-always-open=\"false\" data-tab-pre-expand=\"0\">\n<h3 class=\"accordion__label h4\"><button class=\"accordion__button button--basic\" type=\"button\"><strong>Convi\u00e9rtete en un proveedor de cuidado de relevo<\/strong><\/button><\/h3><div class=\"accordion__content\"><div class=\"accordion__inside\">\n<p class=\"\">Del mismo modo que los abuelos proporcionan a padres e hijos el tan necesario tiempo para respirar, los proveedores de cuidados de relevo ofrecen a los padres de acogida y a los ni\u00f1os acogidos un descanso de su vida cotidiana y la oportunidad de reorganizarse y tomarse un respiro. Los proveedores de cuidado de relevo reciben la misma capacitaci\u00f3n y certificaci\u00f3n que los padres de acogida y siempre est\u00e1n muy solicitados. Muchos condados y agencias de colocaci\u00f3n de ni\u00f1os ofrecen capacitaci\u00f3n de relevo. Solicita informaci\u00f3n de un condado o agencia local&nbsp;<a href=\"https:\/\/prod.fostercare.cdhs.state.co.us\/Public\/Create\">aqu\u00ed.<\/a><\/p>\n<\/div><\/div>\n\n\n\n<h3 class=\"accordion__label h4\"><button class=\"accordion__button button--basic\" type=\"button\"><strong>Convi\u00e9rtete en un Defensor Especial Designado por el Tribunal (CASA)<\/strong><\/button><\/h3><div class=\"accordion__content\"><div class=\"accordion__inside\">\n<p class=\"\">Un defensor especial designado por el tribunal (CASA, por su sigla en ingl\u00e9s) es un voluntario designado por el tribunal para asegurarse de que la voz y el inter\u00e9s superior de un ni\u00f1o est\u00e9n representados en el tribunal. A cada miembro de CASA se les asigna un caso a la vez; los mismos pueden visitar un ni\u00f1o o joven desde dos veces al mes hasta una vez a la semana. A menudo, ellos mantienen una estrecha comunicaci\u00f3n con los tutores ad litem (GAL, por sus siglas en ingl\u00e9s) y los asistentes sociales. Adem\u00e1s de reunirse con los ni\u00f1os, los miembros de CASA tambi\u00e9n tienen acceso a los expedientes de los casos, entrevistan a todos los involucrados en el caso y luego presentan sus hallazgos en un informe redactado para el tribunal. Con frecuencia, los CASA tienen v\u00ednculos de por vida con los j\u00f3venes a los que sirven, ofreciendo apoyo y orientaci\u00f3n a los j\u00f3venes a medida que entran en la edad adulta. No se requiere experiencia o educaci\u00f3n especial para convertirse en voluntario CASA. Una vez aceptados en el programa, los CASA reciben capacitaci\u00f3n en procedimientos judiciales, servicios sociales, el sistema de justicia juvenil y las necesidades especiales de los ni\u00f1os y j\u00f3venes que han experimentado traumas. Puedes obtener m\u00e1s informaci\u00f3n en&nbsp;<a href=\"https:\/\/www.coloradocasa.org\/\">www.coloradocasa.org.<\/a><\/p>\n<\/div><\/div>\n\n\n\n<h3 class=\"accordion__label h4\"><button class=\"accordion__button button--basic\" type=\"button\"><strong>Apoya a las organizaciones sin fines de lucro que brindan apoyo a las familias de acogida<\/strong><\/button><\/h3><div class=\"accordion__content\"><div class=\"accordion__inside\">\n<p class=\"\">Hay varias organizaciones sin fines de lucro en Colorado que ofrecen apoyo y capacitaci\u00f3n a los padres de acogida. La Asociaci\u00f3n de Padres de Acogida del Estado de Colorado (CSFPA, por su sigla en ingl\u00e9s) ofrece programas educativos, referencias de apoyo y defensa a familias de acogida, adoptivas y a los parientes al cuidado de ni\u00f1os en todo el estado de Colorado y acepta donaciones caritativas. Obt\u00e9n m\u00e1s informaci\u00f3n sobre <a href=\"https:\/\/csfpa.net\/\">CSFPA<\/a>.<\/p>\n\n\n\n<p class=\"\">Foster Source fue fundada en 2016 por Renee y Brian Bernhard, que anteriormente fueron padres de acogida en el condado de Adams, para ayudar a los padres de acogida a criar mejor y durante m\u00e1s tiempo. Esta organizaci\u00f3n ofrece educaci\u00f3n continua, grupos de apoyo para padres de acogida y ayuda a las familias de acogida con necesidades y deseos. Adem\u00e1s de aceptar&nbsp;<a href=\"https:\/\/fostersource.org\/donate\/\">donaciones financieras<\/a>, esta organizaci\u00f3n tambi\u00e9n acepta donaciones de pa\u00f1ales, toallitas h\u00famedas y art\u00edculos en su lista de deseos de Amazon y tarjetas de regalo en cualquier denominaci\u00f3n para distribuir a las familias de acogida. Foster Source actualmente ofrece todas las capacitaciones y apoyo en l\u00ednea y est\u00e1 entregando comidas preparadas y suministros a las familias de acogida. Obt\u00e9n m\u00e1s informaci\u00f3n sobre&nbsp;<a href=\"https:\/\/fostersource.org\/\">Foster Source.<\/a><\/p>\n\n\n\n<p class=\"\"><a href=\"https:\/\/elevatingconnections.org\/\">Elevating Connections<\/a>&nbsp;cree que la relaci\u00f3n entre hermanos debe tener la misma prioridad que la relaci\u00f3n entre padres e hijos. Esta organizaci\u00f3n sin fines de lucro con sede en Colorado organiza eventos de conexi\u00f3n y un campamento de verano para ayudar a los hermanos que han sido separados por el sistema de cuidado de acogida para que puedan disfrutar as\u00ed de una relaci\u00f3n para toda la vida. Esta organizaci\u00f3n tiene oportunidades de voluntariado y donaci\u00f3n.<\/p>\n\n\n\n<p class=\"\">La&nbsp;<a href=\"https:\/\/urldefense.proofpoint.com\/v2\/url?u=https-3A__csfpa.net_&amp;d=DwMFaQ&amp;c=sdnEM9SRGFuMt5z5w3AhsPNahmNicq64TgF1JwNR0cs&amp;r=gfT5wD3Lm19rS_7rojDHpPns8YPftmWWWymHxNnWo9o&amp;m=GyosgNreGMt6EWJPhQYmssBgFj5xR8CEleZHHpP82ipKvPyq8LBbAgmOWHg9UMg7&amp;s=Hhrr8sszm8-qthwqOB1AQePvVsrbk8HHXy94DYVY9Hc&amp;e=\">Asociaci\u00f3n de Padres de Acogida del Estado de Colorado&nbsp;<\/a>(CSFPA) es una organizaci\u00f3n sin fines de lucro creada por padres de acogida para brindar oportunidades y recursos educativos a las familias de acogida, adoptivas y parientes al cuidado de ni\u00f1os en Colorado. Adem\u00e1s, la CSFPA apoya a los padres de acogida y los parientes al cuidado de ni\u00f1os a trav\u00e9s de beneficios para los miembros y participaci\u00f3n en comit\u00e9s y grupos de trabajo estatales y regionales, y ha desarrollado asociaciones mutuamente beneficiosas con organizaciones y empresas. Esta organizaci\u00f3n acepta<a href=\"https:\/\/urldefense.proofpoint.com\/v2\/url?u=https-3A__csfpa.net_page-2D1285384&amp;d=DwMFaQ&amp;c=sdnEM9SRGFuMt5z5w3AhsPNahmNicq64TgF1JwNR0cs&amp;r=gfT5wD3Lm19rS_7rojDHpPns8YPftmWWWymHxNnWo9o&amp;m=GyosgNreGMt6EWJPhQYmssBgFj5xR8CEleZHHpP82ipKvPyq8LBbAgmOWHg9UMg7&amp;s=HBR-omY1L9B--W45CAy-BU-_aTc1fAHMcKynTetNq1A&amp;e=\">&nbsp;donaciones individuales y tiene oportunidades de voluntariado.<\/a>&nbsp;&nbsp;La CSFPA actualmente est\u00e1 aceptando solicitudes de voluntarios para ser tutores para nuestros j\u00f3venes de acogida y mentores individuales para padres de acogida de primer a\u00f1o.&nbsp;<\/p>\n\n\n\n<p class=\"\">Aquellos que deseen donar ropa, maletas y otros art\u00edculos deben comunicarse con su departamento local de servicios humanos para ver si est\u00e1n aceptando donaciones.<\/p>\n<\/div><\/div>\n<\/div>\n\n\n\n<div class=\"wp-block-aquamin-accordion accordion\" data-accordion-one-always-open=\"false\" data-tab-pre-expand=\"0\">\n<h3 class=\"accordion__label h4\"><button class=\"accordion__button button--basic\" type=\"button\"><strong>Ofr\u00e9cete como voluntario para preparar la cena y conectarte con una familia de acogida o de parientes al cuidado de ni\u00f1os a trav\u00e9s del programa de vecinos<\/strong><\/button><\/h3><div class=\"accordion__content\"><div class=\"accordion__inside\">\n<p class=\"\">Fundado en 2017, el Programa de Vecinos (anteriormente Foster Together) conecta a las familias de acogida y de parientes al cuidado de ni\u00f1os con su propio \u00abVecino\u00bb voluntario. Los vecinos entregan comidas, despensas o paquetes de ayuda a una familia durante seis meses, construyendo una amistad a trav\u00e9s de notas y llamadas telef\u00f3nicas alentadoras.&nbsp;<a href=\"https:\/\/www.project127.org\/neighborprogram.html\">Obt\u00e9n m\u00e1s informaci\u00f3n sobre c\u00f3mo convertirte en un \u00abvecino\u00bb.<\/a><\/p>\n<\/div><\/div>\n\n\n\n<h3 class=\"accordion__label h4\"><button class=\"accordion__button button--basic\" type=\"button\"><strong>Ofr\u00e9cete como voluntario en tu comunidad de fe<\/strong><\/button><\/h3><div class=\"accordion__content\"><div class=\"accordion__inside\">\n<p class=\"\"><a href=\"https:\/\/fosteringhopefoundation.org\/volunteer\/\">Fostering Hope&nbsp;<\/a>trabaja con equipos de apoyo de comunidades religiosas en el condado de El Paso para brindar una amplia variedad de apoyo a las familias de acogida y a los j\u00f3venes en hogares de acogida que est\u00e1n en transici\u00f3n a la edad adulta.<\/p>\n\n\n\n<p class=\"\">El programa&nbsp;<a href=\"https:\/\/www.project127.org\/familiescare.html\">FamiliesCare<\/a>&nbsp;del Proyecto 1.27 conecta a las familias con ni\u00f1os en riesgo de ser removidos de sus hogares con un grupo capacitado de personas solidarias de una iglesia local para promover la seguridad, la estabilidad y el bienestar de las familias, construir una comunidad entre las familias y reducir el n\u00famero de ni\u00f1os colocados fuera del hogar. Este programa est\u00e1 actualmente activo en los condados de Arapahoe, Weld y Mesa.<\/p>\n\n\n\n<p class=\"\"><a href=\"https:\/\/www.careportal.org\/meet-needs\/\">CarePortal&nbsp;<\/a>permite a los trabajadores de bienestar infantil descubrir las necesidades de los ni\u00f1os y las familias con las que trabajan y solicitar bienes y servicios en su nombre. Estas solicitudes en tiempo real son respondidas por organizaciones religiosas de la comunidad que deseen ayudar. CarePortal est\u00e1 activo en los condados de El Paso, Pueblo Teller, Mesa, Arapahoe, Freemont, Denver, Douglas y Jefferson.&nbsp;<a href=\"https:\/\/www.careportal.org\/meet-needs\/church\/\">Aprende c\u00f3mo las congregaciones pueden participar.<\/a><\/p>\n\n\n\n<p class=\"\">Colorado&#8217;s Kids Belong tambi\u00e9n trabaja con comunidades religiosas para ayudarlas a ser m\u00e1s<a href=\"https:\/\/americaskidsbelong.org\/states\/co\/foster-friendly-communities-colorado\/foster-friendly-faith-colorado\/\">&nbsp;accesibles para los hogares de acogida.<\/a><\/p>\n<\/div><\/div>\n\n\n\n<h3 class=\"accordion__label h4\"><button class=\"accordion__button button--basic\" type=\"button\"><strong>Ofrece descuentos a familias de acogida sin eres due\u00f1o de un negocio<\/strong><\/button><\/h3><div class=\"accordion__content\"><div class=\"accordion__inside\">\n<p class=\"has-1-5-color has-text-color has-link-color wp-elements-a13b459dc036efb42aff9370f57fc69f\">Las empresas pueden convertirse en empresas accesibles para los hogares de acogida a trav\u00e9s de&nbsp;<a href=\"https:\/\/americaskidsbelong.org\/states\/CO\/\">Colorado&#8217;s Kids Belong.&nbsp;<\/a>Los propietarios de peque\u00f1as empresas que dependen de los ni\u00f1os, las familias y los padres para crecer pueden ofrecer ofertas especiales exclusivas para las familias de acogida o descuentos para apoyar a las familias de acogida en sus comunidades a trav\u00e9s del programa de accesibilidad para familias de acogida America&#8217;s Kid&#8217;s Belong. La aplicaci\u00f3n Foster Friendly de Colorado conecta a las empresas con familias de acogida y de cuidadores familiares para ofrecer ofertas especiales y descuentos.&nbsp;<a href=\"https:\/\/americaskidsbelong.org\/states\/co\/foster-friendly-communities-colorado\/foster-friendly-business-colorado\/\">Convi\u00e9rtete en un negocio accesible para las familias de acogida.<\/a><\/p>\n\n\n\n<p class=\"\"><a href=\"https:\/\/fosteringhopefoundation.org\/\">Fostering Hope&nbsp;<\/a>trabaja con empresas del Condado de El Paso en una variedad de industrias y profesiones, que han ayudado a los j\u00f3venes en transici\u00f3n de los hogares de acogida a acceder a trabajos significativos y nuevas trayectorias profesionales.&nbsp;<a href=\"https:\/\/fosteringhopefoundation.org\/our-business-partners\/\">Participa como propietario o l\u00edder de un negocio.<\/a><\/p>\n<\/div><\/div>\n<\/div>\n\n\n\n<div style=\"height:100px\" aria-hidden=\"true\" class=\"wp-block-spacer\"><\/div>\n\n\n\n<p class=\"\"><\/p>\n<\/div>\n\n\n\n<p class=\"\"><\/p>\n","protected":false},"excerpt":{"rendered":"<p>Muchas personas no pueden comprometerse a largo plazo a ser padres de acogida, pero quieren ayudar. Afortunadamente, hay muchas maneras de ayudar a los j\u00f3venes en hogares de acogida, a&#8230;<\/p>\n","protected":false},"author":15,"featured_media":30331,"parent":0,"menu_order":3,"comment_status":"closed","ping_status":"closed","template":"","meta":{"_aquamin_featured_video":"","_aquamin_featured_post":false,"_price":"","_stock":"","_tribe_ticket_header":"","_tribe_default_ticket_provider":"","_tribe_ticket_capacity":"0","_ticket_start_date":"","_ticket_end_date":"","_tribe_ticket_show_description":"","_tribe_ticket_show_not_going":false,"_tribe_ticket_use_global_stock":"","_tribe_ticket_global_stock_level":"","_global_stock_mode":"","_global_stock_cap":"","_tribe_rsvp_for_event":"","_tribe_ticket_going_count":"","_tribe_ticket_not_going_count":"","_tribe_tickets_list":"[]","_tribe_ticket_has_attendee_info_fields":false,"footnotes":"","_tec_slr_enabled":"","_tec_slr_layout":""},"class_list":["post-10750","page","type-page","status-publish","has-post-thumbnail","hentry"],"yoast_head":"<!-- This site is optimized with the Yoast SEO Premium plugin v27.3 (Yoast SEO v27.3) - https:\/\/yoast.com\/product\/yoast-seo-premium-wordpress\/ -->\n<title>C\u00f3mo ayudar a los ni\u00f1os en acogida - CO4Kids<\/title>\n<meta name=\"robots\" content=\"index, follow, max-snippet:-1, max-image-preview:large, max-video-preview:-1\" \/>\n<link rel=\"canonical\" href=\"https:\/\/co4kids.org\/es\/como-ayudar-a-los-ninos-en-acogida\/\" \/>\n<meta property=\"og:locale\" content=\"es_ES\" \/>\n<meta property=\"og:type\" content=\"article\" \/>\n<meta property=\"og:title\" content=\"C\u00f3mo ayudar a los ni\u00f1os en acogida\" \/>\n<meta property=\"og:description\" content=\"Muchas personas no pueden comprometerse a largo plazo a ser padres de acogida, pero quieren ayudar. Afortunadamente, hay muchas maneras de ayudar a los j\u00f3venes en hogares de acogida, a...\" \/>\n<meta property=\"og:url\" content=\"https:\/\/co4kids.org\/es\/como-ayudar-a-los-ninos-en-acogida\/\" \/>\n<meta property=\"og:site_name\" content=\"CO4Kids\" \/>\n<meta property=\"article:modified_time\" content=\"2024-12-12T20:39:23+00:00\" \/>\n<meta property=\"og:image\" content=\"https:\/\/co4kids.org\/wp-content\/uploads\/2024\/12\/National-Adoption-Month-spanish.jpeg\" \/>\n\t<meta property=\"og:image:width\" content=\"760\" \/>\n\t<meta property=\"og:image:height\" content=\"435\" \/>\n\t<meta property=\"og:image:type\" content=\"image\/jpeg\" \/>\n<meta name=\"twitter:card\" content=\"summary_large_image\" \/>\n<meta name=\"twitter:label1\" content=\"Tiempo de lectura\" \/>\n\t<meta name=\"twitter:data1\" content=\"6 minutos\" \/>\n<script type=\"application\/ld+json\" class=\"yoast-schema-graph\">{\"@context\":\"https:\\\/\\\/schema.org\",\"@graph\":[{\"@type\":\"WebPage\",\"@id\":\"https:\\\/\\\/co4kids.org\\\/es\\\/como-ayudar-a-los-ninos-en-acogida\\\/\",\"url\":\"https:\\\/\\\/co4kids.org\\\/es\\\/como-ayudar-a-los-ninos-en-acogida\\\/\",\"name\":\"C\u00f3mo ayudar a los ni\u00f1os en acogida - CO4Kids\",\"isPartOf\":{\"@id\":\"https:\\\/\\\/co4kids.org\\\/es\\\/#website\"},\"primaryImageOfPage\":{\"@id\":\"https:\\\/\\\/co4kids.org\\\/es\\\/como-ayudar-a-los-ninos-en-acogida\\\/#primaryimage\"},\"image\":{\"@id\":\"https:\\\/\\\/co4kids.org\\\/es\\\/como-ayudar-a-los-ninos-en-acogida\\\/#primaryimage\"},\"thumbnailUrl\":\"https:\\\/\\\/co4kids.org\\\/wp-content\\\/uploads\\\/2024\\\/12\\\/National-Adoption-Month-spanish.jpeg\",\"datePublished\":\"2023-10-18T17:26:51+00:00\",\"dateModified\":\"2024-12-12T20:39:23+00:00\",\"breadcrumb\":{\"@id\":\"https:\\\/\\\/co4kids.org\\\/es\\\/como-ayudar-a-los-ninos-en-acogida\\\/#breadcrumb\"},\"inLanguage\":\"es\",\"potentialAction\":[{\"@type\":\"ReadAction\",\"target\":[\"https:\\\/\\\/co4kids.org\\\/es\\\/como-ayudar-a-los-ninos-en-acogida\\\/\"]}]},{\"@type\":\"ImageObject\",\"inLanguage\":\"es\",\"@id\":\"https:\\\/\\\/co4kids.org\\\/es\\\/como-ayudar-a-los-ninos-en-acogida\\\/#primaryimage\",\"url\":\"https:\\\/\\\/co4kids.org\\\/wp-content\\\/uploads\\\/2024\\\/12\\\/National-Adoption-Month-spanish.jpeg\",\"contentUrl\":\"https:\\\/\\\/co4kids.org\\\/wp-content\\\/uploads\\\/2024\\\/12\\\/National-Adoption-Month-spanish.jpeg\",\"width\":760,\"height\":435,\"caption\":\"Una familia adoptiva de Colorado de diez personas posando para una foto familiar en un campo.\"},{\"@type\":\"BreadcrumbList\",\"@id\":\"https:\\\/\\\/co4kids.org\\\/es\\\/como-ayudar-a-los-ninos-en-acogida\\\/#breadcrumb\",\"itemListElement\":[{\"@type\":\"ListItem\",\"position\":1,\"name\":\"Home\",\"item\":\"https:\\\/\\\/co4kids.org\\\/es\\\/\"},{\"@type\":\"ListItem\",\"position\":2,\"name\":\"C\u00f3mo ayudar a los ni\u00f1os en acogida\"}]},{\"@type\":\"WebSite\",\"@id\":\"https:\\\/\\\/co4kids.org\\\/es\\\/#website\",\"url\":\"https:\\\/\\\/co4kids.org\\\/es\\\/\",\"name\":\"CO4Kids\",\"description\":\"If not you, then who?\",\"potentialAction\":[{\"@type\":\"SearchAction\",\"target\":{\"@type\":\"EntryPoint\",\"urlTemplate\":\"https:\\\/\\\/co4kids.org\\\/es\\\/?s={search_term_string}\"},\"query-input\":{\"@type\":\"PropertyValueSpecification\",\"valueRequired\":true,\"valueName\":\"search_term_string\"}}],\"inLanguage\":\"es\"}]}<\/script>\n<!-- \/ Yoast SEO Premium plugin. -->","yoast_head_json":{"title":"C\u00f3mo ayudar a los ni\u00f1os en acogida - CO4Kids","robots":{"index":"index","follow":"follow","max-snippet":"max-snippet:-1","max-image-preview":"max-image-preview:large","max-video-preview":"max-video-preview:-1"},"canonical":"https:\/\/co4kids.org\/es\/como-ayudar-a-los-ninos-en-acogida\/","og_locale":"es_ES","og_type":"article","og_title":"C\u00f3mo ayudar a los ni\u00f1os en acogida","og_description":"Muchas personas no pueden comprometerse a largo plazo a ser padres de acogida, pero quieren ayudar. Afortunadamente, hay muchas maneras de ayudar a los j\u00f3venes en hogares de acogida, a...","og_url":"https:\/\/co4kids.org\/es\/como-ayudar-a-los-ninos-en-acogida\/","og_site_name":"CO4Kids","article_modified_time":"2024-12-12T20:39:23+00:00","og_image":[{"width":760,"height":435,"url":"https:\/\/co4kids.org\/wp-content\/uploads\/2024\/12\/National-Adoption-Month-spanish.jpeg","type":"image\/jpeg"}],"twitter_card":"summary_large_image","twitter_misc":{"Tiempo de lectura":"6 minutos"},"schema":{"@context":"https:\/\/schema.org","@graph":[{"@type":"WebPage","@id":"https:\/\/co4kids.org\/es\/como-ayudar-a-los-ninos-en-acogida\/","url":"https:\/\/co4kids.org\/es\/como-ayudar-a-los-ninos-en-acogida\/","name":"C\u00f3mo ayudar a los ni\u00f1os en acogida - CO4Kids","isPartOf":{"@id":"https:\/\/co4kids.org\/es\/#website"},"primaryImageOfPage":{"@id":"https:\/\/co4kids.org\/es\/como-ayudar-a-los-ninos-en-acogida\/#primaryimage"},"image":{"@id":"https:\/\/co4kids.org\/es\/como-ayudar-a-los-ninos-en-acogida\/#primaryimage"},"thumbnailUrl":"https:\/\/co4kids.org\/wp-content\/uploads\/2024\/12\/National-Adoption-Month-spanish.jpeg","datePublished":"2023-10-18T17:26:51+00:00","dateModified":"2024-12-12T20:39:23+00:00","breadcrumb":{"@id":"https:\/\/co4kids.org\/es\/como-ayudar-a-los-ninos-en-acogida\/#breadcrumb"},"inLanguage":"es","potentialAction":[{"@type":"ReadAction","target":["https:\/\/co4kids.org\/es\/como-ayudar-a-los-ninos-en-acogida\/"]}]},{"@type":"ImageObject","inLanguage":"es","@id":"https:\/\/co4kids.org\/es\/como-ayudar-a-los-ninos-en-acogida\/#primaryimage","url":"https:\/\/co4kids.org\/wp-content\/uploads\/2024\/12\/National-Adoption-Month-spanish.jpeg","contentUrl":"https:\/\/co4kids.org\/wp-content\/uploads\/2024\/12\/National-Adoption-Month-spanish.jpeg","width":760,"height":435,"caption":"Una familia adoptiva de Colorado de diez personas posando para una foto familiar en un campo."},{"@type":"BreadcrumbList","@id":"https:\/\/co4kids.org\/es\/como-ayudar-a-los-ninos-en-acogida\/#breadcrumb","itemListElement":[{"@type":"ListItem","position":1,"name":"Home","item":"https:\/\/co4kids.org\/es\/"},{"@type":"ListItem","position":2,"name":"C\u00f3mo ayudar a los ni\u00f1os en acogida"}]},{"@type":"WebSite","@id":"https:\/\/co4kids.org\/es\/#website","url":"https:\/\/co4kids.org\/es\/","name":"CO4Kids","description":"If not you, then who?","potentialAction":[{"@type":"SearchAction","target":{"@type":"EntryPoint","urlTemplate":"https:\/\/co4kids.org\/es\/?s={search_term_string}"},"query-input":{"@type":"PropertyValueSpecification","valueRequired":true,"valueName":"search_term_string"}}],"inLanguage":"es"}]}},"publishpress_future_workflow_manual_trigger":{"enabledWorkflows":[]},"ticketed":false,"_links":{"self":[{"href":"https:\/\/co4kids.org\/es\/wp-json\/wp\/v2\/pages\/10750","targetHints":{"allow":["GET"]}}],"collection":[{"href":"https:\/\/co4kids.org\/es\/wp-json\/wp\/v2\/pages"}],"about":[{"href":"https:\/\/co4kids.org\/es\/wp-json\/wp\/v2\/types\/page"}],"author":[{"embeddable":true,"href":"https:\/\/co4kids.org\/es\/wp-json\/wp\/v2\/users\/15"}],"replies":[{"embeddable":true,"href":"https:\/\/co4kids.org\/es\/wp-json\/wp\/v2\/comments?post=10750"}],"version-history":[{"count":0,"href":"https:\/\/co4kids.org\/es\/wp-json\/wp\/v2\/pages\/10750\/revisions"}],"wp:featuredmedia":[{"embeddable":true,"href":"https:\/\/co4kids.org\/es\/wp-json\/wp\/v2\/media\/30331"}],"wp:attachment":[{"href":"https:\/\/co4kids.org\/es\/wp-json\/wp\/v2\/media?parent=10750"}],"curies":[{"name":"wp","href":"https:\/\/api.w.org\/{rel}","templated":true}]}}